{"id":12344,"date":"2025-07-23T23:01:07","date_gmt":"2025-07-23T23:01:07","guid":{"rendered":"https:\/\/fv6qoy3ls0.wpdns.site\/produto\/nisi-anel-adaptador-alpha-82mm-v5-v6-v7\/"},"modified":"2026-04-08T12:29:39","modified_gmt":"2026-04-08T11:29:39","slug":"nisi-anel-adaptador-alpha-82mm-v5-v6-v7","status":"publish","type":"product","link":"https:\/\/hi-techwonder.com\/es\/producto\/nisi-anel-adaptador-alpha-82mm-v5-v6-v7\/","title":{"rendered":"NiSi Anel Adaptador Alpha 82mm V5\/V6\/V7"},"content":{"rendered":"<h3><strong>NiSi Anel Adaptador Alpha 82mm V5\/V6\/V7<\/strong><\/h3>\n<p>O Adaptador NiSi 82mm para V7 Alpha \u00e9 uma <strong>pe\u00e7a de reposi\u00e7\u00e3o<\/strong> para o V7 Alpha e pode ser usado com o porta-filtros NiSi V7 100mm\u00a0 com True Color CPL com lentes que possuem uma rosca de filtro padr\u00e3o de 82mm quando um polarizador n\u00e3o \u00e9 necess\u00e1rio.<\/p>\n<p>Atente que ele substitui o adaptador principal de 82 mm, que tamb\u00e9m abriga o CPL, portanto, <strong>n\u00e3o \u00e9 poss\u00edvel usar este adaptador de 82 mm ao mesmo tempo que o CPL<\/strong>. Possui uma constru\u00e7\u00e3o leve de liga de alum\u00ednio com acabamento anodizado preto resistente \u00e0 corros\u00e3o para maior durabilidade.<\/p>\n<p>Saiba mais sobre o nosso sistema <a href=\"https:\/\/nisioptics.pt\/categoria\/descobre\/descubre-sistema-100m\/\" target=\"_blank\" rel=\"noopener\">100mm<\/a>.<\/p>\n","protected":false},"excerpt":{"rendered":"<ul>\n<li>Adaptador de 82 mm para estrutura de suporte NiSi 100 mm V7<\/li>\n<li>Substitui o adaptador V7 Alpha 82mm<\/li>\n<li>Adaptador de 82 mm sem CPL<\/li>\n<li>Alum\u00ednio anodizado resistente \u00e0 corros\u00e3o<\/li>\n<\/ul>\n","protected":false},"featured_media":9140,"comment_status":"closed","ping_status":"closed","template":"","meta":{"_acf_changed":false},"product_brand":[2543],"product_cat":[1055],"product_tag":[],"class_list":{"0":"post-12344","1":"product","2":"type-product","3":"status-publish","4":"has-post-thumbnail","6":"product_brand-nisioptics-es","7":"product_cat-accesorios-100mm","8":"pa_diametro-82mm-es","10":"first","11":"instock","12":"taxable","13":"shipping-taxable","14":"purchasable","15":"product-type-simple"},"bundled_by":[],"bundle_stock_status":"instock","bundle_stock_quantity":3,"bundle_virtual":false,"bundle_layout":"","bundle_add_to_cart_form_location":"","bundle_editable_in_cart":false,"bundle_sold_individually_context":"","bundle_item_grouping":"","bundle_min_size":"","bundle_max_size":"","bundle_price":[],"bundled_items":[],"bundle_sell_ids":[],"acf":[],"_links":{"self":[{"href":"https:\/\/hi-techwonder.com\/es\/wp-json\/wp\/v2\/product\/12344","targetHints":{"allow":["GET"]}}],"collection":[{"href":"https:\/\/hi-techwonder.com\/es\/wp-json\/wp\/v2\/product"}],"about":[{"href":"https:\/\/hi-techwonder.com\/es\/wp-json\/wp\/v2\/types\/product"}],"replies":[{"embeddable":true,"href":"https:\/\/hi-techwonder.com\/es\/wp-json\/wp\/v2\/comments?post=12344"}],"wp:featuredmedia":[{"embeddable":true,"href":"https:\/\/hi-techwonder.com\/es\/wp-json\/wp\/v2\/media\/9140"}],"wp:attachment":[{"href":"https:\/\/hi-techwonder.com\/es\/wp-json\/wp\/v2\/media?parent=12344"}],"wp:term":[{"taxonomy":"product_brand","embeddable":true,"href":"https:\/\/hi-techwonder.com\/es\/wp-json\/wp\/v2\/product_brand?post=12344"},{"taxonomy":"product_cat","embeddable":true,"href":"https:\/\/hi-techwonder.com\/es\/wp-json\/wp\/v2\/product_cat?post=12344"},{"taxonomy":"product_tag","embeddable":true,"href":"https:\/\/hi-techwonder.com\/es\/wp-json\/wp\/v2\/product_tag?post=12344"}],"curies":[{"name":"wp","href":"https:\/\/api.w.org\/{rel}","templated":true}]}}