{"id":12351,"date":"2025-07-23T23:01:07","date_gmt":"2025-07-23T23:01:07","guid":{"rendered":"https:\/\/fv6qoy3ls0.wpdns.site\/produto\/nisi-filtro-circular-densidade-neutra-huc-ir-nd64-6-stops\/"},"modified":"2026-04-09T18:11:19","modified_gmt":"2026-04-09T17:11:19","slug":"nisi-filtro-circular-densidade-neutra-huc-ir-nd64-6-stops","status":"publish","type":"product","link":"https:\/\/hi-techwonder.com\/es\/producto\/nisi-filtro-circular-densidade-neutra-huc-ir-nd64-6-stops\/","title":{"rendered":"NiSi Filtro Circular Densidade Neutra HUC IR ND64 &#8211; 6 stops"},"content":{"rendered":"<h3><strong>NiSi Filtro Circular Densidade Neutra HUC IR ND64 &#8211; 6 stops<\/strong><\/h3>\n<p>O filtro <strong>NiSi Circular Densidade Neutra HUC IR ND64 &#8211; 6 stops<\/strong> \u00e9 um filtro de densidade neutra (ND) que reduz uniformemente a quantidade de luz que entra na lente. Os filtros ND podem permitir maior desfoque de movimento e detalhes de imagem, permitindo uma grande abertura e uma velocidade lenta do obturador. Os filtros ND tamb\u00e9m s\u00e3o \u00fateis quando o contraste entre os realces e as sombras \u00e9 muito alto para obter uma exposi\u00e7\u00e3o de qualidade. O filtro ND ND64 de 6 stops \u00e9 geralmente usado durante a \u00abgolden hour\u00bb para criar exposi\u00e7\u00f5es de 1 a 2 minutos para \u00e1guas calmas ou nuvens. Tamb\u00e9m \u00e9 \u00f3timo para capturar \u00e1gua din\u00e2mica, mantendo alguma textura, antes da hora dourada.<\/p>\n<p>Os filtros NiSi ND n\u00e3o afetam a colora\u00e7\u00e3o da imagem, oferecem cores realistas e s\u00e3o feitos de vidro \u00f3ptico de alta qualidade (n\u00e3o resina) com revestimento nano para evitar a perda de qualquer detalhe. Ao usar o filtro de densidade neutra, a c\u00e2mera fica vulner\u00e1vel \u00e0 luz infravermelha, que lan\u00e7ar\u00e1 a cor vermelha indesejada nas fotos ao fotografar com uma abertura pequena. Os filtros NiSi ND t\u00eam uma camada de revestimento de prote\u00e7\u00e3o infravermelha para eliminar a luz infravermelha atrav\u00e9s da lente para trazer de volta a cor natural e verdadeira.<\/p>\n<p>O sistema de filtro NiSi ND circular \u00e9 \u00f3timo para c\u00e2maras com lentes que possuem uma rosca de filtro padr\u00e3o de <strong>40.5 mm a 95 mm<\/strong>.<\/p>\n<p>O filtro NiSi Circular Densidade Neutra HUC IR ND64 &#8211; 6 stops reduz a luz em 64 vezes sem alterar as cores, permitindo assim aumentar a velocidade do obturador 64 vezes (por exemplo, de 1\/60 \u00aba cerca de 1\u00bb ou de 1\/2 \u00aba cerca de 30 segundos).<\/p>\n<p><img loading=\"lazy\" decoding=\"async\" class=\"alignnone wp-image-26655\" src=\"https:\/\/hi-techwonder.com\/wp-content\/themes\/woodmart\/images\/lazy.svg\" data-src=\"https:\/\/nisioptics.pt\/wp-content\/uploads\/2023\/08\/Filtro-ND-lunghe-esposizioni-ND1000-77mm-1024x683.jpg\" alt=\"\" width=\"752\" height=\"502\"><\/p>\n<p>Sabe mais sobre o nosso sistema de\u00a0 filtros circulares <a href=\"https:\/\/nisioptics.pt\/categoria\/descobre\/descobre-filtros-circulares\/\" target=\"_blank\" rel=\"noopener\">aqui.<\/a><\/p>\n","protected":false},"excerpt":{"rendered":"<ul>\n<li>Cor realista<\/li>\n<li>Alta defini\u00e7\u00e3o<\/li>\n<li>Vidro \u00f3tico<\/li>\n<li>Moldura ultrafina<\/li>\n<li>Imperme\u00e1vel e Pro Nano Coating<\/li>\n<li>ND64 6 Stops<\/li>\n<li>Revestimento IR para reduzir a difus\u00e3o da cor <span style=\"text-decoration: underline;\">(pode n\u00e3o evitar a necessidade de utiliza\u00e7\u00e3o de filtro IR-Cut em c\u00e2maras sem filtro low-pass)<\/span><\/li>\n<li><\/li>\n<\/ul>\n","protected":false},"featured_media":9159,"comment_status":"closed","ping_status":"closed","template":"","meta":{"_acf_changed":false},"product_brand":[2543],"product_cat":[1047],"product_tag":[],"class_list":{"0":"post-12351","1":"product","2":"type-product","3":"status-publish","4":"has-post-thumbnail","6":"product_brand-nisioptics-es","7":"product_cat-densidad-neutra-nd","8":"pa_densidade-nd64-6-stop-es","9":"pa_diametro-40-5mm-es","10":"pa_diametro-46mm-es","11":"pa_diametro-49mm-es","12":"pa_diametro-52mm-es","13":"pa_diametro-55mm-es","14":"pa_diametro-58mm-es","15":"pa_diametro-62mm-es","16":"pa_diametro-67mm-es","17":"pa_diametro-72mm-es","18":"pa_diametro-77mm-es","19":"pa_diametro-82mm-es","20":"pa_diametro-95mm-es","22":"first","23":"instock","24":"taxable","25":"shipping-taxable","26":"purchasable","27":"product-type-variable"},"bundled_by":[],"bundle_stock_status":"instock","bundle_stock_quantity":null,"bundle_virtual":false,"bundle_layout":"","bundle_add_to_cart_form_location":"","bundle_editable_in_cart":false,"bundle_sold_individually_context":"","bundle_item_grouping":"","bundle_min_size":"","bundle_max_size":"","bundle_price":[],"bundled_items":[],"bundle_sell_ids":[],"acf":[],"_links":{"self":[{"href":"https:\/\/hi-techwonder.com\/es\/wp-json\/wp\/v2\/product\/12351","targetHints":{"allow":["GET"]}}],"collection":[{"href":"https:\/\/hi-techwonder.com\/es\/wp-json\/wp\/v2\/product"}],"about":[{"href":"https:\/\/hi-techwonder.com\/es\/wp-json\/wp\/v2\/types\/product"}],"replies":[{"embeddable":true,"href":"https:\/\/hi-techwonder.com\/es\/wp-json\/wp\/v2\/comments?post=12351"}],"wp:featuredmedia":[{"embeddable":true,"href":"https:\/\/hi-techwonder.com\/es\/wp-json\/wp\/v2\/media\/9159"}],"wp:attachment":[{"href":"https:\/\/hi-techwonder.com\/es\/wp-json\/wp\/v2\/media?parent=12351"}],"wp:term":[{"taxonomy":"product_brand","embeddable":true,"href":"https:\/\/hi-techwonder.com\/es\/wp-json\/wp\/v2\/product_brand?post=12351"},{"taxonomy":"product_cat","embeddable":true,"href":"https:\/\/hi-techwonder.com\/es\/wp-json\/wp\/v2\/product_cat?post=12351"},{"taxonomy":"product_tag","embeddable":true,"href":"https:\/\/hi-techwonder.com\/es\/wp-json\/wp\/v2\/product_tag?post=12351"}],"curies":[{"name":"wp","href":"https:\/\/api.w.org\/{rel}","templated":true}]}}