{"id":12366,"date":"2025-07-23T23:01:40","date_gmt":"2025-07-23T23:01:40","guid":{"rendered":"https:\/\/fv6qoy3ls0.wpdns.site\/produto\/nisi-100mm-porta-filtros-olympus-7-14mm-f-2-8-pro\/"},"modified":"2026-04-08T12:29:50","modified_gmt":"2026-04-08T11:29:50","slug":"nisi-100mm-porta-filtros-olympus-7-14mm-f-2-8-pro","status":"publish","type":"product","link":"https:\/\/hi-techwonder.com\/es\/producto\/nisi-100mm-porta-filtros-olympus-7-14mm-f-2-8-pro\/","title":{"rendered":"NiSi 100mm Porta-Filtros Olympus 7-14mm f\/2.8 PRO"},"content":{"rendered":"<h3><strong>NiSi 100mm Porta-Filtros Olympus 7-14mm f\/2.8 PRO<\/strong><\/h3>\n<p>O Porta-Filtros NiSi 100mm para Olympus 7-14mm f\/2.8 PRO permite a utiliza\u00e7\u00e3o conveniente de at\u00e9 dois filtros de 100mm de largura e 2mm de espessura na Olympus M.Zuiko 7-14mm f\/2.8 PRO. Este suporte n\u00e3o apresenta qualquer vinheta a 7mm com o suporte na posi\u00e7\u00e3o vertical (ou 90 graus) e alguma vinheta com o suporte n\u00e3o na posi\u00e7\u00e3o vertical (45 graus).<\/p>\n<p>O kit \u00e9 composto por dois componentes principais, um suporte de filtro frontal e um anel adaptador de suporte de filtro. Pode ser rapidamente montado no anel adaptador ap\u00f3s a montagem pr\u00e9via do anel adaptador na objetiva. O anel adaptador tem quatro guias que assentam na parte inferior do p\u00e1ra-sol da objetiva e, em seguida, rodando o anel traseiro, o adaptador fica apertado \u00e0 volta da objetiva. Por fim, aperte o bot\u00e3o de bloqueio prateado para garantir que o adaptador est\u00e1 bem preso \u00e0 objetiva.<\/p>\n<p>Depois de ser encaixado no anel adaptador, a alavanca de bloqueio de puxar e soltar do suporte de filtro ajuda a fornecer uma liga\u00e7\u00e3o fi\u00e1vel que permite que o suporte seja rodado 360\u00b0, beneficiando ainda mais a utiliza\u00e7\u00e3o de filtros de densidade neutra graduados e outros filtros que s\u00e3o melhorados por um posicionamento variado. O suporte possui um fecho para bloquear o suporte na posi\u00e7\u00e3o e pode ser facilmente desbloqueado para permitir a rota\u00e7\u00e3o de 360 graus.<\/p>\n<h5>Caracter\u00edsticas<\/h5>\n<p>O suporte \u00e9 compat\u00edvel com filtros de 100x100mm ou 100x150mm da NiSi, ou outras marcas que tenham sistemas de 100mm standard, e suporta 2 filtros. Possui clipes pressionados da esquerda para a direita, retirados do nosso popular suporte V6, em vez do tradicional design superior e inferior. \u00c9 muito f\u00e1cil de inserir e remover filtros.<\/p>\n<p>\u00c9 feito de alum\u00ednio de grau de avia\u00e7\u00e3o tornando-o dur\u00e1vel e leve para fot\u00f3grafos de paisagem.<\/p>\n<p>O Porta-Filtros NiSi 100mm para Olympus 7-14mm f\/2.8 PRO pode ser usado com o Polarizador NiSi 100x100mm HD (vendido separadamente) para usar um polarizador com a Olympus 7-14mm f\/2.8 PRO.<\/p>\n<p>Para utilizar este suporte (apenas a parte frontal do suporte) noutra objetiva com roscas de filtro padr\u00e3o, basta adicionar o nosso anel adaptador V6 82mm principal, mais um anel V6 step-up para roscas inferiores a 82mm.<\/p>\n<p><img loading=\"lazy\" decoding=\"async\" class=\"alignnone wp-image-27208\" src=\"https:\/\/hi-techwonder.com\/wp-content\/themes\/woodmart\/images\/lazy.svg\" data-src=\"https:\/\/nisioptics.pt\/wp-content\/uploads\/2021\/09\/Porta-filtros-Olympus-100mm.jpg\" alt=\"\" width=\"752\" height=\"368\"><\/p>\n<p>Saiba mais sobre o nosso sistema <a href=\"https:\/\/nisioptics.pt\/categoria\/descobre\/descubre-sistema-100m\/\" target=\"_blank\" rel=\"noopener\">100mm<\/a>.<\/p>\n","protected":false},"excerpt":{"rendered":"<ul>\n<li>Projetado especificamente para a Olympus M.Zuiko 7-14mm f \/ 2.8 PRO<\/li>\n<li>Sem vinhetas com o suporte na posi\u00e7\u00e3o vertical, algumas vinhetas com o suporte n\u00e3o vertical.<\/li>\n<li>Rota\u00e7\u00e3o de 360 graus com trava de rota\u00e7\u00e3o<\/li>\n<li>Trave para travar o suporte na posi\u00e7\u00e3o<\/li>\n<li>Apresenta Novo Design de Clipe do V6 &#8211; Inser\u00e7\u00e3o e remo\u00e7\u00e3o suave de filtros<\/li>\n<li>Feito de tarugo de alum\u00ednio revestido com p\u00f3 preto de grau de avia\u00e7\u00e3o<\/li>\n<li>Suporta filtros de 2 x 100 mm de largura<\/li>\n<\/ul>\n","protected":false},"featured_media":9208,"comment_status":"closed","ping_status":"closed","template":"","meta":{"_acf_changed":false},"product_brand":[2543],"product_cat":[1055],"product_tag":[],"class_list":{"0":"post-12366","1":"product","2":"type-product","3":"status-publish","4":"has-post-thumbnail","6":"product_brand-nisioptics-es","7":"product_cat-accesorios-100mm","9":"first","10":"instock","11":"taxable","12":"shipping-taxable","13":"purchasable","14":"product-type-simple"},"bundled_by":[],"bundle_stock_status":"instock","bundle_stock_quantity":2,"bundle_virtual":false,"bundle_layout":"","bundle_add_to_cart_form_location":"","bundle_editable_in_cart":false,"bundle_sold_individually_context":"","bundle_item_grouping":"","bundle_min_size":"","bundle_max_size":"","bundle_price":[],"bundled_items":[],"bundle_sell_ids":[],"acf":[],"_links":{"self":[{"href":"https:\/\/hi-techwonder.com\/es\/wp-json\/wp\/v2\/product\/12366","targetHints":{"allow":["GET"]}}],"collection":[{"href":"https:\/\/hi-techwonder.com\/es\/wp-json\/wp\/v2\/product"}],"about":[{"href":"https:\/\/hi-techwonder.com\/es\/wp-json\/wp\/v2\/types\/product"}],"replies":[{"embeddable":true,"href":"https:\/\/hi-techwonder.com\/es\/wp-json\/wp\/v2\/comments?post=12366"}],"wp:featuredmedia":[{"embeddable":true,"href":"https:\/\/hi-techwonder.com\/es\/wp-json\/wp\/v2\/media\/9208"}],"wp:attachment":[{"href":"https:\/\/hi-techwonder.com\/es\/wp-json\/wp\/v2\/media?parent=12366"}],"wp:term":[{"taxonomy":"product_brand","embeddable":true,"href":"https:\/\/hi-techwonder.com\/es\/wp-json\/wp\/v2\/product_brand?post=12366"},{"taxonomy":"product_cat","embeddable":true,"href":"https:\/\/hi-techwonder.com\/es\/wp-json\/wp\/v2\/product_cat?post=12366"},{"taxonomy":"product_tag","embeddable":true,"href":"https:\/\/hi-techwonder.com\/es\/wp-json\/wp\/v2\/product_tag?post=12366"}],"curies":[{"name":"wp","href":"https:\/\/api.w.org\/{rel}","templated":true}]}}