{"id":12367,"date":"2025-07-23T23:01:40","date_gmt":"2025-07-23T23:01:40","guid":{"rendered":"https:\/\/fv6qoy3ls0.wpdns.site\/produto\/nisi-sistema-de-filtros-para-ricoh-gr3-master-kit\/"},"modified":"2026-04-09T16:51:11","modified_gmt":"2026-04-09T15:51:11","slug":"nisi-sistema-de-filtros-para-ricoh-gr3-master-kit","status":"publish","type":"product","link":"https:\/\/hi-techwonder.com\/es\/producto\/nisi-sistema-de-filtros-para-ricoh-gr3-master-kit\/","title":{"rendered":"NiSi Sistema de Filtros para Ricoh GR3 &#8211; Master Kit"},"content":{"rendered":"<h3><strong>NiSi Sistema de Filtros para Ricoh GR3 &#8211; Master Kit<\/strong><\/h3>\n<p>O Sistema de Filtros NiSi para Ricoh GR3 (Master Kit) foi concebido especificamente para a c\u00e2mara compacta Ricoh GR3. O Master Kit inclui um adaptador recentemente concebido que permite que o suporte do filtro seja ligado \u00e0 objetiva atrav\u00e9s de um ponto de montagem, permitindo que o suporte seja montado mesmo quando a objetiva est\u00e1 recolhida. Este adaptador tamb\u00e9m possui uma rosca que permite a fixa\u00e7\u00e3o de qualquer filtro de 49 mm no adaptador, bem como o suporte de filtro quadrado inclu\u00eddo.<\/p>\n<p>O kit inclui o adaptador GR3, um suporte de filtro que se fixa ao adaptador, um anel prateado de substitui\u00e7\u00e3o para dar um novo aspeto \u00e0 sua GR3 quando o adaptador n\u00e3o est\u00e1 a ser utilizado, um GND suave e m\u00e9dio, um polarizador, ND8 (3 stops) e ND64 (6 stops) e um estojo de transporte.<\/p>\n<p><img loading=\"lazy\" decoding=\"async\" class=\"alignnone wp-image-27199\" src=\"https:\/\/hi-techwonder.com\/wp-content\/themes\/woodmart\/images\/lazy.svg\" data-src=\"https:\/\/nisioptics.pt\/wp-content\/uploads\/2021\/09\/NiSi-GR3-Mater-Kit-Contents-1024x244.jpg\" alt=\"\" width=\"752\" height=\"179\"><\/p>\n<p>O suporte NiSi para a Ricoh GR3 \u00e9 resistente e fabricado com o mesmo alum\u00ednio utilizado no nosso popular sistema V6. Suporta dois filtros da nossa gama de filtros para telem\u00f3veis. \u00c9 simplesmente encaixado na extremidade da objetiva para uma montagem r\u00e1pida. O suporte NiSi para a Ricoh GR3 pode ser rodado 360 graus para mudar facilmente entre a orienta\u00e7\u00e3o retrato e paisagem.<\/p>\n<h5>Filtros inclu\u00eddos<\/h5>\n<p>Os filtros NiSi Soft e Medium GND s\u00e3o filtros retangulares que ajudam a escurecer \u00e1reas espec\u00edficas de uma imagem, como c\u00e9us brilhantes, permitindo uma exposi\u00e7\u00e3o normal, n\u00e3o afetada nas outras regi\u00f5es da imagem. O GND m\u00e9dio foi concebido para ser movido para cima e para baixo para controlar estas \u00e1reas brilhantes.<\/p>\n<p>O Polarizador HD ajuda a reduzir os reflexos e o encandeamento, filtrando a luz que se tornou polarizada devido ao reflexo de uma superf\u00edcie n\u00e3o met\u00e1lica. \u00c9 perfeito para remover o brilho na \u00e1gua e os reflexos ao fotografar atrav\u00e9s de vidro e proporciona uma maior cor e satura\u00e7\u00e3o tonal.<\/p>\n<p>O NiSi ND8 (3 Stop) \u00e9 um filtro ND que proporciona uma redu\u00e7\u00e3o de exposi\u00e7\u00e3o de 3 pontos, permitindo-lhe fotografar com uma abertura maior ou uma velocidade de obtura\u00e7\u00e3o mais lenta do que o normalmente necess\u00e1rio. Ao abrandar o tempo de exposi\u00e7\u00e3o, pode controlar a profundidade de campo e mostrar movimento nas suas imagens, por exemplo, o fluxo de \u00e1gua.<\/p>\n<p>O ND64 (6 stops) \u00e9 um filtro ND que proporciona uma redu\u00e7\u00e3o da exposi\u00e7\u00e3o de 6 stops, permitindo-lhe fotografar com uma abertura mais ampla ou uma velocidade do obturador mais lenta do que o normalmente necess\u00e1rio. Ao abrandar o tempo de exposi\u00e7\u00e3o, pode controlar a profundidade de campo e mostrar movimento nas suas imagens, por exemplo, suavizando a \u00e1gua.<\/p>\n<p>Tal como o resto da linha NiSi, estes filtro s\u00e3o fabricados em vidro \u00f3tico recozido de alta qualidade e precis\u00e3o. A sua superf\u00edcie \u00e9 finamente polida para garantir a nitidez das actuais c\u00e2maras de megapixels ultra-altos. S\u00e3o revestidos com camadas de nano-revestimento para evitar a perda de qualquer pormenor.<\/p>\n<p><img loading=\"lazy\" decoding=\"async\" class=\"alignnone wp-image-27204\" src=\"https:\/\/hi-techwonder.com\/wp-content\/themes\/woodmart\/images\/lazy.svg\" data-src=\"https:\/\/nisioptics.pt\/wp-content\/uploads\/2021\/09\/GR3-MasterKit-Life-2-1024x683.jpg\" alt=\"\" width=\"752\" height=\"502\"><\/p>\n<p>Saiba mais sobre os nossos sistemas compactos <a href=\"https:\/\/nisioptics.pt\/categoria\/descobre\/descobre-sistemas-compactos\/\" target=\"_blank\" rel=\"noopener\">aqui<\/a>.<\/p>\n","protected":false},"excerpt":{"rendered":"<ul>\n<li>Projetado para Ricoh GR<\/li>\n<li>F\u00e1cil de instala<\/li>\n<li>Suporta at\u00e9 2 filtros quadrado<\/li>\n<li>Rota\u00e7\u00e3o de 360 grau<\/li>\n<li>Constru\u00e7\u00e3o em liga de alum\u00ednio<\/li>\n<li>Inclui uma bolsa e anel de lente de reposi\u00e7\u00e3o<\/li>\n<li>Feito de vidro \u00f3tico<\/li>\n<\/ul>\n","protected":false},"featured_media":9233,"comment_status":"closed","ping_status":"open","template":"","meta":{"_acf_changed":false},"product_brand":[2543],"product_cat":[1060],"product_tag":[],"class_list":{"0":"post-12367","1":"product","2":"type-product","3":"status-publish","4":"has-post-thumbnail","6":"product_brand-nisioptics-es","7":"product_cat-otros-filtros-quadrados","9":"first","10":"instock","11":"taxable","12":"shipping-taxable","13":"purchasable","14":"product-type-simple"},"bundled_by":[],"bundle_stock_status":"instock","bundle_stock_quantity":2,"bundle_virtual":false,"bundle_layout":"","bundle_add_to_cart_form_location":"","bundle_editable_in_cart":false,"bundle_sold_individually_context":"","bundle_item_grouping":"","bundle_min_size":"","bundle_max_size":"","bundle_price":[],"bundled_items":[],"bundle_sell_ids":[],"acf":[],"_links":{"self":[{"href":"https:\/\/hi-techwonder.com\/es\/wp-json\/wp\/v2\/product\/12367","targetHints":{"allow":["GET"]}}],"collection":[{"href":"https:\/\/hi-techwonder.com\/es\/wp-json\/wp\/v2\/product"}],"about":[{"href":"https:\/\/hi-techwonder.com\/es\/wp-json\/wp\/v2\/types\/product"}],"replies":[{"embeddable":true,"href":"https:\/\/hi-techwonder.com\/es\/wp-json\/wp\/v2\/comments?post=12367"}],"wp:featuredmedia":[{"embeddable":true,"href":"https:\/\/hi-techwonder.com\/es\/wp-json\/wp\/v2\/media\/9233"}],"wp:attachment":[{"href":"https:\/\/hi-techwonder.com\/es\/wp-json\/wp\/v2\/media?parent=12367"}],"wp:term":[{"taxonomy":"product_brand","embeddable":true,"href":"https:\/\/hi-techwonder.com\/es\/wp-json\/wp\/v2\/product_brand?post=12367"},{"taxonomy":"product_cat","embeddable":true,"href":"https:\/\/hi-techwonder.com\/es\/wp-json\/wp\/v2\/product_cat?post=12367"},{"taxonomy":"product_tag","embeddable":true,"href":"https:\/\/hi-techwonder.com\/es\/wp-json\/wp\/v2\/product_tag?post=12367"}],"curies":[{"name":"wp","href":"https:\/\/api.w.org\/{rel}","templated":true}]}}