{"id":12368,"date":"2025-07-23T23:01:40","date_gmt":"2025-07-23T23:01:40","guid":{"rendered":"https:\/\/fv6qoy3ls0.wpdns.site\/produto\/nisi-kit-porta-filtros-v7-com-polarizador-true-color\/"},"modified":"2026-04-08T12:29:51","modified_gmt":"2026-04-08T11:29:51","slug":"nisi-kit-porta-filtros-v7-com-polarizador-true-color","status":"publish","type":"product","link":"https:\/\/hi-techwonder.com\/es\/producto\/nisi-kit-porta-filtros-v7-com-polarizador-true-color\/","title":{"rendered":"NiSi Kit Porta-filtros V7 com Polarizador True Color"},"content":{"rendered":"<div class=\"rte\">\n<div class=\"wpb_text_column wpb_content_element\">\n<div class=\"wpb_wrapper\">\n<div class=\"rte\">\n<div class=\"wpb_text_column wpb_content_element\">\n<div class=\"wpb_wrapper\">\n<h3><strong>NiSi Kit Porta-filtros V7 com Polarizador True Color<\/strong><\/h3>\n<p><iframe loading=\"lazy\" title=\"NiSi V7 Sistema 100mm\" width=\"500\" height=\"281\" src=\"https:\/\/www.youtube.com\/embed\/zLFTuR-QYbs?feature=oembed\" frameborder=\"0\" allow=\"accelerometer; autoplay; clipboard-write; encrypted-media; gyroscope; picture-in-picture; web-share\" referrerpolicy=\"strict-origin-when-cross-origin\" allowfullscreen><\/iframe><\/p>\n<p>O NiSi V7 100mm Filter Holder Kit com True Color NC CPL e tampa da lente \u00e9 o mais avan\u00e7ado suporte de filtro de 100mm que j\u00e1 cri\u00e1mos, com um design refinado com base no feedback dos fot\u00f3grafos. O V7 permite a f\u00e1cil utiliza\u00e7\u00e3o de at\u00e9 tr\u00eas filtros de 100mm de largura e 2mm de espessura, juntamente com um novo filtro polarizador circular True Color da NiSi, e n\u00e3o tem vinheta a 16mm com lentes grande angular em full-frame.<\/p>\n<p>\u00c9 fabricado em alum\u00ednio de qualidade aeron\u00e1utica com processamento de elemento \u00fanico por m\u00e1quina CNC, e o acabamento preto mate fosco na superf\u00edcie minimiza os reflexos. O kit V7 \u00e9 fornecido completo com o suporte de filtro de 100 mm, uma CPL True Color ultrafina, quatro an\u00e9is adaptadores para as objectivas grande angular mais populares (67 mm, 72 mm, 77 mm e 82 mm), uma tampa de objetiva e uma bolsa de armazenamento. A V7 possui um design de roda de rota\u00e7\u00e3o \u00fanico, pelo que o filtro CPL pode ser rodado independentemente com os filtros ainda no lugar atrav\u00e9s de uma engrenagem na parte de tr\u00e1s do suporte do filtro.<\/p>\n<p>Esta vers\u00e3o da V7 inclui a nov\u00edssima CPL True Color, que evita o tom amarelo introduzido pela maioria das CPLs. A CPL True Color possui o nosso revestimento NiSi Pro Nano, que ajuda a reduzir os reflexos indesejados e fornece uma camada imperme\u00e1vel e resistente ao \u00f3leo para ajudar na limpeza de impress\u00f5es digitais indesejadas, p\u00f3 e manchas de \u00e1gua.<\/p>\n<p>O nosso novo design CPL Ponto a Ponto permite uma instala\u00e7\u00e3o guiada mais f\u00e1cil do CPL no adaptador principal de 82 mm. Alinhando as marcas brancas no CPL com a marca branca no adaptador principal e torcendo, pode facilmente fixar o CPL no lugar e remov\u00ea-lo com pouco esfor\u00e7o.<\/p>\n<p>O nosso sistema de clipes exclusivo foi concebido para agarrar apenas ao longo das extremidades do filtro, evitando o contacto com a superf\u00edcie do filtro. Os filtros s\u00e3o f\u00e1ceis de inserir e o contacto com as superf\u00edcies principais de um filtro \u00e9 evitado, particularmente quando se utilizam filtros graduados, cujo efeito pode ser ajustado para melhor se adequar \u00e0s condi\u00e7\u00f5es de ilumina\u00e7\u00e3o em mudan\u00e7a ou \u00e0s exig\u00eancias criativas, deslizando-os para cima ou para baixo dentro de uma ranhura de filtro.<\/p>\n<p>A utiliza\u00e7\u00e3o do Suporte de Filtro NiSi V7 100mm pode ser facilmente realizada aparafusando primeiro o anel adaptador de 82mm inclu\u00eddo numa objetiva com rosca de filtro frontal de 82mm. Os an\u00e9is de aumento est\u00e3o inclu\u00eddos para permitir que o anel adaptador seja usado com lentes que tenham roscas de filtro frontal de 67mm, 72mm ou 77mm, com an\u00e9is de aumento adicionais dispon\u00edveis separadamente para lentes com roscas de filtro frontal de 49mm, 52mm, 55mm, 58mm ou 62mm.<\/p>\n<p>Depois de encaixado no anel adaptador, o pino de bloqueio de puxar e soltar do suporte do filtro ajuda a proporcionar uma liga\u00e7\u00e3o fi\u00e1vel que permite que o suporte seja rodado 360\u00b0. Para fixar ainda mais a posi\u00e7\u00e3o do suporte do filtro, este possui um bloqueio que pode ser ativado rodando uma pequena roda em torno do pino de liberta\u00e7\u00e3o, o que impede qualquer rota\u00e7\u00e3o do suporte do filtro.<\/p>\n<p>An\u00e9is adaptadores para objectivas com roscas de filtro frontal de 86mm ou 95mm tamb\u00e9m est\u00e3o dispon\u00edveis separadamente. A combina\u00e7\u00e3o de qualquer um desses an\u00e9is adaptadores com o suporte de filtro n\u00e3o pode acomodar um filtro polarizador circular NiSi de 86 mm; no entanto, um efeito de polariza\u00e7\u00e3o pode ser obtido colocando um filtro polarizador de 100 mm de largura e 2 mm de espessura, dispon\u00edvel separadamente, entre um par de ranhuras do suporte de filtro.<\/p>\n<p>O kit V7 inclui uma tampa de lente de encaixe que proteger\u00e1 a CPL enquanto ainda estiver ligada a uma lente e uma bolsa de suporte almofadada para armazenamento e transporte seguros.<\/p>\n<p>Saiba mais sobre o nosso sistema <a href=\"https:\/\/nisioptics.pt\/categoria\/descobre\/descubre-sistema-100m\/\" target=\"_blank\" rel=\"noopener\">100mm<\/a>.<\/p>\n<\/div>\n<\/div>\n<\/div>\n<\/div>\n<\/div>\n<\/div>\n","protected":false},"excerpt":{"rendered":"<ul>\n<li>Permite a utiliza\u00e7\u00e3o de tr\u00eas filtros quadrados + um polarizador circular<\/li>\n<li>Inclui o CPL True Color que evita o tom amarelo introduzido pela maioria dos CPL<\/li>\n<li>O design CPL ponto a ponto permite uma instala\u00e7\u00e3o guiada mais f\u00e1cil do CPL<\/li>\n<li>Retira e instala rapidamente o CPL com o novo suporte<\/li>\n<li>Inclui 4 an\u00e9is adaptadores, suporte de filtro e CPL<\/li>\n<li>Rota\u00e7\u00e3o de 360 graus com bloqueio para fixar a posi\u00e7\u00e3o do filtro<\/li>\n<li>Inser\u00e7\u00e3o e remo\u00e7\u00e3o de filtros muito suave<\/li>\n<li>Novo design de bloqueio de rota\u00e7\u00e3o combinado com o pino de liberta\u00e7\u00e3o<\/li>\n<li>Sem vinheta nas objectivas ultragrandes a 16 mm<\/li>\n<li>Inclui um estojo de arruma\u00e7\u00e3o e uma tampa para a objetiva<\/li>\n<\/ul>\n","protected":false},"featured_media":9260,"comment_status":"closed","ping_status":"closed","template":"","meta":{"_acf_changed":false},"product_brand":[2543],"product_cat":[1055],"product_tag":[],"class_list":{"0":"post-12368","1":"product","2":"type-product","3":"status-publish","4":"has-post-thumbnail","6":"product_brand-nisioptics-es","7":"product_cat-accesorios-100mm","9":"first","10":"instock","11":"taxable","12":"shipping-taxable","13":"purchasable","14":"product-type-simple"},"bundled_by":[],"bundle_stock_status":"instock","bundle_stock_quantity":2,"bundle_virtual":false,"bundle_layout":"","bundle_add_to_cart_form_location":"","bundle_editable_in_cart":false,"bundle_sold_individually_context":"","bundle_item_grouping":"","bundle_min_size":"","bundle_max_size":"","bundle_price":[],"bundled_items":[],"bundle_sell_ids":[],"acf":[],"_links":{"self":[{"href":"https:\/\/hi-techwonder.com\/es\/wp-json\/wp\/v2\/product\/12368","targetHints":{"allow":["GET"]}}],"collection":[{"href":"https:\/\/hi-techwonder.com\/es\/wp-json\/wp\/v2\/product"}],"about":[{"href":"https:\/\/hi-techwonder.com\/es\/wp-json\/wp\/v2\/types\/product"}],"replies":[{"embeddable":true,"href":"https:\/\/hi-techwonder.com\/es\/wp-json\/wp\/v2\/comments?post=12368"}],"wp:featuredmedia":[{"embeddable":true,"href":"https:\/\/hi-techwonder.com\/es\/wp-json\/wp\/v2\/media\/9260"}],"wp:attachment":[{"href":"https:\/\/hi-techwonder.com\/es\/wp-json\/wp\/v2\/media?parent=12368"}],"wp:term":[{"taxonomy":"product_brand","embeddable":true,"href":"https:\/\/hi-techwonder.com\/es\/wp-json\/wp\/v2\/product_brand?post=12368"},{"taxonomy":"product_cat","embeddable":true,"href":"https:\/\/hi-techwonder.com\/es\/wp-json\/wp\/v2\/product_cat?post=12368"},{"taxonomy":"product_tag","embeddable":true,"href":"https:\/\/hi-techwonder.com\/es\/wp-json\/wp\/v2\/product_tag?post=12368"}],"curies":[{"name":"wp","href":"https:\/\/api.w.org\/{rel}","templated":true}]}}