{"id":12370,"date":"2025-07-23T23:01:40","date_gmt":"2025-07-23T23:01:40","guid":{"rendered":"https:\/\/fv6qoy3ls0.wpdns.site\/produto\/nisi-filtro-circular-nd-variavel-nd-vario-true-color-1-5-stops\/"},"modified":"2026-04-24T10:31:29","modified_gmt":"2026-04-24T09:31:29","slug":"nisi-filtro-circular-nd-variavel-nd-vario-true-color-1-5-stops","status":"publish","type":"product","link":"https:\/\/hi-techwonder.com\/es\/producto\/nisi-filtro-circular-nd-variavel-nd-vario-true-color-1-5-stops\/","title":{"rendered":"NiSi Filtro Circular ND Vari\u00e1vel (ND-VARIO) True Color 1-5 stops"},"content":{"rendered":"<h3><strong>NiSi Filtro Circular ND Vari\u00e1vel (ND-VARIO) True Color 1-5 stops<\/strong><\/h3>\n<p>O NiSi True Color ND-VARIO Pro Nano 1-5stops Variable ND foi concebido para ser montado em objectivas com rosca de filtro frontal de 95mm e proporciona uma redu\u00e7\u00e3o de exposi\u00e7\u00e3o de 1 a 5 stops. A densidade de 0,3 a 1,5 cria um escurecimento de toda a imagem, permitindo aberturas mais amplas ou velocidades de obtura\u00e7\u00e3o mais lentas do que o normalmente poss\u00edvel. O grau de densidade \u00e9 facilmente controlado rodando o anel do filtro frontal com ou sem a alavanca prateada inclu\u00edda, ajudando-o a predeterminar o comprimento de exposi\u00e7\u00e3o adicional necess\u00e1rio.<\/p>\n<p>Ao abrandar o tempo de exposi\u00e7\u00e3o ou aumentar a abertura, pode controlar a profundidade de campo e transmitir o movimento mais facilmente. A transi\u00e7\u00e3o da densidade ocorre de forma suave, o que permite ao fot\u00f3grafo ou vide\u00f3grafo ajustar a dura\u00e7\u00e3o da exposi\u00e7\u00e3o \u00e0 quantidade exacta necess\u00e1ria para uma determinada cena. Para um controlo mais f\u00e1cil e repet\u00edvel das defini\u00e7\u00f5es de densidade, o anel frontal est\u00e1 visualmente marcado com n\u00fameros que representam os diferentes valores de paragem. O anel possui serrilhas laterais prateadas para uma ader\u00eancia segura e uma f\u00e1cil instala\u00e7\u00e3o e remo\u00e7\u00e3o.<\/p>\n<p>Para quem utiliza este filtro com c\u00e2maras de cinema ou de v\u00eddeo, os ajustes combinados da abertura e deste filtro permitem ajustes finos da profundidade de campo, mantendo a taxa de fotogramas designada.<\/p>\n<p><img loading=\"lazy\" decoding=\"async\" class=\"alignnone wp-image-26988\" src=\"https:\/\/hi-techwonder.com\/wp-content\/themes\/woodmart\/images\/lazy.svg\" data-src=\"https:\/\/nisioptics.pt\/wp-content\/uploads\/2022\/03\/NiSi-True-Color-ND-VARIO-Pro-Nano-1-5stops-Variable-ND-1-1024x683-1.jpg\" alt=\"\" width=\"752\" height=\"502\"><\/p>\n<p>O ND vari\u00e1vel oferece True Color que evita a mudan\u00e7a de cor vista noutros filtros vari\u00e1veis. \u00c9 feito de vidro \u00f3tico de alta defini\u00e7\u00e3o para a melhor resolu\u00e7\u00e3o e qualidade. O vidro \u00e9 revestido com o revestimento NiSi Nano, que proporciona um revestimento \u00e0 prova de \u00e1gua, \u00e0 prova de \u00f3leo e antirreflexo para evitar fantasmas e reflexos. O anel do filtro \u00e9 feito de alum\u00ednio de alta qualidade, criando um filtro muito leve e resistente.<\/p>\n<p><strong>Este filtro \u00e9 compat\u00edvel com os<a href=\"https:\/\/nisioptics.pt\/categoria\/sistema-swift-pt\/\" target=\"_blank\" rel=\"noopener\"> filtros do Sistema Swift e faz parte dos kits deste sistema.<\/a><\/strong><\/p>\n<p><iframe loading=\"lazy\" title=\"NiSi TRUE COLOR VARIO-ND 1-5 Stop Variable ND Filter\" width=\"500\" height=\"281\" src=\"https:\/\/www.youtube.com\/embed\/e59XioJfvcA?feature=oembed\" frameborder=\"0\" allow=\"accelerometer; autoplay; clipboard-write; encrypted-media; gyroscope; picture-in-picture; web-share\" referrerpolicy=\"strict-origin-when-cross-origin\" allowfullscreen><\/iframe><\/p>\n<p>&nbsp;<\/p>\n","protected":false},"excerpt":{"rendered":"<ul>\n<li>Filtro de densidade neutra vari\u00e1vel que oferece maior controlo sobre as defini\u00e7\u00f5es de exposi\u00e7\u00e3o, permite velocidades de obtura\u00e7\u00e3o reduzidas e aberturas mais amplas<\/li>\n<li>Resultado True Color que evita a mudan\u00e7a de cor observada noutros filtros vari\u00e1veis<\/li>\n<li>Densidade neutra vari\u00e1vel de 0,3 a 1,5<\/li>\n<li>Reduz a exposi\u00e7\u00e3o de 1 a 5 stops<\/li>\n<li>Anel de filtro de controlo do intervalo de exposi\u00e7\u00e3o com pontos de paragem r\u00edgidos em cada extremidade<\/li>\n<li>Sem efeito \u00abX<\/li>\n<li>Vidro \u00f3tico de alta defini\u00e7\u00e3o<\/li>\n<li>Revestimento nano, \u00e0 prova de \u00e1gua e antirreflexo<\/li>\n<li>Uma alavanca rotativa opcional que pode ser removida<\/li>\n<li>Rosca frontal maior para evitar a vinheta em objectivas mais largas<\/li>\n<li>Inclui tampa da objetiva e bolsa<\/li>\n<li>Compat\u00edvel com Sistema Swift<\/li>\n<\/ul>\n","protected":false},"featured_media":9306,"comment_status":"closed","ping_status":"closed","template":"","meta":{"_acf_changed":false},"product_brand":[2543],"product_cat":[1047,1049],"product_tag":[],"class_list":{"0":"post-12370","1":"product","2":"type-product","3":"status-publish","4":"has-post-thumbnail","6":"product_brand-nisioptics-es","7":"product_cat-densidad-neutra-nd","8":"product_cat-magneticos-y-presion","9":"pa_diametro-105mm-es","10":"pa_diametro-40-5mm-es","11":"pa_diametro-43mm-es","12":"pa_diametro-46mm-es","13":"pa_diametro-49mm-es","14":"pa_diametro-52mm-es","15":"pa_diametro-55mm-es","16":"pa_diametro-58mm-es","17":"pa_diametro-62mm-es","18":"pa_diametro-67mm-es","19":"pa_diametro-72mm-es","20":"pa_diametro-77mm-es","21":"pa_diametro-82mm-es","22":"pa_diametro-86mm-es","23":"pa_diametro-95mm-es","25":"first","26":"instock","27":"sale","28":"taxable","29":"shipping-taxable","30":"purchasable","31":"product-type-variable"},"bundled_by":[],"bundle_stock_status":"instock","bundle_stock_quantity":null,"bundle_virtual":false,"bundle_layout":"","bundle_add_to_cart_form_location":"","bundle_editable_in_cart":false,"bundle_sold_individually_context":"","bundle_item_grouping":"","bundle_min_size":"","bundle_max_size":"","bundle_price":[],"bundled_items":[],"bundle_sell_ids":[],"acf":[],"_links":{"self":[{"href":"https:\/\/hi-techwonder.com\/es\/wp-json\/wp\/v2\/product\/12370","targetHints":{"allow":["GET"]}}],"collection":[{"href":"https:\/\/hi-techwonder.com\/es\/wp-json\/wp\/v2\/product"}],"about":[{"href":"https:\/\/hi-techwonder.com\/es\/wp-json\/wp\/v2\/types\/product"}],"replies":[{"embeddable":true,"href":"https:\/\/hi-techwonder.com\/es\/wp-json\/wp\/v2\/comments?post=12370"}],"wp:featuredmedia":[{"embeddable":true,"href":"https:\/\/hi-techwonder.com\/es\/wp-json\/wp\/v2\/media\/9306"}],"wp:attachment":[{"href":"https:\/\/hi-techwonder.com\/es\/wp-json\/wp\/v2\/media?parent=12370"}],"wp:term":[{"taxonomy":"product_brand","embeddable":true,"href":"https:\/\/hi-techwonder.com\/es\/wp-json\/wp\/v2\/product_brand?post=12370"},{"taxonomy":"product_cat","embeddable":true,"href":"https:\/\/hi-techwonder.com\/es\/wp-json\/wp\/v2\/product_cat?post=12370"},{"taxonomy":"product_tag","embeddable":true,"href":"https:\/\/hi-techwonder.com\/es\/wp-json\/wp\/v2\/product_tag?post=12370"}],"curies":[{"name":"wp","href":"https:\/\/api.w.org\/{rel}","templated":true}]}}