{"id":12380,"date":"2025-07-23T23:01:40","date_gmt":"2025-07-23T23:01:40","guid":{"rendered":"https:\/\/fv6qoy3ls0.wpdns.site\/produto\/nisi-v7-kit-noite-100mm\/"},"modified":"2026-04-08T12:29:52","modified_gmt":"2026-04-08T11:29:52","slug":"nisi-v7-kit-noite-100mm","status":"publish","type":"product","link":"https:\/\/hi-techwonder.com\/es\/producto\/nisi-v7-kit-noite-100mm\/","title":{"rendered":"Nisi V7 Kit Noite 100mm"},"content":{"rendered":"<div class=\"rte\">\n<h3><strong>Nisi V7 Kit Noite 100mm<\/strong><\/h3>\n<p>O Kit de Fotografia Nocturna NiSi 100mm V7 foi concebido para fotografia nocturna e oferece o nosso popular Filtro Natural Night, o novo Filtro Star Soft e o Porta-filtros NiSi V7 100mm. O kit inclui os an\u00e9is adaptadores mais populares (67mm, 72mm, 77mm e 82mm) com outros vendidos separadamente. Este Kit de Fotografia Nocturna NiSi V7 100mm representa uma grande economia em compara\u00e7\u00e3o com a compra de todos os itens inclu\u00eddos separadamente.<\/p>\n<p><img loading=\"lazy\" decoding=\"async\" class=\"alignnone wp-image-26881\" src=\"https:\/\/hi-techwonder.com\/wp-content\/themes\/woodmart\/images\/lazy.svg\" data-src=\"https:\/\/nisioptics.pt\/wp-content\/uploads\/2022\/03\/V7-night-kit-1-e1697619074891-1024x610.jpg\" alt=\"\" width=\"752\" height=\"448\"><\/p>\n<h4>Porta-Filtros V7 100mm<\/h4>\n<p>O porta-filtros NiSi V7 100mm com True Color NC CPL e tampa de lente \u00e9 o mais avan\u00e7ado suporte de filtros de 100mm que j\u00e1 cri\u00e1mos, com um design refinado com base no feedback dos fot\u00f3grafos. O V7 permite a f\u00e1cil utiliza\u00e7\u00e3o de at\u00e9 tr\u00eas filtros de 100mm de largura e 2mm de espessura, juntamente com um novo filtro polarizador circular True Color da NiSi, e n\u00e3o tem vinheta a 16mm com lentes grande angular em full-frame.<\/p>\n<p>\u00c9 fabricado em alum\u00ednio de qualidade aeron\u00e1utica com processamento de elemento \u00fanico por m\u00e1quina CNC, e o acabamento preto mate fosco na superf\u00edcie minimiza os reflexos. O V7 possui um design de roda de rota\u00e7\u00e3o \u00fanico, pelo que o filtro CPL pode ser rodado independentemente com os filtros ainda no lugar atrav\u00e9s de uma engrenagem na parte de tr\u00e1s do suporte de filtro.<\/p>\n<p>Esta vers\u00e3o do V7 inclui o nov\u00edssimo CPL True Color, que evita o tom amarelo introduzido pela maioria dos CPLs.<\/p>\n<p>O nosso novo design CPL Ponto a Ponto permite uma instala\u00e7\u00e3o guiada mais f\u00e1cil do CPL no adaptador principal de 82 mm. Alinhando as marcas brancas no CPL com a marca branca no adaptador principal e torcendo, pode facilmente fixar o CPL no lugar e remov\u00ea-lo com pouco esfor\u00e7o.<\/p>\n<p>A utiliza\u00e7\u00e3o do Suporte de Filtro NiSi V7 100mm pode ser facilmente realizada aparafusando primeiro o anel adaptador de 82mm inclu\u00eddo numa objetiva com rosca de filtro frontal de 82mm. Os an\u00e9is step-up inclu\u00eddos s\u00e3o: 67mm, 72mm e 77mm.<\/p>\n<p>Depois de encaixado no anel adaptador, o pino de bloqueio de puxar e soltar do suporte do filtro ajuda a proporcionar uma liga\u00e7\u00e3o fi\u00e1vel que permite que o suporte seja rodado 360\u00b0. Para fixar ainda mais a posi\u00e7\u00e3o do suporte do filtro, este possui um bloqueio que pode ser ativado rodando uma pequena roda em torno do pino de liberta\u00e7\u00e3o, o que impede qualquer rota\u00e7\u00e3o do suporte do filtro.<\/p>\n<h4>Natural Night<\/h4>\n<p>O filtro NiSi Natural Night \u00e9 o nosso primeiro filtro exclusivo para fotografia nocturna. Entre o vapor de merc\u00fario, o s\u00f3dio, os candeeiros de rua de baixo CRI, existem muitos comprimentos de onda indesej\u00e1veis de luz que poluem o c\u00e9u noturno. O brilho destas luzes pode impedir a sua c\u00e2mara de ver o c\u00e9u corretamente e afetar as suas imagens nocturnas. Devido a isso, NiSi criou o filtro Natural Night para bloquear os comprimentos de onda mais comuns da polui\u00e7\u00e3o luminosa.<\/p>\n<h4>Star Soft<\/h4>\n<p>O filtro de astrofotografia NiSi 100x150mm Star Soft \u00e9 um filtro para astrofotografia concebido para fazer com que as estrelas pare\u00e7am maiores e para fazer com que as constela\u00e7\u00f5es se destaquem. Quanto mais brilhante for a estrela, maior ela parecer\u00e1. Fa\u00e7a as constela\u00e7\u00f5es e as estrelas brilharem nas suas imagens do c\u00e9u noturno.<\/p>\n<p>O filtro Star Soft Astrophotography foi concebido tal como um filtro GND com os efeitos em for\u00e7a total nos 100 mm superiores do filtro, enquanto os 50 mm inferiores s\u00e3o transparentes sem qualquer efeito. Isto permite uma coloca\u00e7\u00e3o de modo a que o efeito possa real\u00e7ar as estrelas sem afetar o primeiro plano. Alguns fot\u00f3grafos dizem-nos que adoram o efeito tamb\u00e9m no primeiro plano, pelo que o filtro pode ser empurrado totalmente para baixo no suporte do filtro para ter o efeito em toda a cena.<\/p>\n<p>O filtro Star Soft para astrofotografia n\u00e3o tem perda de luz e oferece um tom neutro, sem adi\u00e7\u00e3o de cor. O filtro \u00e9 compat\u00edvel com os nossos suportes V6 de 100 mm e com suportes compat\u00edveis que suportam filtros de 100 mm de largura com 2 mm de espessura.<\/p>\n<h4>Estojo Caddy para Filtros 100mm<\/h4>\n<p>O Estojo para Filtros NiSi Caddy 100mm para 9 Filtros foi concebido para os filtros do sistema NiSi 100mm e tem capacidade para 4 x 100x100mm e 5 x 100x150mm. Possui uma al\u00e7a ajust\u00e1vel para o corpo e pode ser transportada como uma bolsa de ombro, bolsa de tiracolo ou bolsa de cintura. Pode ser convenientemente montada numa perna de trip\u00e9 para f\u00e1cil acesso e utiliza\u00e7\u00e3o e foi concebida a partir de um material leve que protege os seus filtros de riscos. A bolsa pode conter at\u00e9 9 filtros na combina\u00e7\u00e3o 4 x 100x100mm e 5 x 100x150mm e possui um design flip-top para manter a bolsa aberta quando em uso.<\/p>\n<p>O estojo NiSi Caddy 100mm tamb\u00e9m pode conter um suporte NiSi 100mm V7 na primeira ranhura da bolsa (reduzindo as ranhuras de filtro para 8).<\/p>\n<p>O estojo \u00e9 muito leve, pesa 350g e \u00e9 suficientemente pequeno para caber na maioria das bolsas de c\u00e2maras. As dimens\u00f5es f\u00edsicas s\u00e3o: 19cm x 13,5cm x 8cm.<\/p>\n<p>Saiba mais sobre o nosso sistema de <a href=\"https:\/\/nisioptics.pt\/categoria\/descobre\/descubre-sistema-100m\/\" target=\"_blank\" rel=\"noopener\">100mm.<\/a><\/p>\n<\/div>\n","protected":false},"excerpt":{"rendered":"<ul>\n<li>Inclui o novo suporte NiSi V7<\/li>\n<li>Inclui o novo CPL True Color e adaptadores para 67mm, 72, 77mm e 82mm<\/li>\n<li>O suporte permite a utiliza\u00e7\u00e3o de 3 filtros quadrados + 1 polarizador circular<\/li>\n<li>Sem vinheta a 16mm (Full Frame)<\/li>\n<li>Inclui dois filtros: 100x100mm Natural Night e 100x150mm Star Soft<\/li>\n<li>Inclui a bolsa NiSi Caddy, a tampa da objetiva, o Clever Cleaner, o pano de limpeza e o ventilador<\/li>\n<\/ul>\n","protected":false},"featured_media":9452,"comment_status":"closed","ping_status":"closed","template":"","meta":{"_acf_changed":false},"product_brand":[2543],"product_cat":[1058],"product_tag":[],"class_list":{"0":"post-12380","1":"product","2":"type-product","3":"status-publish","4":"has-post-thumbnail","6":"product_brand-nisioptics-es","7":"product_cat-filtros-100mm-es","9":"first","10":"instock","11":"taxable","12":"shipping-taxable","13":"purchasable","14":"product-type-simple"},"bundled_by":[],"bundle_stock_status":"instock","bundle_stock_quantity":1,"bundle_virtual":false,"bundle_layout":"","bundle_add_to_cart_form_location":"","bundle_editable_in_cart":false,"bundle_sold_individually_context":"","bundle_item_grouping":"","bundle_min_size":"","bundle_max_size":"","bundle_price":[],"bundled_items":[],"bundle_sell_ids":[],"acf":[],"_links":{"self":[{"href":"https:\/\/hi-techwonder.com\/es\/wp-json\/wp\/v2\/product\/12380","targetHints":{"allow":["GET"]}}],"collection":[{"href":"https:\/\/hi-techwonder.com\/es\/wp-json\/wp\/v2\/product"}],"about":[{"href":"https:\/\/hi-techwonder.com\/es\/wp-json\/wp\/v2\/types\/product"}],"replies":[{"embeddable":true,"href":"https:\/\/hi-techwonder.com\/es\/wp-json\/wp\/v2\/comments?post=12380"}],"wp:featuredmedia":[{"embeddable":true,"href":"https:\/\/hi-techwonder.com\/es\/wp-json\/wp\/v2\/media\/9452"}],"wp:attachment":[{"href":"https:\/\/hi-techwonder.com\/es\/wp-json\/wp\/v2\/media?parent=12380"}],"wp:term":[{"taxonomy":"product_brand","embeddable":true,"href":"https:\/\/hi-techwonder.com\/es\/wp-json\/wp\/v2\/product_brand?post=12380"},{"taxonomy":"product_cat","embeddable":true,"href":"https:\/\/hi-techwonder.com\/es\/wp-json\/wp\/v2\/product_cat?post=12380"},{"taxonomy":"product_tag","embeddable":true,"href":"https:\/\/hi-techwonder.com\/es\/wp-json\/wp\/v2\/product_tag?post=12380"}],"curies":[{"name":"wp","href":"https:\/\/api.w.org\/{rel}","templated":true}]}}