{"id":12382,"date":"2025-07-23T23:05:00","date_gmt":"2025-07-23T23:05:00","guid":{"rendered":"https:\/\/fv6qoy3ls0.wpdns.site\/produto\/nisi-filtro-cpl-circular-polarizador-true-color-pro-nano\/"},"modified":"2026-05-14T10:13:57","modified_gmt":"2026-05-14T09:13:57","slug":"nisi-filtro-cpl-circular-polarizador-true-color-pro-nano","status":"publish","type":"product","link":"https:\/\/hi-techwonder.com\/es\/producto\/nisi-filtro-cpl-circular-polarizador-true-color-pro-nano\/","title":{"rendered":"NiSi Filtro CPL Circular Polarizador True Color Pro Nano"},"content":{"rendered":"<h3><strong>NiSi Filtro CPL Circular Polarizador True Color Pro Nano<\/strong><\/h3>\n<p>O NiSi True Color CPL foi concebido para reduzir o brilho e os reflexos de superf\u00edcies n\u00e3o met\u00e1licas, aumentar a satura\u00e7\u00e3o e a vibra\u00e7\u00e3o no c\u00e9u e na folhagem, assegurando ao mesmo tempo uma reprodu\u00e7\u00e3o de cor verdadeira no seu melhor, eliminando o efeito de aquecimento que muitos polarizadores criam.<\/p>\n<p>O nosso CPL True Color elimina o tom quente observado noutras marcas de filtros CPL e proporciona uma representa\u00e7\u00e3o mais verdadeira da cor da cena. Este CPL True Color apresenta uma estrutura \u00fanica de dois tons com um anel traseiro prateado e um anel frontal preto e ambos s\u00e3o feitos de alum\u00ednio de alta qualidade. O CPL NiSi True Color utiliza a tecnologia Cine seal que escurece a borda da CPL para aumentar a durabilidade. Esta tecnologia reduz a influ\u00eancia das flutua\u00e7\u00f5es de temperatura e evita a condensa\u00e7\u00e3o.<\/p>\n<p>Um filtro polarizador circular ajuda a reduzir os reflexos e o encandeamento, filtrando a luz que foi polarizada devido \u00e0 reflex\u00e3o de uma superf\u00edcie n\u00e3o met\u00e1lica. A luz solar torna-se naturalmente parcialmente polarizada ao refletir-se nos electr\u00f5es das mol\u00e9culas de ar, fazendo com que a luz se disperse no que parece ser uma n\u00e9voa. Um filtro polarizador classifica e filtra esta luz polarizada perpendicularmente \u00e0 luz reflectida, permitindo que grande parte desta luz seja absorvida.<\/p>\n<p>O resultado \u00e9 uma redu\u00e7\u00e3o not\u00e1vel do brilho e dos reflexos de superf\u00edcies n\u00e3o met\u00e1licas e uma maior satura\u00e7\u00e3o do c\u00e9u e da folhagem, permitindo \u00e0 c\u00e2mara captar o que se encontra sob a superf\u00edcie de \u00e1guas pouco profundas.<\/p>\n<p>O nosso nano-revestimento NiSi Pro patenteado ajuda a reduzir os reflexos indesejados e proporciona um revestimento \u00e0 prova de \u00e1gua e resistente a riscos para ajudar a limpar as impress\u00f5es digitais indesejadas, o p\u00f3 e as manchas de \u00e1gua. Constru\u00eddo com um aro fino, o NiSi True Color CPL \u00e9 duradouro e robusto e permite-lhe colocar uma tampa da objetiva para maior comodidade.<\/p>\n<p><em>Tenha em aten\u00e7\u00e3o que, devido ao seu design, este filtro n\u00e3o \u00e9 compat\u00edvel com todos os p\u00e1ra-s\u00f3is de objetiva.<\/em><\/p>\n<p><img loading=\"lazy\" decoding=\"async\" class=\"alignnone wp-image-26765\" src=\"https:\/\/hi-techwonder.com\/wp-content\/themes\/woodmart\/images\/lazy.svg\" data-src=\"https:\/\/nisioptics.pt\/wp-content\/uploads\/2023\/04\/cpl-2-1024x738.jpg\" alt=\"\" width=\"752\" height=\"542\"><\/p>\n<p>Sabe mais sobre o nosso sistema de\u00a0 filtros circulares <a href=\"https:\/\/nisioptics.pt\/categoria\/descobre\/descobre-filtros-circulares\/\" target=\"_blank\" rel=\"noopener\">aqui.<\/a><\/p>\n","protected":false},"excerpt":{"rendered":"<ul>\n<li>Elimina reflexos e brilho<\/li>\n<li>Maior satura\u00e7\u00e3o de cor e tonal reduz a neblina em paisagens<\/li>\n<li>Cor verdadeira sem o elenco de aquecimento que \u00e9 visto com muitas outras CPL<\/li>\n<li>Lados serrilhados para facilitar a ader\u00eancia durante a instala\u00e7\u00e3o e remo\u00e7\u00e3o do filtro<\/li>\n<li>Tecnologia Cine Sealed para selar o filme polarizador<\/li>\n<li>Revestimento Pro Nano para reduzir reflexos indesejados<\/li>\n<li>Revestimento \u00e0 prova d&#8217;\u00e1gua e nano<\/li>\n<li>Ultra-alta defini\u00e7\u00e3o<\/li>\n<li>Arma\u00e7\u00e3o de duas cores ultrafina<\/li>\n<\/ul>\n","protected":false},"featured_media":9542,"comment_status":"closed","ping_status":"closed","template":"","meta":{"_acf_changed":false},"product_brand":[2543],"product_cat":[1051],"product_tag":[],"class_list":{"0":"post-12382","1":"product","2":"type-product","3":"status-publish","4":"has-post-thumbnail","6":"product_brand-nisioptics-es","7":"product_cat-polarizadores-es","8":"pa_diametro-105mm-es","9":"pa_diametro-40-5mm-es","10":"pa_diametro-43mm-es","11":"pa_diametro-46mm-es","12":"pa_diametro-49mm-es","13":"pa_diametro-52mm-es","14":"pa_diametro-55mm-es","15":"pa_diametro-58mm-es","16":"pa_diametro-62mm-es","17":"pa_diametro-67mm-es","18":"pa_diametro-72mm-es","19":"pa_diametro-77mm-es","20":"pa_diametro-82mm-es","21":"pa_diametro-86mm-es","22":"pa_diametro-95mm-es","24":"first","25":"instock","26":"taxable","27":"shipping-taxable","28":"purchasable","29":"product-type-variable"},"bundled_by":[],"bundle_stock_status":"instock","bundle_stock_quantity":null,"bundle_virtual":false,"bundle_layout":"","bundle_add_to_cart_form_location":"","bundle_editable_in_cart":false,"bundle_sold_individually_context":"","bundle_item_grouping":"","bundle_min_size":"","bundle_max_size":"","bundle_price":[],"bundled_items":[],"bundle_sell_ids":[],"acf":[],"_links":{"self":[{"href":"https:\/\/hi-techwonder.com\/es\/wp-json\/wp\/v2\/product\/12382","targetHints":{"allow":["GET"]}}],"collection":[{"href":"https:\/\/hi-techwonder.com\/es\/wp-json\/wp\/v2\/product"}],"about":[{"href":"https:\/\/hi-techwonder.com\/es\/wp-json\/wp\/v2\/types\/product"}],"replies":[{"embeddable":true,"href":"https:\/\/hi-techwonder.com\/es\/wp-json\/wp\/v2\/comments?post=12382"}],"wp:featuredmedia":[{"embeddable":true,"href":"https:\/\/hi-techwonder.com\/es\/wp-json\/wp\/v2\/media\/9542"}],"wp:attachment":[{"href":"https:\/\/hi-techwonder.com\/es\/wp-json\/wp\/v2\/media?parent=12382"}],"wp:term":[{"taxonomy":"product_brand","embeddable":true,"href":"https:\/\/hi-techwonder.com\/es\/wp-json\/wp\/v2\/product_brand?post=12382"},{"taxonomy":"product_cat","embeddable":true,"href":"https:\/\/hi-techwonder.com\/es\/wp-json\/wp\/v2\/product_cat?post=12382"},{"taxonomy":"product_tag","embeddable":true,"href":"https:\/\/hi-techwonder.com\/es\/wp-json\/wp\/v2\/product_tag?post=12382"}],"curies":[{"name":"wp","href":"https:\/\/api.w.org\/{rel}","templated":true}]}}