{"id":12388,"date":"2025-07-23T23:05:00","date_gmt":"2025-07-23T23:05:00","guid":{"rendered":"https:\/\/fv6qoy3ls0.wpdns.site\/produto\/nisi-polarizador-circular-true-color-nc-cpl-para-suporte-s5-s6-150mm\/"},"modified":"2026-04-21T08:43:35","modified_gmt":"2026-04-21T07:43:35","slug":"nisi-polarizador-circular-true-color-nc-cpl-para-suporte-s5-s6-150mm","status":"publish","type":"product","link":"https:\/\/hi-techwonder.com\/es\/producto\/nisi-polarizador-circular-true-color-nc-cpl-para-suporte-s5-s6-150mm\/","title":{"rendered":"NiSi Polarizador Circular True Color NC CPL para Suporte S5\/S6 150mm"},"content":{"rendered":"<h3><strong>NiSi Polarizador Circular True Color NC CPL para Suporte S5\/S6 150mm<\/strong><\/h3>\n<p>O NiSi S6 True Color NC CPL para S6 150mm \u00e9 projetado para uso com um sistema de suporte de filtro NiSi S6 150mm. Quando acoplado num anel adaptador de suporte de filtro NiSi S6 150mm, pode ajudar a reduzir o brilho e reflexos de superf\u00edcies n\u00e3o met\u00e1licas, aumentar a satura\u00e7\u00e3o e vibra\u00e7\u00e3o no c\u00e9u e folhagem, garantindo a reprodu\u00e7\u00e3o de cores verdadeiras no seu melhor, eliminando o efeito de aquecimento que muitos polarizadores criam.<\/p>\n<p>O nosso CPL True Color elimina o tom quente observado noutras marcas de filtros CPL e proporciona uma representa\u00e7\u00e3o mais pr\u00f3xima da cor verdadeira da cena.<\/p>\n<p>Um filtro polarizador circular ajuda a reduzir os reflexos e o encandeamento, filtrando a luz que se tornou polarizada devido ao reflexo de uma superf\u00edcie n\u00e3o met\u00e1lica. A luz do sol torna-se naturalmente parcialmente polarizada devido \u00e0 reflex\u00e3o dos electr\u00f5es nas mol\u00e9culas de ar, fazendo com que a luz se disperse no que parece ser uma n\u00e9voa.<\/p>\n<p>Um filtro polarizador organiza e filtra esta luz polarizada direccionalmente perpendicularmente \u00e0 luz reflectida, permitindo a absor\u00e7\u00e3o de grande parte desta luz. Isto resulta numa redu\u00e7\u00e3o not\u00e1vel do brilho e dos reflexos de superf\u00edcies n\u00e3o met\u00e1licas e num aumento da satura\u00e7\u00e3o do c\u00e9u, da folhagem e permite que a c\u00e2mara capte o que est\u00e1 sob a superf\u00edcie de \u00e1guas pouco profundas.<\/p>\n<p>O nosso NiSi Pro Nano Coating patenteado ajuda a reduzir os reflexos indesejados e fornece uma camada imperme\u00e1vel e resistente a riscos para ajudar na limpeza de impress\u00f5es digitais indesejadas, p\u00f3 e manchas de \u00e1gua. A estrutura fina do NiSi True Color CPL \u00e9 dur\u00e1vel e resistente e permite a coloca\u00e7\u00e3o de uma tampa de lente para maior comodidade.<\/p>\n<p><em>Por favor, note que se utilizar este adaptador com um adaptador S5 de gera\u00e7\u00e3o mais antiga, o porta-filtros S6 deve ser utilizado em conjunto.<\/em><\/p>\n<p>Saiba mais sobre o nosso sistema de <a href=\"https:\/\/nisioptics.pt\/categoria\/descobre\/descobre-sistema-150mm\/\" target=\"_blank\" rel=\"noopener\">150mm<\/a>.<\/p>\n","protected":false},"excerpt":{"rendered":"<ul>\n<li>Compat\u00edvel com o sistema de filtro NiSi S6 150mm<\/li>\n<li>Pode ser acoplado num anel adaptador de suporte de filtro NiSi S6 150mm<\/li>\n<li>Evita o tom amarelo introduzido ao usar CPLs regulares<\/li>\n<li>Ajuda a reduzir os reflexos e o encandeamento, filtrando a luz que se tornou polarizada devido ao reflexo de uma superf\u00edcie n\u00e3o met\u00e1lica<\/li>\n<li>Elimina a n\u00e9voa em paisagens distantes e proporciona cores mais saturadas e vivas<\/li>\n<li>Efeito mais forte quando utilizado num \u00e2ngulo de 90\u00b0 em rela\u00e7\u00e3o ao sol<\/li>\n<li>Constru\u00eddo em vidro \u00f3tico para maior clareza<\/li>\n<li>Nano revestimento, revestimento \u00e0 prova de \u00e1gua e baixo reflexo<\/li>\n<\/ul>\n","protected":false},"featured_media":9564,"comment_status":"closed","ping_status":"closed","template":"","meta":{"_acf_changed":false},"product_brand":[2543],"product_cat":[1059],"product_tag":[],"class_list":{"0":"post-12388","1":"product","2":"type-product","3":"status-publish","4":"has-post-thumbnail","6":"product_brand-nisioptics-es","7":"product_cat-filtros-150mm-es","9":"first","10":"instock","11":"taxable","12":"shipping-taxable","13":"purchasable","14":"product-type-simple"},"bundled_by":[],"bundle_stock_status":"instock","bundle_stock_quantity":1,"bundle_virtual":false,"bundle_layout":"","bundle_add_to_cart_form_location":"","bundle_editable_in_cart":false,"bundle_sold_individually_context":"","bundle_item_grouping":"","bundle_min_size":"","bundle_max_size":"","bundle_price":[],"bundled_items":[],"bundle_sell_ids":[],"acf":[],"_links":{"self":[{"href":"https:\/\/hi-techwonder.com\/es\/wp-json\/wp\/v2\/product\/12388","targetHints":{"allow":["GET"]}}],"collection":[{"href":"https:\/\/hi-techwonder.com\/es\/wp-json\/wp\/v2\/product"}],"about":[{"href":"https:\/\/hi-techwonder.com\/es\/wp-json\/wp\/v2\/types\/product"}],"replies":[{"embeddable":true,"href":"https:\/\/hi-techwonder.com\/es\/wp-json\/wp\/v2\/comments?post=12388"}],"wp:featuredmedia":[{"embeddable":true,"href":"https:\/\/hi-techwonder.com\/es\/wp-json\/wp\/v2\/media\/9564"}],"wp:attachment":[{"href":"https:\/\/hi-techwonder.com\/es\/wp-json\/wp\/v2\/media?parent=12388"}],"wp:term":[{"taxonomy":"product_brand","embeddable":true,"href":"https:\/\/hi-techwonder.com\/es\/wp-json\/wp\/v2\/product_brand?post=12388"},{"taxonomy":"product_cat","embeddable":true,"href":"https:\/\/hi-techwonder.com\/es\/wp-json\/wp\/v2\/product_cat?post=12388"},{"taxonomy":"product_tag","embeddable":true,"href":"https:\/\/hi-techwonder.com\/es\/wp-json\/wp\/v2\/product_tag?post=12388"}],"curies":[{"name":"wp","href":"https:\/\/api.w.org\/{rel}","templated":true}]}}