{"id":12392,"date":"2025-07-23T23:05:00","date_gmt":"2025-07-23T23:05:00","guid":{"rendered":"https:\/\/fv6qoy3ls0.wpdns.site\/produto\/nisi-l-plate-placa-lateral-ajustable-nlp-cg\/"},"modified":"2026-04-08T12:29:58","modified_gmt":"2026-04-08T11:29:58","slug":"nisi-l-plate-placa-lateral-ajustable-nlp-cg","status":"publish","type":"product","link":"https:\/\/hi-techwonder.com\/es\/producto\/nisi-l-plate-placa-lateral-ajustable-nlp-cg\/","title":{"rendered":"Nisi L-Plate &#8211; Placa lateral Ajustable NLP-CG"},"content":{"rendered":"<h3><strong>Nisi L-Plate &#8211; Placa lateral ajust\u00e1vel NLP-CG<\/strong><\/h3>\n<p><iframe loading=\"lazy\" title=\"NiSi L Plate \u2013 Placa lateral Ajustable\" width=\"500\" height=\"281\" src=\"https:\/\/www.youtube.com\/embed\/zFSRL21bBMQ?feature=oembed\" frameborder=\"0\" allow=\"accelerometer; autoplay; clipboard-write; encrypted-media; gyroscope; picture-in-picture; web-share\" referrerpolicy=\"strict-origin-when-cross-origin\" allowfullscreen><\/iframe><\/p>\n<p>Placa em L universal ajust\u00e1vel de liberta\u00e7\u00e3o r\u00e1pida Arca-Swiss<\/p>\n<ul>\n<li>Estrutura de suporte ajust\u00e1vel e intertravada em alum\u00ednio aeron\u00e1utico<\/li>\n<li>Chave Allen inclu\u00edda e sempre dispon\u00edvel gra\u00e7as ao fecho magn\u00e9tico<\/li>\n<li>4 modelos para maior compatibilidade com muitos modelos de c\u00e2maras<\/li>\n<li>Poss\u00edveis configura\u00e7\u00f5es para estender a compatibilidade a praticamente todas as c\u00e2maras<\/li>\n<\/ul>\n<p><strong>Dimens\u00f5es (mm): <\/strong>102.4 x 38 x 82.7<\/p>\n<p><strong>Compatibilidade:<\/strong><\/p>\n<p><strong>CANON<\/strong>: EOS 6D2, EOS RP, EOS 850D, EOS 90D, EOS 80D, EOS 70D, EOS 60D, EOS 200D<\/p>\n<p><strong>FUJIFILM<\/strong>: X-T4<\/p>\n<p>Saiba mais sobre as <a href=\"\/?product_cat=descobre-lplate\">L-Plates.<\/a><\/p>\n","protected":false},"excerpt":{"rendered":"<ul>\n<li>Suporte em L ajust\u00e1vel e flex\u00edvel<\/li>\n<li>Permite alternar rapidamente entre as posi\u00e7\u00f5es horizontal e vertical<\/li>\n<li>Liga\u00e7\u00e3o f\u00e1cil \u00e0 cabe\u00e7a do trip\u00e9 Ambos os lados s\u00e3o compat\u00edveis com Arca<\/li>\n<li>Alum\u00ednio de qualidade aeron\u00e1utica para resist\u00eancia e durabilidade<\/li>\n<li>A posi\u00e7\u00e3o do lado vertical mais curto pode ser ajustada para melhor acomodar as portas de liga\u00e7\u00e3o de uma c\u00e2mara<\/li>\n<li>Uma base de borracha grande para reduzir a tor\u00e7\u00e3o da c\u00e2mara e proteger a c\u00e2mara<\/li>\n<li>Inclui uma chave magn\u00e9tica<\/li>\n<li>Parafuso de a\u00e7o inoxid\u00e1vel forte e duradouro<\/li>\n<li>Mant\u00e9m o acesso f\u00e1cil \u00e0 bateria da c\u00e2mara<\/li>\n<li>Permite a utiliza\u00e7\u00e3o de um ecr\u00e3 rebat\u00edvel<\/li>\n<li>Pesa apenas 88,3 g<\/li>\n<\/ul>\n","protected":false},"featured_media":9662,"comment_status":"closed","ping_status":"closed","template":"","meta":{"_acf_changed":false},"product_brand":[2543],"product_cat":[1087],"product_tag":[],"class_list":{"0":"post-12392","1":"product","2":"type-product","3":"status-publish","4":"has-post-thumbnail","6":"product_brand-nisioptics-es","7":"product_cat-zapatas-y-tornillos","9":"first","10":"instock","11":"taxable","12":"shipping-taxable","13":"purchasable","14":"product-type-simple"},"bundled_by":[],"bundle_stock_status":"instock","bundle_stock_quantity":2,"bundle_virtual":false,"bundle_layout":"","bundle_add_to_cart_form_location":"","bundle_editable_in_cart":false,"bundle_sold_individually_context":"","bundle_item_grouping":"","bundle_min_size":"","bundle_max_size":"","bundle_price":[],"bundled_items":[],"bundle_sell_ids":[],"acf":[],"_links":{"self":[{"href":"https:\/\/hi-techwonder.com\/es\/wp-json\/wp\/v2\/product\/12392","targetHints":{"allow":["GET"]}}],"collection":[{"href":"https:\/\/hi-techwonder.com\/es\/wp-json\/wp\/v2\/product"}],"about":[{"href":"https:\/\/hi-techwonder.com\/es\/wp-json\/wp\/v2\/types\/product"}],"replies":[{"embeddable":true,"href":"https:\/\/hi-techwonder.com\/es\/wp-json\/wp\/v2\/comments?post=12392"}],"wp:featuredmedia":[{"embeddable":true,"href":"https:\/\/hi-techwonder.com\/es\/wp-json\/wp\/v2\/media\/9662"}],"wp:attachment":[{"href":"https:\/\/hi-techwonder.com\/es\/wp-json\/wp\/v2\/media?parent=12392"}],"wp:term":[{"taxonomy":"product_brand","embeddable":true,"href":"https:\/\/hi-techwonder.com\/es\/wp-json\/wp\/v2\/product_brand?post=12392"},{"taxonomy":"product_cat","embeddable":true,"href":"https:\/\/hi-techwonder.com\/es\/wp-json\/wp\/v2\/product_cat?post=12392"},{"taxonomy":"product_tag","embeddable":true,"href":"https:\/\/hi-techwonder.com\/es\/wp-json\/wp\/v2\/product_tag?post=12392"}],"curies":[{"name":"wp","href":"https:\/\/api.w.org\/{rel}","templated":true}]}}