{"id":12395,"date":"2025-07-23T23:05:00","date_gmt":"2025-07-23T23:05:00","guid":{"rendered":"https:\/\/fv6qoy3ls0.wpdns.site\/produto\/nisi-objetiva-9mm-f-2-8-asph-sunstar\/"},"modified":"2026-03-10T11:14:11","modified_gmt":"2026-03-10T11:14:11","slug":"nisi-objetiva-9mm-f-2-8-asph-sunstar","status":"publish","type":"product","link":"https:\/\/hi-techwonder.com\/es\/producto\/nisi-objetiva-9mm-f-2-8-asph-sunstar\/","title":{"rendered":"NiSi Objetiva 9mm f\/2.8 ASPH Sunstar"},"content":{"rendered":"<h3><strong>NiSi Objetiva 9mm f\/2.8 ASPH Sunstar<\/strong><\/h3>\n<p><iframe loading=\"lazy\" title=\"Objectivo Nisi 9mm F2.8 Gran angular\" width=\"500\" height=\"281\" src=\"https:\/\/www.youtube.com\/embed\/01QaXwWpm2c?feature=oembed\" frameborder=\"0\" allow=\"accelerometer; autoplay; clipboard-write; encrypted-media; gyroscope; picture-in-picture; web-share\" referrerpolicy=\"strict-origin-when-cross-origin\" allowfullscreen><\/iframe><\/p>\n<p>Todo o conhecimento e experi\u00eancia \u00f3ptica da NiSi s\u00e3o expressos na lente NiSi 9mm f\/2.8 ASPH Ultra Wide Angle. Uma lente que se concentra em recursos de primeira linha e presta aten\u00e7\u00e3o ao que importa; ou seja, a qualidade dos materiais e a qualidade do vidro. Barril de metal completo, vidro \u00f3ptico de precis\u00e3o para nitidez ideal em todo o quadro, constru\u00e7\u00e3o de 14 elementos em 12 grupos, um elemento asf\u00e9rico e dois elementos de dispers\u00e3o muito baixa s\u00e3o apenas algumas das caracter\u00edsticas da NiSi 9mm f\/ 2.8 ASPH.<\/p>\n<p>Abertura de 10 l\u00e2minas O diafragma foi projetado com 10 l\u00e2minas retas para obter o efeito de estrela em pontos brilhantes em qualquer abertura, al\u00e9m de maximizar a nitidez em todo o quadro e faixa de abertura. Al\u00e9m disso, h\u00e1 o anel diafragma de abertura mec\u00e2nica, com possibilidade de ajuste manual, perfeito para ajuste fino e uso de v\u00eddeo.<\/p>\n<p>Nitidez e qualidade \u00f3tica NiSi Gra\u00e7as a um design propriet\u00e1rio de 14 elementos em 12 grupos, com 2 elementos asf\u00e9ricos e 4 elementos de dispers\u00e3o muito baixa, a nitidez \u00e9 muito alta, com \u00f3timo desempenho at\u00e9 nas bordas. O tratamento anti-reflexo reduz o brilho e os reflexos internos. Como a lente NiSi 9mm f\/2.8 ASPH gerencia a distor\u00e7\u00e3o \u00f3tica, ela tamb\u00e9m \u00e9 excelente para fotografia arquitet\u00f4nica.<\/p>\n<p>Todos os filtros NiSi \u00e0 sua disposi\u00e7\u00e3o A lente NiSi 9mm f\/2.8 ASPH possui uma rosca frontal de 67mm, tornando-a compat\u00edvel tanto com filtros redondos NiSi 67mm quanto com o System 100 para filtros quadrados. Combinado com os filtros NiSi V7 com True Color CPL, ND 100\u00d7100 e GND 100\u00d7150, voc\u00ea obter\u00e1 a m\u00e1xima qualidade e flexibilidade para suas fotos.<\/p>\n<h5>Principais caracter\u00edsticas:<\/h5>\n<ul>\n<li>Compat\u00edvel com c\u00e2maras APS-C (dist\u00e2ncia focal de 13,5 mm em Full Frame, 9 mm em APS-C)<\/li>\n<li>Anel mec\u00e2nico para ajuste do diafragma de abertura<\/li>\n<li>Dois elementos asf\u00e9ricos e quatro elementos de dispers\u00e3o ultra baixa em vidro \u00f3ptico<\/li>\n<li>Diafragma de 10 l\u00e2minas, projetado para otimizar a luz em qualquer abertura<\/li>\n<li>Alcance focal amplo, 113\u00b0 Dist\u00e2ncia focal m\u00ednima de 20 cm, para fotografar assuntos muito pr\u00f3ximos<\/li>\n<li>Distor\u00e7\u00e3o contida e reduzida ao m\u00ednimo<\/li>\n<li>Rosca frontal de 67 mm para uso com filtros redondos e o sistema NiSi de 100 mm para filtros quadrados<\/li>\n<\/ul>\n<p><img loading=\"lazy\" decoding=\"async\" class=\"alignnone wp-image-23829\" src=\"https:\/\/hi-techwonder.com\/wp-content\/themes\/woodmart\/images\/lazy.svg\" data-src=\"https:\/\/nisioptics.pt\/wp-content\/uploads\/2023\/03\/NiSi-gran-angular-9mm-f2.8-ASPH4.jpg\" alt=\"\" width=\"752\" height=\"502\"><\/p>\n<p>&nbsp;<\/p>\n<h5>Caracter\u00edsticas t\u00e9cnicas:<\/h5>\n<ul>\n<li>Dist\u00e2ncia focal em APS-C: 9mm<\/li>\n<li>\u00c2ngulo de vis\u00e3o: 113\u00b0<\/li>\n<li>Montagens dispon\u00edveis: Canon RF \/ Fuji X \/ Nikon Z \/ Sony E \/ Micro 4\/3<\/li>\n<li>Faixa de Abertura: f\/2.8 \u2013 f\/16 (sem clique)<\/li>\n<li>Foco: manuais<\/li>\n<li>Di\u00e2metro da rosca frontal: 67mm<\/li>\n<li>Dist\u00e2ncia M\u00ednima de Foco: 0,2m<\/li>\n<li>Amplia\u00e7\u00e3o m\u00e1xima: 0,08x<\/li>\n<li>Peso: 364g<\/li>\n<li>Dimens\u00f5es (di\u00e2metro x comprimento): 74mm x 78mm<\/li>\n<li>Tempo selado com um el\u00e1stico amarelo na baioneta<\/li>\n<\/ul>\n<p>&nbsp;<\/p>\n<p>Esta objetiva \u00e9 compat\u00edvel com o sistema de <a href=\"https:\/\/nisioptics.pt\/categoria\/filtros-circulares\/\" target=\"_blank\" rel=\"noopener\">filtros circulares de rosca <\/a>e o <a href=\"https:\/\/nisioptics.pt\/categoria\/sistema-100mm-pt\/kits-porta-filtros-100mm\/\" target=\"_blank\" rel=\"noopener\">porta-filtros V7.<\/a><\/p>\n","protected":false},"excerpt":{"rendered":"<ul>\n<li id=\"tw-target-text\" class=\"tw-data-text tw-text-large tw-ta\" dir=\"ltr\" data-placeholder=\"Translation\"><span class=\"Y2IQFc\" lang=\"pt\">Foco manual suave e preciso<\/span><\/li>\n<li class=\"tw-data-text tw-text-large tw-ta\" dir=\"ltr\" data-placeholder=\"Translation\"><span class=\"Y2IQFc\" lang=\"pt\">Controle manual do diafragma de abertura via anel dedicado de F2.8 a F16 (sem clique)<\/span><\/li>\n<li class=\"tw-data-text tw-text-large tw-ta\" dir=\"ltr\" data-placeholder=\"Translation\"><span class=\"Y2IQFc\" lang=\"pt\">Vidro \u00f3ptico NiSi para aplica\u00e7\u00f5es de precis\u00e3o <\/span><\/li>\n<li class=\"tw-data-text tw-text-large tw-ta\" dir=\"ltr\" data-placeholder=\"Translation\"><span class=\"Y2IQFc\" lang=\"pt\">Rosca frontal de 67 mm para filtros redondos e suportes da S\u00e9rie 100 Constru\u00e7\u00e3o s\u00f3lida em alum\u00ednio <\/span><\/li>\n<li class=\"tw-data-text tw-text-large tw-ta\" dir=\"ltr\" data-placeholder=\"Translation\"><span class=\"Y2IQFc\" lang=\"pt\">Compacto e leve, 74 mm x 78 mm, 364 g <\/span><\/li>\n<li class=\"tw-data-text tw-text-large tw-ta\" dir=\"ltr\" data-placeholder=\"Translation\"><span class=\"Y2IQFc\" lang=\"pt\">Design \u00f3ptico com dois elementos asf\u00e9ricos e quatro com elementos de dispers\u00e3o muito baixa<\/span><\/li>\n<\/ul>\n","protected":false},"featured_media":9708,"comment_status":"closed","ping_status":"closed","template":"","meta":{"_acf_changed":false},"product_brand":[2543],"product_cat":[1062],"product_tag":[],"class_list":{"0":"post-12395","1":"product","2":"type-product","3":"status-publish","4":"has-post-thumbnail","6":"product_brand-nisioptics-es","7":"product_cat-mirrorless-objectivos","8":"pa_abertura-maxima-f-2-8-es","9":"pa_designs-especiais-otros-disenos-especiales","10":"pa_diametro-67mm-es","11":"pa_estabilizacao-de-imagem-no","12":"pa_montagem-da-objetiva-canon-rf-es","13":"pa_montagem-da-objetiva-fujifilm-x-es","14":"pa_montagem-da-objetiva-micro-4-3-es","15":"pa_montagem-da-objetiva-sony-e-es","16":"pa_sensor-aps-c-es","17":"pa_tipo-de-foco-enfoque-manual","18":"pa_tipo-de-objetiva-gran-angular","19":"pa_zoom-fixa-fijo","21":"first","22":"instock","23":"sale","24":"taxable","25":"shipping-taxable","26":"purchasable","27":"product-type-variable"},"bundled_by":[],"bundle_stock_status":"instock","bundle_stock_quantity":null,"bundle_virtual":false,"bundle_layout":"","bundle_add_to_cart_form_location":"","bundle_editable_in_cart":false,"bundle_sold_individually_context":"","bundle_item_grouping":"","bundle_min_size":"","bundle_max_size":"","bundle_price":[],"bundled_items":[],"bundle_sell_ids":[],"acf":[],"_links":{"self":[{"href":"https:\/\/hi-techwonder.com\/es\/wp-json\/wp\/v2\/product\/12395","targetHints":{"allow":["GET"]}}],"collection":[{"href":"https:\/\/hi-techwonder.com\/es\/wp-json\/wp\/v2\/product"}],"about":[{"href":"https:\/\/hi-techwonder.com\/es\/wp-json\/wp\/v2\/types\/product"}],"replies":[{"embeddable":true,"href":"https:\/\/hi-techwonder.com\/es\/wp-json\/wp\/v2\/comments?post=12395"}],"wp:featuredmedia":[{"embeddable":true,"href":"https:\/\/hi-techwonder.com\/es\/wp-json\/wp\/v2\/media\/9708"}],"wp:attachment":[{"href":"https:\/\/hi-techwonder.com\/es\/wp-json\/wp\/v2\/media?parent=12395"}],"wp:term":[{"taxonomy":"product_brand","embeddable":true,"href":"https:\/\/hi-techwonder.com\/es\/wp-json\/wp\/v2\/product_brand?post=12395"},{"taxonomy":"product_cat","embeddable":true,"href":"https:\/\/hi-techwonder.com\/es\/wp-json\/wp\/v2\/product_cat?post=12395"},{"taxonomy":"product_tag","embeddable":true,"href":"https:\/\/hi-techwonder.com\/es\/wp-json\/wp\/v2\/product_tag?post=12395"}],"curies":[{"name":"wp","href":"https:\/\/api.w.org\/{rel}","templated":true}]}}