{"id":12399,"date":"2025-07-23T23:05:00","date_gmt":"2025-07-23T23:05:00","guid":{"rendered":"https:\/\/fv6qoy3ls0.wpdns.site\/produto\/nisi-wizard-suporte-de-camara-horizontal-vertical\/"},"modified":"2026-04-15T10:09:11","modified_gmt":"2026-04-15T09:09:11","slug":"nisi-wizard-suporte-de-camara-horizontal-vertical","status":"publish","type":"product","link":"https:\/\/hi-techwonder.com\/es\/producto\/nisi-wizard-suporte-de-camara-horizontal-vertical\/","title":{"rendered":"NiSi Wizard Suporte de C\u00e2mara Horizontal\/Vertical"},"content":{"rendered":"<h3 class=\"tw-data-text tw-text-large tw-ta\" dir=\"ltr\" data-placeholder=\"Translation\"><strong><span class=\"Y2IQFc\" lang=\"es\">NiSi WIZARD W-63, W-72, W-82M e W-82D | Suporte de rota\u00e7\u00e3o Horizontal\/Vertical <\/span><\/strong><\/h3>\n<p><iframe loading=\"lazy\" title=\"NiSi Wizard Camera Positioning Bracket\" width=\"500\" height=\"281\" src=\"https:\/\/www.youtube.com\/embed\/udRQyIvL2Qg?feature=oembed\" frameborder=\"0\" allow=\"accelerometer; autoplay; clipboard-write; encrypted-media; gyroscope; picture-in-picture; web-share\" referrerpolicy=\"strict-origin-when-cross-origin\" allowfullscreen><\/iframe><\/p>\n<p>O NiSi Wizard \u00e9 a solu\u00e7\u00e3o perfeita para fot\u00f3grafos e criadores de conte\u00fado que costumam fotografar em formato paisagem e retrato.<\/p>\n<p>O Wizard \u00e9 um colar girat\u00f3rio que se conecta ao corpo da c\u00e2mera e permite que voc\u00ea mude facilmente da orienta\u00e7\u00e3o retrato para paisagem sem ter que remov\u00ea-lo da cabe\u00e7a do trip\u00e9. Esse recurso \u00e9 especialmente \u00fatil para fot\u00f3grafos de paisagem, natureza morta e retratos de est\u00fadio que precisam alterar rapidamente a orienta\u00e7\u00e3o da c\u00e2mera.<\/p>\n<p>O NiSi Wizard foi projetado para funcionar perfeitamente com c\u00e2meras equipadas com telas totalmente articuladas, permitindo que a tela incline sem comprometer. Quando posicionado a 180 graus, o Assistente tamb\u00e9m pode ser usado para fotos de \u00e2ngulo baixo ou macro.<\/p>\n<p>O NiSi Wizard \u00e9 equipado com indicadores t\u00e1teis em 0\u00b0, 90\u00b0 e 180\u00b0 para garantir o alinhamento adequado. Al\u00e9m disso, a c\u00e2mera \u00e9 montada com o sensor posicionado no centro do Wizard para garantir o ponto central da imagem como um ponto fixo. O Wizard possui um anel de borracha interno para fornecer prote\u00e7\u00e3o para sua lente.<\/p>\n<p>O Wizard \u00e9 constru\u00eddo em liga de alum\u00ednio para aeronaves, tornando-o forte e leve. A montagem \u00e9 compat\u00edvel com Arca-Swiss e oferece ampla compatibilidade com a maioria das cabe\u00e7as de trip\u00e9 e bra\u00e7adeiras do mercado. Ele tamb\u00e9m possui uma montagem de 1\/4 \u2033 que permite a fixa\u00e7\u00e3o de qualquer placa de libera\u00e7\u00e3o r\u00e1pida, tornando-a compat\u00edvel com praticamente qualquer trip\u00e9.<\/p>\n<h5>Compatibilidades gerais:<\/h5>\n<p>O di\u00e2metro externo do encaixe da lente deve ser menor que o di\u00e2metro interno do WIZARD.<\/p>\n<ul>\n<li>O di\u00e2metro interno do <strong>NiSi Wizard W-63<\/strong> \u00e9 de 63 mm; lentes com di\u00e2metro externo de arma\u00e7\u00e3o maior que 63 mm n\u00e3o podem ser montadas e podem exigir o W-72. Me\u00e7a ao redor da lente perto da montagem para garantir que seja menor que 63 mm.<\/li>\n<li>O di\u00e2metro interno do <strong>NiSi Wizard W-72<\/strong> \u00e9 de 72 mm; n\u00e3o \u00e9 poss\u00edvel montar lentes com um di\u00e2metro de montagem externo superior a 72 mm. Me\u00e7a ao redor da lente perto da montagem para garantir que seja menor que 72 mm.<\/li>\n<li>O di\u00e2metro interno do <strong>NiSi Wizard W-82<\/strong> \u00e9 de 82 mm; n\u00e3o \u00e9 poss\u00edvel montar lentes com um di\u00e2metro de montagem externo superior a 82 mm. Me\u00e7a ao redor da lente perto da montagem para garantir que seja menor que 82 mm.<\/li>\n<li>O di\u00e2metro interno do <strong>NiSi Wizard W-82<\/strong> \u00e9 de 82 mm; n\u00e3o \u00e9 poss\u00edvel montar lentes com um di\u00e2metro de montagem externo superior a 82 mm. Me\u00e7a ao redor da lente perto da montagem para garantir que seja menor que 82 mm.<\/li>\n<\/ul>\n<p>Se a lente tiver um bot\u00e3o ouu interruptor perto da c\u00e2mara (dentro de 2 cm), este pode ser coberto pelo suporte da c\u00e2mara. Se o anel de foco\/zoom em algumas lentes estiver muito pr\u00f3ximo ao adaptador da c\u00e2mara (dentro de 2 cm), ele pode estar coberto. O uso de punhos de bateria ou c\u00e2maras com punhos de bateria embutidos N\u00c3O \u00e9 suportado. C\u00e2maras de m\u00e9dio formato como a Fujifilm GFX N\u00c3O s\u00e3o suportadas. O espa\u00e7o entre os dedos e o punho da c\u00e2mara pode ser reduzido; Um trip\u00e9 \u00e9 recomendado.<\/p>\n<h5>C\u00e2maras compat\u00edveis:<\/h5>\n<p><strong>W-63<\/strong>: A6000\/A6300\/A6500\/A6100\/A6400\/A6600\/FX3\/A7C\/A1\/A9\/A92\/A7\/A72\/A73\/A74\/A7R\/A7R2\/A7R3\/A7R4\/A7R5\/A7S\/A7S2\/A7S3 -A maioria Sony E- lentes de montagem s\u00e3o compat\u00edveis. Algumas lentes manuais de terceiros t\u00eam di\u00e2metro grande e n\u00e3o podem ser instaladas.<\/p>\n<p><strong>W-72<\/strong>: Nikon Z5\/Z6\/Z6II\/Z7\/Z7II\/Compat\u00edvel com adaptador FTZ II<\/p>\n<p>Fujifilm XH1\/XT2\/XT3\/XT4\/XT5\/X-H2S<\/p>\n<p>Panasonic S5<\/p>\n<p>Leica SL\/SL2<\/p>\n<p>Olympus EM5 II\/EM5 III\/OM1\/EM1<\/p>\n<p>Algumas lentes manuais de terceiros t\u00eam di\u00e2metro grande e n\u00e3o podem ser instaladas.<\/p>\n<p><strong>W-82M<\/strong>: Canon R\/R5\/R6\/R6 II\/RP\/R7\/R10\/Compat\u00edvel com adaptador Ef-RF &#8211; Algumas lentes manuais de terceiros t\u00eam di\u00e2metro grande e n\u00e3o podem ser instaladas.<\/p>\n<p><strong>W-82D<\/strong>: C\u00e2maras DSLR da Canon, Nikon, Pentax com lentes com di\u00e2metro externo pr\u00f3ximo \u00e0 montagem inferior a 82 mm &#8211; Algumas lentes manuais de terceiros t\u00eam di\u00e2metro grande e n\u00e3o podem ser instaladas.<\/p>\n<p>Instru\u00e7\u00f5es de instala\u00e7\u00e3o:<\/p>\n<p><iframe loading=\"lazy\" title=\"NiSi WIZARD - instalaci\u00f3n\" width=\"500\" height=\"281\" src=\"https:\/\/www.youtube.com\/embed\/thGEMy7SATs?feature=oembed\" frameborder=\"0\" allow=\"accelerometer; autoplay; clipboard-write; encrypted-media; gyroscope; picture-in-picture; web-share\" referrerpolicy=\"strict-origin-when-cross-origin\" allowfullscreen><\/iframe><\/p>\n<p id=\"tw-target-text\" class=\"tw-data-text tw-text-large tw-ta\" dir=\"ltr\" data-placeholder=\"Translation\">Conhe\u00e7a a nossa <a href=\"https:\/\/nisioptics.pt\/categoria\/objetivas\/\" target=\"_blank\" rel=\"noopener\">sele\u00e7\u00e3o de objetivas.<\/a><\/p>\n","protected":false},"excerpt":{"rendered":"<ul>\n<li><span class=\"Y2IQFc\" lang=\"pt\">Permite a rota\u00e7\u00e3o r\u00e1pida da c\u00e2mara entre as orienta\u00e7\u00f5es retrato e paisagem.<\/span><\/li>\n<li><span class=\"Y2IQFc\" lang=\"pt\">Fornece um centro de gravidade mais est\u00e1vel.<\/span><\/li>\n<li><span class=\"Y2IQFc\" lang=\"pt\">N\u00e3o h\u00e1 necessidade de remov\u00ea-lo da bra\u00e7adeira do trip\u00e9 para recoloc\u00e1-lo.<\/span><\/li>\n<li><span class=\"Y2IQFc\" lang=\"pt\">Indicadores t\u00e1teis em 0, 90 e 180 graus para imagens fluidas.<\/span><\/li>\n<li><span class=\"Y2IQFc\" lang=\"pt\">Compat\u00edvel com todos os trip\u00e9s gra\u00e7as ao p\u00e9 compat\u00edvel com Arca Swiss ou conex\u00e3o de 1\/4\u2033.<\/span><\/li>\n<li><span class=\"Y2IQFc\" lang=\"pt\">Troca r\u00e1pida de lentes sem a necessidade de remover o Assistente ou remover a c\u00e2mera do trip\u00e9.<\/span><\/li>\n<li><span class=\"Y2IQFc\" lang=\"pt\">Totalmente compat\u00edvel com todas as telas inclinadas e articuladas.<\/span><\/li>\n<li><span class=\"Y2IQFc\" lang=\"pt\"><strong>W-63<\/strong>: Compat\u00edvel com c\u00e2maras sem espelho Sony Alpha<\/span><\/li>\n<li><span class=\"Y2IQFc\" lang=\"pt\"><strong>W-72<\/strong>: Compat\u00edvel com c\u00e2maras sem espelho Fujifilm X, Nikon Z, Micro 4\/3<\/span><\/li>\n<li><strong>W-82M<\/strong>: Compat\u00edvel com c\u00e2maras sem espelho Canon R<\/li>\n<li><strong>W-82D<\/strong>: Compat\u00edvel com c\u00e2maras DSLR<\/li>\n<\/ul>\n","protected":false},"featured_media":9724,"comment_status":"closed","ping_status":"closed","template":"","meta":{"_acf_changed":false},"product_brand":[2543],"product_cat":[1088],"product_tag":[],"class_list":{"0":"post-12399","1":"product","2":"type-product","3":"status-publish","4":"has-post-thumbnail","6":"product_brand-nisioptics-es","7":"product_cat-soportes-giratorios","9":"first","10":"instock","11":"taxable","12":"shipping-taxable","13":"purchasable","14":"product-type-variable"},"bundled_by":[],"bundle_stock_status":"instock","bundle_stock_quantity":null,"bundle_virtual":false,"bundle_layout":"","bundle_add_to_cart_form_location":"","bundle_editable_in_cart":false,"bundle_sold_individually_context":"","bundle_item_grouping":"","bundle_min_size":"","bundle_max_size":"","bundle_price":[],"bundled_items":[],"bundle_sell_ids":[],"acf":[],"_links":{"self":[{"href":"https:\/\/hi-techwonder.com\/es\/wp-json\/wp\/v2\/product\/12399","targetHints":{"allow":["GET"]}}],"collection":[{"href":"https:\/\/hi-techwonder.com\/es\/wp-json\/wp\/v2\/product"}],"about":[{"href":"https:\/\/hi-techwonder.com\/es\/wp-json\/wp\/v2\/types\/product"}],"replies":[{"embeddable":true,"href":"https:\/\/hi-techwonder.com\/es\/wp-json\/wp\/v2\/comments?post=12399"}],"wp:featuredmedia":[{"embeddable":true,"href":"https:\/\/hi-techwonder.com\/es\/wp-json\/wp\/v2\/media\/9724"}],"wp:attachment":[{"href":"https:\/\/hi-techwonder.com\/es\/wp-json\/wp\/v2\/media?parent=12399"}],"wp:term":[{"taxonomy":"product_brand","embeddable":true,"href":"https:\/\/hi-techwonder.com\/es\/wp-json\/wp\/v2\/product_brand?post=12399"},{"taxonomy":"product_cat","embeddable":true,"href":"https:\/\/hi-techwonder.com\/es\/wp-json\/wp\/v2\/product_cat?post=12399"},{"taxonomy":"product_tag","embeddable":true,"href":"https:\/\/hi-techwonder.com\/es\/wp-json\/wp\/v2\/product_tag?post=12399"}],"curies":[{"name":"wp","href":"https:\/\/api.w.org\/{rel}","templated":true}]}}