{"id":12402,"date":"2025-07-23T23:06:25","date_gmt":"2025-07-23T23:06:25","guid":{"rendered":"https:\/\/fv6qoy3ls0.wpdns.site\/produto\/nisi-filtro-100x150-star-soft-astrofotografia\/"},"modified":"2026-04-08T12:30:00","modified_gmt":"2026-04-08T11:30:00","slug":"nisi-filtro-100x150-star-soft-astrofotografia","status":"publish","type":"product","link":"https:\/\/hi-techwonder.com\/es\/producto\/nisi-filtro-100x150-star-soft-astrofotografia\/","title":{"rendered":"NiSi Filtro 100&#215;150 Star Soft Astrofotografia"},"content":{"rendered":"<h3><strong>Nisi Filtro 100&#215;150 Star Soft Astrofotografia<\/strong><\/h3>\n<p>O filtro 100x150mm Star Soft \u00e9 um filtro projetado para fazer as estrelas parecerem maiores e destacar as constela\u00e7\u00f5es. Quanto mais brilhante a estrela, maior ela parecer\u00e1. Fa\u00e7a as constela\u00e7\u00f5es e estrelas brilharem em suas imagens do c\u00e9u noturno.<\/p>\n<p>O filtro de astrofotografia Star Soft foi projetado como um filtro GND com os efeitos de for\u00e7a total nos 100 mm superiores do filtro, enquanto os 50 mm inferiores s\u00e3o claros sem efeito. Isso permitir\u00e1 o posicionamento para que o efeito possa real\u00e7ar as estrelas sem afetar o primeiro plano. Alguns fot\u00f3grafos dizem-nos que adoram o efeito tamb\u00e9m no primeiro plano, de modo que o filtro pode ser empurrado totalmente para baixo no porta-filtro para ter o efeito em toda a cena.<\/p>\n<p>O filtro de astrofotografia Star Soft n\u00e3o tem perda de luz e oferece um tom neutro sem adi\u00e7\u00e3o de cores. O filtro \u00e9 compat\u00edvel com nossos suportes V7 de 100 mm e suporte compat\u00edvel que suporta filtros de 100 mm de largura com 2 mm de espessura.<\/p>\n<p><img loading=\"lazy\" decoding=\"async\" class=\" wp-image-23900\" src=\"https:\/\/hi-techwonder.com\/wp-content\/themes\/woodmart\/images\/lazy.svg\" data-src=\"https:\/\/nisioptics.pt\/wp-content\/uploads\/2023\/03\/Nisi-Filtro-100x150-Star-Soft-Astrofotografia_desc-300x200.jpg\" alt=\"6972949372682\" width=\"875\" height=\"583\" \/><\/p>\n<p>Saiba mais sobre o nosso sistema <a href=\"https:\/\/nisioptics.pt\/categoria\/descobre\/descubre-sistema-100m\/\" target=\"_blank\" rel=\"noopener\">100mm<\/a>.<\/p>\n","protected":false},"excerpt":{"rendered":"<ul>\n<li>Filtro de Astrofotografia<\/li>\n<li>Projetado para fazer as estrelas parecerem maiores e para destacar as constela\u00e7\u00f5es<\/li>\n<li>Quanto mais brilhante a estrela, maior ela parecer\u00e1<\/li>\n<li>Controle o efeito no primeiro plano deslizando o filtro para cima e para baixo<\/li>\n<li>Sem perda de luz ao usar o filtro<\/li>\n<li>Sem color cast<\/li>\n<\/ul>\n","protected":false},"featured_media":9739,"comment_status":"closed","ping_status":"closed","template":"","meta":{"_acf_changed":false},"product_brand":[2543],"product_cat":[1058],"product_tag":[],"class_list":{"0":"post-12402","1":"product","2":"type-product","3":"status-publish","4":"has-post-thumbnail","6":"product_brand-nisioptics-es","7":"product_cat-filtros-100mm-es","9":"first","10":"instock","11":"taxable","12":"shipping-taxable","13":"purchasable","14":"product-type-simple"},"bundled_by":[],"bundle_stock_status":"instock","bundle_stock_quantity":2,"bundle_virtual":false,"bundle_layout":"","bundle_add_to_cart_form_location":"","bundle_editable_in_cart":false,"bundle_sold_individually_context":"","bundle_item_grouping":"","bundle_min_size":"","bundle_max_size":"","bundle_price":[],"bundled_items":[],"bundle_sell_ids":[],"acf":[],"_links":{"self":[{"href":"https:\/\/hi-techwonder.com\/es\/wp-json\/wp\/v2\/product\/12402","targetHints":{"allow":["GET"]}}],"collection":[{"href":"https:\/\/hi-techwonder.com\/es\/wp-json\/wp\/v2\/product"}],"about":[{"href":"https:\/\/hi-techwonder.com\/es\/wp-json\/wp\/v2\/types\/product"}],"replies":[{"embeddable":true,"href":"https:\/\/hi-techwonder.com\/es\/wp-json\/wp\/v2\/comments?post=12402"}],"wp:featuredmedia":[{"embeddable":true,"href":"https:\/\/hi-techwonder.com\/es\/wp-json\/wp\/v2\/media\/9739"}],"wp:attachment":[{"href":"https:\/\/hi-techwonder.com\/es\/wp-json\/wp\/v2\/media?parent=12402"}],"wp:term":[{"taxonomy":"product_brand","embeddable":true,"href":"https:\/\/hi-techwonder.com\/es\/wp-json\/wp\/v2\/product_brand?post=12402"},{"taxonomy":"product_cat","embeddable":true,"href":"https:\/\/hi-techwonder.com\/es\/wp-json\/wp\/v2\/product_cat?post=12402"},{"taxonomy":"product_tag","embeddable":true,"href":"https:\/\/hi-techwonder.com\/es\/wp-json\/wp\/v2\/product_tag?post=12402"}],"curies":[{"name":"wp","href":"https:\/\/api.w.org\/{rel}","templated":true}]}}