{"id":12406,"date":"2025-07-23T23:06:25","date_gmt":"2025-07-23T23:06:25","guid":{"rendered":"https:\/\/fv6qoy3ls0.wpdns.site\/produto\/nisi-porta-filtros-v7-alpha\/"},"modified":"2026-04-08T12:30:00","modified_gmt":"2026-04-08T11:30:00","slug":"nisi-porta-filtros-v7-alpha","status":"publish","type":"product","link":"https:\/\/hi-techwonder.com\/es\/producto\/nisi-porta-filtros-v7-alpha\/","title":{"rendered":"NiSi Porta-filtros V7-ALPHA"},"content":{"rendered":"<h3 dir=\"ltr\" data-placeholder=\"Tradu\u00e7\u00e3o\"><strong>NiSi Porta-filtros V7-ALPHA<\/strong><\/h3>\n<p id=\"tw-target-text\" class=\"tw-data-text tw-text-large tw-ta\" dir=\"ltr\" data-placeholder=\"Tradu\u00e7\u00e3o\"><span class=\"Y2IQFc\" lang=\"pt\">O porta-filtros de alum\u00ednio NiSi V7 ALPHA 100mm continua o sucesso do nosso popular porta-filtros V7. O V7 Alpha \u00e9 a maneira mais f\u00e1cil de come\u00e7ar com o sistema de filtro NiSi 100mm. <\/span><\/p>\n<p class=\"tw-data-text tw-text-large tw-ta\" dir=\"ltr\" data-placeholder=\"Tradu\u00e7\u00e3o\"><span class=\"Y2IQFc\" lang=\"pt\">Este porta-filtros foi projetado para usar filtros de 100 mm de largura e 2 mm de espessura e pode acomodar filtros de 3 x 100 mm de largura e 2 mm de espessura. Um anel adaptador de 82 mm est\u00e1 inclu\u00eddo para permitir que a montagem seja conectada a qualquer lente com uma rosca de filtro padr\u00e3o de 82 mm. O apoio pode ser combinado com nossos an\u00e9is adaptadores V7 para permitir o uso de tamanhos de 49mm a 77mm (vendidos separadamente). <\/span><\/p>\n<p class=\"tw-data-text tw-text-large tw-ta\" dir=\"ltr\" data-placeholder=\"Tradu\u00e7\u00e3o\"><span class=\"Y2IQFc\" lang=\"pt\">O suporte apresenta nosso design superior de encaixe da esquerda para a direita, permitindo que os filtros sejam inseridos e removidos com facilidade. Pode ser girado 360 graus para permitir que os filtros ND graduados sejam girados para um posicionamento perfeito com um horizonte e uma fonte de luz.<\/span><\/p>\n<p class=\"tw-data-text tw-text-large tw-ta\" dir=\"ltr\" data-placeholder=\"Tradu\u00e7\u00e3o\"><span class=\"Y2IQFc\" lang=\"pt\">O V7 ALPHA apresenta: <\/span><\/p>\n<ul>\n<li class=\"tw-data-text tw-text-large tw-ta\" dir=\"ltr\" data-placeholder=\"Tradu\u00e7\u00e3o\"><span class=\"Y2IQFc\" lang=\"pt\">Mesmo suporte de filtro do V7 com clipes pressionados da esquerda para a direita, em vez do layout tradicional superior e inferior. \u00c9 muito macio para inserir e remover filtros. <\/span><\/li>\n<li class=\"tw-data-text tw-text-large tw-ta\" dir=\"ltr\" data-placeholder=\"Tradu\u00e7\u00e3o\"><span class=\"Y2IQFc\" lang=\"pt\">Um anel adaptador de 82 mm compat\u00edvel com an\u00e9is adaptadores V6\/V7 existentes para 49 mm, 52 mm, 55 mm, 58 mm, 62 mm, 72 mm, 77 mm (o An\u00e9is adaptadores V7 vendidos separadamente). <\/span><\/li>\n<li class=\"tw-data-text tw-text-large tw-ta\" dir=\"ltr\" data-placeholder=\"Tradu\u00e7\u00e3o\"><span class=\"Y2IQFc\" lang=\"pt\">A entrada mais econ\u00f4mica no sistema de filtro NiSi de 100 mm. <\/span><\/li>\n<li class=\"tw-data-text tw-text-large tw-ta\" dir=\"ltr\" data-placeholder=\"Tradu\u00e7\u00e3o\"><span class=\"Y2IQFc\" lang=\"pt\">\u00c9 feito de alum\u00ednio aeron\u00e1utico com processamento de elemento \u00fanico por m\u00e1quina CNC e apresenta um acabamento fosco preto fosco no superf\u00edcie para minimizar os reflexos. <\/span><\/li>\n<li class=\"tw-data-text tw-text-large tw-ta\" dir=\"ltr\" data-placeholder=\"Tradu\u00e7\u00e3o\"><span class=\"Y2IQFc\" lang=\"pt\">Por favor, note que esta montagem s\u00f3 pode ser usada com um polarizador de 100x100mm.<\/span><\/li>\n<\/ul>\n<p>Saiba mais sobre o nosso sistema <a href=\"https:\/\/nisioptics.pt\/categoria\/descobre\/descubre-sistema-100m\/\" target=\"_blank\" rel=\"noopener\">100mm<\/a>.<\/p>\n","protected":false},"excerpt":{"rendered":"<ul>\n<li><span class=\"Y2IQFc\" lang=\"pt\">Excelente entrada no sistema NiSi de 100 mm <\/span><\/li>\n<li><span class=\"Y2IQFc\" lang=\"pt\">Suporta filtros de at\u00e9 3 x 100 mm (2 mm de espessura) <\/span><\/li>\n<li><span class=\"Y2IQFc\" lang=\"pt\">Sem vinhetas na lente ultra grande angular, mesmo em full-frame de 16 mm <\/span><\/li>\n<li><span class=\"Y2IQFc\" lang=\"pt\">Rota\u00e7\u00e3o de 360 \u200b\u200bgraus <\/span><\/li>\n<li><span class=\"Y2IQFc\" lang=\"pt\">Sistema de bloqueio para fixar a posi\u00e7\u00e3o do filtro <\/span><\/li>\n<li><span class=\"Y2IQFc\" lang=\"pt\">Anel de 82 mm, sem mecanismo de rota\u00e7\u00e3o do polarizador ou montagem <\/span><\/li>\n<li><span class=\"Y2IQFc\" lang=\"pt\">Compat\u00edvel com todos os an\u00e9is adaptadores da s\u00e9rie V7 de 49 a 77 mm<\/span><\/li>\n<\/ul>\n","protected":false},"featured_media":9751,"comment_status":"closed","ping_status":"closed","template":"","meta":{"_acf_changed":false},"product_brand":[2543],"product_cat":[1055],"product_tag":[],"class_list":{"0":"post-12406","1":"product","2":"type-product","3":"status-publish","4":"has-post-thumbnail","6":"product_brand-nisioptics-es","7":"product_cat-accesorios-100mm","9":"first","10":"instock","11":"taxable","12":"shipping-taxable","13":"purchasable","14":"product-type-simple"},"bundled_by":[],"bundle_stock_status":"instock","bundle_stock_quantity":1,"bundle_virtual":false,"bundle_layout":"","bundle_add_to_cart_form_location":"","bundle_editable_in_cart":false,"bundle_sold_individually_context":"","bundle_item_grouping":"","bundle_min_size":"","bundle_max_size":"","bundle_price":[],"bundled_items":[],"bundle_sell_ids":[],"acf":[],"_links":{"self":[{"href":"https:\/\/hi-techwonder.com\/es\/wp-json\/wp\/v2\/product\/12406","targetHints":{"allow":["GET"]}}],"collection":[{"href":"https:\/\/hi-techwonder.com\/es\/wp-json\/wp\/v2\/product"}],"about":[{"href":"https:\/\/hi-techwonder.com\/es\/wp-json\/wp\/v2\/types\/product"}],"replies":[{"embeddable":true,"href":"https:\/\/hi-techwonder.com\/es\/wp-json\/wp\/v2\/comments?post=12406"}],"wp:featuredmedia":[{"embeddable":true,"href":"https:\/\/hi-techwonder.com\/es\/wp-json\/wp\/v2\/media\/9751"}],"wp:attachment":[{"href":"https:\/\/hi-techwonder.com\/es\/wp-json\/wp\/v2\/media?parent=12406"}],"wp:term":[{"taxonomy":"product_brand","embeddable":true,"href":"https:\/\/hi-techwonder.com\/es\/wp-json\/wp\/v2\/product_brand?post=12406"},{"taxonomy":"product_cat","embeddable":true,"href":"https:\/\/hi-techwonder.com\/es\/wp-json\/wp\/v2\/product_cat?post=12406"},{"taxonomy":"product_tag","embeddable":true,"href":"https:\/\/hi-techwonder.com\/es\/wp-json\/wp\/v2\/product_tag?post=12406"}],"curies":[{"name":"wp","href":"https:\/\/api.w.org\/{rel}","templated":true}]}}