{"id":12407,"date":"2025-07-23T23:06:25","date_gmt":"2025-07-23T23:06:25","guid":{"rendered":"https:\/\/fv6qoy3ls0.wpdns.site\/produto\/nisi-macro-rail-de-foco-nm-200s-rotacao-360o\/"},"modified":"2026-04-30T12:27:14","modified_gmt":"2026-04-30T11:27:14","slug":"nisi-macro-rail-de-foco-nm-200s-rotacao-360o","status":"publish","type":"product","link":"https:\/\/hi-techwonder.com\/es\/producto\/nisi-macro-rail-de-foco-nm-200s-rotacao-360o\/","title":{"rendered":"Nisi Macro Rail de Foco NM-200S &#8211; Rotac\u00e3o 360\u00ba"},"content":{"rendered":"<h3><strong>Nisi Macro Rail de Foco NM-200S &#8211; Rotac\u00e3o 360\u00ba<\/strong><\/h3>\n<p><iframe loading=\"lazy\" title=\"Nisi Macro Riel de Enfoque NM-200 \u2013 Rotaci\u00f3n 360\u00ba\" width=\"500\" height=\"281\" src=\"https:\/\/www.youtube.com\/embed\/OJP4fugaC5w?feature=oembed\" frameborder=\"0\" allow=\"accelerometer; autoplay; clipboard-write; encrypted-media; gyroscope; picture-in-picture; web-share\" referrerpolicy=\"strict-origin-when-cross-origin\" allowfullscreen><\/iframe><\/p>\n<p>O Nisi Macro Rail de Foco NM-200S com bra\u00e7adeira girat\u00f3ria de 360 \u200b\u200bgraus oferece a capacidade de ajustar com precis\u00e3o a posi\u00e7\u00e3o de sua c\u00e2mera ao fotografar macro. O trilho est\u00e1 equipado com um grampo de libera\u00e7\u00e3o r\u00e1pida compat\u00edvel com o tipo Arca integrado e tamb\u00e9m inclui uma placa do tipo Arca. A bra\u00e7adeira pode ser posicionada rapidamente usando a alavanca de bloqueio\/desbloqueio para fazer grandes ajustes rapidamente. O pr\u00f3prio trilho de foco possui uma montagem em cauda de andorinha dupla e se encaixa na maioria dos grampos do tipo Arca no mercado.<\/p>\n<p>A bra\u00e7adeira de montagem permite uma rota\u00e7\u00e3o de 360 \u200b\u200bgraus para mudar a dire\u00e7\u00e3o da c\u00e2mera sem a necessidade de remover a placa da bra\u00e7adeira. A faixa de ajuste \u00e9 de 180 mm enquanto o tamanho do trilho \u00e9 de 200 mm, maximizando o movimento da c\u00e2mera. O movimento \u00e9 ajustado por um bot\u00e3o de parafuso de polegar dobr\u00e1vel que facilita o ajuste e o armazenamento. O bot\u00e3o de parafuso retr\u00e1til foi atualizado e apresenta marca\u00e7\u00f5es de \u00edndice gravadas para ajuste preciso.<\/p>\n<p>Est\u00e1 inclu\u00edda uma placa de libera\u00e7\u00e3o r\u00e1pida mais longa projetada para lentes telefoto e com uma ranhura para al\u00e7as e \u00e9 f\u00e1cil de travar e soltar. A carga m\u00e1xima do trilho \u00e9 de 5kg.<\/p>\n<p>O Macro Rail pode ser montado na maioria dos grampos\/cabe\u00e7as esf\u00e9ricas do tipo Arca do mercado e tamb\u00e9m inclui quatro pregos de p\u00e9 destac\u00e1veis \u200b\u200bque permitem o uso do trilho diretamente no tampo da mesa. O deslocamento da platina por revolu\u00e7\u00e3o \u00e9 de 1 mm com marcas de \u00edndice gravadas em ambos os lados do trilho para ajustes finos. A parte inferior do trilho inclui furos de parafuso de 3\/8\u201d e \u00bc\u201d que permite o uso de todas as cabe\u00e7as de trip\u00e9.<\/p>\n<p>O trilho de foco macro de ajuste r\u00e1pido NiSi NM-200S com bra\u00e7adeira girat\u00f3ria de 360 \u200b\u200bgraus \u00e9 constru\u00eddo com alum\u00ednio usinado CNC de alta qualidade e \u00e9 anodizado com acabamento resistente \u00e0 corros\u00e3o. Esses recursos o tornam resistente a arranh\u00f5es e arranh\u00f5es.<\/p>\n<p>Os dois trilhos de foco podem ser empilhados para ajustes de eixo duplo.<\/p>\n<p>O NiSi Macro Rail de Foco NM-200S com bra\u00e7adeira rotativa de 360 \u200b\u200bgraus \u00e9 o companheiro perfeito para as <a href=\"https:\/\/nisioptics.pt\/categoria\/macro_pt\/lentes-de-close-up\/\" target=\"_blank\" rel=\"noopener\">lentes macro NiSi<\/a>.<\/p>\n<p>&nbsp;<\/p>\n","protected":false},"excerpt":{"rendered":"<ul>\n<li>Ajuste com precis\u00e3o a posi\u00e7\u00e3o da sua c\u00e2mera ao fotografar macro<\/li>\n<li>Posicione rapidamente o grampo usando a alavanca de bloqueio\/desbloqueio para fazer grandes ajustes rapidamente<\/li>\n<li>O companheiro perfeito para as lentes NiSi Close Up<\/li>\n<li>Comprimento do trilho: 200mm. Faixa de ajuste: 180mm<\/li>\n<li>Quatro p\u00e9s destac\u00e1veis \u200b\u200bpermitem o uso do carril diretamente no tampo da mesa.<\/li>\n<li>Placa de liberta\u00e7\u00e3o r\u00e1pida ergonomicamente projetada: f\u00e1cil de travar e soltar.<\/li>\n<li>Placa de liberta\u00e7\u00e3o r\u00e1pida mais longa para lentes telefoto e com ranhuras para al\u00e7as<\/li>\n<li>Marcas de comprimento gravadas em ambos os lados do trilho para ajustes finos<\/li>\n<li>Bra\u00e7adeira rotativa de 360 \u200b\u200bgraus<\/li>\n<li>Parafuso dobr\u00e1vel com indexa\u00e7\u00e3o: f\u00e1cil de ajustar e armazenar<\/li>\n<li>A parte inferior inclui orif\u00edcio de parafuso de 3\/8\u201d e \u00bc\u201d que permite o uso de todas as cabe\u00e7as de trip\u00e9<\/li>\n<li>A carga m\u00e1xima do trilho \u00e9 de 5kg<\/li>\n<\/ul>\n","protected":false},"featured_media":9758,"comment_status":"closed","ping_status":"closed","template":"","meta":{"_acf_changed":false},"product_brand":[2543],"product_cat":[975],"product_tag":[],"class_list":{"0":"post-12407","1":"product","2":"type-product","3":"status-publish","4":"has-post-thumbnail","6":"product_brand-nisioptics-es","7":"product_cat-rieles","9":"first","10":"instock","11":"taxable","12":"shipping-taxable","13":"purchasable","14":"product-type-simple"},"bundled_by":[],"bundle_stock_status":"instock","bundle_stock_quantity":5,"bundle_virtual":false,"bundle_layout":"","bundle_add_to_cart_form_location":"","bundle_editable_in_cart":false,"bundle_sold_individually_context":"","bundle_item_grouping":"","bundle_min_size":"","bundle_max_size":"","bundle_price":[],"bundled_items":[],"bundle_sell_ids":[],"acf":[],"_links":{"self":[{"href":"https:\/\/hi-techwonder.com\/es\/wp-json\/wp\/v2\/product\/12407","targetHints":{"allow":["GET"]}}],"collection":[{"href":"https:\/\/hi-techwonder.com\/es\/wp-json\/wp\/v2\/product"}],"about":[{"href":"https:\/\/hi-techwonder.com\/es\/wp-json\/wp\/v2\/types\/product"}],"replies":[{"embeddable":true,"href":"https:\/\/hi-techwonder.com\/es\/wp-json\/wp\/v2\/comments?post=12407"}],"wp:featuredmedia":[{"embeddable":true,"href":"https:\/\/hi-techwonder.com\/es\/wp-json\/wp\/v2\/media\/9758"}],"wp:attachment":[{"href":"https:\/\/hi-techwonder.com\/es\/wp-json\/wp\/v2\/media?parent=12407"}],"wp:term":[{"taxonomy":"product_brand","embeddable":true,"href":"https:\/\/hi-techwonder.com\/es\/wp-json\/wp\/v2\/product_brand?post=12407"},{"taxonomy":"product_cat","embeddable":true,"href":"https:\/\/hi-techwonder.com\/es\/wp-json\/wp\/v2\/product_cat?post=12407"},{"taxonomy":"product_tag","embeddable":true,"href":"https:\/\/hi-techwonder.com\/es\/wp-json\/wp\/v2\/product_tag?post=12407"}],"curies":[{"name":"wp","href":"https:\/\/api.w.org\/{rel}","templated":true}]}}