{"id":12432,"date":"2025-07-23T23:07:22","date_gmt":"2025-07-23T23:07:22","guid":{"rendered":"https:\/\/fv6qoy3ls0.wpdns.site\/produto\/nisi-filtro-polarizador-landscape-cpl-para-porta-filtros-v7-100mm\/"},"modified":"2026-04-08T12:30:17","modified_gmt":"2026-04-08T11:30:17","slug":"nisi-filtro-polarizador-landscape-cpl-para-porta-filtros-v7-100mm","status":"publish","type":"product","link":"https:\/\/hi-techwonder.com\/es\/producto\/nisi-filtro-polarizador-landscape-cpl-para-porta-filtros-v7-100mm\/","title":{"rendered":"NiSi Filtro Polarizador Landscape CPL para Porta-Filtros V7 100mm"},"content":{"rendered":"<h3 dir=\"ltr\" data-placeholder=\"Tradu\u00e7\u00e3o\"><strong>NiSi Filtro Polarizador Landscape CPL para Porta-Filtros V7 100mm<\/strong><\/h3>\n<p><iframe loading=\"lazy\" title=\"NiSi V7 Sistema 100mm\" width=\"500\" height=\"281\" src=\"https:\/\/www.youtube.com\/embed\/zLFTuR-QYbs?feature=oembed\" frameborder=\"0\" allow=\"accelerometer; autoplay; clipboard-write; encrypted-media; gyroscope; picture-in-picture; web-share\" referrerpolicy=\"strict-origin-when-cross-origin\" allowfullscreen><\/iframe><\/p>\n<p id=\"tw-target-text\" class=\"tw-data-text tw-text-large tw-ta\" dir=\"ltr\" data-placeholder=\"Tradu\u00e7\u00e3o\"><span class=\"Y2IQFc\" lang=\"pt\">O NiSi Landscape Polarizing Filter foi projetado para fot\u00f3grafos que desejam a m\u00e1xima polariza\u00e7\u00e3o dispon\u00edvel; 99% de polariza\u00e7\u00e3o. Feito de vidro \u00f3ptico de alt\u00edssima qualidade, garante resultados sem perda de defini\u00e7\u00e3o. Al\u00e9m disso, foi aplicado um tratamento NC (Nano-Coating) para garantir a mais alta qualidade e facilitar a limpeza. <\/span><\/p>\n<p class=\"tw-data-text tw-text-large tw-ta\" dir=\"ltr\" data-placeholder=\"Tradu\u00e7\u00e3o\"><span class=\"Y2IQFc\" lang=\"pt\">O filtro Polarizador Landscape melhorado NiSi CPL NC \u00e9 compat\u00edvel apenas com a montagem NiSi V7 100 mm e possui um suporte de montagem para instala\u00e7\u00e3o r\u00e1pida. Este polarizador \u00e9 montado no suporte NiSi V7 e n\u00e3o pode ser montado diretamente numa objetiva.<\/span><\/p>\n<p dir=\"ltr\" data-placeholder=\"Tradu\u00e7\u00e3o\">Saiba mais sobre o nosso sistema <a href=\"https:\/\/nisioptics.pt\/categoria\/descobre\/descubre-sistema-100m\/\" target=\"_blank\" rel=\"noopener\">100mm<\/a>.<\/p>\n","protected":false},"excerpt":{"rendered":"<ul>\n<li id=\"tw-target-text\" class=\"tw-data-text tw-text-large tw-ta\" dir=\"ltr\" data-placeholder=\"Tradu\u00e7\u00e3o\"><span class=\"Y2IQFc\" lang=\"pt\">Compat\u00edvel com montagem NiSi V7 100mm<\/span><\/li>\n<li id=\"tw-target-text\" class=\"tw-data-text tw-text-large tw-ta\" dir=\"ltr\" data-placeholder=\"Tradu\u00e7\u00e3o\">Oferece satura\u00e7\u00e3o aprimorada e um tom mais frio para cenas de paisagem<\/li>\n<li id=\"tw-target-text\" class=\"tw-data-text tw-text-large tw-ta\" dir=\"ltr\" data-placeholder=\"Tradu\u00e7\u00e3o\"><span class=\"Y2IQFc\" lang=\"pt\">Elimina reflexos de superf\u00edcies n\u00e3o met\u00e1licas e aumenta a satura\u00e7\u00e3o da cena <\/span><\/li>\n<li id=\"tw-target-text\" class=\"tw-data-text tw-text-large tw-ta\" dir=\"ltr\" data-placeholder=\"Tradu\u00e7\u00e3o\"><span class=\"Y2IQFc\" lang=\"pt\">Vidro \u00f3tico revestido Ultra HD e Nano, f\u00e1cil de limpar e resistente \u00e0s intemp\u00e9ries<\/span><\/li>\n<\/ul>\n","protected":false},"featured_media":9801,"comment_status":"closed","ping_status":"closed","template":"","meta":{"_acf_changed":false},"product_brand":[2543],"product_cat":[1058],"product_tag":[],"class_list":{"0":"post-12432","1":"product","2":"type-product","3":"status-publish","4":"has-post-thumbnail","6":"product_brand-nisioptics-es","7":"product_cat-filtros-100mm-es","9":"first","10":"instock","11":"taxable","12":"shipping-taxable","13":"purchasable","14":"product-type-simple"},"bundled_by":[],"bundle_stock_status":"instock","bundle_stock_quantity":1,"bundle_virtual":false,"bundle_layout":"","bundle_add_to_cart_form_location":"","bundle_editable_in_cart":false,"bundle_sold_individually_context":"","bundle_item_grouping":"","bundle_min_size":"","bundle_max_size":"","bundle_price":[],"bundled_items":[],"bundle_sell_ids":[],"acf":[],"_links":{"self":[{"href":"https:\/\/hi-techwonder.com\/es\/wp-json\/wp\/v2\/product\/12432","targetHints":{"allow":["GET"]}}],"collection":[{"href":"https:\/\/hi-techwonder.com\/es\/wp-json\/wp\/v2\/product"}],"about":[{"href":"https:\/\/hi-techwonder.com\/es\/wp-json\/wp\/v2\/types\/product"}],"replies":[{"embeddable":true,"href":"https:\/\/hi-techwonder.com\/es\/wp-json\/wp\/v2\/comments?post=12432"}],"wp:featuredmedia":[{"embeddable":true,"href":"https:\/\/hi-techwonder.com\/es\/wp-json\/wp\/v2\/media\/9801"}],"wp:attachment":[{"href":"https:\/\/hi-techwonder.com\/es\/wp-json\/wp\/v2\/media?parent=12432"}],"wp:term":[{"taxonomy":"product_brand","embeddable":true,"href":"https:\/\/hi-techwonder.com\/es\/wp-json\/wp\/v2\/product_brand?post=12432"},{"taxonomy":"product_cat","embeddable":true,"href":"https:\/\/hi-techwonder.com\/es\/wp-json\/wp\/v2\/product_cat?post=12432"},{"taxonomy":"product_tag","embeddable":true,"href":"https:\/\/hi-techwonder.com\/es\/wp-json\/wp\/v2\/product_tag?post=12432"}],"curies":[{"name":"wp","href":"https:\/\/api.w.org\/{rel}","templated":true}]}}