{"id":12433,"date":"2025-07-23T23:07:22","date_gmt":"2025-07-23T23:07:22","guid":{"rendered":"https:\/\/fv6qoy3ls0.wpdns.site\/produto\/nisi-filtro-polarizador-true-color-cpl-nc-para-porta-filtros-v7\/"},"modified":"2026-04-10T14:17:16","modified_gmt":"2026-04-10T13:17:16","slug":"nisi-filtro-polarizador-true-color-cpl-nc-para-porta-filtros-v7","status":"publish","type":"product","link":"https:\/\/hi-techwonder.com\/es\/producto\/nisi-filtro-polarizador-true-color-cpl-nc-para-porta-filtros-v7\/","title":{"rendered":"NiSi Filtro Polarizador True Color CPL NC para Porta-Filtros V7"},"content":{"rendered":"<h3 dir=\"ltr\" data-placeholder=\"Tradu\u00e7\u00e3o\"><strong>NiSi Filtro Polarizador True Color CPL NC para Porta-Filtros V7<\/strong><\/h3>\n<p><iframe loading=\"lazy\" title=\"NiSi V7 Sistema 100mm\" width=\"500\" height=\"281\" src=\"https:\/\/www.youtube.com\/embed\/zLFTuR-QYbs?feature=oembed\" frameborder=\"0\" allow=\"accelerometer; autoplay; clipboard-write; encrypted-media; gyroscope; picture-in-picture; web-share\" referrerpolicy=\"strict-origin-when-cross-origin\" allowfullscreen><\/iframe><\/p>\n<p id=\"tw-target-text\" class=\"tw-data-text tw-text-large tw-ta\" dir=\"ltr\" data-placeholder=\"Tradu\u00e7\u00e3o\"><span class=\"Y2IQFc\" lang=\"pt\">O filtro polarizador NiSi True Color CPL NC para porta-filtros V7 de 100 mm remove reflexos de superf\u00edcies n\u00e3o met\u00e1licas e aumenta a satura\u00e7\u00e3o da cena. CPL True Color evita o tom amarelo que ocorre quando CPLs normais s\u00e3o usados. O True Color CPL apresenta nosso exclusivo NiSi Pro Nano Coating, que ajuda a reduzir reflexos indesejados e fornece uma camada \u00e0 prova de \u00e1gua e resistente a \u00f3leo para ajudar na limpeza de impress\u00f5es digitais, poeira e manchas de \u00e1gua. <\/span><\/p>\n<p class=\"tw-data-text tw-text-large tw-ta\" dir=\"ltr\" data-placeholder=\"Tradu\u00e7\u00e3o\"><span class=\"Y2IQFc\" lang=\"pt\">Com o nosso novo design de CPL ponto a ponto permite uma instala\u00e7\u00e3o guiada mais f\u00e1cil do CPL no adaptador principal de 82 mm (parte do suporte V7). Alinhando os marcadores brancos no CPL com a marca\u00e7\u00e3o branca no adaptador principal e rodando, o CPL \u00e9 fixado facilmente no lugar, sendo remov\u00edvel sem esfor\u00e7o. O filtro polarizador NiSi True Color CPL NC para montagem V7 de 100 mm possui vidro \u00f3ptico Ultra HD com revistimento Nano, que \u00e9 f\u00e1cil de limpar e resistente \u00e0s intemp\u00e9ries. <\/span><\/p>\n<p class=\"tw-data-text tw-text-large tw-ta\" dir=\"ltr\" data-placeholder=\"Tradu\u00e7\u00e3o\"><span class=\"Y2IQFc\" lang=\"pt\">O filtro polarizador NiSi True Color CPL NC para porta-filtros V7 de 100 mm \u00e9 compat\u00edvel apenas com o porta-filtros NiSi V7, e possui um suporte de montagem para instala\u00e7\u00e3o r\u00e1pida. <strong>Este polarizador \u00e9 montado no porta-filtros NiSi V7 e n\u00e3o pode ser montado diretamente numa objetiva.<\/strong><\/span><\/p>\n<p dir=\"ltr\" data-placeholder=\"Tradu\u00e7\u00e3o\">Saiba mais sobre o nosso sistema <a href=\"https:\/\/nisioptics.pt\/categoria\/descobre\/descubre-sistema-100m\/\" target=\"_blank\" rel=\"noopener\">100mm<\/a>.<\/p>\n","protected":false},"excerpt":{"rendered":"<ul>\n<li id=\"tw-target-text\" class=\"tw-data-text tw-text-large tw-ta\" dir=\"ltr\" data-placeholder=\"Tradu\u00e7\u00e3o\"><span class=\"Y2IQFc\" lang=\"pt\">Elimina reflexos de superf\u00edcies n\u00e3o met\u00e1licas, reduz a n\u00e9voa e enfatiza a satura\u00e7\u00e3o natural da cor <\/span><\/li>\n<li class=\"tw-data-text tw-text-large tw-ta\" dir=\"ltr\" data-placeholder=\"Tradu\u00e7\u00e3o\"><span class=\"Y2IQFc\" lang=\"pt\">Aus\u00eancia de color-cast, reflex\u00e3o muito baixa <\/span><\/li>\n<li class=\"tw-data-text tw-text-large tw-ta\" dir=\"ltr\" data-placeholder=\"Tradu\u00e7\u00e3o\"><span class=\"Y2IQFc\" lang=\"pt\">Sem vinhetas, com vidro \u00f3ptico Ultra HD, com tecnologia NiSi True Color e revestimento Nano, f\u00e1cil de limpar e resistente \u00e0s intemp\u00e9ries <\/span><\/li>\n<li class=\"tw-data-text tw-text-large tw-ta\" dir=\"ltr\" data-placeholder=\"Tradu\u00e7\u00e3o\"><span class=\"Y2IQFc\" lang=\"pt\">Montagem directa no adaptador de lente <\/span><\/li>\n<li class=\"tw-data-text tw-text-large tw-ta\" dir=\"ltr\" data-placeholder=\"Tradu\u00e7\u00e3o\"><span class=\"Y2IQFc\" lang=\"pt\">Compat\u00edvel com porta-filtros NiSi V7 100mm<\/span><\/li>\n<\/ul>\n","protected":false},"featured_media":9806,"comment_status":"closed","ping_status":"closed","template":"","meta":{"_acf_changed":false},"product_brand":[2543],"product_cat":[1058],"product_tag":[],"class_list":{"0":"post-12433","1":"product","2":"type-product","3":"status-publish","4":"has-post-thumbnail","6":"product_brand-nisioptics-es","7":"product_cat-filtros-100mm-es","9":"first","10":"instock","11":"taxable","12":"shipping-taxable","13":"purchasable","14":"product-type-simple"},"bundled_by":[],"bundle_stock_status":"instock","bundle_stock_quantity":1,"bundle_virtual":false,"bundle_layout":"","bundle_add_to_cart_form_location":"","bundle_editable_in_cart":false,"bundle_sold_individually_context":"","bundle_item_grouping":"","bundle_min_size":"","bundle_max_size":"","bundle_price":[],"bundled_items":[],"bundle_sell_ids":[],"acf":[],"_links":{"self":[{"href":"https:\/\/hi-techwonder.com\/es\/wp-json\/wp\/v2\/product\/12433","targetHints":{"allow":["GET"]}}],"collection":[{"href":"https:\/\/hi-techwonder.com\/es\/wp-json\/wp\/v2\/product"}],"about":[{"href":"https:\/\/hi-techwonder.com\/es\/wp-json\/wp\/v2\/types\/product"}],"replies":[{"embeddable":true,"href":"https:\/\/hi-techwonder.com\/es\/wp-json\/wp\/v2\/comments?post=12433"}],"wp:featuredmedia":[{"embeddable":true,"href":"https:\/\/hi-techwonder.com\/es\/wp-json\/wp\/v2\/media\/9806"}],"wp:attachment":[{"href":"https:\/\/hi-techwonder.com\/es\/wp-json\/wp\/v2\/media?parent=12433"}],"wp:term":[{"taxonomy":"product_brand","embeddable":true,"href":"https:\/\/hi-techwonder.com\/es\/wp-json\/wp\/v2\/product_brand?post=12433"},{"taxonomy":"product_cat","embeddable":true,"href":"https:\/\/hi-techwonder.com\/es\/wp-json\/wp\/v2\/product_cat?post=12433"},{"taxonomy":"product_tag","embeddable":true,"href":"https:\/\/hi-techwonder.com\/es\/wp-json\/wp\/v2\/product_tag?post=12433"}],"curies":[{"name":"wp","href":"https:\/\/api.w.org\/{rel}","templated":true}]}}