{"id":12434,"date":"2025-07-23T23:07:22","date_gmt":"2025-07-23T23:07:22","guid":{"rendered":"https:\/\/fv6qoy3ls0.wpdns.site\/produto\/nisi-anel-adaptador-principal-82mm-para-porta-filtros-v7\/"},"modified":"2026-04-08T12:30:18","modified_gmt":"2026-04-08T11:30:18","slug":"nisi-anel-adaptador-principal-82mm-para-porta-filtros-v7","status":"publish","type":"product","link":"https:\/\/hi-techwonder.com\/es\/producto\/nisi-anel-adaptador-principal-82mm-para-porta-filtros-v7\/","title":{"rendered":"NiSi Anel Adaptador Principal 82mm para Porta-Filtros V7"},"content":{"rendered":"<h3 dir=\"ltr\" data-placeholder=\"Tradu\u00e7\u00e3o\">NiSi Anel Adaptador Principal 82mm para Porta-Filtros V7<\/h3>\n<p id=\"tw-target-text\" class=\"tw-data-text tw-text-large tw-ta\" dir=\"ltr\" data-placeholder=\"Tradu\u00e7\u00e3o\"><span class=\"Y2IQFc\" lang=\"pt\">O adaptador principal NiSi 82mm para o porta-filtros NiSi V7 100mm \u00e9 um adaptador principal de substitui\u00e7\u00e3o. Possui uma rosca de 82 mm para montagem em qualquer objectiva de 82 mm na parte frontal. Cont\u00e9m encaixe para um CPL de compatibilidade com o porta-filtros V7 (vendido separadamente).\u00a0 <\/span><\/p>\n<p class=\"tw-data-text tw-text-large tw-ta\" dir=\"ltr\" data-placeholder=\"Tradu\u00e7\u00e3o\"><span class=\"Y2IQFc\" lang=\"pt\">Note que o anel adaptador NiSi 82m est\u00e1 presente no kit de porta-filtros NiSi V7 e \u00e9 vendido como pe\u00e7a de reposi\u00e7\u00e3o. O porta-filtros V7 deve ser usado para montar filtros de 100x100mm ou 100x150mm. <\/span><\/p>\n<p class=\"tw-data-text tw-text-large tw-ta\" dir=\"ltr\" data-placeholder=\"Tradu\u00e7\u00e3o\"><span class=\"Y2IQFc\" lang=\"pt\">Este anel adaptador de 82 mm <span style=\"text-decoration: underline;\">N\u00c3O<\/span> \u00e9 compat\u00edvel com montagens V5, V5 Pro ou V6. O adaptador principal NiSi de 82 mm para o porta-filtros NiSi V7 tamb\u00e9m pode ser emparelhado com o V7 Alpha para permitir a montagem de um CPL.<\/span><\/p>\n<p dir=\"ltr\" data-placeholder=\"Tradu\u00e7\u00e3o\">Saiba mais sobre o nosso sistema <a href=\"https:\/\/nisioptics.pt\/categoria\/descobre\/descubre-sistema-100m\/\" target=\"_blank\" rel=\"noopener\">100mm<\/a>.<\/p>\n","protected":false},"excerpt":{"rendered":"<ul>\n<li id=\"tw-target-text\" class=\"tw-data-text tw-text-large tw-ta\" dir=\"ltr\" data-placeholder=\"Tradu\u00e7\u00e3o\"><span class=\"Y2IQFc\" lang=\"pt\">Adaptador NiSi de 82 mm para montagem do porta-filtros NiSi V7 100mm<\/span><\/li>\n<li class=\"tw-data-text tw-text-large tw-ta\" dir=\"ltr\" data-placeholder=\"Tradu\u00e7\u00e3o\"><span class=\"Y2IQFc\" lang=\"pt\">Alum\u00ednio anodizado resistente \u00e0 corros\u00e3o <\/span><\/li>\n<li class=\"tw-data-text tw-text-large tw-ta\" dir=\"ltr\" data-placeholder=\"Tradu\u00e7\u00e3o\"><span class=\"Y2IQFc\" lang=\"pt\">Engrenagem para virar um CPL compat\u00edvel com o porta-filtros V7<\/span><\/li>\n<li class=\"tw-data-text tw-text-large tw-ta\" dir=\"ltr\" data-placeholder=\"Tradu\u00e7\u00e3o\"><span class=\"Y2IQFc\" lang=\"pt\">Pe\u00e7a de reposi\u00e7\u00e3o (j\u00e1 inclu\u00edda no kit NiSi V7)<\/span><\/li>\n<\/ul>\n","protected":false},"featured_media":9811,"comment_status":"closed","ping_status":"closed","template":"","meta":{"_acf_changed":false},"product_brand":[2543],"product_cat":[1055],"product_tag":[],"class_list":{"0":"post-12434","1":"product","2":"type-product","3":"status-publish","4":"has-post-thumbnail","6":"product_brand-nisioptics-es","7":"product_cat-accesorios-100mm","9":"first","10":"instock","11":"taxable","12":"shipping-taxable","13":"purchasable","14":"product-type-simple"},"bundled_by":[],"bundle_stock_status":"instock","bundle_stock_quantity":1,"bundle_virtual":false,"bundle_layout":"","bundle_add_to_cart_form_location":"","bundle_editable_in_cart":false,"bundle_sold_individually_context":"","bundle_item_grouping":"","bundle_min_size":"","bundle_max_size":"","bundle_price":[],"bundled_items":[],"bundle_sell_ids":[],"acf":[],"_links":{"self":[{"href":"https:\/\/hi-techwonder.com\/es\/wp-json\/wp\/v2\/product\/12434","targetHints":{"allow":["GET"]}}],"collection":[{"href":"https:\/\/hi-techwonder.com\/es\/wp-json\/wp\/v2\/product"}],"about":[{"href":"https:\/\/hi-techwonder.com\/es\/wp-json\/wp\/v2\/types\/product"}],"replies":[{"embeddable":true,"href":"https:\/\/hi-techwonder.com\/es\/wp-json\/wp\/v2\/comments?post=12434"}],"wp:featuredmedia":[{"embeddable":true,"href":"https:\/\/hi-techwonder.com\/es\/wp-json\/wp\/v2\/media\/9811"}],"wp:attachment":[{"href":"https:\/\/hi-techwonder.com\/es\/wp-json\/wp\/v2\/media?parent=12434"}],"wp:term":[{"taxonomy":"product_brand","embeddable":true,"href":"https:\/\/hi-techwonder.com\/es\/wp-json\/wp\/v2\/product_brand?post=12434"},{"taxonomy":"product_cat","embeddable":true,"href":"https:\/\/hi-techwonder.com\/es\/wp-json\/wp\/v2\/product_cat?post=12434"},{"taxonomy":"product_tag","embeddable":true,"href":"https:\/\/hi-techwonder.com\/es\/wp-json\/wp\/v2\/product_tag?post=12434"}],"curies":[{"name":"wp","href":"https:\/\/api.w.org\/{rel}","templated":true}]}}