{"id":12451,"date":"2025-07-23T23:07:57","date_gmt":"2025-07-23T23:07:57","guid":{"rendered":"https:\/\/fv6qoy3ls0.wpdns.site\/produto\/nisi-clever-cleaner-para-filtros-quadrados\/"},"modified":"2026-04-08T12:30:33","modified_gmt":"2026-04-08T11:30:33","slug":"nisi-clever-cleaner-para-filtros-quadrados","status":"publish","type":"product","link":"https:\/\/hi-techwonder.com\/es\/producto\/nisi-clever-cleaner-para-filtros-quadrados\/","title":{"rendered":"NiSi Clever Cleaner para filtros quadrados"},"content":{"rendered":"<h3 dir=\"ltr\" data-placeholder=\"Tradu\u00e7\u00e3o\"><strong>NiSi Clever Cleaner para filtros quadrados<\/strong><\/h3>\n<p id=\"tw-target-text\" class=\"tw-data-text tw-text-large tw-ta\" dir=\"ltr\" data-placeholder=\"Tradu\u00e7\u00e3o\"><span class=\"Y2IQFc\" lang=\"pt\">Limpe os seus filtros e ecr\u00e3s LCD de forma eficaz com o NiSi Clever Cleaner. Gra\u00e7as \u00e0 superf\u00edcie de limpeza porosa com micro-orif\u00edcios, a limpeza tamb\u00e9m \u00e9 eficaz em \u00f3leos, salpicos de \u00e1gua do mar, impress\u00f5es digitais e outras subst\u00e2ncias dif\u00edceis de limpar. <\/span><\/p>\n<p class=\"tw-data-text tw-text-large tw-ta\" dir=\"ltr\" data-placeholder=\"Tradu\u00e7\u00e3o\"><span class=\"Y2IQFc\" lang=\"pt\">Antes de usar o Clever Cleaner, \u00e9 necess\u00e1rio certificar-se de que part\u00edculas s\u00f3lidas que possam danificar a superf\u00edcie do filtro foram removidas com o soprador NiSi. Usando o soprador NiSi corretamente, voc\u00ea pode remover quaisquer detritos s\u00f3lidos.<\/span><\/p>\n<p dir=\"ltr\" data-placeholder=\"Tradu\u00e7\u00e3o\">Descobre as nossas outras <a href=\"https:\/\/nisioptics.pt\/categoria\/acessorios\/limpeza-de-filtros\/\" target=\"_blank\" rel=\"noopener\">op\u00e7\u00f5es de limpeza.<\/a><\/p>\n","protected":false},"excerpt":{"rendered":"<ul>\n<li id=\"tw-target-text\" class=\"tw-data-text tw-text-large tw-ta\" dir=\"ltr\" data-placeholder=\"Tradu\u00e7\u00e3o\"><span class=\"Y2IQFc\" lang=\"pt\">Desenhado para limpeza de filtros quadrados<\/span><\/li>\n<li id=\"tw-target-text\" class=\"tw-data-text tw-text-large tw-ta\" dir=\"ltr\" data-placeholder=\"Tradu\u00e7\u00e3o\"><span class=\"Y2IQFc\" lang=\"pt\">Design compacto<\/span><\/li>\n<li id=\"tw-target-text\" class=\"tw-data-text tw-text-large tw-ta\" dir=\"ltr\" data-placeholder=\"Tradu\u00e7\u00e3o\"><span class=\"Y2IQFc\" lang=\"pt\">Grande superf\u00edcie de limpeza<\/span><\/li>\n<li id=\"tw-target-text\" class=\"tw-data-text tw-text-large tw-ta\" dir=\"ltr\" data-placeholder=\"Tradu\u00e7\u00e3o\"><span class=\"Y2IQFc\" lang=\"pt\">Pode ser usado para limpar telas LCD, telem\u00f3veis, tablets ou laptops.<\/span><\/li>\n<\/ul>\n","protected":false},"featured_media":9842,"comment_status":"closed","ping_status":"closed","template":"","meta":{"_acf_changed":false},"product_brand":[2543],"product_cat":[1036],"product_tag":[],"class_list":{"0":"post-12451","1":"product","2":"type-product","3":"status-publish","4":"has-post-thumbnail","6":"product_brand-nisioptics-es","7":"product_cat-limpieza-es","9":"first","10":"instock","11":"taxable","12":"shipping-taxable","13":"purchasable","14":"product-type-simple"},"bundled_by":[],"bundle_stock_status":"instock","bundle_stock_quantity":7,"bundle_virtual":false,"bundle_layout":"","bundle_add_to_cart_form_location":"","bundle_editable_in_cart":false,"bundle_sold_individually_context":"","bundle_item_grouping":"","bundle_min_size":"","bundle_max_size":"","bundle_price":[],"bundled_items":[],"bundle_sell_ids":[],"acf":[],"_links":{"self":[{"href":"https:\/\/hi-techwonder.com\/es\/wp-json\/wp\/v2\/product\/12451","targetHints":{"allow":["GET"]}}],"collection":[{"href":"https:\/\/hi-techwonder.com\/es\/wp-json\/wp\/v2\/product"}],"about":[{"href":"https:\/\/hi-techwonder.com\/es\/wp-json\/wp\/v2\/types\/product"}],"replies":[{"embeddable":true,"href":"https:\/\/hi-techwonder.com\/es\/wp-json\/wp\/v2\/comments?post=12451"}],"wp:featuredmedia":[{"embeddable":true,"href":"https:\/\/hi-techwonder.com\/es\/wp-json\/wp\/v2\/media\/9842"}],"wp:attachment":[{"href":"https:\/\/hi-techwonder.com\/es\/wp-json\/wp\/v2\/media?parent=12451"}],"wp:term":[{"taxonomy":"product_brand","embeddable":true,"href":"https:\/\/hi-techwonder.com\/es\/wp-json\/wp\/v2\/product_brand?post=12451"},{"taxonomy":"product_cat","embeddable":true,"href":"https:\/\/hi-techwonder.com\/es\/wp-json\/wp\/v2\/product_cat?post=12451"},{"taxonomy":"product_tag","embeddable":true,"href":"https:\/\/hi-techwonder.com\/es\/wp-json\/wp\/v2\/product_tag?post=12451"}],"curies":[{"name":"wp","href":"https:\/\/api.w.org\/{rel}","templated":true}]}}