{"id":12452,"date":"2025-07-23T23:07:57","date_gmt":"2025-07-23T23:07:57","guid":{"rendered":"https:\/\/fv6qoy3ls0.wpdns.site\/produto\/nisi-kit-porta-filtros-m75-ii-com-polarizador-true-color-nc-cpl\/"},"modified":"2026-04-08T12:30:33","modified_gmt":"2026-04-08T11:30:33","slug":"nisi-kit-porta-filtros-m75-ii-com-polarizador-true-color-nc-cpl","status":"publish","type":"product","link":"https:\/\/hi-techwonder.com\/es\/producto\/nisi-kit-porta-filtros-m75-ii-com-polarizador-true-color-nc-cpl\/","title":{"rendered":"Nisi Kit Porta-Filtros M75-II com Polarizador True Color NC CPL"},"content":{"rendered":"<h3>Nisi Kit Porta-Filtros M75-II com Polarizador True Color NC CPL<\/h3>\n<p><iframe loading=\"lazy\" title=\"Nisi Kit Soporte M75-II con Polarizador True Color NC CPL\" width=\"500\" height=\"281\" src=\"https:\/\/www.youtube.com\/embed\/-dii7Eysb5E?feature=oembed\" frameborder=\"0\" allow=\"accelerometer; autoplay; clipboard-write; encrypted-media; gyroscope; picture-in-picture; web-share\" referrerpolicy=\"strict-origin-when-cross-origin\" allowfullscreen><\/iframe><\/p>\n<p id=\"tw-target-text\" class=\"tw-data-text tw-text-large tw-ta\" dir=\"ltr\" data-placeholder=\"Tradu\u00e7\u00e3o\"><span class=\"Y2IQFc\" lang=\"pt\">O suporte NiSi M75-II de 75 mm com filtro polarizador NC CPL True Color permite o uso de at\u00e9 dois filtros de 75 mm de largura (2 mm de espessura) em conjunto com um filtro polarizador circular NiSi True Color inclu\u00eddo. O sistema de filtro retangular NiSi 75mm \u00e9 ideal para <strong>uso em lentes de sistema CSC \/ Mirrorless baseadas em sensores Micro Four Thirds<\/strong> (Micro Four Thirds \u2013 MFT\/M43, Olympus ou Panasonic G) ou APS-C, como Canon EOS M\/RF, Fujifilm X, Nikon Z ou Sony Alpha. <\/span><\/p>\n<p class=\"tw-data-text tw-text-large tw-ta\" dir=\"ltr\" data-placeholder=\"Tradu\u00e7\u00e3o\"><span class=\"Y2IQFc\" lang=\"pt\">Possui excelente qualidade de constru\u00e7\u00e3o, com design em alum\u00ednio. \u00c9 muito suave colocar e remover filtros. O nosso sistema exclusivo de clipe foi projetado para prender apenas nas bordas do filtro, evitando o contato com a superf\u00edcie do filtro. Os filtros s\u00e3o f\u00e1ceis de colocar e ficam bem seguros para evitar quebras. <\/span><\/p>\n<p class=\"tw-data-text tw-text-large tw-ta\" dir=\"ltr\" data-placeholder=\"Tradu\u00e7\u00e3o\"><span class=\"Y2IQFc\" lang=\"pt\">O porta-filtros \u00e9 compat\u00edvel com filtros 75x80mm ou 75x100mm da NiSi e marcas que possuem filtros de 2mm de espessura. A montagem M75-II n\u00e3o apenas permite rota\u00e7\u00e3o de 360 \u200b\u200bgraus, mas tamb\u00e9m possui um parafuso de bloqueio. Isso fornece mais seguran\u00e7a, mantendo toda a funcionalidade. <\/span><\/p>\n<p class=\"tw-data-text tw-text-large tw-ta\" dir=\"ltr\" data-placeholder=\"Tradu\u00e7\u00e3o\"><span class=\"Y2IQFc\" lang=\"pt\">Com o design exclusivo da engrenagem de rota\u00e7\u00e3o, o filtro CPL pode ser girado pela parte traseira do filtro, podendo alterar a posi\u00e7\u00e3o do CPL com filtros quadrados na frente do porta-filtros. O nosso novo design de CPL ponto a ponto permite uma instala\u00e7\u00e3o guiada mais f\u00e1cil do CPL no adaptador principal de 67 mm. Alinhando os marcadores brancos no CPL com a marca\u00e7\u00e3o branca no adaptador principal e girando, pode-se prender o CPL facilmente no lugar e remov\u00ea-lo com pouco esfor\u00e7o. <\/span><\/p>\n<h5 class=\"tw-data-text tw-text-large tw-ta\" dir=\"ltr\" data-placeholder=\"Tradu\u00e7\u00e3o\">Inclui:<\/h5>\n<ul>\n<li class=\"tw-data-text tw-text-large tw-ta\" dir=\"ltr\" data-placeholder=\"Tradu\u00e7\u00e3o\"><span class=\"Y2IQFc\" lang=\"pt\">Porta-Filtros NiSi M75-II <\/span><\/li>\n<li class=\"tw-data-text tw-text-large tw-ta\" dir=\"ltr\" data-placeholder=\"Tradu\u00e7\u00e3o\"><span class=\"Y2IQFc\" lang=\"pt\">Filtro Polarizador NiSi True Color NC CPL <\/span><\/li>\n<li class=\"tw-data-text tw-text-large tw-ta\" dir=\"ltr\" data-placeholder=\"Tradu\u00e7\u00e3o\"><span class=\"Y2IQFc\" lang=\"pt\">Anel adaptador principal de 67 mm <\/span><\/li>\n<li class=\"tw-data-text tw-text-large tw-ta\" dir=\"ltr\" data-placeholder=\"Tradu\u00e7\u00e3o\"><span class=\"Y2IQFc\" lang=\"pt\">Bolsa NiSi M75 Caddy para suporte e filtros <\/span><\/li>\n<\/ul>\n<p class=\"tw-data-text tw-text-large tw-ta\" dir=\"ltr\" data-placeholder=\"Tradu\u00e7\u00e3o\"><span class=\"Y2IQFc\" lang=\"pt\">An\u00e9is adaptadores adicionais para 39 mm, 40,5 mm, 43 mm, 46 mm, 49 mm, 52 mm, 55 mm, 58 mm, 62 mm e 72 mm s\u00e3o vendidos separadamente.<\/span><\/p>\n<p>Descobre mais sobre o nosso <a href=\"https:\/\/nisioptics.pt\/categoria\/descobre\/descobre-sistema-75mm\/\" target=\"_blank\" rel=\"noopener\">sistema de 75mm.<\/a><\/p>\n","protected":false},"excerpt":{"rendered":"<p><span class=\"Y2IQFc\" lang=\"pt\">Para lentes com rosca de filtro padr\u00e3o de 39 mm a 72 mm. <\/span><\/p>\n<ul>\n<li class=\"tw-data-text tw-text-large tw-ta\" dir=\"ltr\" data-placeholder=\"Tradu\u00e7\u00e3o\"><span class=\"Y2IQFc\" lang=\"pt\">Perfeito para c\u00e2maras compactas e mirrorless. <\/span><\/li>\n<li class=\"tw-data-text tw-text-large tw-ta\" dir=\"ltr\" data-placeholder=\"Tradu\u00e7\u00e3o\"><span class=\"Y2IQFc\" lang=\"pt\">Compat\u00edvel com filtros 75x80mm e 75x100mm \u2013 2mm de espessura <\/span><\/li>\n<li class=\"tw-data-text tw-text-large tw-ta\" dir=\"ltr\" data-placeholder=\"Tradu\u00e7\u00e3o\"><span class=\"Y2IQFc\" lang=\"pt\">Slots para 2 filtros quadrados <\/span><\/li>\n<li class=\"tw-data-text tw-text-large tw-ta\" dir=\"ltr\" data-placeholder=\"Tradu\u00e7\u00e3o\"><span class=\"Y2IQFc\" lang=\"pt\">Gira 360 graus <\/span><\/li>\n<li class=\"tw-data-text tw-text-large tw-ta\" dir=\"ltr\" data-placeholder=\"Tradu\u00e7\u00e3o\"><span class=\"Y2IQFc\" lang=\"pt\">Parafuso para fixar o \u00e2ngulo do porta-filtros<\/span><\/li>\n<li class=\"tw-data-text tw-text-large tw-ta\" dir=\"ltr\" data-placeholder=\"Tradu\u00e7\u00e3o\"><span class=\"Y2IQFc\" lang=\"pt\">Inclui anel adaptador de 67 mm, filtro polarizador True Color NC CPL e bolsa NiSi M75 Caddy para porta-filtros e filtros<\/span><\/li>\n<\/ul>\n","protected":false},"featured_media":9853,"comment_status":"closed","ping_status":"closed","template":"","meta":{"_acf_changed":false},"product_brand":[2543],"product_cat":[1054],"product_tag":[],"class_list":{"0":"post-12452","1":"product","2":"type-product","3":"status-publish","4":"has-post-thumbnail","6":"product_brand-nisioptics-es","7":"product_cat-accesorios-75mm","9":"first","10":"instock","11":"taxable","12":"shipping-taxable","13":"purchasable","14":"product-type-simple"},"bundled_by":[],"bundle_stock_status":"instock","bundle_stock_quantity":1,"bundle_virtual":false,"bundle_layout":"","bundle_add_to_cart_form_location":"","bundle_editable_in_cart":false,"bundle_sold_individually_context":"","bundle_item_grouping":"","bundle_min_size":"","bundle_max_size":"","bundle_price":[],"bundled_items":[],"bundle_sell_ids":[],"acf":[],"_links":{"self":[{"href":"https:\/\/hi-techwonder.com\/es\/wp-json\/wp\/v2\/product\/12452","targetHints":{"allow":["GET"]}}],"collection":[{"href":"https:\/\/hi-techwonder.com\/es\/wp-json\/wp\/v2\/product"}],"about":[{"href":"https:\/\/hi-techwonder.com\/es\/wp-json\/wp\/v2\/types\/product"}],"replies":[{"embeddable":true,"href":"https:\/\/hi-techwonder.com\/es\/wp-json\/wp\/v2\/comments?post=12452"}],"wp:featuredmedia":[{"embeddable":true,"href":"https:\/\/hi-techwonder.com\/es\/wp-json\/wp\/v2\/media\/9853"}],"wp:attachment":[{"href":"https:\/\/hi-techwonder.com\/es\/wp-json\/wp\/v2\/media?parent=12452"}],"wp:term":[{"taxonomy":"product_brand","embeddable":true,"href":"https:\/\/hi-techwonder.com\/es\/wp-json\/wp\/v2\/product_brand?post=12452"},{"taxonomy":"product_cat","embeddable":true,"href":"https:\/\/hi-techwonder.com\/es\/wp-json\/wp\/v2\/product_cat?post=12452"},{"taxonomy":"product_tag","embeddable":true,"href":"https:\/\/hi-techwonder.com\/es\/wp-json\/wp\/v2\/product_tag?post=12452"}],"curies":[{"name":"wp","href":"https:\/\/api.w.org\/{rel}","templated":true}]}}