{"id":12456,"date":"2025-07-23T23:07:57","date_gmt":"2025-07-23T23:07:57","guid":{"rendered":"https:\/\/fv6qoy3ls0.wpdns.site\/produto\/nisi-swift-true-color-nd-variavel-kit-1-9-stops-1-5-stops-nd-variavel-4-stop-nd\/"},"modified":"2026-05-13T10:40:45","modified_gmt":"2026-05-13T09:40:45","slug":"nisi-swift-true-color-nd-variavel-kit-1-9-stops-1-5-stops-nd-variavel-4-stop-nd","status":"publish","type":"product","link":"https:\/\/hi-techwonder.com\/es\/producto\/nisi-swift-true-color-nd-variavel-kit-1-9-stops-1-5-stops-nd-variavel-4-stop-nd\/","title":{"rendered":"NiSi Swift True Color ND Vari\u00e1vel Kit 1-9 stops (1-5 Stops ND Vari\u00e1vel + 4 Stop ND)"},"content":{"rendered":"<h3 dir=\"ltr\" data-placeholder=\"Tradu\u00e7\u00e3o\"><strong>NiSi Swift True Color ND Vari\u00e1vel Kit 1-9 stops (1-5 Stops ND Vari\u00e1vel + 4 Stop ND)<\/strong><\/h3>\n<p><iframe loading=\"lazy\" title=\"NiSi Sistema Swift\" width=\"500\" height=\"281\" src=\"https:\/\/www.youtube.com\/embed\/TQKvXcrF6Fc?feature=oembed\" frameborder=\"0\" allow=\"accelerometer; autoplay; clipboard-write; encrypted-media; gyroscope; picture-in-picture; web-share\" referrerpolicy=\"strict-origin-when-cross-origin\" allowfullscreen><\/iframe><\/p>\n<p id=\"tw-target-text\" class=\"tw-data-text tw-text-large tw-ta\" dir=\"ltr\" data-placeholder=\"Tradu\u00e7\u00e3o\"><span class=\"Y2IQFc\" lang=\"pt\">Este sistema inovador permite que simplesmente coloque filtros adicionais na frente do seu ND vari\u00e1vel, permitindo reduzir a exposi\u00e7\u00e3o de 1 a 9 stops. <\/span><\/p>\n<p class=\"tw-data-text tw-text-large tw-ta\" dir=\"ltr\" data-placeholder=\"Tradu\u00e7\u00e3o\"><span class=\"Y2IQFc\" lang=\"pt\">O True Color ND Vari\u00e1vel oferece grande controle sobre as configura\u00e7\u00f5es de exposi\u00e7\u00e3o, permitindo que voc\u00ea diminua a velocidade do obturador e use aberturas mais amplas para aquelas fotos impressionantes. Com os resultados de cor real que evitam a mudan\u00e7a de cor, voc\u00ea poder\u00e1 fotografar em qualquer condi\u00e7\u00e3o \u2013 claro e ensolarado ou escuro e sombrio. <\/span><\/p>\n<p class=\"tw-data-text tw-text-large tw-ta\" dir=\"ltr\" data-placeholder=\"Tradu\u00e7\u00e3o\"><span class=\"Y2IQFc\" lang=\"pt\">O NiSi Swift True Color 1-9 Stop ND Vari\u00e1vel Kit (1-5 Stop ND vari\u00e1vel + 4-Stop ND) inclui um NiSi True Color 1-5 Stop ND Vari\u00e1vel e um ND16 (4-Stop) ND que podem ser combinados para cobrir uma faixa .de 1 a 9 stops, tornando-o num dos kits ND vari\u00e1veis \u200b\u200bmais vers\u00e1teis do mercado. <\/span><\/p>\n<p class=\"tw-data-text tw-text-large tw-ta\" dir=\"ltr\" data-placeholder=\"Tradu\u00e7\u00e3o\"><span class=\"Y2IQFc\" lang=\"pt\">A NiSi criou este sistema de filtro exclusivo, o SWIFT, que permite transformar seu TRUE COLOR ND-VARIO de 1 a 5 pontos (0,3 a 1,5) num True Color de 5 a 9 ND vari\u00e1vel, simplesmente colocando o ND16 no seu lugar e criando um novo filtro. , pronto para obter uma redu\u00e7\u00e3o da entrada de luz na lente de 1 a 9 pontos. As caracter\u00edsticas e a qualidade do filtro evitam qualquer \u201cX\u201d ou \u201cefeito cruzado\u201d que os filtros ND vari\u00e1veis \u200b\u200bcostumam sofrer. <\/span><\/p>\n<p class=\"tw-data-text tw-text-large tw-ta\" dir=\"ltr\" data-placeholder=\"Tradu\u00e7\u00e3o\"><span class=\"Y2IQFc\" lang=\"pt\">O vidro \u00f3ptico \u00fanico e de alt\u00edssima qualidade que tornou a marca NiSi famosa tamb\u00e9m foi usado para esta vari\u00e1vel ND. Al\u00e9m disso, h\u00e1 o tratamento Nano Coating que torna a superf\u00edcie imperme\u00e1vel e resistente a \u00f3leos e poeira. Limpar os filtros nunca foi t\u00e3o f\u00e1cil. <\/span><\/p>\n<p class=\"tw-data-text tw-text-large tw-ta\" dir=\"ltr\" data-placeholder=\"Tradu\u00e7\u00e3o\"><span class=\"Y2IQFc\" lang=\"pt\">N\u00e3o h\u00e1 vinhetas at\u00e9 18 mm quando os dois filtros inclu\u00eddos s\u00e3o empilhados (16mm se estiver a ser usado apenas o ND vari\u00e1vel). A vinheta pode ocorrer em dist\u00e2ncias focais mais amplas.<\/span><\/p>\n<h5 dir=\"ltr\" data-placeholder=\"Tradu\u00e7\u00e3o\">True Color ND Vari\u00e1vel 1-5 stops<\/h5>\n<ul>\n<li id=\"tw-target-text\" class=\"tw-data-text tw-text-large tw-ta\" dir=\"ltr\" data-placeholder=\"Tradu\u00e7\u00e3o\"><span class=\"Y2IQFc\" lang=\"pt\">Tecnologia True Color que evita a mudan\u00e7a de cor vista em outros filtros vari\u00e1veis <\/span><\/li>\n<li class=\"tw-data-text tw-text-large tw-ta\" dir=\"ltr\" data-placeholder=\"Tradu\u00e7\u00e3o\"><span class=\"Y2IQFc\" lang=\"pt\">Dispon\u00edvel em varia\u00e7\u00f5es de 1 a 5 stops precisos <\/span><\/li>\n<li class=\"tw-data-text tw-text-large tw-ta\" dir=\"ltr\" data-placeholder=\"Tradu\u00e7\u00e3o\"><span class=\"Y2IQFc\" lang=\"pt\">A amplitude de stops predefinida elimina qualquer possibilidade de polariza\u00e7\u00e3o cruzada <\/span><\/li>\n<li class=\"tw-data-text tw-text-large tw-ta\" dir=\"ltr\" data-placeholder=\"Tradu\u00e7\u00e3o\"><span class=\"Y2IQFc\" lang=\"pt\">Vidro \u00f3ptico de alta defini\u00e7\u00e3o <\/span><\/li>\n<li class=\"tw-data-text tw-text-large tw-ta\" dir=\"ltr\" data-placeholder=\"Tradu\u00e7\u00e3o\"><span class=\"Y2IQFc\" lang=\"pt\">Nano revestimento, imperme\u00e1vel e anti-reflexo <\/span><\/li>\n<li class=\"tw-data-text tw-text-large tw-ta\" dir=\"ltr\" data-placeholder=\"Tradu\u00e7\u00e3o\"><span class=\"Y2IQFc\" lang=\"pt\">Sem vinhetas em lentes de at\u00e9 16 mm de dist\u00e2ncia focal <\/span><\/li>\n<li class=\"tw-data-text tw-text-large tw-ta\" dir=\"ltr\" data-placeholder=\"Tradu\u00e7\u00e3o\"><span class=\"Y2IQFc\" lang=\"pt\">Uma alavanca girat\u00f3ria opcional que pode ser removida<\/span><\/li>\n<\/ul>\n<p class=\"tw-data-text tw-text-large tw-ta\" dir=\"ltr\" data-placeholder=\"Tradu\u00e7\u00e3o\"><span class=\"Y2IQFc\" lang=\"es\"><strong>Cor perfeita<\/strong>: <\/span><span class=\"Y2IQFc\" lang=\"pt\">mais pr\u00f3ximo do neutro, quase sem mudan\u00e7a de cor. A cor \u00e9 perfeita, o que \u00e9 fiel \u00e0 cor do que voc\u00ea v\u00ea. Isso significa que a cor depois de colocar esse filtro \u00e9 a mais pr\u00f3xima do que voc\u00ea v\u00ea na c\u00e2mera sem filtro.<\/span><\/p>\n<p class=\"tw-data-text tw-text-large tw-ta\" dir=\"ltr\" data-placeholder=\"Tradu\u00e7\u00e3o\"><span class=\"Y2IQFc\" lang=\"es\"><strong>Consist\u00eancia da cor<\/strong>: <\/span><span class=\"Y2IQFc\" lang=\"pt\">Isso significa que de 1 a 5 stops, a cor \u00e9 a mesma e o cinza quase neutro. Quanto a outras marcas ND Vari\u00e1vel tradicionais, a sua cor \u00e9 inconsistente, o que torna a edi\u00e7\u00e3o de v\u00eddeo muito trabalhosa. Mas NiSi pode resolver esse problema.<\/span><\/p>\n<h5 dir=\"ltr\" data-placeholder=\"Tradu\u00e7\u00e3o\">ND 4 Stops<\/h5>\n<ul>\n<li id=\"tw-target-text\" class=\"tw-data-text tw-text-large tw-ta\" dir=\"ltr\" data-placeholder=\"Tradu\u00e7\u00e3o\"><span class=\"Y2IQFc\" lang=\"pt\">Desempenho True Color de 4 stops e, junto com o nosso ND vari\u00e1vel True Color de 1 a 5 stops, obt\u00e9m cores precisas com 1 a 9 stops de varia\u00e7\u00e3o <\/span><\/li>\n<li id=\"tw-target-text\" class=\"tw-data-text tw-text-large tw-ta\" dir=\"ltr\" data-placeholder=\"Tradu\u00e7\u00e3o\"><span class=\"Y2IQFc\" lang=\"pt\">Novo Revestimento Nano-Ti &#8211; Transmit\u00e2ncia uniforme de espectro completo de UV e infravermelho. A curva \u00e9 plana da luz ultravioleta \u00e0 luz infravermelha. <\/span><\/li>\n<li id=\"tw-target-text\" class=\"tw-data-text tw-text-large tw-ta\" dir=\"ltr\" data-placeholder=\"Tradu\u00e7\u00e3o\"><span class=\"Y2IQFc\" lang=\"pt\">Nano revestimento, imperme\u00e1vel e anti-reflexo<\/span><\/li>\n<\/ul>\n<p><strong><span class=\"Y2IQFc\" lang=\"pt\">Inclui <\/span><\/strong><\/p>\n<ul>\n<li><span class=\"Y2IQFc\" lang=\"pt\">True Color ND vari\u00e1vel 1-5 stops<\/span><\/li>\n<li><span class=\"Y2IQFc\" lang=\"pt\">ND16 (4 stops)<\/span><\/li>\n<li><span class=\"Y2IQFc\" lang=\"pt\">Tampa da lente para Sistema Swift<\/span><\/li>\n<li><span class=\"Y2IQFc\" lang=\"pt\">Estojo<\/span><\/li>\n<\/ul>\n<h3>Reviews<\/h3>\n<p><iframe loading=\"lazy\" title=\"FILTROS ND VARIABLE, ND16 Y BLACK MIST 1\/4 de NISI\ud83d\ude31\u200b\ud83d\udc4c\u200b\" width=\"500\" height=\"281\" src=\"https:\/\/www.youtube.com\/embed\/HkarzCw6PHw?feature=oembed\" frameborder=\"0\" allow=\"accelerometer; autoplay; clipboard-write; encrypted-media; gyroscope; picture-in-picture; web-share\" referrerpolicy=\"strict-origin-when-cross-origin\" allowfullscreen><\/iframe><\/p>\n<p>Descobre mais sobre o nosso <a href=\"https:\/\/nisioptics.pt\/categoria\/descobre\/descobre-sistema-swift\/\" target=\"_blank\" rel=\"noopener\">sistema Swift<\/a>.<\/p>\n","protected":false},"excerpt":{"rendered":"<ul>\n<li id=\"tw-target-text\" class=\"tw-data-text tw-text-large tw-ta\" dir=\"ltr\" data-placeholder=\"Tradu\u00e7\u00e3o\"><span class=\"Y2IQFc\" lang=\"pt\">O sistema NiSi Swift expande as capacidades do True Color 1-5 Stop ND vari\u00e1vel adicionando filtros adicionais simplesmente pressionando-os na sua frente<\/span><\/li>\n<li class=\"tw-data-text tw-text-large tw-ta\" dir=\"ltr\" data-placeholder=\"Tradu\u00e7\u00e3o\"><span class=\"Y2IQFc\" lang=\"pt\">Reduza a exposi\u00e7\u00e3o de 1 para 9 stops <\/span><\/li>\n<li class=\"tw-data-text tw-text-large tw-ta\" dir=\"ltr\" data-placeholder=\"Tradu\u00e7\u00e3o\"><span class=\"Y2IQFc\" lang=\"pt\">True Color 1-5 stops <\/span><span class=\"Y2IQFc\" lang=\"pt\">ND vari\u00e1vel + ND16 (4 stops) = \u200b\u200b5-9 stops<\/span><\/li>\n<li class=\"tw-data-text tw-text-large tw-ta\" dir=\"ltr\" data-placeholder=\"Tradu\u00e7\u00e3o\"><span class=\"Y2IQFc\" lang=\"pt\"> Filtro ND vari\u00e1vel que oferece mais controle sobre as configura\u00e7\u00f5es de exposi\u00e7\u00e3o, permite diminuir a velocidade do obturador e usar aberturas mais amplas <\/span><\/li>\n<li class=\"tw-data-text tw-text-large tw-ta\" dir=\"ltr\" data-placeholder=\"Tradu\u00e7\u00e3o\"><span class=\"Y2IQFc\" lang=\"pt\">Tecnologia True Color que evita a mudan\u00e7a de cor vista em outros filtros vari\u00e1veis <\/span><\/li>\n<li class=\"tw-data-text tw-text-large tw-ta\" dir=\"ltr\" data-placeholder=\"Tradu\u00e7\u00e3o\"><span class=\"Y2IQFc\" lang=\"pt\">Anel de filtro de controle de amplitude de exposi\u00e7\u00e3o com stops r\u00edgidos em cada extremidade <\/span><\/li>\n<li class=\"tw-data-text tw-text-large tw-ta\" dir=\"ltr\" data-placeholder=\"Tradu\u00e7\u00e3o\"><span class=\"Y2IQFc\" lang=\"pt\">Sem efeito &#8220;X&#8221; <\/span><\/li>\n<li class=\"tw-data-text tw-text-large tw-ta\" dir=\"ltr\" data-placeholder=\"Tradu\u00e7\u00e3o\"><span class=\"Y2IQFc\" lang=\"pt\">Vidro \u00f3ptico de alta defini\u00e7\u00e3o <\/span><\/li>\n<li class=\"tw-data-text tw-text-large tw-ta\" dir=\"ltr\" data-placeholder=\"Tradu\u00e7\u00e3o\"><span class=\"Y2IQFc\" lang=\"pt\">Nano revestimento, imperme\u00e1vel e anti-reflexo <\/span><\/li>\n<li class=\"tw-data-text tw-text-large tw-ta\" dir=\"ltr\" data-placeholder=\"Tradu\u00e7\u00e3o\"><span class=\"Y2IQFc\" lang=\"pt\">Uma alavanca girat\u00f3ria opcional que pode ser removida <\/span><\/li>\n<li class=\"tw-data-text tw-text-large tw-ta\" dir=\"ltr\" data-placeholder=\"Tradu\u00e7\u00e3o\"><span class=\"Y2IQFc\" lang=\"pt\">Inclui True Color ND vari\u00e1vel, ND16 (4 stops), tampa da lente e estojo<\/span><\/li>\n<\/ul>\n","protected":false},"featured_media":9909,"comment_status":"closed","ping_status":"closed","template":"","meta":{"_acf_changed":false},"product_brand":[2543],"product_cat":[1048,1049],"product_tag":[],"class_list":{"0":"post-12456","1":"product","2":"type-product","3":"status-publish","4":"has-post-thumbnail","6":"product_brand-nisioptics-es","7":"product_cat-kits-filtros-es-2","8":"product_cat-magneticos-y-presion","9":"pa_diametro-67mm-es","10":"pa_diametro-72mm-es","11":"pa_diametro-77mm-es","12":"pa_diametro-82mm-es","13":"pa_diametro-95mm-es","15":"first","16":"instock","17":"taxable","18":"shipping-taxable","19":"purchasable","20":"product-type-variable"},"bundled_by":[],"bundle_stock_status":"instock","bundle_stock_quantity":null,"bundle_virtual":false,"bundle_layout":"","bundle_add_to_cart_form_location":"","bundle_editable_in_cart":false,"bundle_sold_individually_context":"","bundle_item_grouping":"","bundle_min_size":"","bundle_max_size":"","bundle_price":[],"bundled_items":[],"bundle_sell_ids":[],"acf":[],"_links":{"self":[{"href":"https:\/\/hi-techwonder.com\/es\/wp-json\/wp\/v2\/product\/12456","targetHints":{"allow":["GET"]}}],"collection":[{"href":"https:\/\/hi-techwonder.com\/es\/wp-json\/wp\/v2\/product"}],"about":[{"href":"https:\/\/hi-techwonder.com\/es\/wp-json\/wp\/v2\/types\/product"}],"replies":[{"embeddable":true,"href":"https:\/\/hi-techwonder.com\/es\/wp-json\/wp\/v2\/comments?post=12456"}],"wp:featuredmedia":[{"embeddable":true,"href":"https:\/\/hi-techwonder.com\/es\/wp-json\/wp\/v2\/media\/9909"}],"wp:attachment":[{"href":"https:\/\/hi-techwonder.com\/es\/wp-json\/wp\/v2\/media?parent=12456"}],"wp:term":[{"taxonomy":"product_brand","embeddable":true,"href":"https:\/\/hi-techwonder.com\/es\/wp-json\/wp\/v2\/product_brand?post=12456"},{"taxonomy":"product_cat","embeddable":true,"href":"https:\/\/hi-techwonder.com\/es\/wp-json\/wp\/v2\/product_cat?post=12456"},{"taxonomy":"product_tag","embeddable":true,"href":"https:\/\/hi-techwonder.com\/es\/wp-json\/wp\/v2\/product_tag?post=12456"}],"curies":[{"name":"wp","href":"https:\/\/api.w.org\/{rel}","templated":true}]}}