{"id":12458,"date":"2025-07-23T23:07:57","date_gmt":"2025-07-23T23:07:57","guid":{"rendered":"https:\/\/fv6qoy3ls0.wpdns.site\/produto\/nisi-swift-vnd-mist-kit-1-9-stops-1-5-stops-nd-variavel-4-stop-nd-black-mist-1-4\/"},"modified":"2026-04-16T10:29:06","modified_gmt":"2026-04-16T09:29:06","slug":"nisi-swift-vnd-mist-kit-1-9-stops-1-5-stops-nd-variavel-4-stop-nd-black-mist-1-4","status":"publish","type":"product","link":"https:\/\/hi-techwonder.com\/es\/producto\/nisi-swift-vnd-mist-kit-1-9-stops-1-5-stops-nd-variavel-4-stop-nd-black-mist-1-4\/","title":{"rendered":"NiSi Swift VND Mist Kit 1-9 Stops (1-5 Stops ND Vari\u00e1vel, 4 Stop ND, Black Mist 1\/4)"},"content":{"rendered":"<h3 dir=\"ltr\" data-placeholder=\"Tradu\u00e7\u00e3o\"><strong>NiSi Swift VND Mist Kit 1-9 Stops (1-5 Stops ND Vari\u00e1vel, 4 Stop ND, Black Mist 1\/4)<\/strong><\/h3>\n<p><iframe loading=\"lazy\" title=\"NiSi Sistema Swift\" width=\"500\" height=\"281\" src=\"https:\/\/www.youtube.com\/embed\/TQKvXcrF6Fc?feature=oembed\" frameborder=\"0\" allow=\"accelerometer; autoplay; clipboard-write; encrypted-media; gyroscope; picture-in-picture; web-share\" referrerpolicy=\"strict-origin-when-cross-origin\" allowfullscreen><\/iframe><\/p>\n<p id=\"tw-target-text\" class=\"tw-data-text tw-text-large tw-ta\" dir=\"ltr\" data-placeholder=\"Tradu\u00e7\u00e3o\"><span class=\"Y2IQFc\" lang=\"pt\">O NiSi Swift ND Variable Mist Kit (True Color 1-5 stop ND Vari\u00e1vel, 4 Stop ND + Black Mist 1\/4) \u00e9 a escolha perfeita para fot\u00f3grafos que desejam mais controle sobre suas configura\u00e7\u00f5es de exposi\u00e7\u00e3o. Com um filtro ND vari\u00e1vel, este kit oferece uma ampla gama de op\u00e7\u00f5es de exposi\u00e7\u00e3o, de 1 a 9 stops. <\/span><\/p>\n<p class=\"tw-data-text tw-text-large tw-ta\" dir=\"ltr\" data-placeholder=\"Tradu\u00e7\u00e3o\"><span class=\"Y2IQFc\" lang=\"pt\">O filtro True Color 1-5 stop ND Vari\u00e1vel garante que suas imagens evitem a mudan\u00e7a de cor que pode ocorrer com outros filtros vari\u00e1veis. Possui um anel de filtro de controle da exposi\u00e7\u00e3o que permite ajustar facilmente a quantidade de luz que entra na c\u00e2mara, enquanto os stops r\u00edgidos em cada extremidade fornecem controle preciso. O Nano revestimento no vidro garante que este seja \u00e0 prova de \u00e1gua e antirreflexo. A alavanca girat\u00f3ria opcional facilita a rota\u00e7\u00e3o do filtro, mesmo usando luvas. E, finalmente, Black Mist 1\/4 reduz os reflexos e d\u00e1 \u00e0s suas imagens uma apar\u00eancia mais suave. <\/span><\/p>\n<p class=\"tw-data-text tw-text-large tw-ta\" dir=\"ltr\" data-placeholder=\"Tradu\u00e7\u00e3o\"><span class=\"Y2IQFc\" lang=\"pt\">O sistema NiSi Swift funciona perfeitamente com o filtro NiSi True Color 1-5 stop ND vari\u00e1vel, ou com um anel adaptador Swift, permitindo que a capacidade seja expandida adicionando filtros adicionais simplesmente pressionando-os na frente do filtro NiSi True Color 1-5 stop ND vari\u00e1vel ou anel adaptador Swift. <\/span><\/p>\n<p class=\"tw-data-text tw-text-large tw-ta\" dir=\"ltr\" data-placeholder=\"Tradu\u00e7\u00e3o\"><span class=\"Y2IQFc\" lang=\"pt\">O vidro \u00f3ptico de alta defini\u00e7\u00e3o e o revestimento nano desses filtros garantir\u00e3o que suas imagens sejam n\u00edtidas e sem distor\u00e7\u00e3o. Ao mesmo tempo, o revestimento \u00e0 prova d&#8217;\u00e1gua e antirreflexo mant\u00ea-los-\u00e0 com \u00f3tima apar\u00eancia por muitos anos. Al\u00e9m disso, o anel adaptador inclu\u00eddo facilita a montagem do ND16 (4 stops) ou Black Mist diretamente na sua lente sem o filtro ND Vari\u00e1vel True Color de 1 a 5 stops. <\/span><\/p>\n<p class=\"tw-data-text tw-text-large tw-ta\" dir=\"ltr\" data-placeholder=\"Tradu\u00e7\u00e3o\"><span class=\"Y2IQFc\" lang=\"pt\">N\u00e3o h\u00e1 vinheta at\u00e9 18 mm ao empilhar um filtro com o filtro NiSi True Color 1-5 Stops ND vari\u00e1vel. Ao empilhar os dois filtros com True Color 1-5 Stops ND Variable n\u00e3o ter\u00e1 vinhetas at\u00e9 20mm. A vinheta pode ocorrer em dist\u00e2ncias focais mais amplas.<\/span><\/p>\n<h5 dir=\"ltr\" data-placeholder=\"Tradu\u00e7\u00e3o\">True Color ND Vari\u00e1vel 1-5 stops<\/h5>\n<ul>\n<li id=\"tw-target-text\" class=\"tw-data-text tw-text-large tw-ta\" dir=\"ltr\" data-placeholder=\"Tradu\u00e7\u00e3o\"><span class=\"Y2IQFc\" lang=\"pt\">Tecnologia True Color que evita a mudan\u00e7a de cor vista em outros filtros vari\u00e1veis<\/span><\/li>\n<li class=\"tw-data-text tw-text-large tw-ta\" dir=\"ltr\" data-placeholder=\"Tradu\u00e7\u00e3o\"><span class=\"Y2IQFc\" lang=\"pt\">Dispon\u00edvel em varia\u00e7\u00f5es de 1 a 5 stops precisos<\/span><\/li>\n<li class=\"tw-data-text tw-text-large tw-ta\" dir=\"ltr\" data-placeholder=\"Tradu\u00e7\u00e3o\"><span class=\"Y2IQFc\" lang=\"pt\">A amplitude de stops predefinida elimina qualquer possibilidade de polariza\u00e7\u00e3o cruzada<\/span><\/li>\n<li class=\"tw-data-text tw-text-large tw-ta\" dir=\"ltr\" data-placeholder=\"Tradu\u00e7\u00e3o\"><span class=\"Y2IQFc\" lang=\"pt\">Vidro \u00f3ptico de alta defini\u00e7\u00e3o<\/span><\/li>\n<li class=\"tw-data-text tw-text-large tw-ta\" dir=\"ltr\" data-placeholder=\"Tradu\u00e7\u00e3o\"><span class=\"Y2IQFc\" lang=\"pt\">Nano revestimento, imperme\u00e1vel e anti-reflexo<\/span><\/li>\n<li class=\"tw-data-text tw-text-large tw-ta\" dir=\"ltr\" data-placeholder=\"Tradu\u00e7\u00e3o\"><span class=\"Y2IQFc\" lang=\"pt\">Sem vinhetas em lentes de at\u00e9 16 mm de dist\u00e2ncia focal<\/span><\/li>\n<li class=\"tw-data-text tw-text-large tw-ta\" dir=\"ltr\" data-placeholder=\"Tradu\u00e7\u00e3o\"><span class=\"Y2IQFc\" lang=\"pt\">Uma alavanca girat\u00f3ria opcional que pode ser removida<\/span><\/li>\n<\/ul>\n<p class=\"tw-data-text tw-text-large tw-ta\" dir=\"ltr\" data-placeholder=\"Tradu\u00e7\u00e3o\"><span class=\"Y2IQFc\" lang=\"es\"><strong>Cor perfeita<\/strong>:\u00a0<\/span><span class=\"Y2IQFc\" lang=\"pt\">mais pr\u00f3ximo do neutro, quase sem mudan\u00e7a de cor. A cor \u00e9 perfeita, o que \u00e9 fiel \u00e0 cor do que voc\u00ea v\u00ea. Isso significa que a cor depois de colocar esse filtro \u00e9 a mais pr\u00f3xima do que voc\u00ea v\u00ea na c\u00e2mera sem filtro.<\/span><\/p>\n<p class=\"tw-data-text tw-text-large tw-ta\" dir=\"ltr\" data-placeholder=\"Tradu\u00e7\u00e3o\"><span class=\"Y2IQFc\" lang=\"es\"><strong>Consist\u00eancia da cor<\/strong>:\u00a0<\/span><span class=\"Y2IQFc\" lang=\"pt\">Isso significa que de 1 a 5 stops, a cor \u00e9 a mesma e o cinza quase neutro. Quanto a outras marcas ND vari\u00e1veis tradicionais, a sua cor \u00e9 inconsistente, o que torna a edi\u00e7\u00e3o de v\u00eddeo muito trabalhosa. Mas NiSi pode resolver esse problema.<\/span><\/p>\n<h5 dir=\"ltr\" data-placeholder=\"Tradu\u00e7\u00e3o\">ND 4 Stops<\/h5>\n<ul>\n<li id=\"tw-target-text\" class=\"tw-data-text tw-text-large tw-ta\" dir=\"ltr\" data-placeholder=\"Tradu\u00e7\u00e3o\"><span class=\"Y2IQFc\" lang=\"pt\">Desempenho True Color de 4 stops e, junto com o nosso ND vari\u00e1vel <\/span><span class=\"Y2IQFc\" lang=\"pt\">True Color de 1 a 5 stops, obt\u00e9m cores precisas com 1 a 9 stops de varia\u00e7\u00e3o<\/span><\/li>\n<li id=\"tw-target-text\" class=\"tw-data-text tw-text-large tw-ta\" dir=\"ltr\" data-placeholder=\"Tradu\u00e7\u00e3o\"><span class=\"Y2IQFc\" lang=\"pt\">Novo Revestimento Nano-Ti \u2013 Transmit\u00e2ncia uniforme de espectro completo de UV e infravermelho. A curva \u00e9 plana da luz ultravioleta \u00e0 luz infravermelha.<\/span><\/li>\n<li id=\"tw-target-text\" class=\"tw-data-text tw-text-large tw-ta\" dir=\"ltr\" data-placeholder=\"Tradu\u00e7\u00e3o\"><span class=\"Y2IQFc\" lang=\"pt\">Nano revestimento, imperme\u00e1vel e anti-reflexo<\/span><\/li>\n<\/ul>\n<h5>Black Mist 1\/4<\/h5>\n<ul>\n<li id=\"tw-target-text\" class=\"tw-data-text tw-text-large tw-ta\" dir=\"ltr\" data-placeholder=\"Tradu\u00e7\u00e3o\"><span class=\"Y2IQFc\" lang=\"pt\">Nano revestimento, imperme\u00e1vel e antirreflexo<\/span><\/li>\n<li class=\"tw-data-text tw-text-large tw-ta\" dir=\"ltr\" data-placeholder=\"Tradu\u00e7\u00e3o\"><span class=\"Y2IQFc\" lang=\"pt\"> Reduz os reflexos e reduz o contraste <\/span><\/li>\n<li class=\"tw-data-text tw-text-large tw-ta\" dir=\"ltr\" data-placeholder=\"Tradu\u00e7\u00e3o\"><span class=\"Y2IQFc\" lang=\"pt\">Cria uma qualidade de luz suave e pastel <\/span><\/li>\n<li class=\"tw-data-text tw-text-large tw-ta\" dir=\"ltr\" data-placeholder=\"Tradu\u00e7\u00e3o\"><span class=\"Y2IQFc\" lang=\"pt\">Suaviza rugas e manchas na pele <\/span><\/li>\n<li class=\"tw-data-text tw-text-large tw-ta\" dir=\"ltr\" data-placeholder=\"Tradu\u00e7\u00e3o\"><span class=\"Y2IQFc\" lang=\"pt\">Produz pouca perda de detalhes da imagem em compara\u00e7\u00e3o com os filtros de difus\u00e3o tradicionais <\/span><\/li>\n<li class=\"tw-data-text tw-text-large tw-ta\" dir=\"ltr\" data-placeholder=\"Tradu\u00e7\u00e3o\"><span class=\"Y2IQFc\" lang=\"pt\">Pode ser usado com o anel adaptador do sistema Swift ou adicionar NiSi True color ND Vari\u00e1vel 1-5 stops<\/span><\/li>\n<\/ul>\n<h5>Inclui:<\/h5>\n<ul>\n<li><span class=\"Y2IQFc\" lang=\"pt\">NiSi ND vari\u00e1vel True Color 1-5 stop, <\/span><\/li>\n<li><span class=\"Y2IQFc\" lang=\"pt\">ND16 (4 Stop), <\/span><\/li>\n<li><span class=\"Y2IQFc\" lang=\"pt\">Black Mist 1\/4, <\/span><\/li>\n<li><span class=\"Y2IQFc\" lang=\"pt\">Anel adaptador Swift, <\/span><\/li>\n<li><span class=\"Y2IQFc\" lang=\"pt\">Tampa da lente para sistema Swift<\/span><\/li>\n<li><span class=\"Y2IQFc\" lang=\"pt\">Estojo.<\/span><\/li>\n<\/ul>\n<h3>Reviews<\/h3>\n<p><iframe loading=\"lazy\" title=\"FILTROS ND VARIABLE, ND16 Y BLACK MIST 1\/4 de NISI\ud83d\ude31\u200b\ud83d\udc4c\u200b\" width=\"500\" height=\"281\" src=\"https:\/\/www.youtube.com\/embed\/HkarzCw6PHw?feature=oembed\" frameborder=\"0\" allow=\"accelerometer; autoplay; clipboard-write; encrypted-media; gyroscope; picture-in-picture; web-share\" referrerpolicy=\"strict-origin-when-cross-origin\" allowfullscreen><\/iframe><\/p>\n<p>Descobre mais sobre o nosso <a href=\"https:\/\/nisioptics.pt\/categoria\/descobre\/descobre-sistema-swift\/\" target=\"_blank\" rel=\"noopener\">sistema Swift<\/a>.<\/p>\n","protected":false},"excerpt":{"rendered":"<ul>\n<li id=\"tw-target-text\" class=\"tw-data-text tw-text-large tw-ta\" dir=\"ltr\" data-placeholder=\"Tradu\u00e7\u00e3o\"><span class=\"Y2IQFc\" lang=\"pt\">O sistema NiSi Swift expande as capacidades do True Color 1-5 Stop VND adicionando filtros adicionais simplesmente pressionando-os na sua frente<\/span><\/li>\n<li class=\"tw-data-text tw-text-large tw-ta\" dir=\"ltr\" data-placeholder=\"Tradu\u00e7\u00e3o\"><span class=\"Y2IQFc\" lang=\"pt\">Reduza a exposi\u00e7\u00e3o de 1 para 9 stops<\/span><\/li>\n<li class=\"tw-data-text tw-text-large tw-ta\" dir=\"ltr\" data-placeholder=\"Tradu\u00e7\u00e3o\"><span class=\"Y2IQFc\" lang=\"pt\">True Color 1-5 stops ND<\/span><span class=\"Y2IQFc\" lang=\"pt\"> vari\u00e1vel + ND16 (4 stops) = \u200b\u200b5-9 stops<\/span><\/li>\n<li class=\"tw-data-text tw-text-large tw-ta\" dir=\"ltr\" data-placeholder=\"Tradu\u00e7\u00e3o\"><span class=\"Y2IQFc\" lang=\"pt\">Filtro ND vari\u00e1vel que oferece mais controle sobre as configura\u00e7\u00f5es de exposi\u00e7\u00e3o, permite diminuir a velocidade do obturador e usar aberturas mais amplas<\/span><\/li>\n<li class=\"tw-data-text tw-text-large tw-ta\" dir=\"ltr\" data-placeholder=\"Tradu\u00e7\u00e3o\"><span class=\"Y2IQFc\" lang=\"pt\">Tecnologia True Color que evita a mudan\u00e7a de cor vista em outros filtros vari\u00e1veis<\/span><\/li>\n<li class=\"tw-data-text tw-text-large tw-ta\" dir=\"ltr\" data-placeholder=\"Tradu\u00e7\u00e3o\"><span class=\"Y2IQFc\" lang=\"pt\">Anel de filtro de controle de amplitude de exposi\u00e7\u00e3o com stops r\u00edgidos em cada extremidade<\/span><\/li>\n<li class=\"tw-data-text tw-text-large tw-ta\" dir=\"ltr\" data-placeholder=\"Tradu\u00e7\u00e3o\"><span class=\"Y2IQFc\" lang=\"pt\">Sem efeito \u201cX\u201d<\/span><\/li>\n<li class=\"tw-data-text tw-text-large tw-ta\" dir=\"ltr\" data-placeholder=\"Tradu\u00e7\u00e3o\"><span class=\"Y2IQFc\" lang=\"pt\">Vidro \u00f3ptico de alta defini\u00e7\u00e3o<\/span><\/li>\n<li class=\"tw-data-text tw-text-large tw-ta\" dir=\"ltr\" data-placeholder=\"Tradu\u00e7\u00e3o\"><span class=\"Y2IQFc\" lang=\"pt\">Nano revestimento, imperme\u00e1vel e anti-reflexo<\/span><\/li>\n<li class=\"tw-data-text tw-text-large tw-ta\" dir=\"ltr\" data-placeholder=\"Tradu\u00e7\u00e3o\"><span class=\"Y2IQFc\" lang=\"pt\">Uma alavanca girat\u00f3ria opcional que pode ser removida<\/span><\/li>\n<li class=\"tw-data-text tw-text-large tw-ta\" dir=\"ltr\" data-placeholder=\"Tradu\u00e7\u00e3o\"><span class=\"Y2IQFc\" lang=\"pt\">O filtro Black Mist 1\/4 reduz os reflexos, reduz o contraste, suaviza as rugas e as imperfei\u00e7\u00f5es da pele <\/span><\/li>\n<li class=\"tw-data-text tw-text-large tw-ta\" dir=\"ltr\" data-placeholder=\"Tradu\u00e7\u00e3o\"><span class=\"Y2IQFc\" lang=\"pt\">O filtro Black Mist cria uma qualidade de luz suave e pastel e cria um visual cinematogr\u00e1fico. <\/span><\/li>\n<li class=\"tw-data-text tw-text-large tw-ta\" dir=\"ltr\" data-placeholder=\"Tradu\u00e7\u00e3o\"><span class=\"Y2IQFc\" lang=\"pt\">Use o ND16 (4 stops) ou Black Mist 1\/4 sem o True Color ND Vari\u00e1vel usando o anel adaptador inclu\u00eddo <\/span><\/li>\n<li class=\"tw-data-text tw-text-large tw-ta\" dir=\"ltr\" data-placeholder=\"Tradu\u00e7\u00e3o\"><span class=\"Y2IQFc\" lang=\"pt\">Inclui True Color ND Vari\u00e1vel 1-5 stops, ND16 (4 stops), Black Mist 1\/4, anel adaptador, tampa da lente e estojo<\/span><\/li>\n<\/ul>\n","protected":false},"featured_media":9915,"comment_status":"closed","ping_status":"closed","template":"","meta":{"_acf_changed":false},"product_brand":[2543],"product_cat":[1048,1049],"product_tag":[],"class_list":{"0":"post-12458","1":"product","2":"type-product","3":"status-publish","4":"has-post-thumbnail","6":"product_brand-nisioptics-es","7":"product_cat-kits-filtros-es-2","8":"product_cat-magneticos-y-presion","9":"pa_diametro-67mm-es","10":"pa_diametro-72mm-es","11":"pa_diametro-77mm-es","12":"pa_diametro-82mm-es","13":"pa_diametro-95mm-es","15":"first","16":"instock","17":"taxable","18":"shipping-taxable","19":"purchasable","20":"product-type-variable"},"bundled_by":[],"bundle_stock_status":"instock","bundle_stock_quantity":null,"bundle_virtual":false,"bundle_layout":"","bundle_add_to_cart_form_location":"","bundle_editable_in_cart":false,"bundle_sold_individually_context":"","bundle_item_grouping":"","bundle_min_size":"","bundle_max_size":"","bundle_price":[],"bundled_items":[],"bundle_sell_ids":[],"acf":[],"_links":{"self":[{"href":"https:\/\/hi-techwonder.com\/es\/wp-json\/wp\/v2\/product\/12458","targetHints":{"allow":["GET"]}}],"collection":[{"href":"https:\/\/hi-techwonder.com\/es\/wp-json\/wp\/v2\/product"}],"about":[{"href":"https:\/\/hi-techwonder.com\/es\/wp-json\/wp\/v2\/types\/product"}],"replies":[{"embeddable":true,"href":"https:\/\/hi-techwonder.com\/es\/wp-json\/wp\/v2\/comments?post=12458"}],"wp:featuredmedia":[{"embeddable":true,"href":"https:\/\/hi-techwonder.com\/es\/wp-json\/wp\/v2\/media\/9915"}],"wp:attachment":[{"href":"https:\/\/hi-techwonder.com\/es\/wp-json\/wp\/v2\/media?parent=12458"}],"wp:term":[{"taxonomy":"product_brand","embeddable":true,"href":"https:\/\/hi-techwonder.com\/es\/wp-json\/wp\/v2\/product_brand?post=12458"},{"taxonomy":"product_cat","embeddable":true,"href":"https:\/\/hi-techwonder.com\/es\/wp-json\/wp\/v2\/product_cat?post=12458"},{"taxonomy":"product_tag","embeddable":true,"href":"https:\/\/hi-techwonder.com\/es\/wp-json\/wp\/v2\/product_tag?post=12458"}],"curies":[{"name":"wp","href":"https:\/\/api.w.org\/{rel}","templated":true}]}}