{"id":12461,"date":"2025-07-23T23:07:57","date_gmt":"2025-07-23T23:07:57","guid":{"rendered":"https:\/\/fv6qoy3ls0.wpdns.site\/produto\/cabo-disparador-para-nisi-controlo-remoto-bluetooth\/"},"modified":"2026-04-08T12:34:05","modified_gmt":"2026-04-08T11:34:05","slug":"nisi-cabo-disparador-para-nisi-controlo-remoto-bluetooth","status":"publish","type":"product","link":"https:\/\/hi-techwonder.com\/es\/producto\/nisi-cabo-disparador-para-nisi-controlo-remoto-bluetooth\/","title":{"rendered":"Cable de disparo para control remoto Bluetooth NiSi"},"content":{"rendered":"<h3 dir=\"ltr\" data-placeholder=\"Tradu\u00e7\u00e3o\"><strong>Cable de disparo para control remoto Bluetooth NiSi<\/strong><\/h3>\n<p id=\"tw-target-text\" class=\"tw-data-text tw-text-large tw-ta\" dir=\"ltr\" data-placeholder=\"Tradu\u00e7\u00e3o\"><span class=\"Y2IQFc\" lang=\"pt\">Empareja tu mando a distancia Bluetooth NiSi con el cable adecuado para tu c\u00e1mara y con\u00e9ctalo a nuestra aplicaci\u00f3n para obtener tus exposiciones largas con un solo toque.  <\/span><\/p>\n<p class=\"tw-data-text tw-text-large tw-ta\" dir=\"ltr\" data-placeholder=\"Tradu\u00e7\u00e3o\"><span class=\"Y2IQFc\" lang=\"pt\">Conector de 3,5 mm para control remoto Bluetooth NiSi  <\/span><\/p>\n<p class=\"tw-data-text tw-text-large tw-ta\" dir=\"ltr\" data-placeholder=\"Tradu\u00e7\u00e3o\"><span class=\"Y2IQFc\" lang=\"pt\">1 metro de largo  <\/span><\/p>\n<p class=\"tw-data-text tw-text-large tw-ta\" dir=\"ltr\" data-placeholder=\"Tradu\u00e7\u00e3o\"><span class=\"Y2IQFc\" lang=\"pt\">Compatible con muchos est\u00e1ndares de cable:<\/span><\/p>\n<ul>\n<li><strong>Sony S2 \u2013 <\/strong>A7 IV, A9, A7III, A7R3, A7M3, A7S3, A7II, A7R2, A7M2, A7S2, A7R, A7S, A7, a6500, a6300, a6400, a6000, a5100, a5000, a3000, NEX-3N, a58, HX50, HX60, HX300, HX400, RX100M2, RX100M3, RX100M4, RX100M5, RX100M6, RX100M7<\/li>\n<li><strong>Canon C1 \u2013 <\/strong>R6, RP, R, 80D, 77D, 70D, 60D, 800D, 760D, 750D, 700D, 650D, 600D, 550D, 500D, 450D, 200D, 100D, 1300D, 1200D, 1100D, 1000D, M5, M6, G3X, G10, G11, G12, G15, SX70hs, SX60HS, SX50hs<\/li>\n<li><strong>FUJI CF1 \u2013 <\/strong>X-PRO3, XT4, 100V, XS10, XT30, XE4, XA7, GFX100S, GFX100<\/li>\n<li><strong>Pentax CF1 \u2013 <\/strong>645D, 645Z, K100D, K7D, K10D, K20D, K100D, K110D, K200D, K1,K3 ,K5, K7, K50, K30, K-5II<\/li>\n<li><strong>Canon C2 \u2013 <\/strong>R5, 7D2, 7D, 6D2, 6D, 5Dsr, 5Ds, 5D4, 5D3, 5D2, 5D, 50D, 40D, 30D, 20D, 10D, 1DX, 1D4, 1D3, 1D2, 1V, EOS-3<\/li>\n<li><strong>Nikon N1 \u2013 <\/strong>D850, D810, D800, D800E, D700, D500, D300, D300S, D200, D3, D3S, D3X, D4, D5, D1X, F5, F6, F90, F100<\/li>\n<li><strong>Nikon N3 \u2013 <\/strong>Z7II, Z6II, Z7, Z6, Z50, D780, D750, D7500, D7200, D7100, D7000, DF, D5600, D5300, D5200, D5100, D5000, D610, D600, D90, D3300, D3200, D3100<\/li>\n<\/ul>\n","protected":false},"excerpt":{"rendered":"<p id=\"tw-target-text\" class=\"tw-data-text tw-text-large tw-ta\" dir=\"ltr\" data-placeholder=\"Tradu\u00e7\u00e3o\"><span class=\"Y2IQFc\" lang=\"pt\">Compatible con muchos est\u00e1ndares de cable:<\/span><\/p>\n<ul>\n<li><strong>Sony S2 \u2013 <\/strong>A7 IV, A9, A7III, A7R3, A7M3, A7S3, A7II, A7R2, A7M2, A7S2, A7R, A7S, A7, a6500, a6300, a6400, a6000, a5100, a5000, a3000, NEX-3N, a58, HX50, HX60, HX300, HX400, RX100M2, RX100M3, RX100M4, RX100M5, RX100M6, RX100M7<\/li>\n<li><strong>Canon C1 \u2013 <\/strong>R6, RP, R, 80D, 77D, 70D, 60D, 800D, 760D, 750D, 700D, 650D, 600D, 550D, 500D, 450D, 200D, 100D, 1300D, 1200D, 1100D, 1000D, M5, M6, G3X, G10, G11, G12, G15, SX70hs, SX60HS, SX50hs<\/li>\n<li><strong>FUJI CF1 \u2013 <\/strong>X-PRO3, XT4, 100V, XS10, XT30, XE4, XA7, GFX100S, GFX100<\/li>\n<li><strong>Pentax CF1 \u2013 <\/strong>645D, 645Z, K100D, K7D, K10D, K20D, K100D, K110D, K200D, K1,K3 ,K5, K7, K50, K30, K-5II<\/li>\n<li><strong>Canon C2 \u2013 <\/strong>R5, 7D2, 7D, 6D2, 6D, 5Dsr, 5Ds, 5D4, 5D3, 5D2, 5D, 50D, 40D, 30D, 20D, 10D, 1DX, 1D4, 1D3, 1D2, 1V, EOS-3<\/li>\n<li><strong>Nikon N1 \u2013 <\/strong>D850, D810, D800, D800E, D700, D500, D300, D300S, D200, D3, D3S, D3X, D4, D5, D1X, F5, F6, F90, F100<\/li>\n<li><strong>Nikon N3 \u2013 <\/strong>Z7II, Z6II, Z7, Z6, Z50, D780, D750, D7500, D7200, D7100, D7000, DF, D5600, D5300, D5200, D5100, D5000, D610, D600, D90, D3300, D3200, D3100<\/li>\n<\/ul>\n<p><span class=\"Y2IQFc\" lang=\"pt\">Conector de 3,5 mm para control remoto Bluetooth NiSi<\/span><\/p>\n","protected":false},"featured_media":9922,"comment_status":"closed","ping_status":"closed","template":"","meta":{"_acf_changed":false},"product_brand":[2543],"product_cat":[919],"product_tag":[],"class_list":{"0":"post-12461","1":"product","2":"type-product","3":"status-publish","4":"has-post-thumbnail","6":"product_brand-nisioptics-es","7":"product_cat-disparadores-es","9":"first","10":"instock","11":"taxable","12":"shipping-taxable","13":"purchasable","14":"product-type-variable"},"bundled_by":[],"bundle_stock_status":"instock","bundle_stock_quantity":null,"bundle_virtual":false,"bundle_layout":"","bundle_add_to_cart_form_location":"","bundle_editable_in_cart":false,"bundle_sold_individually_context":"","bundle_item_grouping":"","bundle_min_size":"","bundle_max_size":"","bundle_price":[],"bundled_items":[],"bundle_sell_ids":[],"acf":[],"_links":{"self":[{"href":"https:\/\/hi-techwonder.com\/es\/wp-json\/wp\/v2\/product\/12461","targetHints":{"allow":["GET"]}}],"collection":[{"href":"https:\/\/hi-techwonder.com\/es\/wp-json\/wp\/v2\/product"}],"about":[{"href":"https:\/\/hi-techwonder.com\/es\/wp-json\/wp\/v2\/types\/product"}],"replies":[{"embeddable":true,"href":"https:\/\/hi-techwonder.com\/es\/wp-json\/wp\/v2\/comments?post=12461"}],"wp:featuredmedia":[{"embeddable":true,"href":"https:\/\/hi-techwonder.com\/es\/wp-json\/wp\/v2\/media\/9922"}],"wp:attachment":[{"href":"https:\/\/hi-techwonder.com\/es\/wp-json\/wp\/v2\/media?parent=12461"}],"wp:term":[{"taxonomy":"product_brand","embeddable":true,"href":"https:\/\/hi-techwonder.com\/es\/wp-json\/wp\/v2\/product_brand?post=12461"},{"taxonomy":"product_cat","embeddable":true,"href":"https:\/\/hi-techwonder.com\/es\/wp-json\/wp\/v2\/product_cat?post=12461"},{"taxonomy":"product_tag","embeddable":true,"href":"https:\/\/hi-techwonder.com\/es\/wp-json\/wp\/v2\/product_tag?post=12461"}],"curies":[{"name":"wp","href":"https:\/\/api.w.org\/{rel}","templated":true}]}}