{"id":12465,"date":"2025-07-23T23:09:06","date_gmt":"2025-07-23T23:09:06","guid":{"rendered":"https:\/\/fv6qoy3ls0.wpdns.site\/produto\/nisi-kit-de-limpeza-optica-nano\/"},"modified":"2026-04-16T15:25:55","modified_gmt":"2026-04-16T14:25:55","slug":"nisi-kit-de-limpeza-optica-nano","status":"publish","type":"product","link":"https:\/\/hi-techwonder.com\/es\/producto\/nisi-kit-de-limpeza-optica-nano\/","title":{"rendered":"NiSi Kit de Limpeza \u00d3ptica Nano"},"content":{"rendered":"<h3 dir=\"ltr\" data-placeholder=\"Tradu\u00e7\u00e3o\"><strong>NiSi Kit de Limpeza \u00d3ptica Nano<\/strong><\/h3>\n<p id=\"tw-target-text\" class=\"tw-data-text tw-text-large tw-ta\" dir=\"ltr\" data-placeholder=\"Tradu\u00e7\u00e3o\"><span class=\"Y2IQFc\" lang=\"es\">O NiSi kit de Limpeza \u00d3ptica\u00a0 Nano est\u00e1 desenhado para ser 100 % seguro para todos os filtros e objectivas com revestimiento Nano. Com uma f\u00f3rmula sem residuos que forma una capa protectora na superficie, est\u00e1 desenhado para uma limpeza segura, r\u00e1pida n\u00e3o abrasiva. O kit cont\u00e9m o l\u00edquido de limpeza Nano (25 ml\/0,8 fl oz) e seis panos de limpeza \u00f3pticos. Para obter os melhores resultados, o l\u00edquido pode-se aplicar directamente sobre o filtro, a lente ou o ecr\u00e3 e limpar suavemente, ou tamb\u00e9m se pode aplicar sobre o pano antes de limpar. <\/span><\/p>\n<p class=\"tw-data-text tw-text-large tw-ta\" dir=\"ltr\" data-placeholder=\"Tradu\u00e7\u00e3o\"><span class=\"Y2IQFc\" lang=\"es\">O NiSi kit de limpeza \u00f3ptica Nano \u00e9 adequado para superficies \u00f3pticas, incluidos filtros de c\u00e2maras e cine, c\u00e2maras, objectivas e ecr\u00e3s de dispositivos electr\u00f3nicos.\u00a0<\/span><\/p>\n<p dir=\"ltr\" data-placeholder=\"Tradu\u00e7\u00e3o\"><img loading=\"lazy\" decoding=\"async\" class=\"alignnone wp-image-24225\" src=\"https:\/\/hi-techwonder.com\/wp-content\/themes\/woodmart\/images\/lazy.svg\" data-src=\"https:\/\/nisioptics.pt\/wp-content\/uploads\/2023\/04\/Kit-de-limpeza-nano-2-1024x1024.jpg\" alt=\"\" width=\"752\" height=\"752\"><\/p>\n<p dir=\"ltr\" data-placeholder=\"Tradu\u00e7\u00e3o\">Descobre as nossas outras <a href=\"https:\/\/nisioptics.pt\/categoria\/acessorios\/limpeza-de-filtros\/\" target=\"_blank\" rel=\"noopener\">op\u00e7\u00f5es de limpeza.<\/a><\/p>\n","protected":false},"excerpt":{"rendered":"<ul>\n<li><span class=\"Y2IQFc\" lang=\"es\">F\u00f3rmula sem residuos para uma limpeza r\u00e1pida e n\u00e3o abrasiva<\/span><\/li>\n<li><span class=\"Y2IQFc\" lang=\"es\">Adequado para filtros com nano-coating, objectivas e ecr\u00e3s de dispositivos electr\u00f3nicos<\/span><\/li>\n<li><span class=\"Y2IQFc\" lang=\"es\">Forma uma capa protectora na superficie<\/span><\/li>\n<li><span class=\"Y2IQFc\" lang=\"es\">F\u00f3rmula 100% segura e livre de abrasivos<\/span><\/li>\n<li><span class=\"Y2IQFc\" lang=\"es\">Inclui a solu\u00e7\u00e3o de limpeza Nano e 6 toalhitas limpadoras<\/span><\/li>\n<\/ul>\n","protected":false},"featured_media":9936,"comment_status":"closed","ping_status":"closed","template":"","meta":{"_acf_changed":false},"product_brand":[2543],"product_cat":[1036],"product_tag":[],"class_list":{"0":"post-12465","1":"product","2":"type-product","3":"status-publish","4":"has-post-thumbnail","6":"product_brand-nisioptics-es","7":"product_cat-limpieza-es","9":"first","10":"instock","11":"taxable","12":"shipping-taxable","13":"purchasable","14":"product-type-simple"},"bundled_by":[],"bundle_stock_status":"instock","bundle_stock_quantity":9,"bundle_virtual":false,"bundle_layout":"","bundle_add_to_cart_form_location":"","bundle_editable_in_cart":false,"bundle_sold_individually_context":"","bundle_item_grouping":"","bundle_min_size":"","bundle_max_size":"","bundle_price":[],"bundled_items":[],"bundle_sell_ids":[],"acf":[],"_links":{"self":[{"href":"https:\/\/hi-techwonder.com\/es\/wp-json\/wp\/v2\/product\/12465","targetHints":{"allow":["GET"]}}],"collection":[{"href":"https:\/\/hi-techwonder.com\/es\/wp-json\/wp\/v2\/product"}],"about":[{"href":"https:\/\/hi-techwonder.com\/es\/wp-json\/wp\/v2\/types\/product"}],"replies":[{"embeddable":true,"href":"https:\/\/hi-techwonder.com\/es\/wp-json\/wp\/v2\/comments?post=12465"}],"wp:featuredmedia":[{"embeddable":true,"href":"https:\/\/hi-techwonder.com\/es\/wp-json\/wp\/v2\/media\/9936"}],"wp:attachment":[{"href":"https:\/\/hi-techwonder.com\/es\/wp-json\/wp\/v2\/media?parent=12465"}],"wp:term":[{"taxonomy":"product_brand","embeddable":true,"href":"https:\/\/hi-techwonder.com\/es\/wp-json\/wp\/v2\/product_brand?post=12465"},{"taxonomy":"product_cat","embeddable":true,"href":"https:\/\/hi-techwonder.com\/es\/wp-json\/wp\/v2\/product_cat?post=12465"},{"taxonomy":"product_tag","embeddable":true,"href":"https:\/\/hi-techwonder.com\/es\/wp-json\/wp\/v2\/product_tag?post=12465"}],"curies":[{"name":"wp","href":"https:\/\/api.w.org\/{rel}","templated":true}]}}