{"id":12466,"date":"2025-07-23T23:09:06","date_gmt":"2025-07-23T23:09:06","guid":{"rendered":"https:\/\/fv6qoy3ls0.wpdns.site\/produto\/nisi-starter-kit-para-fujifilm-x100\/"},"modified":"2026-04-08T12:30:39","modified_gmt":"2026-04-08T11:30:39","slug":"nisi-starter-kit-para-fujifilm-x100","status":"publish","type":"product","link":"https:\/\/hi-techwonder.com\/es\/producto\/nisi-starter-kit-para-fujifilm-x100\/","title":{"rendered":"NiSi Starter Kit para Fujifilm X100"},"content":{"rendered":"<h3><strong>NiSi Starter Kit para Fujifilm X100F\/X100V<\/strong><\/h3>\n<p><span class=\"Y2IQFc\" lang=\"pt\">Seguindo a imensa popularidade dos sistemas de montagem NiSi para Sony RX100 VI e Ricoh GR III, temos o prazer de trazer at\u00e9 voc\u00ea uma s\u00e9rie de porta-filtros e filtros personalizados para a s\u00e9rie Fujifilm X100.\u00a0 <\/span><\/p>\n<p><span class=\"Y2IQFc\" lang=\"pt\">O Starter kit oferece uma \u00f3tima base para construir sua cole\u00e7\u00e3o com dois filtros essenciais, Medium GND e Polarizer. Cada kit vem com uma bolsa e suporte de lente Fuji X100v personalizados.<\/span><\/p>\n<p><span class=\"Y2IQFc\" lang=\"pt\">A montagem \u00e9 feita de liga de alum\u00ednio e foi projetada para ser facilmente fixada \u00e0 lente com um perfil baixo, de acordo com o design da c\u00e2mara. O suporte aceita dois filtros sem criar vinheta e oferece rota\u00e7\u00e3o de 360\u00b0. <\/span><\/p>\n<h5>Filtro M\u00e9dio GND8 &#8211; 3 Stops<\/h5>\n<p><span class=\"Y2IQFc\" lang=\"pt\">O filtro M\u00e9dio GND 0.9 (3 Stop) \u00e9 um filtro retangular que ajuda a escurecer \u00e1reas espec\u00edficas de uma imagem, como c\u00e9us claros, permitindo exposi\u00e7\u00e3o inalterada em outras partes da imagem. Como todos os filtros NiSi, \u00e9 feito com vidro \u00f3ptico da mais alta qualidade para n\u00e3o tirar detalhes de suas lentes. <\/span><\/p>\n<p><span class=\"Y2IQFc\" lang=\"pt\">Tamb\u00e9m possui tratamento Nano e IR. O Nano Coating\u00ae torna o filtro repelente \u00e0 \u00e1gua, para uma limpeza f\u00e1cil e m\u00e1ximo detalhe. O revestimento IR evita cores dominantes, especialmente magenta, para uma \u00f3tima correspond\u00eancia de cores. O filtro \u00e9 mais denso na parte superior e esbate em dire\u00e7\u00e3o ao centro, com uma linha de transi\u00e7\u00e3o intermedi\u00e1ria entre as \u00e1reas densas e claras.<\/span><\/p>\n<h5>Filtro HD Polarizador<\/h5>\n<p><span class=\"Y2IQFc\" lang=\"pt\">O filtro polarizador tamb\u00e9m \u00e9 feito de vidro \u00f3ptico da mais alta qualidade e o filme polarizador \u00e9 o melhor do mercado, oferecendo alt\u00edssima polariza\u00e7\u00e3o, pr\u00f3xima a 100%. Gra\u00e7as \u00e0 rota\u00e7\u00e3o de 360\u00b0 do nosso suporte Fuji X100 Series (inclu\u00eddo), voc\u00ea pode escolher a polariza\u00e7\u00e3o perfeita em todas as situa\u00e7\u00f5es. Al\u00e9m disso, com 2 slots dispon\u00edveis, voc\u00ea sempre pode usar o M\u00e9dio GND junto com o polarizador. <\/span><\/p>\n<p><span class=\"Y2IQFc\" lang=\"pt\">Os filtros NiSi s\u00e3o todos feitos de vidro \u00f3ptico da mais alta qualidade para que voc\u00ea n\u00e3o perca nem o menor detalhe em suas imagens. O Nano Coating especial em ambos os lados minimiza reflexos indesejados e d\u00e1 aos filtros NiSi ND a caracter\u00edstica de serem repelentes \u00e0 \u00e1gua e oleof\u00f3bicos. N\u00e3o h\u00e1 filtros de qualidade compar\u00e1vel gra\u00e7as ao exclusivo vidro NiSi usado, com o qual voc\u00ea pode ter certeza de que suas lentes n\u00e3o perder\u00e3o a defini\u00e7\u00e3o.<\/span><\/p>\n<h5>Inclui:<\/h5>\n<ul>\n<li>Suporte de filtro NiSi X100<\/li>\n<li>NiSi Medium GND8 (0.9) 3 Stop Filtro Graduado<\/li>\n<li>NiSi HD Polarizador<\/li>\n<li>Estojo de transporte<\/li>\n<\/ul>\n<p><img loading=\"lazy\" decoding=\"async\" class=\"wp-image-22119 size-full alignnone\" src=\"https:\/\/hi-techwonder.com\/wp-content\/themes\/woodmart\/images\/lazy.svg\" data-src=\"https:\/\/nisioptics.pt\/wp-content\/uploads\/2021\/06\/NiSi-X100V-Holder-Lifestyle-3-708x472-1.jpg\" alt=\"\" width=\"708\" height=\"472\"><\/p>\n<p>Saiba mais sobre os nossos sistemas compactos <a href=\"https:\/\/nisioptics.pt\/categoria\/descobre\/descobre-sistemas-compactos\/\" target=\"_blank\" rel=\"noopener\">aqui<\/a>.<\/p>\n","protected":false},"excerpt":{"rendered":"<ul>\n<li><span class=\"Y2IQFc\" lang=\"pt\">Projetado para a s\u00e9rie Fujifilm X100 (X100, X100S, X100F, X100T e X100V)<\/span><\/li>\n<li><span class=\"Y2IQFc\" lang=\"pt\">F\u00e1cil de instalar <\/span><\/li>\n<li><span class=\"Y2IQFc\" lang=\"pt\">Comporta at\u00e9 2 filtros quadrados <\/span><\/li>\n<li><span class=\"Y2IQFc\" lang=\"pt\">Rota\u00e7\u00e3o de 360 \u200b\u200bgraus <\/span><\/li>\n<li><span class=\"Y2IQFc\" lang=\"pt\">Constru\u00e7\u00e3o em liga de alum\u00ednio <\/span><\/li>\n<li><span class=\"Y2IQFc\" lang=\"pt\">Feito de vidro \u00f3ptico sem vinheta<\/span><\/li>\n<\/ul>\n","protected":false},"featured_media":9943,"comment_status":"closed","ping_status":"closed","template":"","meta":{"_acf_changed":false},"product_brand":[2543],"product_cat":[1060],"product_tag":[],"class_list":{"0":"post-12466","1":"product","2":"type-product","3":"status-publish","4":"has-post-thumbnail","6":"product_brand-nisioptics-es","7":"product_cat-otros-filtros-quadrados","9":"first","10":"instock","11":"taxable","12":"shipping-taxable","13":"purchasable","14":"product-type-simple"},"bundled_by":[],"bundle_stock_status":"instock","bundle_stock_quantity":2,"bundle_virtual":false,"bundle_layout":"","bundle_add_to_cart_form_location":"","bundle_editable_in_cart":false,"bundle_sold_individually_context":"","bundle_item_grouping":"","bundle_min_size":"","bundle_max_size":"","bundle_price":[],"bundled_items":[],"bundle_sell_ids":[],"acf":[],"_links":{"self":[{"href":"https:\/\/hi-techwonder.com\/es\/wp-json\/wp\/v2\/product\/12466","targetHints":{"allow":["GET"]}}],"collection":[{"href":"https:\/\/hi-techwonder.com\/es\/wp-json\/wp\/v2\/product"}],"about":[{"href":"https:\/\/hi-techwonder.com\/es\/wp-json\/wp\/v2\/types\/product"}],"replies":[{"embeddable":true,"href":"https:\/\/hi-techwonder.com\/es\/wp-json\/wp\/v2\/comments?post=12466"}],"wp:featuredmedia":[{"embeddable":true,"href":"https:\/\/hi-techwonder.com\/es\/wp-json\/wp\/v2\/media\/9943"}],"wp:attachment":[{"href":"https:\/\/hi-techwonder.com\/es\/wp-json\/wp\/v2\/media?parent=12466"}],"wp:term":[{"taxonomy":"product_brand","embeddable":true,"href":"https:\/\/hi-techwonder.com\/es\/wp-json\/wp\/v2\/product_brand?post=12466"},{"taxonomy":"product_cat","embeddable":true,"href":"https:\/\/hi-techwonder.com\/es\/wp-json\/wp\/v2\/product_cat?post=12466"},{"taxonomy":"product_tag","embeddable":true,"href":"https:\/\/hi-techwonder.com\/es\/wp-json\/wp\/v2\/product_tag?post=12466"}],"curies":[{"name":"wp","href":"https:\/\/api.w.org\/{rel}","templated":true}]}}