{"id":12468,"date":"2025-07-23T23:09:06","date_gmt":"2025-07-23T23:09:06","guid":{"rendered":"https:\/\/fv6qoy3ls0.wpdns.site\/produto\/nisi-cinema-matte-box-c5-kit-filmmaker\/"},"modified":"2026-04-21T08:42:53","modified_gmt":"2026-04-21T07:42:53","slug":"nisi-cinema-matte-box-c5-kit-filmmaker","status":"publish","type":"product","link":"https:\/\/hi-techwonder.com\/es\/producto\/nisi-cinema-matte-box-c5-kit-filmmaker\/","title":{"rendered":"NiSi Cinema Matte Box C5 Kit Filmmaker"},"content":{"rendered":"<h3><strong>NiSi Cinema Matte Box C5 Kit Filmmaker<\/strong><\/h3>\n<p><iframe loading=\"lazy\" title=\"NiSi Cine Caja Mate Matte Box C5\" width=\"500\" height=\"281\" src=\"https:\/\/www.youtube.com\/embed\/1-LHEqpXK0c?feature=oembed\" frameborder=\"0\" allow=\"accelerometer; autoplay; clipboard-write; encrypted-media; gyroscope; picture-in-picture; web-share\" referrerpolicy=\"strict-origin-when-cross-origin\" allowfullscreen><\/iframe><\/p>\n<ul>\n<li>A Matte Box possui uma abertura frontal de di\u00e2metro 95 mm e inclui os an\u00e9is adaptadores de 67, 72, 77 e 82 mm. Os an\u00e9is adaptadores permitem que use a Matte Box com lentes de diferentes tamanhos e di\u00e2metros. Se\u00a0 tiver outras lentes de di\u00e2metro menor, poder\u00e1 comprar an\u00e9is adaptadores para usar. Recomenda-se comprar an\u00e9is adaptadores de alta qualidade<\/li>\n<li>Compat\u00edvel com filtros 4\u00d74\u201d, 100x100mm e 4\u00d75,65\u201d padr\u00e3o para maior versatilidade<\/li>\n<li>A bandeira superior controla o reflexo e o controle do ND vari\u00e1vel permite um controlo de exposi\u00e7\u00e3o preciso ao usar filtros ND vari\u00e1vel<\/li>\n<li>Os controlos do motor da lente garantem a capacidade de controle de foco<\/li>\n<li>A NiSi Matte Box C5, como as outras matte boxes de qualidade cinematogr\u00e1fica, tem o filtro montado na parte traseira, evitando efetivamente o brilho indesejado.<\/li>\n<li>Existem dois slots, que podem acomodar dois filtros ao mesmo tempo. Excepto o filtro NiSi True Color ND Vari\u00e1vel 1-5 stops e o filtro NiSi True Color Polarizador Circular (ambos para uso exclusivo na C5 Matte Box &#8211; n\u00e3o incluidos no Kit Starter), os demais filtros precisam de bandeja de filtro 4\u00d74\/100x100mm ou 4\u00d75,65<\/li>\n<li>Possui aberturas em ambos os lados para permitir a passagem do ar pela caixa. Mant\u00e9m a estabilidade mesmo durante movimentos de alta velocidade<\/li>\n<li>Sem vinheta a 15mm (Full Frame)<\/li>\n<li>Pesa 350g (sem filtros acoplado)<\/li>\n<\/ul>\n<p>&nbsp;<\/p>\n<h5>Inclui:<\/h5>\n<ul>\n<li dir=\"ltr\" data-placeholder=\"Tradu\u00e7\u00e3o\">Matte Box C5<\/li>\n<li>Filtro NiSi Cinema True Color ND Vari\u00e1vel 1-5 stops <em>(de uso exclusivo com C5)<\/em><\/li>\n<li>Filtro NiSi Cinema IR ND1.2 (4 stops) 4&#8243;x5,65<\/li>\n<li>Filtro NiSi Cinema Allure Black Mist 1\/8 4&#8243;x5,65<\/li>\n<li dir=\"ltr\" data-placeholder=\"Tradu\u00e7\u00e3o\"><span class=\"Y2IQFc\" lang=\"es\">Bandejas de filtros 4\u00d74\/100x100mm e\u00a0 4\u00d75,65<\/span><\/li>\n<li>An\u00e9is adaptadores para encaixar lentes com rosca frontal de 67, 72, 77 e 82 mm<\/li>\n<li>Estojo<\/li>\n<\/ul>\n<p><img loading=\"lazy\" decoding=\"async\" class=\"alignnone wp-image-24367\" src=\"https:\/\/hi-techwonder.com\/wp-content\/themes\/woodmart\/images\/lazy.svg\" data-src=\"https:\/\/nisioptics.pt\/wp-content\/uploads\/2023\/04\/34f-1024x608.webp\" alt=\"NiSi Cine Caja Mate C5 Matte Box Kit Filmmaker\" width=\"752\" height=\"446\" \/><\/p>\n<p>Descobre mais sobre a nossa linha de cinema<a href=\"https:\/\/nisioptics.pt\/categoria\/descobre\/descobre-sistema-cinema\/\" target=\"_blank\" rel=\"noopener\"> aqui.<\/a><\/p>\n","protected":false},"excerpt":{"rendered":"<ul>\n<li>Constru\u00e7\u00e3o em alum\u00ednio, pl\u00e1stico composto e fibra de carbono<\/li>\n<li>Compacto, leve e vers\u00e1til<\/li>\n<li>Fixa\u00e7\u00e3o sem necessidade de trilhos<\/li>\n<li>Compat\u00edvel com lentes cine de 95 mm e lentes com roscas de filtro de at\u00e9 82 mm<\/li>\n<li>Sem vinheta at\u00e9 15mm (Full Frame)<\/li>\n<li>Suporta filtros 4 \u00d7 4 \u2033, 4 \u00d7 5,65 \u2033 e filtros rotativos NiSi C5<\/li>\n<li>Bandeira de fibra de carbono superior ajust\u00e1vel<\/li>\n<li><strong>Inclui tr\u00eas filtros<\/strong>: True Color ND Vari\u00e1vel 1-5 stops para o C5; NiSi Cinema IR ND1.2 (4 stops) 4&#215;5,65; e NiSi Cinema Allure Black Mist 1\/8 4&#215;5,65<\/li>\n<li><strong>Inclui<\/strong> estojo e an\u00e9is adaptadores para encaixar lentes com rosca frontal de 67, 72, 77 e 82 mm<\/li>\n<\/ul>\n","protected":false},"featured_media":10015,"comment_status":"closed","ping_status":"closed","template":"","meta":{"_acf_changed":false},"product_brand":[2543],"product_cat":[1116,1061],"product_tag":[],"class_list":{"0":"post-12468","1":"product","2":"type-product","3":"status-publish","4":"has-post-thumbnail","6":"product_brand-nisioptics-es","7":"product_cat-matte-boxes-es","8":"product_cat-filtros-de-cinema-es","10":"first","11":"instock","12":"taxable","13":"shipping-taxable","14":"purchasable","15":"product-type-simple"},"bundled_by":[],"bundle_stock_status":"instock","bundle_stock_quantity":4,"bundle_virtual":false,"bundle_layout":"","bundle_add_to_cart_form_location":"","bundle_editable_in_cart":false,"bundle_sold_individually_context":"","bundle_item_grouping":"","bundle_min_size":"","bundle_max_size":"","bundle_price":[],"bundled_items":[],"bundle_sell_ids":[],"acf":[],"_links":{"self":[{"href":"https:\/\/hi-techwonder.com\/es\/wp-json\/wp\/v2\/product\/12468","targetHints":{"allow":["GET"]}}],"collection":[{"href":"https:\/\/hi-techwonder.com\/es\/wp-json\/wp\/v2\/product"}],"about":[{"href":"https:\/\/hi-techwonder.com\/es\/wp-json\/wp\/v2\/types\/product"}],"replies":[{"embeddable":true,"href":"https:\/\/hi-techwonder.com\/es\/wp-json\/wp\/v2\/comments?post=12468"}],"wp:featuredmedia":[{"embeddable":true,"href":"https:\/\/hi-techwonder.com\/es\/wp-json\/wp\/v2\/media\/10015"}],"wp:attachment":[{"href":"https:\/\/hi-techwonder.com\/es\/wp-json\/wp\/v2\/media?parent=12468"}],"wp:term":[{"taxonomy":"product_brand","embeddable":true,"href":"https:\/\/hi-techwonder.com\/es\/wp-json\/wp\/v2\/product_brand?post=12468"},{"taxonomy":"product_cat","embeddable":true,"href":"https:\/\/hi-techwonder.com\/es\/wp-json\/wp\/v2\/product_cat?post=12468"},{"taxonomy":"product_tag","embeddable":true,"href":"https:\/\/hi-techwonder.com\/es\/wp-json\/wp\/v2\/product_tag?post=12468"}],"curies":[{"name":"wp","href":"https:\/\/api.w.org\/{rel}","templated":true}]}}