{"id":12470,"date":"2025-07-23T23:09:06","date_gmt":"2025-07-23T23:09:06","guid":{"rendered":"https:\/\/fv6qoy3ls0.wpdns.site\/produto\/nisi-cinema-true-color-nd-variavel-1-5-stops-para-c5\/"},"modified":"2026-04-21T08:43:35","modified_gmt":"2026-04-21T07:43:35","slug":"nisi-cinema-true-color-nd-variavel-1-5-stops-para-c5","status":"publish","type":"product","link":"https:\/\/hi-techwonder.com\/es\/producto\/nisi-cinema-true-color-nd-variavel-1-5-stops-para-c5\/","title":{"rendered":"NiSi Cinema True Color ND Vari\u00e1vel 1-5 Stops para C5"},"content":{"rendered":"<h3 dir=\"ltr\" data-placeholder=\"Tradu\u00e7\u00e3o\"><strong>NiSi Cinema True Color ND Vari\u00e1vel 1-5 Stops para C5<\/strong><\/h3>\n<p id=\"tw-target-text\" class=\"tw-data-text tw-text-large tw-ta\" dir=\"ltr\" data-placeholder=\"Tradu\u00e7\u00e3o\"><span class=\"Y2IQFc\" lang=\"pt\">O filtro NiSi Cinema True Color ND Vari\u00e1vel 1-5 Stops para a Matte Box C5 \u00e9 um ND vari\u00e1vel rotativo completamente novo, projetado para caber na Matte Box C5. A densidade de 0,3 a 1,5 (1-5 stops) cria um escurecimento de toda a imagem, permitindo aberturas mais amplas, mantendo a velocidade do obturador e a ISO corretos. O grau de densidade \u00e9 facilmente controlado girando a engrenagem na parte superior do filtro ou montando um motor com o suporte da haste de 15 mm para controlar a quantidade de densidade sem fios. <\/span><\/p>\n<p class=\"tw-data-text tw-text-large tw-ta\" dir=\"ltr\" data-placeholder=\"Tradu\u00e7\u00e3o\"><span class=\"Y2IQFc\" lang=\"pt\">O ND vari\u00e1vel possui a tecnologia True Color, que evita a mudan\u00e7a de cor vista em outros filtros ND vari\u00e1vel. \u00c9 feito de vidro \u00f3ptico de alta defini\u00e7\u00e3o para a melhor resolu\u00e7\u00e3o e qualidade. O vidro \u00e9 revestido com Nano Coating NiSi, que fornece um revestimento \u00e0 prova d&#8217;\u00e1gua, \u00e0 prova de \u00f3leo e antirreflexo para evitar ghosting e reflexos.<\/span><\/p>\n<p dir=\"ltr\" data-placeholder=\"Tradu\u00e7\u00e3o\"><img loading=\"lazy\" decoding=\"async\" class=\"size-full wp-image-24428 alignnone\" src=\"https:\/\/hi-techwonder.com\/wp-content\/themes\/woodmart\/images\/lazy.svg\" data-src=\"https:\/\/nisioptics.pt\/wp-content\/uploads\/2023\/04\/29f-e1696337614311.jpg\" alt=\"\" width=\"500\" height=\"336\"><\/p>\n<p dir=\"ltr\" data-placeholder=\"Tradu\u00e7\u00e3o\">Descobre mais sobre a nossa linha de cinema<a href=\"https:\/\/nisioptics.pt\/categoria\/descobre\/descobre-sistema-cinema\/\" target=\"_blank\" rel=\"noopener\"> aqui.<\/a><\/p>\n","protected":false},"excerpt":{"rendered":"<ul>\n<li>Compat\u00edvel com NiSi Cinema Matte Box C5<\/li>\n<li>Filtro de densidade neutra vari\u00e1vel 0.3-1.5<\/li>\n<li>Vidro \u00d3ptico rotativo<\/li>\n<li>Reduz a exposi\u00e7\u00e3o em 1 a 5 stops<\/li>\n<li>Engrenagem de controle de foco M0.8, permitindo ajustes com um pequeno motor acoplado ou manualmente<\/li>\n<li>A tecnologia True Color garante uma reprodu\u00e7\u00e3o de cores precisa<\/li>\n<\/ul>\n","protected":false},"featured_media":10087,"comment_status":"closed","ping_status":"closed","template":"","meta":{"_acf_changed":false},"product_brand":[2543],"product_cat":[1061],"product_tag":[],"class_list":{"0":"post-12470","1":"product","2":"type-product","3":"status-publish","4":"has-post-thumbnail","6":"product_brand-nisioptics-es","7":"product_cat-filtros-de-cinema-es","9":"first","10":"instock","11":"taxable","12":"shipping-taxable","13":"purchasable","14":"product-type-simple"},"bundled_by":[],"bundle_stock_status":"instock","bundle_stock_quantity":2,"bundle_virtual":false,"bundle_layout":"","bundle_add_to_cart_form_location":"","bundle_editable_in_cart":false,"bundle_sold_individually_context":"","bundle_item_grouping":"","bundle_min_size":"","bundle_max_size":"","bundle_price":[],"bundled_items":[],"bundle_sell_ids":[],"acf":[],"_links":{"self":[{"href":"https:\/\/hi-techwonder.com\/es\/wp-json\/wp\/v2\/product\/12470","targetHints":{"allow":["GET"]}}],"collection":[{"href":"https:\/\/hi-techwonder.com\/es\/wp-json\/wp\/v2\/product"}],"about":[{"href":"https:\/\/hi-techwonder.com\/es\/wp-json\/wp\/v2\/types\/product"}],"replies":[{"embeddable":true,"href":"https:\/\/hi-techwonder.com\/es\/wp-json\/wp\/v2\/comments?post=12470"}],"wp:featuredmedia":[{"embeddable":true,"href":"https:\/\/hi-techwonder.com\/es\/wp-json\/wp\/v2\/media\/10087"}],"wp:attachment":[{"href":"https:\/\/hi-techwonder.com\/es\/wp-json\/wp\/v2\/media?parent=12470"}],"wp:term":[{"taxonomy":"product_brand","embeddable":true,"href":"https:\/\/hi-techwonder.com\/es\/wp-json\/wp\/v2\/product_brand?post=12470"},{"taxonomy":"product_cat","embeddable":true,"href":"https:\/\/hi-techwonder.com\/es\/wp-json\/wp\/v2\/product_cat?post=12470"},{"taxonomy":"product_tag","embeddable":true,"href":"https:\/\/hi-techwonder.com\/es\/wp-json\/wp\/v2\/product_tag?post=12470"}],"curies":[{"name":"wp","href":"https:\/\/api.w.org\/{rel}","templated":true}]}}