{"id":12472,"date":"2025-07-23T23:09:06","date_gmt":"2025-07-23T23:09:06","guid":{"rendered":"https:\/\/fv6qoy3ls0.wpdns.site\/produto\/nisi-cinema-filtro-4x5-65%e2%80%b3-12mm-true-color-nd-variavel-1-5-stops-0-3-1-5\/"},"modified":"2026-04-08T12:30:40","modified_gmt":"2026-04-08T11:30:40","slug":"nisi-cinema-filtro-4x5-65%e2%80%b3-12mm-true-color-nd-variavel-1-5-stops-0-3-1-5","status":"publish","type":"product","link":"https:\/\/hi-techwonder.com\/es\/producto\/nisi-cinema-filtro-4x5-65%e2%80%b3-12mm-true-color-nd-variavel-1-5-stops-0-3-1-5\/","title":{"rendered":"NiSi Cinema Filtro 4\u00d75.65\u2033 (12mm) True Color ND Vari\u00e1vel 1-5 stops (0.3-1.5)"},"content":{"rendered":"<h3><strong>NiSi Cinema Filtro 4\u00d75.65\u2033 (12mm) True Color ND Vari\u00e1vel 1-5 stops (0.3-1.5)<\/strong><\/h3>\n<p>O filtro NiSi Cinema 4\u00d75,65\u2033 (12mm) True Color ND Vari\u00e1vel 1-5 Stops (0,3-1,5) \u00e9 um filtro de densidade neutra vari\u00e1vel com uma faixa de 0,3-1,5 ou 1-5 stops. Ele escurece toda a imagem, permitindo que um cinemat\u00f3grafo filme com uma abertura maior ou velocidade de obturador mais lenta. O grau de densidade \u00e9 facilmente controlado girando a engrenagem ou combinando com um motor grande de lente para controlar a densidade.<\/p>\n<p>O filtro de alum\u00ednio e vidro tem 12 mm de espessura e ocupa duas slots de filtro\u00a0 numa matte box compat\u00edvel de 4 x 5,65\u2033 ou pode ser usado sem uma matte box. Oferece 1 a 5 stops de redu\u00e7\u00e3o de luz de cor neutra e possui vidro \u00f3ptico NiSi. A engrenagem possui marcas de stop para identificar a densidade.<\/p>\n<p>O filtro NiSi Cinema 4 \u00d7 5,65 \u2033 (12 mm) True Color ND Vari\u00e1vel 1-5 Stops (0,3-1,5) inclui uma haste de suporte de 15 mm para montar o motor da lente, e um estojo flex\u00edvel.<\/p>\n<p><em>Atente que o motor da lente nas imagens \u00e9 para demonstrar o uso e n\u00e3o est\u00e1 inclu\u00eddo.<\/em><\/p>\n<p>Descobre mais sobre a nossa linha de cinema<a href=\"https:\/\/nisioptics.pt\/categoria\/descobre\/descobre-sistema-cinema\/\" target=\"_blank\" rel=\"noopener\"> aqui.<\/a><\/p>\n","protected":false},"excerpt":{"rendered":"<ul>\n<li>Filtro de densidade neutra vari\u00e1vel 0,3-1,5<\/li>\n<li>Reduz a exposi\u00e7\u00e3o de 1 a 5 stops<\/li>\n<li>Usa duas slots numa matte box de 4 x 5,65\u2033<\/li>\n<li>Possui uma engrenagem de controle de foco para conectar um motor que pode controlar a densidade do filtro<\/li>\n<li>Suporta motores de lente grandes<\/li>\n<li>12mm de espessura<\/li>\n<li>Inclui haste de suporte de 15 mm<\/li>\n<\/ul>\n","protected":false},"featured_media":10115,"comment_status":"closed","ping_status":"closed","template":"","meta":{"_acf_changed":false},"product_brand":[2543],"product_cat":[1061],"product_tag":[],"class_list":{"0":"post-12472","1":"product","2":"type-product","3":"status-publish","4":"has-post-thumbnail","6":"product_brand-nisioptics-es","7":"product_cat-filtros-de-cinema-es","9":"first","10":"pre-order","11":"taxable","12":"shipping-taxable","13":"purchasable","14":"product-type-simple"},"bundled_by":[],"bundle_stock_status":"pre-order","bundle_stock_quantity":null,"bundle_virtual":false,"bundle_layout":"","bundle_add_to_cart_form_location":"","bundle_editable_in_cart":false,"bundle_sold_individually_context":"","bundle_item_grouping":"","bundle_min_size":"","bundle_max_size":"","bundle_price":[],"bundled_items":[],"bundle_sell_ids":[],"acf":[],"_links":{"self":[{"href":"https:\/\/hi-techwonder.com\/es\/wp-json\/wp\/v2\/product\/12472","targetHints":{"allow":["GET"]}}],"collection":[{"href":"https:\/\/hi-techwonder.com\/es\/wp-json\/wp\/v2\/product"}],"about":[{"href":"https:\/\/hi-techwonder.com\/es\/wp-json\/wp\/v2\/types\/product"}],"replies":[{"embeddable":true,"href":"https:\/\/hi-techwonder.com\/es\/wp-json\/wp\/v2\/comments?post=12472"}],"wp:featuredmedia":[{"embeddable":true,"href":"https:\/\/hi-techwonder.com\/es\/wp-json\/wp\/v2\/media\/10115"}],"wp:attachment":[{"href":"https:\/\/hi-techwonder.com\/es\/wp-json\/wp\/v2\/media?parent=12472"}],"wp:term":[{"taxonomy":"product_brand","embeddable":true,"href":"https:\/\/hi-techwonder.com\/es\/wp-json\/wp\/v2\/product_brand?post=12472"},{"taxonomy":"product_cat","embeddable":true,"href":"https:\/\/hi-techwonder.com\/es\/wp-json\/wp\/v2\/product_cat?post=12472"},{"taxonomy":"product_tag","embeddable":true,"href":"https:\/\/hi-techwonder.com\/es\/wp-json\/wp\/v2\/product_tag?post=12472"}],"curies":[{"name":"wp","href":"https:\/\/api.w.org\/{rel}","templated":true}]}}