{"id":12473,"date":"2025-07-23T23:09:06","date_gmt":"2025-07-23T23:09:06","guid":{"rendered":"https:\/\/fv6qoy3ls0.wpdns.site\/produto\/nisi-cinema-filtro-nd-vario-pro-nano-1-5-5-stops-nd-variavel\/"},"modified":"2026-04-08T12:34:05","modified_gmt":"2026-04-08T11:34:05","slug":"nisi-cinema-filtro-nd-vario-pro-nano-1-5-5-stops-nd-variavel","status":"publish","type":"product","link":"https:\/\/hi-techwonder.com\/es\/producto\/nisi-cinema-filtro-nd-vario-pro-nano-1-5-5-stops-nd-variavel\/","title":{"rendered":"NiSi Cinema Filtro ND-VARIO Pro Nano 1.5-5 stops ND Vari\u00e1vel"},"content":{"rendered":"<h3><strong>NiSi Cinema Filtro ND-VARIO Pro Nano 1.5-5 stops ND Vari\u00e1vel<\/strong><\/h3>\n<p>O filtro NiSi Cinema ND-VARIO Pro Nano 1,5-5 stop Enhanced ND Vari\u00e1vel fornece uma redu\u00e7\u00e3o de exposi\u00e7\u00e3o de 1,5 a 5 stops. O grau de densidade \u00e9 facilmente controlado girando o bot\u00e3o. Para aqueles que usam esse filtro com c\u00e2meras de cinema ou v\u00eddeo, as configura\u00e7\u00f5es combinadas de abertura e esse filtro permitem ajustes finos na profundidade de campo, mantendo a taxa de frames designada.<\/p>\n<ul>\n<li>Cor melhorada<\/li>\n<li>Reduz a exposi\u00e7\u00e3o em 1,5-5 stops<\/li>\n<li>Sem efeito &#8220;X&#8221;<\/li>\n<li>Alta defini\u00e7\u00e3o<\/li>\n<li>Nano revestimento<\/li>\n<li>Moldura ultrafina<\/li>\n<li>Perfeito para filmar quando pode ajustar a quantidade exata de luz que a lente deixa entrar para uma determinada cena. Desta forma, uma abertura maior e\/ou velocidade do obturador mais longa podem ser usadas do que seria poss\u00edvel sob as condi\u00e7\u00f5es de luz predominantes.<\/li>\n<\/ul>\n<p>Um Nano revestimento avan\u00e7ado \u00e9 usado para repelir \u00e1gua, gorduras e poeira e torna o NiSi Enhance VARIO-ND 1.5-5 f\u00e1cil de manter limpo.<\/p>\n<p><strong>Fabricado em &#8220;design Clip-on&#8221;, que facilita a montagem em lentes Cine.<\/strong><\/p>\n<p>&nbsp;<\/p>\n<p>Descobre mais sobre a nossa linha de cinema<a href=\"https:\/\/nisioptics.pt\/categoria\/descobre\/descobre-sistema-cinema\/\" target=\"_blank\" rel=\"noopener\"> aqui.<\/a><\/p>\n","protected":false},"excerpt":{"rendered":"<ul>\n<li>Cor melhorada<\/li>\n<li>Reduz a exposi\u00e7\u00e3o em 1,5-5 stops<\/li>\n<li>Sem efeito &#8220;X&#8221;<\/li>\n<li>Alta defini\u00e7\u00e3o<\/li>\n<li>Nano revestimento<\/li>\n<li>Moldura ultrafina<\/li>\n<\/ul>\n<p>Atente que este filtro n\u00e3o possui uma rosca de filtro e \u00e9 um design de encaixe para lentes de cinema.<\/p>\n","protected":false},"featured_media":10126,"comment_status":"closed","ping_status":"closed","template":"","meta":{"_acf_changed":false},"product_brand":[2543],"product_cat":[1061],"product_tag":[],"class_list":{"0":"post-12473","1":"product","2":"type-product","3":"status-publish","4":"has-post-thumbnail","6":"product_brand-nisioptics-es","7":"product_cat-filtros-de-cinema-es","8":"pa_diametro-110mm-es","9":"pa_diametro-114mm-es","10":"pa_diametro-95mm-es","12":"first","13":"instock","14":"taxable","15":"shipping-taxable","16":"purchasable","17":"product-type-variable"},"bundled_by":[],"bundle_stock_status":"instock","bundle_stock_quantity":null,"bundle_virtual":false,"bundle_layout":"","bundle_add_to_cart_form_location":"","bundle_editable_in_cart":false,"bundle_sold_individually_context":"","bundle_item_grouping":"","bundle_min_size":"","bundle_max_size":"","bundle_price":[],"bundled_items":[],"bundle_sell_ids":[],"acf":[],"_links":{"self":[{"href":"https:\/\/hi-techwonder.com\/es\/wp-json\/wp\/v2\/product\/12473","targetHints":{"allow":["GET"]}}],"collection":[{"href":"https:\/\/hi-techwonder.com\/es\/wp-json\/wp\/v2\/product"}],"about":[{"href":"https:\/\/hi-techwonder.com\/es\/wp-json\/wp\/v2\/types\/product"}],"replies":[{"embeddable":true,"href":"https:\/\/hi-techwonder.com\/es\/wp-json\/wp\/v2\/comments?post=12473"}],"wp:featuredmedia":[{"embeddable":true,"href":"https:\/\/hi-techwonder.com\/es\/wp-json\/wp\/v2\/media\/10126"}],"wp:attachment":[{"href":"https:\/\/hi-techwonder.com\/es\/wp-json\/wp\/v2\/media?parent=12473"}],"wp:term":[{"taxonomy":"product_brand","embeddable":true,"href":"https:\/\/hi-techwonder.com\/es\/wp-json\/wp\/v2\/product_brand?post=12473"},{"taxonomy":"product_cat","embeddable":true,"href":"https:\/\/hi-techwonder.com\/es\/wp-json\/wp\/v2\/product_cat?post=12473"},{"taxonomy":"product_tag","embeddable":true,"href":"https:\/\/hi-techwonder.com\/es\/wp-json\/wp\/v2\/product_tag?post=12473"}],"curies":[{"name":"wp","href":"https:\/\/api.w.org\/{rel}","templated":true}]}}