{"id":12477,"date":"2025-07-23T23:09:06","date_gmt":"2025-07-23T23:09:06","guid":{"rendered":"https:\/\/fv6qoy3ls0.wpdns.site\/produto\/nisi-cinema-filtros-4x5-65-kit-starter\/"},"modified":"2026-04-08T12:30:43","modified_gmt":"2026-04-08T11:30:43","slug":"nisi-cinema-filtros-4x5-65-kit-starter","status":"publish","type":"product","link":"https:\/\/hi-techwonder.com\/es\/producto\/nisi-cinema-filtros-4x5-65-kit-starter\/","title":{"rendered":"NiSi Cinema Filtros 4\u00d75.65\u201d Kit Starter"},"content":{"rendered":"<h3><strong>NiSi Cinema Filtros 4\u00d75.65\u201d Kit Starter<\/strong><\/h3>\n<p>O NiSi Cinema 4\u00d75,65&#8243; Kit Starter apresenta quatro dos nossos filtros de cinema mais populares, incluindo os filtros ND 0,6 (2 Stop), 0,9 (3 Stop), 1,2 (4 Stop), Pure Clear, e um NiSi Cinema Estojo.<\/p>\n<p>A gama NiSi 4 x 5,65&#8243; \u00e9 compat\u00edvel com todas as principais marcas de matte boxes que se enquadram no padr\u00e3o 4 x 5,65&#8243;. Os filtros de cinema tamb\u00e9m est\u00e3o em conformidade com a espessura de 4 mm, o que lhes permite encaixar em gaiolas de filtros ou em modelos sem gaiola. Est\u00e1 inclu\u00edda uma bolsa de couro sint\u00e9tico para armazenamento e transporte. Tamb\u00e9m est\u00e1 dispon\u00edvel um estojo de filtro maior para organizar e guardar v\u00e1rios filtros de uma s\u00f3 vez.<\/p>\n<h5>NiSi Cinema Filtros\u00a0 4\u00d75.65\u2033 Nano IR de Densidade Neutra<\/h5>\n<p>Os Filtros de Densidade Neutra NiSi Cinema 4\u00d75.65\u2033 Nano IR escurecem toda a imagem, permitindo-lhe compensar as condi\u00e7\u00f5es de luminosidade, mantendo a sua abertura, velocidade do obturador e ISO onde voc\u00ea precisa que eles estejam. O revestimento IR elimina qualquer colora\u00e7\u00e3o indesejada da imagem quando utilizado em conjunto com outros filtros.<\/p>\n<p>Para remover qualquer proje\u00e7\u00e3o de cor e manter os pretos t\u00e3o ricos e verdadeiros quanto poss\u00edvel, uma camada de NiSi Optical Nano Coating \u00e9 aplicada a cada uma das superf\u00edcies deste filtro juntamente com o revestimento IR para fornecer a maior precis\u00e3o de cor poss\u00edvel. Este revestimento, associado a um vidro \u00f3tico de alta qualidade e a normas de fabrico rigorosas, proporciona-lhe cores precisas e uma nitidez extrema, tornando-o perfeito para as c\u00e2maras de alta resolu\u00e7\u00e3o actuais.<\/p>\n<p>Os Filtros Cinema 4\u00d75.65\u2033 Nano IR ND possuem um revestimento Nano de dupla face e controlo de Infravermelhos e s\u00e3o feitos de uma \u00fanica pe\u00e7a de vidro \u00f3tico. Cada filtro possui a exclusiva tecnologia de revestimento Nano dupla face da NiSi com controle de polui\u00e7\u00e3o de luz infravermelha. Os filtros de densidade neutra NiSi Cinema 4\u00d75.65\u2033 Nano IR s\u00e3o resistentes a riscos, \u00f3leo e \u00e1gua, com um nano-revestimento que cria uma camada protetora sobre o vidro, tornando-o resistente a riscos e f\u00e1cil de limpar.<\/p>\n<p>Os filtros de densidade neutra Nano IR proporcionam uma mudan\u00e7a de cor ultra baixa e um controlo de cor superior em compara\u00e7\u00e3o com outros concorrentes l\u00edderes. Por \u00faltimo, um revestimento antirreflexo que reduz os brilhos e os reflexos para proporcionar uma imagem digital 6K sem perda de nitidez.<\/p>\n<h5>NiSi Filtro Cinema 4\u00d75.65&#8243; Pure Clear<\/h5>\n<p>O NiSi Cinema 4\u00d75.65\u2033 Pure Clear Filter \u00e9 um filtro transparente e \u00e9 projetado para fornecer prote\u00e7\u00e3o geral para a sua lente. Este filtro opticamente claro n\u00e3o afeta a exposi\u00e7\u00e3o ou a qualidade geral da imagem, ajudando a evitar que poeira, arranh\u00f5es, humidade e outros elementos atinjam ou danifiquem a sua lente.<\/p>\n<h5>NiSi Cinema Estojo para filtros 4\u00d74&#8243; e 4\u00d75.65\u2033 (Suporta 7 x 4\u00d745&#8243; ou 4\u00d75.65\u2033 Filtros )<\/h5>\n<p>A Bolsa de Filtros NiSi Cinema para Filtros 4\u00d74&#8243; e 4\u00d75.65\u2033 (Suporta 7 x 4\u00d74&#8243; ou 4\u00d75.65\u2033 ) foi concebida para a gama de cinema NiSi e suporta 7 x 4\u00d74&#8243; ou 4\u00d75.65\u2033 Filtros. \u00c9 concebido a partir de um material leve que protege os seus filtros de arranh\u00f5es e poeira. A bolsa pode conter at\u00e9 7 filtros de cinema e possui um design flip-top para manter a bolsa aberta quando em uso.<\/p>\n<p><img loading=\"lazy\" decoding=\"async\" class=\"alignnone wp-image-26655\" src=\"https:\/\/hi-techwonder.com\/wp-content\/themes\/woodmart\/images\/lazy.svg\" data-src=\"https:\/\/nisioptics.pt\/wp-content\/uploads\/2023\/08\/Filtro-ND-lunghe-esposizioni-ND1000-77mm-1024x683.jpg\" alt=\"\" width=\"752\" height=\"502\"><\/p>\n<p>Descobre mais sobre a nossa linha de cinema<a href=\"https:\/\/nisioptics.pt\/categoria\/descobre\/descobre-sistema-cinema\/\" target=\"_blank\" rel=\"noopener\"> aqui.<\/a><\/p>\n<p>&nbsp;<\/p>\n","protected":false},"excerpt":{"rendered":"<ul>\n<li>Inclui os filtros ND0.6 (2 stops), ND0.9 (3 stops), ND1.2 (4 stops), o filtro Pure Clear e NiSi Cinema Estojo<\/li>\n<li>Permite uma velocidade lenta do obturador<\/li>\n<li>Permite uma abertura mais ampla<\/li>\n<li>Resultados neutros sem mudan\u00e7a de cor<\/li>\n<li>Nano Revestimento \u00d3ptico NiSi<\/li>\n<li>Constru\u00e7\u00e3o de vidro \u00f3ptico<\/li>\n<li>O estojo acomoda filtros de cinema at\u00e9 7 x 4\u00d74&#8243; ou 4\u00d75,65&#8243;<\/li>\n<li>O Pure Clear \u00e9 um filtro de prote\u00e7\u00e3o transparente que evita danos \u00e0 lente e n\u00e3o tem efeito na imagem.<\/li>\n<\/ul>\n","protected":false},"featured_media":10134,"comment_status":"closed","ping_status":"closed","template":"","meta":{"_acf_changed":false},"product_brand":[2543],"product_cat":[1061],"product_tag":[],"class_list":{"0":"post-12477","1":"product","2":"type-product","3":"status-publish","4":"has-post-thumbnail","6":"product_brand-nisioptics-es","7":"product_cat-filtros-de-cinema-es","9":"first","10":"pre-order","11":"taxable","12":"shipping-taxable","13":"purchasable","14":"product-type-simple"},"bundled_by":[],"bundle_stock_status":"pre-order","bundle_stock_quantity":null,"bundle_virtual":false,"bundle_layout":"","bundle_add_to_cart_form_location":"","bundle_editable_in_cart":false,"bundle_sold_individually_context":"","bundle_item_grouping":"","bundle_min_size":"","bundle_max_size":"","bundle_price":[],"bundled_items":[],"bundle_sell_ids":[],"acf":[],"_links":{"self":[{"href":"https:\/\/hi-techwonder.com\/es\/wp-json\/wp\/v2\/product\/12477","targetHints":{"allow":["GET"]}}],"collection":[{"href":"https:\/\/hi-techwonder.com\/es\/wp-json\/wp\/v2\/product"}],"about":[{"href":"https:\/\/hi-techwonder.com\/es\/wp-json\/wp\/v2\/types\/product"}],"replies":[{"embeddable":true,"href":"https:\/\/hi-techwonder.com\/es\/wp-json\/wp\/v2\/comments?post=12477"}],"wp:featuredmedia":[{"embeddable":true,"href":"https:\/\/hi-techwonder.com\/es\/wp-json\/wp\/v2\/media\/10134"}],"wp:attachment":[{"href":"https:\/\/hi-techwonder.com\/es\/wp-json\/wp\/v2\/media?parent=12477"}],"wp:term":[{"taxonomy":"product_brand","embeddable":true,"href":"https:\/\/hi-techwonder.com\/es\/wp-json\/wp\/v2\/product_brand?post=12477"},{"taxonomy":"product_cat","embeddable":true,"href":"https:\/\/hi-techwonder.com\/es\/wp-json\/wp\/v2\/product_cat?post=12477"},{"taxonomy":"product_tag","embeddable":true,"href":"https:\/\/hi-techwonder.com\/es\/wp-json\/wp\/v2\/product_tag?post=12477"}],"curies":[{"name":"wp","href":"https:\/\/api.w.org\/{rel}","templated":true}]}}