{"id":12479,"date":"2025-07-23T23:09:06","date_gmt":"2025-07-23T23:09:06","guid":{"rendered":"https:\/\/fv6qoy3ls0.wpdns.site\/produto\/nisi-cinema-estojo-para-filtros-4x4-e-4x5-65%e2%80%b3\/"},"modified":"2026-04-08T12:30:43","modified_gmt":"2026-04-08T11:30:43","slug":"nisi-cinema-estojo-para-filtros-4x4-e-4x5-65%e2%80%b3","status":"publish","type":"product","link":"https:\/\/hi-techwonder.com\/es\/producto\/nisi-cinema-estojo-para-filtros-4x4-e-4x5-65%e2%80%b3\/","title":{"rendered":"NiSi Cinema Estojo para Filtros 4\u00d74\u201d e 4\u00d75.65\u2033"},"content":{"rendered":"<h3 dir=\"ltr\" data-placeholder=\"Tradu\u00e7\u00e3o\">NiSi Cinema Estojo para Filtros 4\u00d74\u201d e 4\u00d75.65\u2033<\/h3>\n<p id=\"tw-target-text\" class=\"tw-data-text tw-text-large tw-ta\" dir=\"ltr\" data-placeholder=\"Tradu\u00e7\u00e3o\"><span class=\"Y2IQFc\" lang=\"pt\">O estojo NiSi Cinema para filtros 4\u00d74\u201d e 4\u00d75,65\u2033 (comporta at\u00e9 7 filtros 4\u00d74\u201d ou 4\u00d75,65\u201d) foi projetada para a linha NiSi Cine. Este foi projetado com um material leve que protege seus filtros de arranh\u00f5es e poeira. A bolsa pode conter at\u00e9 7 filtros de cine e possui um design flip top para manter a bolsa aberta durante o uso.<\/span><\/p>\n<p dir=\"ltr\" data-placeholder=\"Tradu\u00e7\u00e3o\"><img loading=\"lazy\" decoding=\"async\" class=\"alignnone wp-image-24293\" src=\"https:\/\/hi-techwonder.com\/wp-content\/themes\/woodmart\/images\/lazy.svg\" data-src=\"https:\/\/nisioptics.pt\/wp-content\/uploads\/2023\/04\/Bolsa1-1024x512.webp\" alt=\"Estojo Nisi Cinema\" width=\"752\" height=\"376\" \/><\/p>\n<p>Descobre mais sobre a nossa linha de cinema<a href=\"https:\/\/nisioptics.pt\/categoria\/descobre\/descobre-sistema-cinema\/\" target=\"_blank\" rel=\"noopener\"> aqui.<\/a><\/p>\n","protected":false},"excerpt":{"rendered":"<ul>\n<li>Capacidade para filtros de cinema, at\u00e9 7 filtros 4\u00d74&#8243; ou 4\u00d75,65&#8243;<\/li>\n<li>Design compacto e leve em 290g<\/li>\n<li>Cabe facilmente na mala da sua c\u00e2mara<\/li>\n<li>Adequado para filtros de cinema de 4 mm de espessura<\/li>\n<\/ul>\n","protected":false},"featured_media":10168,"comment_status":"closed","ping_status":"closed","template":"","meta":{"_acf_changed":false},"product_brand":[2543],"product_cat":[908],"product_tag":[],"class_list":{"0":"post-12479","1":"product","2":"type-product","3":"status-publish","4":"has-post-thumbnail","6":"product_brand-nisioptics-es","7":"product_cat-organizadores-es","9":"first","10":"instock","11":"taxable","12":"shipping-taxable","13":"purchasable","14":"product-type-simple"},"bundled_by":[],"bundle_stock_status":"instock","bundle_stock_quantity":1,"bundle_virtual":false,"bundle_layout":"","bundle_add_to_cart_form_location":"","bundle_editable_in_cart":false,"bundle_sold_individually_context":"","bundle_item_grouping":"","bundle_min_size":"","bundle_max_size":"","bundle_price":[],"bundled_items":[],"bundle_sell_ids":[],"acf":[],"_links":{"self":[{"href":"https:\/\/hi-techwonder.com\/es\/wp-json\/wp\/v2\/product\/12479","targetHints":{"allow":["GET"]}}],"collection":[{"href":"https:\/\/hi-techwonder.com\/es\/wp-json\/wp\/v2\/product"}],"about":[{"href":"https:\/\/hi-techwonder.com\/es\/wp-json\/wp\/v2\/types\/product"}],"replies":[{"embeddable":true,"href":"https:\/\/hi-techwonder.com\/es\/wp-json\/wp\/v2\/comments?post=12479"}],"wp:featuredmedia":[{"embeddable":true,"href":"https:\/\/hi-techwonder.com\/es\/wp-json\/wp\/v2\/media\/10168"}],"wp:attachment":[{"href":"https:\/\/hi-techwonder.com\/es\/wp-json\/wp\/v2\/media?parent=12479"}],"wp:term":[{"taxonomy":"product_brand","embeddable":true,"href":"https:\/\/hi-techwonder.com\/es\/wp-json\/wp\/v2\/product_brand?post=12479"},{"taxonomy":"product_cat","embeddable":true,"href":"https:\/\/hi-techwonder.com\/es\/wp-json\/wp\/v2\/product_cat?post=12479"},{"taxonomy":"product_tag","embeddable":true,"href":"https:\/\/hi-techwonder.com\/es\/wp-json\/wp\/v2\/product_tag?post=12479"}],"curies":[{"name":"wp","href":"https:\/\/api.w.org\/{rel}","templated":true}]}}