{"id":12480,"date":"2025-07-23T23:09:06","date_gmt":"2025-07-23T23:09:06","guid":{"rendered":"https:\/\/fv6qoy3ls0.wpdns.site\/produto\/nisi-cinema-filtro-4x5-65-nano-ir-nd-graduado-gnd-soft\/"},"modified":"2026-04-08T12:34:05","modified_gmt":"2026-04-08T11:34:05","slug":"nisi-cinema-filtro-4x5-65-nano-ir-nd-graduado-gnd-soft","status":"publish","type":"product","link":"https:\/\/hi-techwonder.com\/es\/producto\/nisi-cinema-filtro-4x5-65-nano-ir-nd-graduado-gnd-soft\/","title":{"rendered":"NiSi Cinema Filtro 4\u00d75.65\u201d Nano IR ND Graduado (GND) Soft"},"content":{"rendered":"<h3><strong>NiSi Cinema Filtro 4\u00d75.65\u201d Nano IR ND Graduado (GND) Hard<\/strong><\/h3>\n<p>A c\u00e2mara \u00e9 diferente do olho humano. A faixa din\u00e2mica do olho humano \u00e9 bastante ampla, permitindo ver detalhes em \u00e1reas claras e escuras simultaneamente. Embora as c\u00e2maras modernas tenham feito avan\u00e7os significativos no alcance, elas ainda n\u00e3o conseguem igualar o que podemos ver a olho nu. Estas t\u00eam dificuldade em reter detalhes em cenas com uma ampla gama de tons. Para compensar isso, podemos usar os filtros NiSi GNDs (abrevia\u00e7\u00e3o de filtros de Densidade Neutra Graduados) para escurecer seletivamente uma \u00e1rea da imagem, como c\u00e9us claros, enquanto permite uma exposi\u00e7\u00e3o normal e inalterada para outras regi\u00f5es da imagem.<\/p>\n<h5>Nano Coating de dupla face e controle de luz infravermelha<\/h5>\n<p>Feito de uma \u00fanica pe\u00e7a de vidro \u00f3ptico, cada filtro apresenta a exclusiva tecnologia de Nano Coating de dupla face da NiSi com controle de contamina\u00e7\u00e3o por luz infravermelha.<\/p>\n<h5>Resistente a arranh\u00f5es, gorduras e \u00e1gua.<\/h5>\n<p>O revestimento nano cria uma camada protetora no vidro, tornando-o resistente a arranh\u00f5es e f\u00e1cil de limpar.<\/p>\n<h5>Mudan\u00e7a de cor ultra baixa<\/h5>\n<p>Controlo de cores superior em compara\u00e7\u00e3o com outros concorrentes l\u00edderes.<\/p>\n<h5>Revestimento anti-reflexo<\/h5>\n<p>O Nano Coating da NiSi reduz reflexos para fornecer uma imagem digital 6K sem perda de clareza.<\/p>\n<h5>Transi\u00e7\u00e3o Graduada Suave<\/h5>\n<p>O filtro NiSi Nano IR ND Graduado Soft possui uma transi\u00e7\u00e3o graduada suave sem transi\u00e7\u00e3o aparente entre a parte mais escura do filtro na parte superior e a parte inferior que \u00e9 clara. Esse filtro \u00e9 perfeito para situa\u00e7\u00f5es em que voc\u00ea tem um horizonte irregular, como uma montanha ou uma paisagem urbana.<\/p>\n<h5>Dispon\u00edvel em densidades de 1 a 4 stops<\/h5>\n<p>Os filtros NiSi Cine Nano IR ND graduados (GND) est\u00e3o dispon\u00edveis nas vers\u00f5es ND2 (1 stop), ND4 (2 stops), ND8 (3 stops) e ND16 (4 stops).<\/p>\n<p>&nbsp;<\/p>\n<p>A linha de filtros Nisi 4 x 5,65\u201d \u00e9 compat\u00edvel com todas as marcas l\u00edderes de matte boxes que atendem ao padr\u00e3o 4 x 5,65\u201d. Os filtros de cinema tamb\u00e9m t\u00eam 4 mm de espessura, permitindo que se encaixem em gaiolas de filtro ou em projetos sem gaiola. Uma bolsa de couro sint\u00e9tico est\u00e1 inclu\u00edda para armazenamento e transporte.<\/p>\n<p><img loading=\"lazy\" decoding=\"async\" class=\"alignnone wp-image-24858\" src=\"https:\/\/hi-techwonder.com\/wp-content\/themes\/woodmart\/images\/lazy.svg\" data-src=\"https:\/\/nisioptics.pt\/wp-content\/uploads\/2023\/04\/gnd4-2.jpg\" alt=\"Filtros graduados 100mm\" width=\"569\" height=\"752\" \/><\/p>\n<p>Descobre mais sobre a nossa linha de cinema<a href=\"https:\/\/nisioptics.pt\/categoria\/descobre\/descobre-sistema-cinema\/\" target=\"_blank\" rel=\"noopener\"> aqui.<\/a><\/p>\n","protected":false},"excerpt":{"rendered":"<ul>\n<li>Os filtros graduados IR ND (GND) est\u00e3o dispon\u00edveis em densidades de 1 a 4 stops<\/li>\n<li>Reduza a exposi\u00e7\u00e3o em \u00e1reas seletivas<\/li>\n<li>Transi\u00e7\u00e3o suave<\/li>\n<li>Permite uma velocidade lenta do obturador<\/li>\n<li>Permite uma abertura mais ampla<\/li>\n<li>N\u00e3o altera as cores reais<\/li>\n<li>Nano Revestimento \u00d3ptico NiSi<\/li>\n<li>Constru\u00e7\u00e3o de vidro \u00f3ptico<\/li>\n<li>Estojo de couro sint\u00e9tico<\/li>\n<\/ul>\n","protected":false},"featured_media":10175,"comment_status":"closed","ping_status":"closed","template":"","meta":{"_acf_changed":false},"product_brand":[2543],"product_cat":[1061],"product_tag":[],"class_list":{"0":"post-12480","1":"product","2":"type-product","3":"status-publish","4":"has-post-thumbnail","6":"product_brand-nisioptics-es","7":"product_cat-filtros-de-cinema-es","8":"pa_densidade-nd16-4-stop-es","9":"pa_densidade-nd2-1-stop-es","10":"pa_densidade-nd4-2-stop-es","11":"pa_densidade-nd8-3-stop-es","13":"first","14":"onbackorder","15":"taxable","16":"shipping-taxable","17":"purchasable","18":"product-type-variable"},"bundled_by":[],"bundle_stock_status":"onbackorder","bundle_stock_quantity":null,"bundle_virtual":false,"bundle_layout":"","bundle_add_to_cart_form_location":"","bundle_editable_in_cart":false,"bundle_sold_individually_context":"","bundle_item_grouping":"","bundle_min_size":"","bundle_max_size":"","bundle_price":[],"bundled_items":[],"bundle_sell_ids":[],"acf":[],"_links":{"self":[{"href":"https:\/\/hi-techwonder.com\/es\/wp-json\/wp\/v2\/product\/12480","targetHints":{"allow":["GET"]}}],"collection":[{"href":"https:\/\/hi-techwonder.com\/es\/wp-json\/wp\/v2\/product"}],"about":[{"href":"https:\/\/hi-techwonder.com\/es\/wp-json\/wp\/v2\/types\/product"}],"replies":[{"embeddable":true,"href":"https:\/\/hi-techwonder.com\/es\/wp-json\/wp\/v2\/comments?post=12480"}],"wp:featuredmedia":[{"embeddable":true,"href":"https:\/\/hi-techwonder.com\/es\/wp-json\/wp\/v2\/media\/10175"}],"wp:attachment":[{"href":"https:\/\/hi-techwonder.com\/es\/wp-json\/wp\/v2\/media?parent=12480"}],"wp:term":[{"taxonomy":"product_brand","embeddable":true,"href":"https:\/\/hi-techwonder.com\/es\/wp-json\/wp\/v2\/product_brand?post=12480"},{"taxonomy":"product_cat","embeddable":true,"href":"https:\/\/hi-techwonder.com\/es\/wp-json\/wp\/v2\/product_cat?post=12480"},{"taxonomy":"product_tag","embeddable":true,"href":"https:\/\/hi-techwonder.com\/es\/wp-json\/wp\/v2\/product_tag?post=12480"}],"curies":[{"name":"wp","href":"https:\/\/api.w.org\/{rel}","templated":true}]}}