{"id":12503,"date":"2025-07-23T23:10:49","date_gmt":"2025-07-23T23:10:49","guid":{"rendered":"https:\/\/fv6qoy3ls0.wpdns.site\/produto\/nisi-cinema-filtro-4x5-65-true-color-polarizador-linear\/"},"modified":"2026-04-08T12:30:54","modified_gmt":"2026-04-08T11:30:54","slug":"nisi-cinema-filtro-4x5-65-true-color-polarizador-linear","status":"publish","type":"product","link":"https:\/\/hi-techwonder.com\/es\/producto\/nisi-cinema-filtro-4x5-65-true-color-polarizador-linear\/","title":{"rendered":"NiSi Cinema Filtro 4\u00d75.65\u201d True Color Polarizador Linear"},"content":{"rendered":"<h3><strong>NiSi Cinema Filtro 4\u00d75.65\u201d True Color Polarizador Linear<\/strong><\/h3>\n<p>O filtro NiSi Cinema 4 \u00d7 5,65\u201d True Color Polarizador Linear foi projetado para reduzir o brilho e os reflexos de superf\u00edcies n\u00e3o met\u00e1licas, aumentar a satura\u00e7\u00e3o e a vibra\u00e7\u00e3o no c\u00e9u e na folhagem, garantindo a melhor reprodu\u00e7\u00e3o da cor real, eliminando o efeito de aquecimento de cor que muitos polarizadores criam. O nosso polarizador True Color elimina o tom quente visto com outras marcas de filtros polarizadores e fornece uma representa\u00e7\u00e3o de cor real mais pr\u00f3xima da cena.<\/p>\n<p>Este filtro NiSi Cine 4\u00d75.65\u201d True Color Polarizador Linear usa a tecnologia Cine Seal que escurece a borda do vidro para maior durabilidade. Esta tecnologia reduz a influ\u00eancia das flutua\u00e7\u00f5es de temperatura e evita a condensa\u00e7\u00e3o.<\/p>\n<p>Os filtros polarizadores ajudam a reduzir os reflexos e o brilho ao filtrar a luz que se tornou polarizada devido ao reflexo de uma superf\u00edcie n\u00e3o met\u00e1lica. A luz solar torna-se naturalmente parcialmente polarizada devido \u00e0 reflex\u00e3o dos el\u00e9tr\u00f5es das mol\u00e9culas de ar, fazendo com que a luz se espalhe no que parece ser uma n\u00e9voa.<\/p>\n<p>Um filtro polarizador organiza e filtra essa luz polarizada direcional perpendicularmente \u00e0 luz refletida, permitindo que grande parte dessa luz seja absorvida. Isso resulta em uma not\u00e1vel redu\u00e7\u00e3o no brilho e reflexos de superf\u00edcies n\u00e3o met\u00e1licas e um aumento na satura\u00e7\u00e3o do c\u00e9u e da folhagem, e permite que a c\u00e2mara capture o que est\u00e1 abaixo da superf\u00edcie de \u00e1guas pouco profundas.<\/p>\n<p>A linha Nisi 4\u00d75,65\u201d \u00e9 compat\u00edvel com todas as marcas l\u00edderes de matte boxes que atendem ao padr\u00e3o 4\u00d75,65\u201d. Os filtros de cinema tamb\u00e9m acomodam 4 mm de espessura, permitindo que se encaixem em gaiolas de filtro ou em projetos sem gaiola. Uma bolsa de couro sint\u00e9tico est\u00e1 inclu\u00edda para armazenamento e transporte.<\/p>\n<p><img loading=\"lazy\" decoding=\"async\" class=\"alignnone wp-image-26765\" src=\"https:\/\/hi-techwonder.com\/wp-content\/themes\/woodmart\/images\/lazy.svg\" data-src=\"https:\/\/nisioptics.pt\/wp-content\/uploads\/2023\/04\/cpl-2-1024x738.jpg\" alt=\"\" width=\"752\" height=\"542\"><\/p>\n<p>Descobre mais sobre a nossa linha de cinema<a href=\"https:\/\/nisioptics.pt\/categoria\/descobre\/descobre-sistema-cinema\/\" target=\"_blank\" rel=\"noopener\"> aqui.<\/a><\/p>\n","protected":false},"excerpt":{"rendered":"<ul>\n<li>Elimina reflexos e ofuscamento<\/li>\n<li>Maior satura\u00e7\u00e3o tonal e de cor reduz a n\u00e9voa nas paisagens<\/li>\n<li>Cor verdadeira sem o tom quente visto com muitos outros polarizadores<\/li>\n<li>Tecnologia Cine Sealed para selar o filtro polarizador<\/li>\n<li>Revestimento imperme\u00e1vel<\/li>\n<li>Ultra alta-defini\u00e7\u00e3o<\/li>\n<li>4mm de espessura<\/li>\n<\/ul>\n","protected":false},"featured_media":10210,"comment_status":"closed","ping_status":"closed","template":"","meta":{"_acf_changed":false},"product_brand":[2543],"product_cat":[1061],"product_tag":[],"class_list":{"0":"post-12503","1":"product","2":"type-product","3":"status-publish","4":"has-post-thumbnail","6":"product_brand-nisioptics-es","7":"product_cat-filtros-de-cinema-es","9":"first","10":"instock","11":"taxable","12":"shipping-taxable","13":"purchasable","14":"product-type-simple"},"bundled_by":[],"bundle_stock_status":"instock","bundle_stock_quantity":1,"bundle_virtual":false,"bundle_layout":"","bundle_add_to_cart_form_location":"","bundle_editable_in_cart":false,"bundle_sold_individually_context":"","bundle_item_grouping":"","bundle_min_size":"","bundle_max_size":"","bundle_price":[],"bundled_items":[],"bundle_sell_ids":[],"acf":[],"_links":{"self":[{"href":"https:\/\/hi-techwonder.com\/es\/wp-json\/wp\/v2\/product\/12503","targetHints":{"allow":["GET"]}}],"collection":[{"href":"https:\/\/hi-techwonder.com\/es\/wp-json\/wp\/v2\/product"}],"about":[{"href":"https:\/\/hi-techwonder.com\/es\/wp-json\/wp\/v2\/types\/product"}],"replies":[{"embeddable":true,"href":"https:\/\/hi-techwonder.com\/es\/wp-json\/wp\/v2\/comments?post=12503"}],"wp:featuredmedia":[{"embeddable":true,"href":"https:\/\/hi-techwonder.com\/es\/wp-json\/wp\/v2\/media\/10210"}],"wp:attachment":[{"href":"https:\/\/hi-techwonder.com\/es\/wp-json\/wp\/v2\/media?parent=12503"}],"wp:term":[{"taxonomy":"product_brand","embeddable":true,"href":"https:\/\/hi-techwonder.com\/es\/wp-json\/wp\/v2\/product_brand?post=12503"},{"taxonomy":"product_cat","embeddable":true,"href":"https:\/\/hi-techwonder.com\/es\/wp-json\/wp\/v2\/product_cat?post=12503"},{"taxonomy":"product_tag","embeddable":true,"href":"https:\/\/hi-techwonder.com\/es\/wp-json\/wp\/v2\/product_tag?post=12503"}],"curies":[{"name":"wp","href":"https:\/\/api.w.org\/{rel}","templated":true}]}}