{"id":12509,"date":"2025-07-23T23:10:49","date_gmt":"2025-07-23T23:10:49","guid":{"rendered":"https:\/\/fv6qoy3ls0.wpdns.site\/produto\/nisi-cinema-filtro-4x5-65%e2%80%b3-allure-mist-white-diffusion\/"},"modified":"2026-04-08T12:34:07","modified_gmt":"2026-04-08T11:34:07","slug":"nisi-cinema-filtro-4x5-65%e2%80%b3-allure-mist-white-diffusion","status":"publish","type":"product","link":"https:\/\/hi-techwonder.com\/es\/producto\/nisi-cinema-filtro-4x5-65%e2%80%b3-allure-mist-white-diffusion\/","title":{"rendered":"NiSi Cinema Filtro 4\u00d75.65\u2033 Allure Mist White Diffusion"},"content":{"rendered":"<h3 dir=\"ltr\" data-placeholder=\"Tradu\u00e7\u00e3o\"><strong>NiSi Cinema Filtro 4\u00d75.65\u2033 Allure Mist White Diffusion<\/strong><\/h3>\n<p class=\"tw-data-text tw-text-large tw-ta\" dir=\"ltr\" data-placeholder=\"Tradu\u00e7\u00e3o\"><span class=\"Y2IQFc\" lang=\"pt\">Os filtros <strong>NiSi Cinema 4 \u00d7 5,65 \u2033 Allure Mist White Diffusion<\/strong> permitem suavizar realces e criar sombras difusas para fotos atmosf\u00e9ricas.<\/span><\/p>\n<p>Os filtros de Cinema Allure Mist reduzem o contraste que pode levar a nitidez excessiva no cinema moderno, DSLR e lentes de c\u00e2mera sem espelho.<\/p>\n<p>O efeito de n\u00e9voa suave em densidades vari\u00e1veis \u200b\u200bde 1\/8, 1\/4, 1\/2 e 1 stops ajuda a dispersar os reflexos mais brilhantes para criar um efeito de reflexo de fontes de luz fortes. O filtro Mist Black cria aquela \u00abatmosfera\u00bb especial suavizando o excesso de nitidez e contraste.<\/p>\n<p>A linha de produtos NiSi 4\u00d75,65\u2033 \u00e9 compat\u00edvel com todos os principais matte boxes de v\u00eddeo. Os filtros de cinema da NiSi s\u00e3o o padr\u00e3o da ind\u00fastria com 4 mm de espessura. Um estojo de armazenamento individual de couro sint\u00e9tico est\u00e1 inclu\u00eddo.<\/p>\n<p>&nbsp;<\/p>\n<p>As s\u00e9ries NiSi Allure Mist White e Black usam a tecnologia <strong>Cine Sealed<\/strong>, as bordas do filtro s\u00e3o seladas com resina preta para melhorar o desempenho e a durabilidade. Esta tecnologia reduz a influ\u00eancia das flutua\u00e7\u00f5es de temperatura, evita a condensa\u00e7\u00e3o e protege o filtro de ofuscamento e reflexos indesejados. Em compara\u00e7\u00e3o com tratamentos semelhantes, a tecnologia NiSi permite vedar a borda do filtro com o dobro da efici\u00eancia, gra\u00e7as a m\u00e1quinas de alta precis\u00e3o e materiais exclusivos.<\/p>\n<p><img loading=\"lazy\" decoding=\"async\" class=\"alignnone wp-image-24659\" src=\"https:\/\/hi-techwonder.com\/wp-content\/themes\/woodmart\/images\/lazy.svg\" data-src=\"https:\/\/nisioptics.pt\/wp-content\/uploads\/2023\/04\/White-Mist1.jpg\" alt=\"Filtro comparaci\u00f3n NiSi Cine White Mist \" width=\"557\" height=\"752\" \/><\/p>\n<p><iframe loading=\"lazy\" title=\"Filtros NiSi Cine Allure Mist Comparaci\u00f3n\" width=\"500\" height=\"281\" src=\"https:\/\/www.youtube.com\/embed\/5t6bwWMU0Cw?feature=oembed\" frameborder=\"0\" allow=\"accelerometer; autoplay; clipboard-write; encrypted-media; gyroscope; picture-in-picture; web-share\" referrerpolicy=\"strict-origin-when-cross-origin\" allowfullscreen><\/iframe><\/p>\n<p>Descobre mais sobre a nossa linha de cinema<a href=\"https:\/\/nisioptics.pt\/categoria\/descobre\/descobre-sistema-cinema\/\" target=\"_blank\" rel=\"noopener\"> aqui.<\/a><\/p>\n","protected":false},"excerpt":{"rendered":"<ul>\n<li>Reduz os reflexos em geral e o contraste<\/li>\n<li>Produz efeito de n\u00e9voa<\/li>\n<li>4mm de espessura<\/li>\n<li>Constru\u00e7\u00e3o de vidro \u00f3ptico<\/li>\n<li>Estojo de couro sint\u00e9tico<\/li>\n<\/ul>\n","protected":false},"featured_media":10222,"comment_status":"closed","ping_status":"closed","template":"","meta":{"_acf_changed":false},"product_brand":[2543],"product_cat":[1061],"product_tag":[],"class_list":{"0":"post-12509","1":"product","2":"type-product","3":"status-publish","4":"has-post-thumbnail","6":"product_brand-nisioptics-es","7":"product_cat-filtros-de-cinema-es","8":"pa_densidade-1-es","9":"pa_densidade-1-2-es","10":"pa_densidade-1-4-es","11":"pa_densidade-1-8-es","13":"first","14":"instock","15":"taxable","16":"shipping-taxable","17":"purchasable","18":"product-type-variable"},"bundled_by":[],"bundle_stock_status":"instock","bundle_stock_quantity":null,"bundle_virtual":false,"bundle_layout":"","bundle_add_to_cart_form_location":"","bundle_editable_in_cart":false,"bundle_sold_individually_context":"","bundle_item_grouping":"","bundle_min_size":"","bundle_max_size":"","bundle_price":[],"bundled_items":[],"bundle_sell_ids":[],"acf":[],"_links":{"self":[{"href":"https:\/\/hi-techwonder.com\/es\/wp-json\/wp\/v2\/product\/12509","targetHints":{"allow":["GET"]}}],"collection":[{"href":"https:\/\/hi-techwonder.com\/es\/wp-json\/wp\/v2\/product"}],"about":[{"href":"https:\/\/hi-techwonder.com\/es\/wp-json\/wp\/v2\/types\/product"}],"replies":[{"embeddable":true,"href":"https:\/\/hi-techwonder.com\/es\/wp-json\/wp\/v2\/comments?post=12509"}],"wp:featuredmedia":[{"embeddable":true,"href":"https:\/\/hi-techwonder.com\/es\/wp-json\/wp\/v2\/media\/10222"}],"wp:attachment":[{"href":"https:\/\/hi-techwonder.com\/es\/wp-json\/wp\/v2\/media?parent=12509"}],"wp:term":[{"taxonomy":"product_brand","embeddable":true,"href":"https:\/\/hi-techwonder.com\/es\/wp-json\/wp\/v2\/product_brand?post=12509"},{"taxonomy":"product_cat","embeddable":true,"href":"https:\/\/hi-techwonder.com\/es\/wp-json\/wp\/v2\/product_cat?post=12509"},{"taxonomy":"product_tag","embeddable":true,"href":"https:\/\/hi-techwonder.com\/es\/wp-json\/wp\/v2\/product_tag?post=12509"}],"curies":[{"name":"wp","href":"https:\/\/api.w.org\/{rel}","templated":true}]}}