{"id":12519,"date":"2025-07-23T23:10:49","date_gmt":"2025-07-23T23:10:49","guid":{"rendered":"https:\/\/fv6qoy3ls0.wpdns.site\/produto\/nisi-cinema-filtro-4x565-allure-streak\/"},"modified":"2026-04-08T12:34:07","modified_gmt":"2026-04-08T11:34:07","slug":"nisi-cinema-filtro-4x565-allure-streak","status":"publish","type":"product","link":"https:\/\/hi-techwonder.com\/es\/producto\/nisi-cinema-filtro-4x565-allure-streak\/","title":{"rendered":"NiSi Cinema Filtro 4&#215;5,65&#8243; Allure Streak"},"content":{"rendered":"<h3><strong>NiSi Cinema Filtro 4&#215;5,65&#8243; Allure Streak<\/strong><\/h3>\n<p><iframe loading=\"lazy\" title=\"NiSi Cine Filtro Allure Streak\" width=\"500\" height=\"281\" src=\"https:\/\/www.youtube.com\/embed\/Z-3eiA4pCn0?feature=oembed\" frameborder=\"0\" allow=\"accelerometer; autoplay; clipboard-write; encrypted-media; gyroscope; picture-in-picture; web-share\" referrerpolicy=\"strict-origin-when-cross-origin\" allowfullscreen><\/iframe><\/p>\n<p>O filtro NiSi Cinema 4 \u00d7 5,65\u201d Allure Streak \u00e9 um filtro de efeitos especiais projetado para gerar um \u00fanico feixe de luz a partir de uma fonte de luz pontual. Este filtro apresenta uma \u00fanica s\u00e9rie de linhas gravadas com 1 ou 2 mm de dist\u00e2ncia, percorrendo a superf\u00edcie do filtro. O filtro cria o efeito de bandas horizontais alongadas da fonte de luz que normalmente s\u00e3o vistas ao usar um tipo de lente anam\u00f3rfica. Quando o filtro \u00e9 girado, a orienta\u00e7\u00e3o do feixe de luz pode ser ajustada para se adequar \u00e0 sua composi\u00e7\u00e3o ou efeito desejado. O filtro \u00e9 constru\u00eddo em vidro transparente de grau \u00f3ptico H-K9L para manter a nitidez da imagem.<\/p>\n<p>Recomendamos dist\u00e2ncias focais de 35 mm ou mais com nossos filtros Allure Streak para garantir um prolongamento reto da fonte de luz sem distor\u00e7\u00e3o da lente.<\/p>\n<ul>\n<li>As linhas gravadas com 1 ou 2 mm de dist\u00e2ncia produzem um \u00fanico feixe horizontal de luz a partir de fontes pontuais de luz, reflexos fortes, materiais refletivos ou superf\u00edcies met\u00e1licas.<\/li>\n<li>O filtro pode ser girado para ajustar a orienta\u00e7\u00e3o do feixe de luz.<\/li>\n<li>A constru\u00e7\u00e3o de vidro \u00f3ptico mant\u00e9m a qualidade da imagem original e n\u00e3o afeta a cor ou o contraste geral<\/li>\n<\/ul>\n<p>Existem 5 tipos de filtro Allure Streak dispon\u00edveis para pedido:<\/p>\n<ul>\n<li>azul 1mm<\/li>\n<li>azul 2mm<\/li>\n<li>claro 1mm<\/li>\n<li>claro 2mm<\/li>\n<li>laranja 2mm<\/li>\n<\/ul>\n<p>Descobre mais sobre a nossa linha de cinema<a href=\"\/?product_cat=descobre-sistema-cinema\"> aqui.<\/a><\/p>\n","protected":false},"excerpt":{"rendered":"<ul>\n<li>Filtro de cinema de efeitos especiais projetado para reproduzir um \u00fanico feixe de luz de uma fonte de luz pontual<\/li>\n<li>Cria o efeito de bandas horizontais alongadas da fonte de luz<\/li>\n<li>O filtro pode ser girado para ajustar a orienta\u00e7\u00e3o do feixe de luz.<\/li>\n<li>Vidro \u00f3ptico<\/li>\n<\/ul>\n","protected":false},"featured_media":10242,"comment_status":"closed","ping_status":"closed","template":"","meta":{"_acf_changed":false},"product_brand":[2543],"product_cat":[1061],"product_tag":[],"class_list":{"0":"post-12519","1":"product","2":"type-product","3":"status-publish","4":"has-post-thumbnail","6":"product_brand-nisioptics-es","7":"product_cat-filtros-de-cinema-es","8":"pa_cor-azul-es","9":"pa_cor-naranja","10":"pa_cor-e-densidade-azul-1mm","11":"pa_cor-e-densidade-azul-2mm","12":"pa_cor-e-densidade-claro-1mm","13":"pa_cor-e-densidade-claro-2mm","14":"pa_cor-e-densidade-naranja-2mm","16":"first","17":"instock","18":"taxable","19":"shipping-taxable","20":"purchasable","21":"product-type-variable"},"bundled_by":[],"bundle_stock_status":"instock","bundle_stock_quantity":null,"bundle_virtual":false,"bundle_layout":"","bundle_add_to_cart_form_location":"","bundle_editable_in_cart":false,"bundle_sold_individually_context":"","bundle_item_grouping":"","bundle_min_size":"","bundle_max_size":"","bundle_price":[],"bundled_items":[],"bundle_sell_ids":[],"acf":[],"_links":{"self":[{"href":"https:\/\/hi-techwonder.com\/es\/wp-json\/wp\/v2\/product\/12519","targetHints":{"allow":["GET"]}}],"collection":[{"href":"https:\/\/hi-techwonder.com\/es\/wp-json\/wp\/v2\/product"}],"about":[{"href":"https:\/\/hi-techwonder.com\/es\/wp-json\/wp\/v2\/types\/product"}],"replies":[{"embeddable":true,"href":"https:\/\/hi-techwonder.com\/es\/wp-json\/wp\/v2\/comments?post=12519"}],"wp:featuredmedia":[{"embeddable":true,"href":"https:\/\/hi-techwonder.com\/es\/wp-json\/wp\/v2\/media\/10242"}],"wp:attachment":[{"href":"https:\/\/hi-techwonder.com\/es\/wp-json\/wp\/v2\/media?parent=12519"}],"wp:term":[{"taxonomy":"product_brand","embeddable":true,"href":"https:\/\/hi-techwonder.com\/es\/wp-json\/wp\/v2\/product_brand?post=12519"},{"taxonomy":"product_cat","embeddable":true,"href":"https:\/\/hi-techwonder.com\/es\/wp-json\/wp\/v2\/product_cat?post=12519"},{"taxonomy":"product_tag","embeddable":true,"href":"https:\/\/hi-techwonder.com\/es\/wp-json\/wp\/v2\/product_tag?post=12519"}],"curies":[{"name":"wp","href":"https:\/\/api.w.org\/{rel}","templated":true}]}}