{"id":12520,"date":"2025-07-23T23:10:49","date_gmt":"2025-07-23T23:10:49","guid":{"rendered":"https:\/\/fv6qoy3ls0.wpdns.site\/produto\/nisi-cinema-filtro-4x565-bloqueador-de-luz-amarela-natural-night\/"},"modified":"2026-04-08T12:31:01","modified_gmt":"2026-04-08T11:31:01","slug":"nisi-cinema-filtro-4x565-bloqueador-de-luz-amarela-natural-night","status":"publish","type":"product","link":"https:\/\/hi-techwonder.com\/es\/producto\/nisi-cinema-filtro-4x565-bloqueador-de-luz-amarela-natural-night\/","title":{"rendered":"NiSi Cinema Filtro 4&#215;5,65 Bloqueador de Luz Amarela (Natural Night)"},"content":{"rendered":"<h3><strong>NiSi Cinema Filtro 4&#215;5,65 Bloqueador de Luz Amarela (Natural Night)<\/strong><\/h3>\n<p>O filtro NiSi Cinema 4&#215;5.65 Bloqueador de Luz Amarela (Natural Night) foi projetado para reduzir a apar\u00eancia de polui\u00e7\u00e3o luminosa em v\u00eddeos ou imagens que incluem c\u00e9u noturno e ilumina\u00e7\u00e3o de fontes de luz artificial. A polui\u00e7\u00e3o luminosa ocorre em \u00e1reas do c\u00e9u noturno que est\u00e3o acima ou perto de fontes concentradas e intensas de luz artificial, como cidades. Essas fontes de luz podem incluir ilumina\u00e7\u00e3o externa e interna para edif\u00edcios comerciais ou residenciais, sinaliza\u00e7\u00e3o bem iluminada e locais de esportes e entretenimento.<\/p>\n<p>Al\u00e9m disso, luzes artificiais agrupadas podem se tornar dif\u00edceis de distinguir individualmente. A polui\u00e7\u00e3o luminosa dessas fontes &#8220;desordenadas&#8221; pode se tornar uma fonte de distra\u00e7\u00e3o em uma imagem e pode se assemelhar a \u00e1reas de brilho superexpostas.<\/p>\n<p>Quando usado, o NiSi Cinema Bloqueador de Luz Amarela (Natural Night) pode melhorar os resultados de imagens noturnas bloqueando a luz amarela de l\u00e2mpadas de s\u00f3dio, l\u00e2mpadas de merc\u00fario ou LEDs de baixo \u00edndice de renderiza\u00e7\u00e3o de cor, fontes de luz convencionais em \u00e1reas urbanas. Ao impedir que os comprimentos de onda dominantes da luz associados \u00e0 cor dessas l\u00e2mpadas sejam registados, a visibilidade dos objetos astron\u00f3micos \u00e9 aumentada e, onde aparecem, as fontes de luz artificial s\u00e3o mais claramente definidas com menos brilho e melhor contraste.<\/p>\n<p>Este filtro \u00e9 compat\u00edvel com porta-filtros ou matte boxes que podem acomodar filtros retangulares de 4 mm de espessura e s\u00e3o constru\u00eddos com vidro \u00f3tico para clareza e fidelidade de cor. Cada superf\u00edcie de vidro inclui uma camada de revestimento Nano. O revestimento Nano associado a este filtro resulta em um efeito de perola aprimorado quando em contato com \u00e1gua ou \u00f3leo para maior efici\u00eancia de limpeza.<\/p>\n<p>Um estojo de couro sint\u00e9tico est\u00e1 inclu\u00eddo com este filtro para armazenamento e transporte.<\/p>\n<p><img loading=\"lazy\" decoding=\"async\" class=\"alignnone wp-image-24843\" src=\"https:\/\/hi-techwonder.com\/wp-content\/themes\/woodmart\/images\/lazy.svg\" data-src=\"https:\/\/nisioptics.pt\/wp-content\/uploads\/2023\/04\/Natural-Night-Beno-Saradzic-1024x754.jpg\" alt=\"Filtro Natural Night 100mm\" width=\"752\" height=\"553\" \/><\/p>\n<p>Descobre mais sobre a nossa linha de cinema<a href=\"https:\/\/nisioptics.pt\/categoria\/descobre\/descobre-sistema-cinema\/\" target=\"_blank\" rel=\"noopener\"> aqui.<\/a><\/p>\n","protected":false},"excerpt":{"rendered":"<ul>\n<li>Reduz a polui\u00e7\u00e3o luminosa no c\u00e9u noturno<\/li>\n<li>Bloqueia a luz amarela das luzes de s\u00f3dio e merc\u00fario<\/li>\n<li>Constru\u00e7\u00e3o de vidro \u00f3ptico H-K9L<\/li>\n<li>Nano revestimento<\/li>\n<li>4mm de espessura<\/li>\n<li>Estojo de couro sint\u00e9tico<\/li>\n<\/ul>\n","protected":false},"featured_media":10245,"comment_status":"closed","ping_status":"closed","template":"","meta":{"_acf_changed":false},"product_brand":[2543],"product_cat":[1061],"product_tag":[],"class_list":{"0":"post-12520","1":"product","2":"type-product","3":"status-publish","4":"has-post-thumbnail","6":"product_brand-nisioptics-es","7":"product_cat-filtros-de-cinema-es","9":"first","10":"onbackorder","11":"taxable","12":"shipping-taxable","13":"purchasable","14":"product-type-simple"},"bundled_by":[],"bundle_stock_status":"onbackorder","bundle_stock_quantity":null,"bundle_virtual":false,"bundle_layout":"","bundle_add_to_cart_form_location":"","bundle_editable_in_cart":false,"bundle_sold_individually_context":"","bundle_item_grouping":"","bundle_min_size":"","bundle_max_size":"","bundle_price":[],"bundled_items":[],"bundle_sell_ids":[],"acf":[],"_links":{"self":[{"href":"https:\/\/hi-techwonder.com\/es\/wp-json\/wp\/v2\/product\/12520","targetHints":{"allow":["GET"]}}],"collection":[{"href":"https:\/\/hi-techwonder.com\/es\/wp-json\/wp\/v2\/product"}],"about":[{"href":"https:\/\/hi-techwonder.com\/es\/wp-json\/wp\/v2\/types\/product"}],"replies":[{"embeddable":true,"href":"https:\/\/hi-techwonder.com\/es\/wp-json\/wp\/v2\/comments?post=12520"}],"wp:featuredmedia":[{"embeddable":true,"href":"https:\/\/hi-techwonder.com\/es\/wp-json\/wp\/v2\/media\/10245"}],"wp:attachment":[{"href":"https:\/\/hi-techwonder.com\/es\/wp-json\/wp\/v2\/media?parent=12520"}],"wp:term":[{"taxonomy":"product_brand","embeddable":true,"href":"https:\/\/hi-techwonder.com\/es\/wp-json\/wp\/v2\/product_brand?post=12520"},{"taxonomy":"product_cat","embeddable":true,"href":"https:\/\/hi-techwonder.com\/es\/wp-json\/wp\/v2\/product_cat?post=12520"},{"taxonomy":"product_tag","embeddable":true,"href":"https:\/\/hi-techwonder.com\/es\/wp-json\/wp\/v2\/product_tag?post=12520"}],"curies":[{"name":"wp","href":"https:\/\/api.w.org\/{rel}","templated":true}]}}