{"id":12521,"date":"2025-07-23T23:10:49","date_gmt":"2025-07-23T23:10:49","guid":{"rendered":"https:\/\/fv6qoy3ls0.wpdns.site\/produto\/nisi-cinema-filtro-4x5-65-true-color-polarizador-giratorio\/"},"modified":"2026-04-08T12:31:01","modified_gmt":"2026-04-08T11:31:01","slug":"nisi-cinema-filtro-4x5-65-true-color-polarizador-giratorio","status":"publish","type":"product","link":"https:\/\/hi-techwonder.com\/es\/producto\/nisi-cinema-filtro-4x5-65-true-color-polarizador-giratorio\/","title":{"rendered":"NiSi Cinema Filtro 4\u00d75.65\u201d True Color Polarizador Girat\u00f3rio"},"content":{"rendered":"<h3><strong>NiSi Cinema Filtro 4\u00d75.65\u201d True Color Polarizador Girat\u00f3rio<\/strong><\/h3>\n<p>O NiSi Cine Filtro 4\u00d75.65\u201d True Color Polarizador Girat\u00f3rio reduz os reflexos e o brilho ao filtrar a luz que se tornou polarizada devido ao reflexo de uma superf\u00edcie n\u00e3o met\u00e1lica. Um filtro polarizador organiza e filtra essa luz polarizada direcional perpendicularmente \u00e0 luz refletida, permitindo absor\u00e7\u00e3o de grande parte dessa luz. Isso resulta em uma redu\u00e7\u00e3o percept\u00edvel no brilho e reflexos de superf\u00edcies n\u00e3o met\u00e1licas e um aumento na satura\u00e7\u00e3o do c\u00e9u e da folhagem.<\/p>\n<p>A tecnologia True Color elimina o tom quente visto com outras marcas de filtros polarizadores e fornece uma representa\u00e7\u00e3o precisa e fiel \u00e0 cor da cena.<\/p>\n<p>O nosso Filtro Polarizador Rotativo foi projetado pensando no diretor de fotografia. O filtro tem 6 mm de espessura e cabe em uma bandeja matte box padr\u00e3o. Este PL possui uma engrenagem de controle de foco M0.8, que permite ajustes com um pequeno motor acoplado ou manualmente. A estrutura de alum\u00ednio \u00e9 leve, est\u00e1vel e dur\u00e1vel e inclui uma rosca de 1\/4\u2033 para permitir que o PL seja usado com um bra\u00e7o m\u00e1gico. Uma barra de suporte de 15 mm est\u00e1 inclu\u00edda na caixa. A borda do polarizador \u00e9 selada para evitar que a humidade entre no filtro.<\/p>\n<p>O NiSi Cine Filtro 4\u00d75.65\u201d True Color Polarizador Girat\u00f3rio pode melhorar significativamente a efici\u00eancia em capturas sens\u00edveis ao tempo, tornando-se uma ferramenta poderosa para videomakers e diretores de fotografia.<\/p>\n<p><img loading=\"lazy\" decoding=\"async\" class=\"alignnone wp-image-26765\" src=\"https:\/\/hi-techwonder.com\/wp-content\/themes\/woodmart\/images\/lazy.svg\" data-src=\"https:\/\/nisioptics.pt\/wp-content\/uploads\/2023\/04\/cpl-2-1024x738.jpg\" alt=\"\" width=\"752\" height=\"542\"><\/p>\n<p>Descobre mais sobre a nossa linha de cinema<a href=\"https:\/\/nisioptics.pt\/categoria\/descobre\/descobre-sistema-cinema\/\" target=\"_blank\" rel=\"noopener\"> aqui.<\/a><\/p>\n","protected":false},"excerpt":{"rendered":"<ul>\n<li>Filtro polarizador PL montado<\/li>\n<li>Vidro \u00f3ptico girat\u00f3rio<\/li>\n<li>Engrenagem de controle de foco M0.8, permitindo ajustes com um pequeno motor acoplado ou manualmente<\/li>\n<li>Bandeja de filtro de liga de alum\u00ednio de 6 mm de espessura<\/li>\n<li>+1 a 1,5 stops<\/li>\n<li>Ajuda a eliminar reflexos e ofuscamento<\/li>\n<li>Reduz a n\u00e9voa<\/li>\n<li>A tecnologia True Color elimina o tom quente visto com outras marcas de filtros polarizadores<\/li>\n<li>Estojo acolchoado<\/li>\n<\/ul>\n","protected":false},"featured_media":71085,"comment_status":"closed","ping_status":"closed","template":"","meta":{"_acf_changed":false},"product_brand":[2543],"product_cat":[1061],"product_tag":[],"class_list":{"0":"post-12521","1":"product","2":"type-product","3":"status-publish","4":"has-post-thumbnail","6":"product_brand-nisioptics-es","7":"product_cat-filtros-de-cinema-es","9":"first","10":"instock","11":"taxable","12":"shipping-taxable","13":"purchasable","14":"product-type-simple"},"bundled_by":[],"bundle_stock_status":"instock","bundle_stock_quantity":1,"bundle_virtual":false,"bundle_layout":"","bundle_add_to_cart_form_location":"","bundle_editable_in_cart":false,"bundle_sold_individually_context":"","bundle_item_grouping":"","bundle_min_size":"","bundle_max_size":"","bundle_price":[],"bundled_items":[],"bundle_sell_ids":[],"acf":[],"_links":{"self":[{"href":"https:\/\/hi-techwonder.com\/es\/wp-json\/wp\/v2\/product\/12521","targetHints":{"allow":["GET"]}}],"collection":[{"href":"https:\/\/hi-techwonder.com\/es\/wp-json\/wp\/v2\/product"}],"about":[{"href":"https:\/\/hi-techwonder.com\/es\/wp-json\/wp\/v2\/types\/product"}],"replies":[{"embeddable":true,"href":"https:\/\/hi-techwonder.com\/es\/wp-json\/wp\/v2\/comments?post=12521"}],"wp:featuredmedia":[{"embeddable":true,"href":"https:\/\/hi-techwonder.com\/es\/wp-json\/wp\/v2\/media\/71085"}],"wp:attachment":[{"href":"https:\/\/hi-techwonder.com\/es\/wp-json\/wp\/v2\/media?parent=12521"}],"wp:term":[{"taxonomy":"product_brand","embeddable":true,"href":"https:\/\/hi-techwonder.com\/es\/wp-json\/wp\/v2\/product_brand?post=12521"},{"taxonomy":"product_cat","embeddable":true,"href":"https:\/\/hi-techwonder.com\/es\/wp-json\/wp\/v2\/product_cat?post=12521"},{"taxonomy":"product_tag","embeddable":true,"href":"https:\/\/hi-techwonder.com\/es\/wp-json\/wp\/v2\/product_tag?post=12521"}],"curies":[{"name":"wp","href":"https:\/\/api.w.org\/{rel}","templated":true}]}}