{"id":12522,"date":"2025-07-23T23:11:22","date_gmt":"2025-07-23T23:11:22","guid":{"rendered":"https:\/\/fv6qoy3ls0.wpdns.site\/produto\/nisi-cinema-filtro-4x565-protector-explosion-proof\/"},"modified":"2026-04-08T12:31:02","modified_gmt":"2026-04-08T11:31:02","slug":"nisi-cinema-filtro-4x565-protector-explosion-proof","status":"publish","type":"product","link":"https:\/\/hi-techwonder.com\/es\/producto\/nisi-cinema-filtro-4x565-protector-explosion-proof\/","title":{"rendered":"NiSi Cinema Filtro 4&#215;5,65 Protector Explosion-Proof"},"content":{"rendered":"<h3><strong>NiSi Cinema Filtro 4&#215;5,65 Protector Explosion-Proof<\/strong><\/h3>\n<p><iframe loading=\"lazy\" title=\"NiSi Filtro Cine Explosion Proof proteccion\" width=\"500\" height=\"281\" src=\"https:\/\/www.youtube.com\/embed\/Hb0V1uejfF0?feature=oembed\" frameborder=\"0\" allow=\"accelerometer; autoplay; clipboard-write; encrypted-media; gyroscope; picture-in-picture; web-share\" referrerpolicy=\"strict-origin-when-cross-origin\" allowfullscreen><\/iframe><\/p>\n<p>O NiSi Cinema 4&#215;5.65 Protector Explosion-Proof \u00e9 um filtro transparente que \u00e9 revestido em ambos os lados com uma pel\u00edcula inquebr\u00e1vel para manter todos os vidros quebrados juntos no caso de um objeto bater forte o suficiente para quebrar o vidro. Ele \u00e9 projetado para proteger a sua lente de objetos estranhos voando ou contato acidental com objetos estacion\u00e1rios dentro de uma cena.<\/p>\n<p>O filme inquebr\u00e1vel \u00e9 de cor neutra e protege sua lente sem perda de nitidez! O filtro de vidro \u00f3ptico de n\u00edvel de lente tamb\u00e9m \u00e9 equipado com o revestimento Nano NiSi patenteado, que evita reflexos e brilho.<\/p>\n<p>Descobre mais sobre a nossa linha de cinema<a href=\"https:\/\/nisioptics.pt\/categoria\/descobre\/descobre-sistema-cinema\/\" target=\"_blank\" rel=\"noopener\"> aqui.<\/a><\/p>\n","protected":false},"excerpt":{"rendered":"<ul>\n<li>Filtro de vidro &#8220;\u00e1gua branca&#8221; ajustado com revestimento inquebr\u00e1vel<\/li>\n<li>Anti-reflexo, sem brilho<\/li>\n<li>Compat\u00edvel com todas as marcas l\u00edderes de matte boxes<\/li>\n<li>Sem perda de nitidez<\/li>\n<\/ul>\n","protected":false},"featured_media":10259,"comment_status":"closed","ping_status":"closed","template":"","meta":{"_acf_changed":false},"product_brand":[2543],"product_cat":[1061],"product_tag":[],"class_list":{"0":"post-12522","1":"product","2":"type-product","3":"status-publish","4":"has-post-thumbnail","6":"product_brand-nisioptics-es","7":"product_cat-filtros-de-cinema-es","9":"first","10":"instock","11":"taxable","12":"shipping-taxable","13":"purchasable","14":"product-type-simple"},"bundled_by":[],"bundle_stock_status":"instock","bundle_stock_quantity":1,"bundle_virtual":false,"bundle_layout":"","bundle_add_to_cart_form_location":"","bundle_editable_in_cart":false,"bundle_sold_individually_context":"","bundle_item_grouping":"","bundle_min_size":"","bundle_max_size":"","bundle_price":[],"bundled_items":[],"bundle_sell_ids":[],"acf":[],"_links":{"self":[{"href":"https:\/\/hi-techwonder.com\/es\/wp-json\/wp\/v2\/product\/12522","targetHints":{"allow":["GET"]}}],"collection":[{"href":"https:\/\/hi-techwonder.com\/es\/wp-json\/wp\/v2\/product"}],"about":[{"href":"https:\/\/hi-techwonder.com\/es\/wp-json\/wp\/v2\/types\/product"}],"replies":[{"embeddable":true,"href":"https:\/\/hi-techwonder.com\/es\/wp-json\/wp\/v2\/comments?post=12522"}],"wp:featuredmedia":[{"embeddable":true,"href":"https:\/\/hi-techwonder.com\/es\/wp-json\/wp\/v2\/media\/10259"}],"wp:attachment":[{"href":"https:\/\/hi-techwonder.com\/es\/wp-json\/wp\/v2\/media?parent=12522"}],"wp:term":[{"taxonomy":"product_brand","embeddable":true,"href":"https:\/\/hi-techwonder.com\/es\/wp-json\/wp\/v2\/product_brand?post=12522"},{"taxonomy":"product_cat","embeddable":true,"href":"https:\/\/hi-techwonder.com\/es\/wp-json\/wp\/v2\/product_cat?post=12522"},{"taxonomy":"product_tag","embeddable":true,"href":"https:\/\/hi-techwonder.com\/es\/wp-json\/wp\/v2\/product_tag?post=12522"}],"curies":[{"name":"wp","href":"https:\/\/api.w.org\/{rel}","templated":true}]}}