{"id":12524,"date":"2025-07-23T23:11:22","date_gmt":"2025-07-23T23:11:22","guid":{"rendered":"https:\/\/fv6qoy3ls0.wpdns.site\/produto\/nisi-100mm-nd-extreme-kit\/"},"modified":"2026-04-08T12:31:03","modified_gmt":"2026-04-08T11:31:03","slug":"nisi-100mm-nd-extreme-kit","status":"publish","type":"product","link":"https:\/\/hi-techwonder.com\/es\/producto\/nisi-100mm-nd-extreme-kit\/","title":{"rendered":"NiSi 100mm ND Extreme Kit"},"content":{"rendered":"<h3><strong>NiSi 100mm ND Extreme Kit<\/strong><\/h3>\n<p>O NiSi 100mm ND Extreme Kit inclui 4 filtros ND de 100x100mm. O Kit ND \u201cExtreme\u201d \u00e9 a escolha perfeita para o fot\u00f3grafo que deseja ter a melhor sele\u00e7\u00e3o e os melhores filtros do mercado.<\/p>\n<p>Todos os filtros NiSi neste kit s\u00e3o feitos de vidro \u00f3ptico de qualidade de lente, exclusivo da NiSi! Al\u00e9m disso, todos os produtos possuem uma fidelidade de cores incrivelmente alta, sem perda de nitidez e os melhores revestimentos do mercado.<\/p>\n<p>Al\u00e9m do tratamento anti-reflexo, existe tamb\u00e9m um tratamento Nano-Coating para tornar a limpeza dos filtros r\u00e1pida e f\u00e1cil. O revestimento IR exclusivo bloqueia a luz infravermelha, que \u00e9 a causa da cor magenta dominante em filtros que n\u00e3o possuem esse recurso exclusivo de NiSi. Gra\u00e7as aos filtros NiSi ND, voc\u00ea pode-se focar no que h\u00e1 de melhor na fotografia de paisagem: a experi\u00eancia no campo e a satisfa\u00e7\u00e3o de obter um resultado espetacular diretamente na c\u00e2mera.<\/p>\n<p>O kit NiSi Extreme ND cont\u00e9m filtros ND quadrados de 100 mm para montar em um suporte de filtro de 100 mm de largura e 2 mm de espessura (n\u00e3o inclu\u00eddo). Eles podem ser usados \u200b\u200bem Lee, Haida ou outros porta-filtros feitos com essas especifica\u00e7\u00f5es; obviamente, usando a incr\u00edvel montagem NiSi V7, voc\u00ea tamb\u00e9m ter\u00e1 a versatilidade de 3 slots (+ polarizador) sem vinheta em 16 mm em full frame (10-11 mm em APS-C) e a capacidade de usar o famoso Polarizador de paisagem.<\/p>\n<h5>O Kit de Filtro ND NiSi \u201cExtreme\u201d inclui:<\/h5>\n<ul>\n<li><strong>1 x filtro NiSi Nano IR ND8 (0,9) \u2013 3 stops<\/strong><\/li>\n<li><strong>1 x filtro NiSi Nano IR ND64 (1.8) \u2013 6 stops<\/strong><\/li>\n<li><strong>1 x filtro NiSi ND1000 (3.0) ND IR \u2013 10 stops<\/strong><\/li>\n<li><strong>1 x filtro NiSi Nano IR ND32000 (4.5) \u2013 15 stops<\/strong><\/li>\n<li><strong>1 x Caixa de filtros<\/strong> para 4 filtros ND (100\u00d7100 ND ou 100\u00d7150 GND)<\/li>\n<li><strong>1 x pano de microfibra<\/strong> para limpeza do filtro.<\/li>\n<li><strong>4 x juntas de vazamento leves sobressalentes<\/strong> (lembre-se de inserir os filtros de modo que a parte mais curta da junta fique voltada para os lados, para que a pista da ranhura possa deslizar livremente sem colidir com a junta)<\/li>\n<li><strong>1 x Guia<\/strong> para usar filtros ND<\/li>\n<\/ul>\n<h5>Constru\u00e7\u00e3o<\/h5>\n<p>Todos os filtros quadrados de NiSi usam Nano-Coating\u00ae, o que torna o filtro repelente \u00e0 \u00e1gua e oleof\u00f3bico para nitidez perfeita. Os filtros de NiSi tamb\u00e9m usam a tecnologia IR, o revestimento que bloqueia a luz infravermelha e, portanto, elimina o risco de cor magenta.<\/p>\n<h5>Qualidade inigual\u00e1vel<\/h5>\n<p>Os filtros NiSi s\u00e3o todos feitos de vidro \u00f3ptico da mais alta qualidade para que voc\u00ea n\u00e3o perca nem o menor detalhe em suas imagens. O Nano-Coating em ambos os lados minimiza reflexos indesejados e d\u00e1 aos filtros NiSi ND a caracter\u00edstica de serem repelentes \u00e0 \u00e1gua e oleof\u00f3bicos. N\u00e3o h\u00e1 filtros de qualidade compar\u00e1vel gra\u00e7as ao exclusivo vidro NiSi usado, com o qual voc\u00ea pode ter certeza de que suas lentes n\u00e3o perder\u00e3o a defini\u00e7\u00e3o.<\/p>\n<h5>\u00danico no mercado<\/h5>\n<p>Gra\u00e7as \u00e0 correspond\u00eancia de cores muito alta e \u00e0 aus\u00eancia de cores fundidas, voc\u00ea pode finalmente dizer adeus \u00e0s corre\u00e7\u00f5es de cores impratic\u00e1veis \u200b\u200be demoradas na p\u00f3s-produ\u00e7\u00e3o. O vidro \u00f3ptico NiSi n\u00e3o \u00e9 o vidro B270 cl\u00e1ssico usado por muitos fabricantes, mas \u00e9 um vidro de qualidade premium usado pelos principais fabricantes de lentes fotogr\u00e1ficas especificamente para os elementos \u00f3pticos mais finos, os filtros NiSi n\u00e3o degradam a imagem e sua lente fotogr\u00e1fica e sensor Sempre trabalham para o melhor do seu potencial.<\/p>\n<h5>\u00c0 prova de intemp\u00e9ries<\/h5>\n<p>O Nano-Coating\u00ae confere ao filtro a qualidade de repelir \u00e1gua e \u00f3leos, tornando-o muito f\u00e1cil de limpar mesmo em condi\u00e7\u00f5es extremas ou na presen\u00e7a de \u00e1gua do mar. As bordas acabadas e os cantos arredondados melhoram a resist\u00eancia e a ader\u00eancia do filtro. Os nossos filtros e suportes nascem para serem usados \u200b\u200bno exterior, em qualquer situa\u00e7\u00e3o climat\u00e9rica, usufrua da fotografia na sua mais pura ess\u00eancia.<\/p>\n<p><img loading=\"lazy\" decoding=\"async\" class=\"alignnone wp-image-26655\" src=\"https:\/\/hi-techwonder.com\/wp-content\/themes\/woodmart\/images\/lazy.svg\" data-src=\"https:\/\/nisioptics.pt\/wp-content\/uploads\/2023\/08\/Filtro-ND-lunghe-esposizioni-ND1000-77mm-1024x683.jpg\" alt=\"\" width=\"752\" height=\"502\"><\/p>\n<p>Saiba mais sobre o nosso sistema <a href=\"https:\/\/nisioptics.pt\/categoria\/descobre\/descubre-sistema-100m\/\" target=\"_blank\" rel=\"noopener\">100mm<\/a>.<\/p>\n","protected":false},"excerpt":{"rendered":"<ul>\n<li id=\"tw-target-text\" class=\"tw-data-text tw-text-large tw-ta\" dir=\"ltr\" data-placeholder=\"Tradu\u00e7\u00e3o\"><span class=\"Y2IQFc\" lang=\"pt\">Kit Extreme ND com filtros ND de 3 stops, 6 stops, 10 stops e 15 stops<\/span><\/li>\n<li>Inclui um saco de filtro macio NiSi (comporta quatro filtros de 100x100mm ou quatro filtros redondos at\u00e9 95mm)<\/li>\n<li>Mudan\u00e7a de cor ultra baixa, reflex\u00e3o ultra baixa<\/li>\n<li>Alta defini\u00e7\u00e3o<\/li>\n<li>Nano-Coating em ambos os lados, repelente de \u00e1gua e \u00f3leo<\/li>\n<\/ul>\n","protected":false},"featured_media":10279,"comment_status":"closed","ping_status":"closed","template":"","meta":{"_acf_changed":false},"product_brand":[2543],"product_cat":[1058],"product_tag":[],"class_list":{"0":"post-12524","1":"product","2":"type-product","3":"status-publish","4":"has-post-thumbnail","6":"product_brand-nisioptics-es","7":"product_cat-filtros-100mm-es","8":"pa_densidade-nd1000-10-stop-es","9":"pa_densidade-nd32000-15-stop","10":"pa_densidade-nd64-6-stop-es","11":"pa_densidade-nd8-3-stop-es","13":"first","14":"pre-order","15":"taxable","16":"shipping-taxable","17":"purchasable","18":"product-type-simple"},"bundled_by":[],"bundle_stock_status":"pre-order","bundle_stock_quantity":null,"bundle_virtual":false,"bundle_layout":"","bundle_add_to_cart_form_location":"","bundle_editable_in_cart":false,"bundle_sold_individually_context":"","bundle_item_grouping":"","bundle_min_size":"","bundle_max_size":"","bundle_price":[],"bundled_items":[],"bundle_sell_ids":[],"acf":[],"_links":{"self":[{"href":"https:\/\/hi-techwonder.com\/es\/wp-json\/wp\/v2\/product\/12524","targetHints":{"allow":["GET"]}}],"collection":[{"href":"https:\/\/hi-techwonder.com\/es\/wp-json\/wp\/v2\/product"}],"about":[{"href":"https:\/\/hi-techwonder.com\/es\/wp-json\/wp\/v2\/types\/product"}],"replies":[{"embeddable":true,"href":"https:\/\/hi-techwonder.com\/es\/wp-json\/wp\/v2\/comments?post=12524"}],"wp:featuredmedia":[{"embeddable":true,"href":"https:\/\/hi-techwonder.com\/es\/wp-json\/wp\/v2\/media\/10279"}],"wp:attachment":[{"href":"https:\/\/hi-techwonder.com\/es\/wp-json\/wp\/v2\/media?parent=12524"}],"wp:term":[{"taxonomy":"product_brand","embeddable":true,"href":"https:\/\/hi-techwonder.com\/es\/wp-json\/wp\/v2\/product_brand?post=12524"},{"taxonomy":"product_cat","embeddable":true,"href":"https:\/\/hi-techwonder.com\/es\/wp-json\/wp\/v2\/product_cat?post=12524"},{"taxonomy":"product_tag","embeddable":true,"href":"https:\/\/hi-techwonder.com\/es\/wp-json\/wp\/v2\/product_tag?post=12524"}],"curies":[{"name":"wp","href":"https:\/\/api.w.org\/{rel}","templated":true}]}}