{"id":12527,"date":"2025-07-23T23:11:22","date_gmt":"2025-07-23T23:11:22","guid":{"rendered":"https:\/\/fv6qoy3ls0.wpdns.site\/produto\/nisi-filtro-nc-polarizador-circular-landscape-para-porta-filtros-s5-150mm\/"},"modified":"2026-04-08T12:31:03","modified_gmt":"2026-04-08T11:31:03","slug":"nisi-filtro-nc-polarizador-circular-landscape-para-porta-filtros-s5-150mm","status":"publish","type":"product","link":"https:\/\/hi-techwonder.com\/es\/producto\/nisi-filtro-nc-polarizador-circular-landscape-para-porta-filtros-s5-150mm\/","title":{"rendered":"NiSi Filtro NC Polarizador Circular Landscape para Porta-Filtros S5 150mm"},"content":{"rendered":"<h3><strong>NiSi Filtro NC Polarizador Circular Landscape para Porta-Filtros S5 150mm<\/strong><\/h3>\n<p><strong>Conte\u00fado da embalagem:<\/strong><\/p>\n<ul>\n<li>1 x Filtro NiSi NC Polarizador Circular Landscape 150mm p\/ Porta-Filtros S5<\/li>\n<\/ul>\n<p>O polarizador de paisagem para o porta-filtro NiSi S5 vem da experi\u00eancia da NiSi em fotografia profissional da mais alta qualidade. Este polarizador de paisagem \u00e9 perfeito com o NiSi S5 para quem deseja obter o m\u00e1ximo de seu equipamento. O vidro \u00f3ptico de grau de lente usado \u00e9 exclusivamente NiSi e os tratamentos s\u00e3o cobertos por patentes internacionais, o CPL Landscape NiSi \u00e9 o \u00fanico que combina excelente vidro, o melhor filme polarizador e Nano Coating em ambas as superf\u00edcies.<\/p>\n<h5>Polarizador Landscape vs. Polarizador PRO<\/h5>\n<p>As principais diferen\u00e7as com o polarizador PRO (o mesmo que a base S5 e o kit b\u00e1sico V5 Pro) dizem respeito ao filme polarizador, o mais poderoso do mercado com um efeito de polariza\u00e7\u00e3o declarado de 99,5% . Al\u00e9m disso, outra inova\u00e7\u00e3o fundamental \u00e9 a presen\u00e7a do Nano Coating (NC), aplicado com t\u00e9cnica patenteada de NiSi, que torna o filtro resistente a \u00e1gua e \u00f3leos . Gra\u00e7as ao tratamento NC, o filtro polarizador de paisagem tamb\u00e9m possui as fant\u00e1sticas propriedades de limpeza que NiSi \u00e9 famosa por seus filtros ND e GND.<\/p>\n<p>O polarizador landscape \u00e9 calibrado para enfatizar os tons e reduzir a n\u00e9voa e, acima de tudo, observamos a reflex\u00e3o central que \u00e9 quase anulada pelo filme polarizador com um efeito declarado de 99,5%.<\/p>\n<p><img loading=\"lazy\" decoding=\"async\" class=\"alignnone wp-image-26765\" src=\"https:\/\/hi-techwonder.com\/wp-content\/themes\/woodmart\/images\/lazy.svg\" data-src=\"https:\/\/nisioptics.pt\/wp-content\/uploads\/2023\/04\/cpl-2-1024x738.jpg\" alt=\"\" width=\"752\" height=\"542\"><\/p>\n<p>Saiba mais sobre o nosso sistema de <a href=\"https:\/\/nisioptics.pt\/categoria\/descobre\/descobre-sistema-150mm\/\" target=\"_blank\" rel=\"noopener\">150mm<\/a>.<\/p>\n","protected":false},"excerpt":{"rendered":"<ul>\n<li>Filtro (CPL) Circular Polarizador de 150mm<\/li>\n<li>Compat\u00edvel com sistema de Porta-Filtros NiSi S5 de 150mm<\/li>\n<li>Tratamento Nano Coating (NC) para facilitar a limpeza<\/li>\n<\/ul>\n","protected":false},"featured_media":10312,"comment_status":"closed","ping_status":"closed","template":"","meta":{"_acf_changed":false},"product_brand":[2543],"product_cat":[1059],"product_tag":[],"class_list":{"0":"post-12527","1":"product","2":"type-product","3":"status-publish","4":"has-post-thumbnail","6":"product_brand-nisioptics-es","7":"product_cat-filtros-150mm-es","9":"first","10":"pre-order","11":"taxable","12":"shipping-taxable","13":"purchasable","14":"product-type-simple"},"bundled_by":[],"bundle_stock_status":"pre-order","bundle_stock_quantity":null,"bundle_virtual":false,"bundle_layout":"","bundle_add_to_cart_form_location":"","bundle_editable_in_cart":false,"bundle_sold_individually_context":"","bundle_item_grouping":"","bundle_min_size":"","bundle_max_size":"","bundle_price":[],"bundled_items":[],"bundle_sell_ids":[],"acf":[],"_links":{"self":[{"href":"https:\/\/hi-techwonder.com\/es\/wp-json\/wp\/v2\/product\/12527","targetHints":{"allow":["GET"]}}],"collection":[{"href":"https:\/\/hi-techwonder.com\/es\/wp-json\/wp\/v2\/product"}],"about":[{"href":"https:\/\/hi-techwonder.com\/es\/wp-json\/wp\/v2\/types\/product"}],"replies":[{"embeddable":true,"href":"https:\/\/hi-techwonder.com\/es\/wp-json\/wp\/v2\/comments?post=12527"}],"wp:featuredmedia":[{"embeddable":true,"href":"https:\/\/hi-techwonder.com\/es\/wp-json\/wp\/v2\/media\/10312"}],"wp:attachment":[{"href":"https:\/\/hi-techwonder.com\/es\/wp-json\/wp\/v2\/media?parent=12527"}],"wp:term":[{"taxonomy":"product_brand","embeddable":true,"href":"https:\/\/hi-techwonder.com\/es\/wp-json\/wp\/v2\/product_brand?post=12527"},{"taxonomy":"product_cat","embeddable":true,"href":"https:\/\/hi-techwonder.com\/es\/wp-json\/wp\/v2\/product_cat?post=12527"},{"taxonomy":"product_tag","embeddable":true,"href":"https:\/\/hi-techwonder.com\/es\/wp-json\/wp\/v2\/product_tag?post=12527"}],"curies":[{"name":"wp","href":"https:\/\/api.w.org\/{rel}","templated":true}]}}