{"id":12528,"date":"2025-07-23T23:11:22","date_gmt":"2025-07-23T23:11:22","guid":{"rendered":"https:\/\/fv6qoy3ls0.wpdns.site\/produto\/nisi-kit-m75-porta-filtros-com-cpl-landscape\/"},"modified":"2026-03-10T11:20:51","modified_gmt":"2026-03-10T11:20:51","slug":"nisi-kit-m75-porta-filtros-com-cpl-landscape","status":"publish","type":"product","link":"https:\/\/hi-techwonder.com\/es\/producto\/nisi-kit-m75-porta-filtros-com-cpl-landscape\/","title":{"rendered":"NiSi Kit M75 Porta-Filtros com CPL Landscape"},"content":{"rendered":"<h3>NiSi Kit M75 Porta-Filtros com CPL Landscape<\/h3>\n<p><iframe loading=\"lazy\" title=\"NiSi M75 75mm Filter Holder with C-PL\" width=\"500\" height=\"281\" src=\"https:\/\/www.youtube.com\/embed\/uvt7Nzrhqyg?feature=oembed\" frameborder=\"0\" allow=\"accelerometer; autoplay; clipboard-write; encrypted-media; gyroscope; picture-in-picture; web-share\" referrerpolicy=\"strict-origin-when-cross-origin\" allowfullscreen><\/iframe><\/p>\n<p><strong>Na caixa<\/strong><\/p>\n<ul>\n<li>Suporte de filtro NiSi M75<\/li>\n<li>Filtro de polariza\u00e7\u00e3o de paisagem aprimorado (CPL) (72 mm)<\/li>\n<li>Anel adaptador padr\u00e3o de 67 mm<\/li>\n<li>Estojo NiSi M75 para suporte e filtros<\/li>\n<\/ul>\n<p>O <strong>Porta-Filtros\u00a0de 75 mm NiSi M75 com C-PL Landscape <\/strong>permite o uso de at\u00e9 dois filtros de 75 mm de largura (2 mm de espessura) juntamente com um filtro polarizador circular aprimorado de NiSi inclu\u00eddo. Possui excelente qualidade de constru\u00e7\u00e3o, design de alum\u00ednio e clipes pressionados da esquerda para a direita, em vez do design tradicional superior e inferior. \u00c9 muito suave para inserir e remover filtros.<\/p>\n<p>O suporte \u00e9 compat\u00edvel com filtros de 75x80mm ou 75x100mm da NiSi e marcas que possuem filtros de 2mm de espessura. O suporte e gira 360 graus e possui uma trava para travar a rota\u00e7\u00e3o. Com o design exclusivo da roda de rota\u00e7\u00e3o, o filtro CPL pode ser girado por meio de uma engrenagem na parte de tr\u00e1s do filtro, que n\u00e3o precisa mais definir o filtro CPL antes de inserir os outros filtros.<\/p>\n<p>O sistema de filtro retangular NiSi 75mm \u00e9 ideal para\u00a0<strong>uso em lentes de sistema CSC \/ Mirrorless baseadas em sensores Micro Four Thirds<\/strong>\u00a0(Micro Four Thirds \u2013 MFT\/M43, Olympus ou Panasonic G) ou APS-C, como Canon EOS M\/RF, Fujifilm X, Nikon Z ou Sony Alpha.<\/p>\n<p>Algumas Lentes APS-C em 10mm podem ter uma leve vinheta, geralmente desaparece em 11mm.<\/p>\n<p>Descobre mais sobre o nosso <a href=\"https:\/\/nisioptics.pt\/categoria\/descobre\/descobre-sistema-75mm\/\" target=\"_blank\" rel=\"noopener\">sistema de 75mm.<\/a><\/p>\n","protected":false},"excerpt":{"rendered":"<ul>\n<li>Sistema de filtro para c\u00e2maras compactas e mirrorless<\/li>\n<li>Inclui um adaptador de 67 mm<\/li>\n<li>Suporta lentes com uma rosca de filtro padr\u00e3o de 40,5 mm a 62 mm com adaptadores vendidos separadamente.<\/li>\n<li>Feito de liga de alum\u00ednio de grau de avia\u00e7\u00e3o revestido a p\u00f3 preto<\/li>\n<li>Pode ter 2 filtros de inser\u00e7\u00e3o de 75mm de largura (75x80mm e 75x100mm)<\/li>\n<li>Gira 360 graus com trava<\/li>\n<li>Ligeira vinheta a 10 mm usando uma lente APS-C<\/li>\n<\/ul>\n","protected":false},"featured_media":10315,"comment_status":"closed","ping_status":"closed","template":"","meta":{"_acf_changed":false},"product_brand":[2543],"product_cat":[1054,1070],"product_tag":[],"class_list":{"0":"post-12528","1":"product","2":"type-product","3":"status-publish","4":"has-post-thumbnail","6":"product_brand-nisioptics-es","7":"product_cat-accesorios-75mm","8":"product_cat-outlet-es","10":"first","11":"instock","12":"sale","13":"taxable","14":"shipping-taxable","15":"purchasable","16":"product-type-simple"},"bundled_by":[],"bundle_stock_status":"instock","bundle_stock_quantity":1,"bundle_virtual":false,"bundle_layout":"","bundle_add_to_cart_form_location":"","bundle_editable_in_cart":false,"bundle_sold_individually_context":"","bundle_item_grouping":"","bundle_min_size":"","bundle_max_size":"","bundle_price":[],"bundled_items":[],"bundle_sell_ids":[],"acf":[],"_links":{"self":[{"href":"https:\/\/hi-techwonder.com\/es\/wp-json\/wp\/v2\/product\/12528","targetHints":{"allow":["GET"]}}],"collection":[{"href":"https:\/\/hi-techwonder.com\/es\/wp-json\/wp\/v2\/product"}],"about":[{"href":"https:\/\/hi-techwonder.com\/es\/wp-json\/wp\/v2\/types\/product"}],"replies":[{"embeddable":true,"href":"https:\/\/hi-techwonder.com\/es\/wp-json\/wp\/v2\/comments?post=12528"}],"wp:featuredmedia":[{"embeddable":true,"href":"https:\/\/hi-techwonder.com\/es\/wp-json\/wp\/v2\/media\/10315"}],"wp:attachment":[{"href":"https:\/\/hi-techwonder.com\/es\/wp-json\/wp\/v2\/media?parent=12528"}],"wp:term":[{"taxonomy":"product_brand","embeddable":true,"href":"https:\/\/hi-techwonder.com\/es\/wp-json\/wp\/v2\/product_brand?post=12528"},{"taxonomy":"product_cat","embeddable":true,"href":"https:\/\/hi-techwonder.com\/es\/wp-json\/wp\/v2\/product_cat?post=12528"},{"taxonomy":"product_tag","embeddable":true,"href":"https:\/\/hi-techwonder.com\/es\/wp-json\/wp\/v2\/product_tag?post=12528"}],"curies":[{"name":"wp","href":"https:\/\/api.w.org\/{rel}","templated":true}]}}