{"id":12529,"date":"2025-07-23T23:11:22","date_gmt":"2025-07-23T23:11:22","guid":{"rendered":"https:\/\/fv6qoy3ls0.wpdns.site\/produto\/nisi-filtro-nd16-4-stops-para-true-color-nd-variavel-e-sistema-swift\/"},"modified":"2026-05-07T14:26:00","modified_gmt":"2026-05-07T13:26:00","slug":"nisi-filtro-nd16-4-stops-para-true-color-nd-variavel-e-sistema-swift","status":"publish","type":"product","link":"https:\/\/hi-techwonder.com\/es\/producto\/nisi-filtro-nd16-4-stops-para-true-color-nd-variavel-e-sistema-swift\/","title":{"rendered":"NiSi Filtro ND16 (4 stops) para True Color ND Vari\u00e1vel e Sistema Swift"},"content":{"rendered":"<h3><strong>NiSi Filtro ND16 (4 stops) para True Color ND Vari\u00e1vel e Sistema Swift<\/strong><\/h3>\n<p>Apresentando o filtro NiSi ND16 (4 stops) para o sistema NiSi True Color VND Swift, que expande o filtro NiSi True Color ND vari\u00e1vel\u00a0 1-5 stops para um ND vari\u00e1vel de 5 a 9 stops quando as condi\u00e7\u00f5es de luminosidade exigem mais stops.<\/p>\n<p>O sistema NiSi Swift funciona perfeitamente com o NiSi True Color 1-5 stop Variable ND Filter, permitindo que voc\u00ea expanda a capacidade adicionando filtros adicionais simplesmente pressionando-os na frente do filtro NiSi True Color ND Vari\u00e1vel 1-5 stop .<\/p>\n<p>Ao adicionar o filtro NiSi ND16 (4 stops) ao sistema NiSi True Color VND Swift, o filtro NiSi True Color ND vari\u00e1vel 1-5 stops \u00e9 expandido para um filtro 5-9 VND. Ou use o filtro NiSi ND16 (4 stops) para o sistema NiSi True Color VND Swift com o anel adaptador opcional (vendido separadamente) e conecte a uma lente.<\/p>\n<p>O novo revestimento multi-ti fornece impermeabiliza\u00e7\u00e3o antirreflexo e oferece 4 stops de neutralidade de espectro total. Ele tamb\u00e9m possui capacidade de stops precisos com transmiss\u00e3o de cor verdadeira.<\/p>\n<p><iframe loading=\"lazy\" title=\"NiSi Sistema Swift\" width=\"500\" height=\"281\" src=\"https:\/\/www.youtube.com\/embed\/TQKvXcrF6Fc?feature=oembed\" frameborder=\"0\" allow=\"accelerometer; autoplay; clipboard-write; encrypted-media; gyroscope; picture-in-picture; web-share\" referrerpolicy=\"strict-origin-when-cross-origin\" allowfullscreen><\/iframe><\/p>\n<p>Descobre mais sobre o nosso <a href=\"https:\/\/nisioptics.pt\/categoria\/descobre\/descobre-sistema-swift\/\" target=\"_blank\" rel=\"noopener\">sistema Swift<\/a>.<\/p>\n","protected":false},"excerpt":{"rendered":"<ul>\n<li>Projetado para uso com NiSi Swift System<\/li>\n<li>Filtro de densidade neutra de espectro total de 4 stops<\/li>\n<li>Transmit\u00e2ncia de cores verdadeiras<\/li>\n<li>Stops precisos<\/li>\n<li>Novo Revestimento Multi-Ti<\/li>\n<li>Nano revestimento, \u00e0 prova d&#8217;\u00e1gua e anti-reflexo.<\/li>\n<li>Use com anel adaptador de sistema r\u00e1pido para obter 4 stops de redu\u00e7\u00e3o de exposi\u00e7\u00e3o ou adicione ao NiSi True Color VND 1-5 stops para obter 5-9 stops VND<\/li>\n<\/ul>\n","protected":false},"featured_media":10326,"comment_status":"closed","ping_status":"closed","template":"","meta":{"_acf_changed":false},"product_brand":[2543],"product_cat":[1049],"product_tag":[],"class_list":{"0":"post-12529","1":"product","2":"type-product","3":"status-publish","4":"has-post-thumbnail","6":"product_brand-nisioptics-es","7":"product_cat-magneticos-y-presion","8":"pa_densidade-nd16-4-stop-es","9":"pa_diametro-49mm-es","10":"pa_diametro-52mm-es","11":"pa_diametro-55mm-es","12":"pa_diametro-58mm-es","13":"pa_diametro-62mm-es","14":"pa_diametro-67mm-es","15":"pa_diametro-72mm-es","16":"pa_diametro-77mm-es","17":"pa_diametro-82mm-es","18":"pa_diametro-95mm-es","20":"first","21":"instock","22":"taxable","23":"shipping-taxable","24":"purchasable","25":"product-type-variable"},"bundled_by":[],"bundle_stock_status":"instock","bundle_stock_quantity":null,"bundle_virtual":false,"bundle_layout":"","bundle_add_to_cart_form_location":"","bundle_editable_in_cart":false,"bundle_sold_individually_context":"","bundle_item_grouping":"","bundle_min_size":"","bundle_max_size":"","bundle_price":[],"bundled_items":[],"bundle_sell_ids":[],"acf":[],"_links":{"self":[{"href":"https:\/\/hi-techwonder.com\/es\/wp-json\/wp\/v2\/product\/12529","targetHints":{"allow":["GET"]}}],"collection":[{"href":"https:\/\/hi-techwonder.com\/es\/wp-json\/wp\/v2\/product"}],"about":[{"href":"https:\/\/hi-techwonder.com\/es\/wp-json\/wp\/v2\/types\/product"}],"replies":[{"embeddable":true,"href":"https:\/\/hi-techwonder.com\/es\/wp-json\/wp\/v2\/comments?post=12529"}],"wp:featuredmedia":[{"embeddable":true,"href":"https:\/\/hi-techwonder.com\/es\/wp-json\/wp\/v2\/media\/10326"}],"wp:attachment":[{"href":"https:\/\/hi-techwonder.com\/es\/wp-json\/wp\/v2\/media?parent=12529"}],"wp:term":[{"taxonomy":"product_brand","embeddable":true,"href":"https:\/\/hi-techwonder.com\/es\/wp-json\/wp\/v2\/product_brand?post=12529"},{"taxonomy":"product_cat","embeddable":true,"href":"https:\/\/hi-techwonder.com\/es\/wp-json\/wp\/v2\/product_cat?post=12529"},{"taxonomy":"product_tag","embeddable":true,"href":"https:\/\/hi-techwonder.com\/es\/wp-json\/wp\/v2\/product_tag?post=12529"}],"curies":[{"name":"wp","href":"https:\/\/api.w.org\/{rel}","templated":true}]}}