{"id":12535,"date":"2025-07-23T23:11:22","date_gmt":"2025-07-23T23:11:22","guid":{"rendered":"https:\/\/fv6qoy3ls0.wpdns.site\/produto\/nisi-filtro-black-mist-1-4-para-nisi-true-color-nd-variavel-e-sistema-swift\/"},"modified":"2026-04-08T12:34:09","modified_gmt":"2026-04-08T11:34:09","slug":"nisi-filtro-black-mist-1-4-para-nisi-true-color-nd-variavel-e-sistema-swift","status":"publish","type":"product","link":"https:\/\/hi-techwonder.com\/es\/producto\/nisi-filtro-black-mist-1-4-para-nisi-true-color-nd-variavel-e-sistema-swift\/","title":{"rendered":"NiSi Filtro Black Mist 1\/4 para NiSi True Color ND Vari\u00e1vel e Sistema Swift"},"content":{"rendered":"<h3><strong>NiSi Filtro Black Mist 1\/4 para NiSi True Color ND Vari\u00e1vel e Sistema Swift<\/strong><\/h3>\n<p>O filtro NiSi Black Mist 1\/4 para sistema NiSi True Color VND Swift \u00e9 um filtro de difus\u00e3o projetado para uso com o sistema NiSi Swift. Crie aquele visual cinematogr\u00e1fico reduzindo os destaques e diminuindo o contraste, ao mesmo tempo em que suaviza rugas e manchas para criar uma qualidade de luz suave e pastel. Com uma camada extra de manchas pretas, esse filtro oferece pouca perda de detalhes na imagem em compara\u00e7\u00e3o com os filtros de difus\u00e3o tradicionais.<\/p>\n<p>O nanorrevestimento deste filtro \u00e9 \u00e0 prova de \u00e1gua e antirreflexo, tornando-o ideal para uso em qualquer tipo de fotografia. Este filtro pode ser usado com o anel adaptador do sistema Swift ou adicionado ao NiSi True Color VND 1-5 stops para ainda mais prote\u00e7\u00e3o contra a luz.<\/p>\n<p>O NiSi Swift System funciona perfeitamente com o filtro NiSi True Color 1-5 stop ND Vari\u00e1vel, permitindo que a capacidade seja expandida adicionando filtros extras simplesmente pressionando-os na frente do filtro NiSi True Color 1-5 stop ND Vari\u00e1vel.<\/p>\n<p>Adicionando o filtro NiSi Black Mist 1\/4 para o NiSi True Color VND Swift System, o filtro NiSi True Color 1-5 stop ND Vari\u00e1vel \u00e9 expandido para um filtro 1-5 VND com Black Mist. Ou use o filtro NiSi Black Mist 1\/4 para o sistema NiSi True Color VND Swift com o anel adaptador opcional (vendido separadamente) e conecte-o diretamente \u00e0 lente.<\/p>\n<h5>Suprimir destaques e levantar sombras<\/h5>\n<p>O Black Mist da NiSi suprime realces e levanta sombras para um contraste bem equilibrado. As fontes de luz mant\u00eam um centro forte com um brilho agrad\u00e1vel.<\/p>\n<h5>Black Mist \u00e9 para muitas aplica\u00e7\u00f5es.<\/h5>\n<p>N\u00e3o apenas para fotografia de retrato, os filtros Black Mist tamb\u00e9m podem ser usados \u200b\u200bem outras cenas, como fotografia noturna, paisagem e natureza morta&#8230; para criar uma atmosfera cinematogr\u00e1fica. Black Mist adiciona florescimento e gradientes extras aos destaques em sua cena. Qualquer fonte de luz direta se tornar\u00e1 mais semelhante a um filme, com uma textura mais suave e amanteigada ao redor dos destaques.<\/p>\n<p><iframe loading=\"lazy\" title=\"NiSi Sistema Swift\" width=\"500\" height=\"281\" src=\"https:\/\/www.youtube.com\/embed\/TQKvXcrF6Fc?feature=oembed\" frameborder=\"0\" allow=\"accelerometer; autoplay; clipboard-write; encrypted-media; gyroscope; picture-in-picture; web-share\" referrerpolicy=\"strict-origin-when-cross-origin\" allowfullscreen><\/iframe><\/p>\n<p>Descobre mais sobre o nosso <a href=\"https:\/\/nisioptics.pt\/categoria\/descobre\/descobre-sistema-swift\/\" target=\"_blank\" rel=\"noopener\">sistema Swift<\/a>.<\/p>\n","protected":false},"excerpt":{"rendered":"<ul>\n<li>Projetado para uso com o sistema NiSi Swift<\/li>\n<li>Reduz os reflexos e reduz o contraste<\/li>\n<li>Suaviza rugas e manchas na pele<\/li>\n<li>Cria uma qualidade de luz suave e pastel<\/li>\n<li>Crie um visual cinematogr\u00e1fico<\/li>\n<li>Com uma camada extra de manchas pretas<\/li>\n<li>Fornece pouca perda de detalhes da imagem em compara\u00e7\u00e3o com os filtros de difus\u00e3o tradicionais<\/li>\n<li>Revestimento nano \u00e0 prova d&#8217;\u00e1gua e anti-reflexo.<\/li>\n<li>Use com o anel adaptador do NiSi Swift System ou adicione ao NiSi True color VND 1-5 stops<\/li>\n<\/ul>\n","protected":false},"featured_media":10336,"comment_status":"closed","ping_status":"closed","template":"","meta":{"_acf_changed":false},"product_brand":[2543],"product_cat":[1049],"product_tag":[],"class_list":{"0":"post-12535","1":"product","2":"type-product","3":"status-publish","4":"has-post-thumbnail","6":"product_brand-nisioptics-es","7":"product_cat-magneticos-y-presion","8":"pa_densidade-1-4-es","9":"pa_diametro-49mm-es","10":"pa_diametro-52mm-es","11":"pa_diametro-55mm-es","12":"pa_diametro-58mm-es","13":"pa_diametro-62mm-es","14":"pa_diametro-67mm-es","15":"pa_diametro-72mm-es","16":"pa_diametro-77mm-es","17":"pa_diametro-82mm-es","18":"pa_diametro-95mm-es","20":"first","21":"instock","22":"taxable","23":"shipping-taxable","24":"purchasable","25":"product-type-variable"},"bundled_by":[],"bundle_stock_status":"instock","bundle_stock_quantity":null,"bundle_virtual":false,"bundle_layout":"","bundle_add_to_cart_form_location":"","bundle_editable_in_cart":false,"bundle_sold_individually_context":"","bundle_item_grouping":"","bundle_min_size":"","bundle_max_size":"","bundle_price":[],"bundled_items":[],"bundle_sell_ids":[],"acf":[],"_links":{"self":[{"href":"https:\/\/hi-techwonder.com\/es\/wp-json\/wp\/v2\/product\/12535","targetHints":{"allow":["GET"]}}],"collection":[{"href":"https:\/\/hi-techwonder.com\/es\/wp-json\/wp\/v2\/product"}],"about":[{"href":"https:\/\/hi-techwonder.com\/es\/wp-json\/wp\/v2\/types\/product"}],"replies":[{"embeddable":true,"href":"https:\/\/hi-techwonder.com\/es\/wp-json\/wp\/v2\/comments?post=12535"}],"wp:featuredmedia":[{"embeddable":true,"href":"https:\/\/hi-techwonder.com\/es\/wp-json\/wp\/v2\/media\/10336"}],"wp:attachment":[{"href":"https:\/\/hi-techwonder.com\/es\/wp-json\/wp\/v2\/media?parent=12535"}],"wp:term":[{"taxonomy":"product_brand","embeddable":true,"href":"https:\/\/hi-techwonder.com\/es\/wp-json\/wp\/v2\/product_brand?post=12535"},{"taxonomy":"product_cat","embeddable":true,"href":"https:\/\/hi-techwonder.com\/es\/wp-json\/wp\/v2\/product_cat?post=12535"},{"taxonomy":"product_tag","embeddable":true,"href":"https:\/\/hi-techwonder.com\/es\/wp-json\/wp\/v2\/product_tag?post=12535"}],"curies":[{"name":"wp","href":"https:\/\/api.w.org\/{rel}","templated":true}]}}