{"id":12547,"date":"2025-07-23T23:12:05","date_gmt":"2025-07-23T23:12:05","guid":{"rendered":"https:\/\/fv6qoy3ls0.wpdns.site\/produto\/nisi-swift-true-color-pro-nano-polarizador-cpl-para-true-color-vnd-e-sistema-swift\/"},"modified":"2026-04-10T00:34:09","modified_gmt":"2026-04-09T23:34:09","slug":"nisi-swift-true-color-pro-nano-polarizador-cpl-para-true-color-vnd-e-sistema-swift","status":"publish","type":"product","link":"https:\/\/hi-techwonder.com\/es\/producto\/nisi-swift-true-color-pro-nano-polarizador-cpl-para-true-color-vnd-e-sistema-swift\/","title":{"rendered":"NiSi Swift True Color Pro Nano Polarizador CPL para True Color VND e Sistema Swift"},"content":{"rendered":"<h3><strong>NiSi Swift True Color Pro Nano Polarizador CPL para True Color VND e Sistema Swift<\/strong><\/h3>\n<p>O NiSi Swift True Color Pro Nano Polarizador CPL para True Color VND e Swift System reduz o brilho e os reflexos de superf\u00edcies n\u00e3o met\u00e1licas, aumenta a satura\u00e7\u00e3o e a vibra\u00e7\u00e3o no c\u00e9u e na folhagem, garantindo a melhor reprodu\u00e7\u00e3o de cores verdadeiras, eliminando o efeito de aquecimento que muitos polarizadores criam. O nosso True Color CPL remove o tom quente visto com outras marcas de filtros CPL e fornece uma representa\u00e7\u00e3o de cores reais mais pr\u00f3xima da cena.<\/p>\n<p>Um filtro polarizador circular ajuda a reduzir os reflexos e o brilho ao filtrar a luz que se tornou polarizada devido ao reflexo de uma superf\u00edcie n\u00e3o met\u00e1lica. A luz do sol torna-se naturalmente parcialmente polarizada devido \u00e0 reflex\u00e3o de el\u00e9trons nas mol\u00e9culas de ar, fazendo com que a luz se espalhe no que parece ser uma n\u00e9voa. U<\/p>\n<p>m filtro polarizador organiza e filtra essa luz polarizada direcional perpendicularmente \u00e0 luz refletida, permitindo a absor\u00e7\u00e3o de grande parte dessa luz. Isso resulta em uma not\u00e1vel redu\u00e7\u00e3o de brilho e reflexos de superf\u00edcies n\u00e3o met\u00e1licas e um aumento na satura\u00e7\u00e3o de c\u00e9us, folhagens e permite que a c\u00e2mera capture o que est\u00e1 sob a superf\u00edcie de \u00e1guas rasas.<\/p>\n<p>Nosso exclusivo NiSi Pro Nano Coating ajuda a reduzir reflexos indesejados e fornece uma camada \u00e0 prova d&#8217;\u00e1gua e resistente a arranh\u00f5es para auxiliar na limpeza de impress\u00f5es digitais indesejadas, poeira e manchas de \u00e1gua. O filtro NiSi Swift True Color Pro Nano CPL possui uma alavanca de controle remov\u00edvel para facilitar a rota\u00e7\u00e3o.<\/p>\n<p>O NiSi Swift System funciona perfeitamente com o filtro NiSi True Color 1-5 stop ND Vari\u00e1vel, permitindo que a capacidade seja expandida adicionando filtros extras simplesmente pressionando-os na frente do filtro NiSi True Color 1-5 stop ND Vari\u00e1vel.<\/p>\n<p>Adicionando o filtro NiSi Swift True Color Pro Nano CPL, o filtro NiSi True Color 1-5 stop ND vari\u00e1vel \u00e9 expandido para um filtro 1-5 VND com CPL. Ou use o filtro NiSi Swift True Color Pro Nano CPL com o anel adaptador opcional (vendido separadamente) e conecte-o diretamente \u00e0 lente.<\/p>\n<p><iframe loading=\"lazy\" title=\"NiSi Sistema Swift\" width=\"500\" height=\"281\" src=\"https:\/\/www.youtube.com\/embed\/TQKvXcrF6Fc?feature=oembed\" frameborder=\"0\" allow=\"accelerometer; autoplay; clipboard-write; encrypted-media; gyroscope; picture-in-picture; web-share\" referrerpolicy=\"strict-origin-when-cross-origin\" allowfullscreen><\/iframe><\/p>\n<p>Descobre mais sobre o nosso <a href=\"https:\/\/nisioptics.pt\/categoria\/descobre\/descobre-sistema-swift\/\" target=\"_blank\" rel=\"noopener\">sistema Swift<\/a>.<\/p>\n","protected":false},"excerpt":{"rendered":"<ul>\n<li>Projetado para uso com NiSi Sistema Swift<\/li>\n<li>Elimina reflexos e ofuscamento<\/li>\n<li>Maior cor e satura\u00e7\u00e3o tonal reduz nebelina<\/li>\n<li>Cor verdadeira sem o tom de aquecimento que \u00e9 visto com muitos outros CPLs<\/li>\n<li>Revestimento Pro Nano para reduzir reflexos indesejados<\/li>\n<li>Imperme\u00e1vel e Nano Revestimento<\/li>\n<li>Ultra alta defini\u00e7\u00e3o<\/li>\n<li>Use com o anel adaptador NiSi Swift System ou adicione ao NiSi True color VND 1-5 stops<\/li>\n<\/ul>\n","protected":false},"featured_media":10354,"comment_status":"closed","ping_status":"closed","template":"","meta":{"_acf_changed":false},"product_brand":[2543],"product_cat":[1049],"product_tag":[],"class_list":{"0":"post-12547","1":"product","2":"type-product","3":"status-publish","4":"has-post-thumbnail","6":"product_brand-nisioptics-es","7":"product_cat-magneticos-y-presion","8":"pa_diametro-49mm-es","9":"pa_diametro-52mm-es","10":"pa_diametro-55mm-es","11":"pa_diametro-58mm-es","12":"pa_diametro-62mm-es","13":"pa_diametro-67mm-es","14":"pa_diametro-72mm-es","15":"pa_diametro-77mm-es","16":"pa_diametro-82mm-es","17":"pa_diametro-95mm-es","19":"first","20":"instock","21":"taxable","22":"shipping-taxable","23":"purchasable","24":"product-type-variable"},"bundled_by":[],"bundle_stock_status":"instock","bundle_stock_quantity":null,"bundle_virtual":false,"bundle_layout":"","bundle_add_to_cart_form_location":"","bundle_editable_in_cart":false,"bundle_sold_individually_context":"","bundle_item_grouping":"","bundle_min_size":"","bundle_max_size":"","bundle_price":[],"bundled_items":[],"bundle_sell_ids":[],"acf":[],"_links":{"self":[{"href":"https:\/\/hi-techwonder.com\/es\/wp-json\/wp\/v2\/product\/12547","targetHints":{"allow":["GET"]}}],"collection":[{"href":"https:\/\/hi-techwonder.com\/es\/wp-json\/wp\/v2\/product"}],"about":[{"href":"https:\/\/hi-techwonder.com\/es\/wp-json\/wp\/v2\/types\/product"}],"replies":[{"embeddable":true,"href":"https:\/\/hi-techwonder.com\/es\/wp-json\/wp\/v2\/comments?post=12547"}],"wp:featuredmedia":[{"embeddable":true,"href":"https:\/\/hi-techwonder.com\/es\/wp-json\/wp\/v2\/media\/10354"}],"wp:attachment":[{"href":"https:\/\/hi-techwonder.com\/es\/wp-json\/wp\/v2\/media?parent=12547"}],"wp:term":[{"taxonomy":"product_brand","embeddable":true,"href":"https:\/\/hi-techwonder.com\/es\/wp-json\/wp\/v2\/product_brand?post=12547"},{"taxonomy":"product_cat","embeddable":true,"href":"https:\/\/hi-techwonder.com\/es\/wp-json\/wp\/v2\/product_cat?post=12547"},{"taxonomy":"product_tag","embeddable":true,"href":"https:\/\/hi-techwonder.com\/es\/wp-json\/wp\/v2\/product_tag?post=12547"}],"curies":[{"name":"wp","href":"https:\/\/api.w.org\/{rel}","templated":true}]}}