{"id":12561,"date":"2025-07-23T23:12:05","date_gmt":"2025-07-23T23:12:05","guid":{"rendered":"https:\/\/fv6qoy3ls0.wpdns.site\/produto\/nisi-filtro-uv-ir-cut-para-true-color-nd-variavel-e-sistema-swift\/"},"modified":"2026-04-08T12:34:10","modified_gmt":"2026-04-08T11:34:10","slug":"nisi-filtro-uv-ir-cut-para-true-color-nd-variavel-e-sistema-swift","status":"publish","type":"product","link":"https:\/\/hi-techwonder.com\/es\/producto\/nisi-filtro-uv-ir-cut-para-true-color-nd-variavel-e-sistema-swift\/","title":{"rendered":"NiSi Filtro UV IR-Cut para True Color ND Vari\u00e1vel e Sistema Swift"},"content":{"rendered":"<h3><strong>NiSi Filtro UV IR-Cut para True Color ND Vari\u00e1vel e Sistema Swift<\/strong><\/h3>\n<p>O filtro NiSi UV IR-Cut \u00e9 projetado para o sistema NiSi Swift. Corta os raios UV abaixo de 390 nm e os raios infravermelhos acima de 700 nm, mantendo o espectro de luz vis\u00edvel. Isso torna-o ideal para uso com c\u00e2meras que N\u00c3O possuem um filtro IR instalado na frente do sensor, como, por exemplo, as c\u00e2maras Black Magic Pocket e Red. Este revestimento m\u00faltiplo ajuda a equilibrar as cores para as c\u00e2maras que n\u00e3o possuem um filtro IR quando usado com filtros ND.<\/p>\n<p>O filtro pode ser usado com o anel adaptador Swift System ou adicionado ao NiSi True Color ND Vari\u00e1vel 1-5 stops.<\/p>\n<p>O exclusivo vidro \u00f3ptico de grau de lente que tornou a marca NiSi famosa tamb\u00e9m foi usado para este filtro. Al\u00e9m disso, h\u00e1 o tratamento Nano Coating que torna a superf\u00edcie imperme\u00e1vel e resistente a graxa e sujeira. Limpar os filtros nunca foi t\u00e3o f\u00e1cil.<\/p>\n<p>Este filtro n\u00e3o \u00e9 rosqueado na lateral da lente*, pois a NiSi criou um novo sistema \u00abPush to Fit\u00bb para adaptar f\u00e1cil e rapidamente o filtro NiSi UV IR-Cut ao seu True Color ND-VARIO 1-5 pontos (0,3- 1.5 ) ou empilhando-o junto com o True Color ND16 4-stop, ou usando-o sozinho com o anel adaptador opcional para o Sistema Swift.<\/p>\n<p>*A rosca est\u00e1 presente apenas na parte frontal do filtro, caso o fot\u00f3grafo ou vide\u00f3grafo deseje empilhar e aparafusar outro filtro com rosca, dever\u00e1 utilizar a rosca correta gravada no filtro.<\/p>\n<p><iframe loading=\"lazy\" title=\"NiSi Sistema Swift\" width=\"500\" height=\"281\" src=\"https:\/\/www.youtube.com\/embed\/TQKvXcrF6Fc?feature=oembed\" frameborder=\"0\" allow=\"accelerometer; autoplay; clipboard-write; encrypted-media; gyroscope; picture-in-picture; web-share\" referrerpolicy=\"strict-origin-when-cross-origin\" allowfullscreen><\/iframe><\/p>\n<p>Descobre mais sobre o nosso <a href=\"https:\/\/nisioptics.pt\/categoria\/descobre\/descobre-sistema-swift\/\" target=\"_blank\" rel=\"noopener\">sistema Swift<\/a>.<\/p>\n","protected":false},"excerpt":{"rendered":"<ul>\n<li>Projetado para uso com o sistema NiSi Swift<\/li>\n<li>Corta os raios UV abaixo de 390nm e os raios infravermelhos acima de 700nm<\/li>\n<li>Mant\u00e9m o espectro de luz vis\u00edvel<\/li>\n<li>Multicamada<\/li>\n<li>Projetado para uso com c\u00e2meras que N\u00c3O possuem um filtro IR instalado na frente do sensor, por exemplo, Black Magic Pocket e Red Cameras.<\/li>\n<li>Use com anel adaptador NiSi Swift System ou adicione NiSi True color ND Vari\u00e1vel 1-5 stops<\/li>\n<\/ul>\n","protected":false},"featured_media":10376,"comment_status":"closed","ping_status":"closed","template":"","meta":{"_acf_changed":false},"product_brand":[2543],"product_cat":[1049],"product_tag":[],"class_list":{"0":"post-12561","1":"product","2":"type-product","3":"status-publish","4":"has-post-thumbnail","6":"product_brand-nisioptics-es","7":"product_cat-magneticos-y-presion","8":"pa_diametro-77mm-es","9":"pa_diametro-82mm-es","11":"first","12":"instock","13":"taxable","14":"shipping-taxable","15":"purchasable","16":"product-type-variable"},"bundled_by":[],"bundle_stock_status":"instock","bundle_stock_quantity":null,"bundle_virtual":false,"bundle_layout":"","bundle_add_to_cart_form_location":"","bundle_editable_in_cart":false,"bundle_sold_individually_context":"","bundle_item_grouping":"","bundle_min_size":"","bundle_max_size":"","bundle_price":[],"bundled_items":[],"bundle_sell_ids":[],"acf":[],"_links":{"self":[{"href":"https:\/\/hi-techwonder.com\/es\/wp-json\/wp\/v2\/product\/12561","targetHints":{"allow":["GET"]}}],"collection":[{"href":"https:\/\/hi-techwonder.com\/es\/wp-json\/wp\/v2\/product"}],"about":[{"href":"https:\/\/hi-techwonder.com\/es\/wp-json\/wp\/v2\/types\/product"}],"replies":[{"embeddable":true,"href":"https:\/\/hi-techwonder.com\/es\/wp-json\/wp\/v2\/comments?post=12561"}],"wp:featuredmedia":[{"embeddable":true,"href":"https:\/\/hi-techwonder.com\/es\/wp-json\/wp\/v2\/media\/10376"}],"wp:attachment":[{"href":"https:\/\/hi-techwonder.com\/es\/wp-json\/wp\/v2\/media?parent=12561"}],"wp:term":[{"taxonomy":"product_brand","embeddable":true,"href":"https:\/\/hi-techwonder.com\/es\/wp-json\/wp\/v2\/product_brand?post=12561"},{"taxonomy":"product_cat","embeddable":true,"href":"https:\/\/hi-techwonder.com\/es\/wp-json\/wp\/v2\/product_cat?post=12561"},{"taxonomy":"product_tag","embeddable":true,"href":"https:\/\/hi-techwonder.com\/es\/wp-json\/wp\/v2\/product_tag?post=12561"}],"curies":[{"name":"wp","href":"https:\/\/api.w.org\/{rel}","templated":true}]}}