{"id":12564,"date":"2025-07-23T23:12:49","date_gmt":"2025-07-23T23:12:49","guid":{"rendered":"https:\/\/fv6qoy3ls0.wpdns.site\/produto\/nisi-anel-adaptador-para-filtros-do-sistema-swift\/"},"modified":"2026-04-09T17:51:01","modified_gmt":"2026-04-09T16:51:01","slug":"nisi-anel-adaptador-para-filtros-do-sistema-swift","status":"publish","type":"product","link":"https:\/\/hi-techwonder.com\/es\/producto\/nisi-anel-adaptador-para-filtros-do-sistema-swift\/","title":{"rendered":"NiSi Anel Adaptador para Filtros do Sistema Swift"},"content":{"rendered":"<h3><strong>NiSi Anel Adaptador para Filtros do Sistema Swift<\/strong><\/h3>\n<p>O anel adaptador NiSi para filtros de sistema Swift foi projetado para uso com o sistema NiSi Swift. Permite que um filtro projetado para o NiSi Sistema Swift (mesmo tamanho de rosca do filtro) seja usado diretamente na lente sem o filtro NiSi True Color 1-5 Stops ND Variable. Os filtros do sistema Swift se conectam ao anel adaptador simplesmente pressionando-os na frente do adaptador. O anel \u00e9 feito de alum\u00ednio para maior durabilidade.<\/p>\n<p><iframe loading=\"lazy\" title=\"NiSi Sistema Swift\" width=\"500\" height=\"281\" src=\"https:\/\/www.youtube.com\/embed\/TQKvXcrF6Fc?feature=oembed\" frameborder=\"0\" allow=\"accelerometer; autoplay; clipboard-write; encrypted-media; gyroscope; picture-in-picture; web-share\" referrerpolicy=\"strict-origin-when-cross-origin\" allowfullscreen><\/iframe><\/p>\n<p>Descobre mais sobre o nosso <a href=\"https:\/\/nisioptics.pt\/categoria\/descobre\/descobre-sistema-swift\/\" target=\"_blank\" rel=\"noopener\">sistema Swift<\/a>.<\/p>\n","protected":false},"excerpt":{"rendered":"<ul>\n<li>Projetado para uso com o sistema NiSi Swift<\/li>\n<li>Permite que um filtro projetado para o sistema NiSi Swift (mesmo tamanho de rosca do filtro) seja usado diretamente na lentes sem o filtro NiSi True Color 1-5 Stops ND Vari\u00e1vel<\/li>\n<li>Os filtros do sistema Swift conectam-se ao anel adaptador simplesmente pressionando-os na frente do adaptador<\/li>\n<li>Constru\u00e7\u00e3o de alum\u00ednio<\/li>\n<\/ul>\n","protected":false},"featured_media":10383,"comment_status":"closed","ping_status":"closed","template":"","meta":{"_acf_changed":false},"product_brand":[2543],"product_cat":[1044],"product_tag":[],"class_list":{"0":"post-12564","1":"product","2":"type-product","3":"status-publish","4":"has-post-thumbnail","6":"product_brand-nisioptics-es","7":"product_cat-accesorios-filtros-circulares","8":"pa_diametro-67mm-es","9":"pa_diametro-72mm-es","10":"pa_diametro-77mm-es","11":"pa_diametro-82mm-es","12":"pa_diametro-95mm-es","14":"first","15":"instock","16":"taxable","17":"shipping-taxable","18":"purchasable","19":"product-type-variable"},"bundled_by":[],"bundle_stock_status":"instock","bundle_stock_quantity":null,"bundle_virtual":false,"bundle_layout":"","bundle_add_to_cart_form_location":"","bundle_editable_in_cart":false,"bundle_sold_individually_context":"","bundle_item_grouping":"","bundle_min_size":"","bundle_max_size":"","bundle_price":[],"bundled_items":[],"bundle_sell_ids":[],"acf":[],"_links":{"self":[{"href":"https:\/\/hi-techwonder.com\/es\/wp-json\/wp\/v2\/product\/12564","targetHints":{"allow":["GET"]}}],"collection":[{"href":"https:\/\/hi-techwonder.com\/es\/wp-json\/wp\/v2\/product"}],"about":[{"href":"https:\/\/hi-techwonder.com\/es\/wp-json\/wp\/v2\/types\/product"}],"replies":[{"embeddable":true,"href":"https:\/\/hi-techwonder.com\/es\/wp-json\/wp\/v2\/comments?post=12564"}],"wp:featuredmedia":[{"embeddable":true,"href":"https:\/\/hi-techwonder.com\/es\/wp-json\/wp\/v2\/media\/10383"}],"wp:attachment":[{"href":"https:\/\/hi-techwonder.com\/es\/wp-json\/wp\/v2\/media?parent=12564"}],"wp:term":[{"taxonomy":"product_brand","embeddable":true,"href":"https:\/\/hi-techwonder.com\/es\/wp-json\/wp\/v2\/product_brand?post=12564"},{"taxonomy":"product_cat","embeddable":true,"href":"https:\/\/hi-techwonder.com\/es\/wp-json\/wp\/v2\/product_cat?post=12564"},{"taxonomy":"product_tag","embeddable":true,"href":"https:\/\/hi-techwonder.com\/es\/wp-json\/wp\/v2\/product_tag?post=12564"}],"curies":[{"name":"wp","href":"https:\/\/api.w.org\/{rel}","templated":true}]}}