{"id":12570,"date":"2025-07-23T23:12:49","date_gmt":"2025-07-23T23:12:49","guid":{"rendered":"https:\/\/fv6qoy3ls0.wpdns.site\/produto\/nisi-kit-5-objetivas-athena-prime\/"},"modified":"2026-04-08T12:34:11","modified_gmt":"2026-04-08T11:34:11","slug":"nisi-kit-5-objetivas-athena-prime","status":"publish","type":"product","link":"https:\/\/hi-techwonder.com\/es\/producto\/nisi-kit-5-objetivas-athena-prime\/","title":{"rendered":"NiSi Kit 5 Objetivas Athena Prime"},"content":{"rendered":"<h3><strong>NiSi Kit 5 Objetivas Athena Prime<\/strong><\/h3>\n<p>Apresentando o kit de lentes de cinema Full Frame NiSi ATHENA PRIME com 5 lentes 14mm T2.4, 25mm T1.9, 35mm T1.9, 50mm T1.9, 85mm T1.9. Este kit de lente foi projetado com full-frame e um c\u00edrculo de imagem de 46 mm, cobrindo dist\u00e2ncias focais de 14 mm de \u00e2ngulo ultra amplo a dist\u00e2ncia focal de retrato de 85 mm, tornando-a a escolha perfeita para a maioria dos cen\u00e1rios de fotografia.<\/p>\n<p>O kit de lentes Athena Prime \u00e9 uma excelente escolha para cineastas que exigem \u00f3tica da mais alta qualidade. Essas lentes s\u00e3o projetadas com controle de microcontraste m\u00e1ximo e aberra\u00e7\u00e3o crom\u00e1tica ultrabaixa, proporcionando qualidade de imagem incompar\u00e1vel com detalhes de imagem mais finos.<\/p>\n<p>A grande abertura de T1.9 (25 mm, 35 mm, 50 mm 85 mm) e bokeh suave tornam essas lentes ideais para capturar imagens e v\u00eddeos impressionantes com uma bela separa\u00e7\u00e3o de fundo. Esteja voc\u00ea gravando um longa-metragem, um document\u00e1rio ou um videoclipe, o kit de lentes Athena Prime o ajudar\u00e1 a alcan\u00e7ar sua vis\u00e3o criativa.<\/p>\n<p>Estas objetivas v\u00eam agora em 6 diferentes vers\u00f5es: Sony E com ou sem montagem para filtro drop-in; Canon RF e L-Mount, ambas com montagem para filtro drop-in; PL-Mount com montagem para filtro traseiro; e por fim Fujifilm G, sem montagem para filtro traseiro ou drop-in. As lentes com montagens especiais para filtros permitem aos cineastas que possam adicionar facilmente filtros ND, polarizadores ou outros filtros para obter a apar\u00eancia desejada sem precisar anexar filtros \u00e0 frente da lente. Esse recurso tamb\u00e9m facilita a troca de filtros de forma r\u00e1pida e eficiente, economizando tempo e reduzindo o risco de danificar a lente.<\/p>\n<p>Al\u00e9m disso, estas lentes foram concebidas para minimizar a respira\u00e7\u00e3o focal, assegurando que a altera\u00e7\u00e3o no campo de vis\u00e3o quando se ajusta a focagem desde a dist\u00e2ncia m\u00ednima de focagem at\u00e9 ao infinito \u00e9 extremamente pequena.<\/p>\n<p>Todas as lentes NiSi Athena Prime s\u00e3o compat\u00edveis em peso e tamanho, eliminando a necessidade de rebalanceamento em um gimbal ao alternar entre as lentes. A rosca de filtro de 77 mm (exceto a de 14 mm) e os an\u00e9is de foco e abertura combinados em toda a faixa tamb\u00e9m facilitam o uso de acess\u00f3rios de lente, como filtros e engrenagens de foco. O anel de foco possui 300\u00b0 de rota\u00e7\u00e3o com escalas focais fluorescentes para ajustes de foco precisos, tornando mais f\u00e1cil para os cineastas atingirem o foco desejado.<\/p>\n<p>O Kit de Lente Cinema Full Frame NiSi ATHENA PRIME com 5 Lentes 14mm T2.4, 25mm T1.9, 35mm T1.9, 50mm T1.9, 85mm T1.9 \u00e9 um kit de lente vers\u00e1til e de alta qualidade que oferece qualidade de imagem inigual\u00e1vel, flexibilidade e controle criativo para cineastas.<\/p>\n<h5>Notas<\/h5>\n<p><em>A vers\u00e3o para a montagem Fuji G da objetiva 14mm T2.4 d\u00e1 origem a vinhetagem, quando usada em modo m\u00e9dio formato. Para evitar a vinhetagem, deve-se usar esta objetiva no modo 35mm.<\/em><\/p>\n<p><em>As objetivas com PL-Mount <strong>n\u00e3o <\/strong>s\u00e3o compat\u00edveis com a c\u00e2mara Blackmagic 6k (Montagem EF).<\/em><\/p>\n<h5>O Kit inclui:<\/h5>\n<ul>\n<li>Athena 14mm T2.4<\/li>\n<li>Athena 25mm T1.9<\/li>\n<li>Athena 35mm T1.9<\/li>\n<li>Athena 50mm T1.9<\/li>\n<li>Athena 85mm T1.9<\/li>\n<li>Estojo R\u00edgido<\/li>\n<li>1 x NiSi 4\u00d75,65\u2033 Black Mist 1\/8<\/li>\n<li>1 x NiSi 4 \u00d7 5,65\u2033 Polarizador<\/li>\n<\/ul>\n<p><img loading=\"lazy\" decoding=\"async\" class=\"wp-image-25080 alignnone\" src=\"https:\/\/hi-techwonder.com\/wp-content\/themes\/woodmart\/images\/lazy.svg\" data-src=\"https:\/\/nisioptics.pt\/wp-content\/uploads\/2023\/05\/4-ATHENA%20E+PL-1024x640.png\" alt=\"\" width=\"752\" height=\"470\"><\/p>\n<p>Descobre mais sobre a nossa linha de cinema<a href=\"\/?product_cat=descobre-sistema-cinema\"> aqui.<\/a><\/p>\n<h5>Especifica\u00e7\u00f5es:<\/h5>\n<p><img loading=\"lazy\" decoding=\"async\" class=\"wp-image-26732 alignnone\" src=\"https:\/\/hi-techwonder.com\/wp-content\/themes\/woodmart\/images\/lazy.svg\" data-src=\"https:\/\/nisioptics.pt\/wp-content\/uploads\/2023\/05\/Carateristicas-2-1024x969.jpg\" alt=\"\" width=\"752\" height=\"712\"><\/p>\n<h4>Reviews<\/h4>\n<p><a href=\"https:\/\/www.youtube.com\/@meninjey\/featured\" target=\"_blank\" rel=\"noopener\">@meninjey<\/a><\/p>\n<p><iframe loading=\"lazy\" title=\"Las MEJORES \u00d3PTICAS que he tenido en mis manos | Athena Prime\u2705\u200b\ud83d\udd25\u200b\" src=\"https:\/\/www.youtube.com\/embed\/jQMWb14gIGU?feature=oembed\" width=\"1170\" height=\"658\" frameborder=\"0\" allowfullscreen=\"allowfullscreen\"><\/iframe><\/p>\n<p><iframe loading=\"lazy\" title=\"Can I Make a NETFLIX style MOVIE in just 48 HOURS?\" width=\"500\" height=\"281\" src=\"https:\/\/www.youtube.com\/embed\/pes0VsD2D1w?feature=oembed\" frameborder=\"0\" allow=\"accelerometer; autoplay; clipboard-write; encrypted-media; gyroscope; picture-in-picture; web-share\" referrerpolicy=\"strict-origin-when-cross-origin\" allowfullscreen><\/iframe><\/p>\n<h4>Short Movie<\/h4>\n<p><iframe loading=\"lazy\" title=\"Arrival | Black Mirror Style Sci-Fi Short | Shot on NiSi Athena Prime\" width=\"500\" height=\"281\" src=\"https:\/\/www.youtube.com\/embed\/WCWVdS5Uv44?feature=oembed\" frameborder=\"0\" allow=\"accelerometer; autoplay; clipboard-write; encrypted-media; gyroscope; picture-in-picture; web-share\" referrerpolicy=\"strict-origin-when-cross-origin\" allowfullscreen><\/iframe><\/p>\n","protected":false},"excerpt":{"rendered":"<ul>\n<li>Full Frame e c\u00edrculo de imagem de 46 mm cobrindo dist\u00e2ncias focais de 14 mm ultra grande angular a 85 mm de dist\u00e2ncia focal de retrato<\/li>\n<li>M\u00e1ximo controle de microcontraste e aberra\u00e7\u00e3o crom\u00e1tica ultrabaixa para qualidade de imagem incompar\u00e1vel<\/li>\n<li>Grande abertura T1.9 (25 mm, 35 mm, 50 mm 85 mm) e bokeh suave para uma bela separa\u00e7\u00e3o de fundo<\/li>\n<li>Suporte de filtro traseiro para um fluxo de trabalho mais flex\u00edvel e controle criativo para filmagem<\/li>\n<li>Minimiza o \u00abfocus breathing\u00bb para um campo de vis\u00e3o consistente ao ajustar o foco<\/li>\n<li>Equilibrado em peso e tamanho, eliminando a necessidade de reequilibrar em um gimbal ao alternar entre as lentes<\/li>\n<li>Rosca de filtro de 77 mm (exceto 14 mm) e abertura combinada e an\u00e9is de foco em toda a faixa para facilitar o uso de acess\u00f3rios de lente<\/li>\n<li>O anel de foco possui 300\u00b0 de rota\u00e7\u00e3o com escalas focais fluorescentes para ajustes de foco precisos<\/li>\n<li>Ideal para filmar longas-metragens, document\u00e1rios ou videoclipes<\/li>\n<li>Oferece qualidade de imagem inigual\u00e1vel, flexibilidade e controle criativo para cineastas.<\/li>\n<\/ul>\n","protected":false},"featured_media":10393,"comment_status":"closed","ping_status":"closed","template":"","meta":{"_acf_changed":false},"product_brand":[2543],"product_cat":[1042],"product_tag":[],"class_list":{"0":"post-12570","1":"product","2":"type-product","3":"status-publish","4":"has-post-thumbnail","6":"product_brand-nisioptics-es","7":"product_cat-cine","8":"pa_abertura-maxima-t1-9-es","9":"pa_abertura-maxima-t2-4-es","10":"pa_cor-negro","11":"pa_designs-especiais-con-ranura-p-filtro-drop-in","12":"pa_designs-especiais-sin-ranura-p-filtro-drop-in","13":"pa_diametro-77mm-es","14":"pa_estabilizacao-de-imagem-no","15":"pa_montagem-da-objetiva-canon-rf-es","16":"pa_montagem-da-objetiva-fujifilm-g-es","17":"pa_montagem-da-objetiva-l-mount-es","18":"pa_montagem-da-objetiva-pl-mount-es","19":"pa_montagem-da-objetiva-sony-e-es","20":"pa_sensor-formato-medio","21":"pa_sensor-fotograma-completo","22":"pa_tipo-de-foco-enfoque-manual","23":"pa_tipo-de-objetiva-estandar","24":"pa_tipo-de-objetiva-gran-angular","25":"pa_tipo-de-objetiva-teleobjetivo","26":"pa_zoom-fixa-fijo","28":"first","29":"instock","30":"taxable","31":"shipping-taxable","32":"purchasable","33":"product-type-variable"},"bundled_by":["86537","86582"],"bundle_stock_status":"instock","bundle_stock_quantity":null,"bundle_virtual":false,"bundle_layout":"","bundle_add_to_cart_form_location":"","bundle_editable_in_cart":false,"bundle_sold_individually_context":"","bundle_item_grouping":"","bundle_min_size":"","bundle_max_size":"","bundle_price":[],"bundled_items":[],"bundle_sell_ids":[],"acf":[],"_links":{"self":[{"href":"https:\/\/hi-techwonder.com\/es\/wp-json\/wp\/v2\/product\/12570","targetHints":{"allow":["GET"]}}],"collection":[{"href":"https:\/\/hi-techwonder.com\/es\/wp-json\/wp\/v2\/product"}],"about":[{"href":"https:\/\/hi-techwonder.com\/es\/wp-json\/wp\/v2\/types\/product"}],"replies":[{"embeddable":true,"href":"https:\/\/hi-techwonder.com\/es\/wp-json\/wp\/v2\/comments?post=12570"}],"wp:featuredmedia":[{"embeddable":true,"href":"https:\/\/hi-techwonder.com\/es\/wp-json\/wp\/v2\/media\/10393"}],"wp:attachment":[{"href":"https:\/\/hi-techwonder.com\/es\/wp-json\/wp\/v2\/media?parent=12570"}],"wp:term":[{"taxonomy":"product_brand","embeddable":true,"href":"https:\/\/hi-techwonder.com\/es\/wp-json\/wp\/v2\/product_brand?post=12570"},{"taxonomy":"product_cat","embeddable":true,"href":"https:\/\/hi-techwonder.com\/es\/wp-json\/wp\/v2\/product_cat?post=12570"},{"taxonomy":"product_tag","embeddable":true,"href":"https:\/\/hi-techwonder.com\/es\/wp-json\/wp\/v2\/product_tag?post=12570"}],"curies":[{"name":"wp","href":"https:\/\/api.w.org\/{rel}","templated":true}]}}