{"id":12596,"date":"2025-07-23T23:13:52","date_gmt":"2025-07-23T23:13:52","guid":{"rendered":"https:\/\/fv6qoy3ls0.wpdns.site\/produto\/nisi-lente-de-macro-nc-close-up-49mm\/"},"modified":"2026-04-21T08:42:52","modified_gmt":"2026-04-21T07:42:52","slug":"nisi-lente-de-macro-nc-close-up-49mm","status":"publish","type":"product","link":"https:\/\/hi-techwonder.com\/es\/producto\/nisi-lente-de-macro-nc-close-up-49mm\/","title":{"rendered":"NiSi Lente de Macro NC Close-Up 49mm"},"content":{"rendered":"<h3><strong>Nisi Lente de Macro NC Close-Up 49mm<\/strong><\/h3>\n<p>Usar uma lente close-up \u00e9 a maneira mais eficaz de obter uma dist\u00e2ncia focal m\u00ednima mais pr\u00f3xima. A amplia\u00e7\u00e3o alcan\u00e7ada depende do alcance focal da lente. Ser\u00e1 maior com dist\u00e2ncias focais mais longas. As dioptrias da lente close-up NiSi 49mm s\u00e3o +9.<\/p>\n<p>A lente close-up \u00e9 constru\u00edda a partir de tr\u00eas lentes corretivas \u00f3pticas, todas com design apocrom\u00e1tico e revestimento muti-nano. Isso permite resolu\u00e7\u00e3o avan\u00e7ada, cor natural com quase nenhuma franja violeta\/verde tanto no foco quanto no bokeh. A magnifica\u00e7\u00e3o ser\u00e1 de 1:1 a uma dist\u00e2ncia focal de 110 mm para c\u00e2meras full frame. (A amplia\u00e7\u00e3o ser\u00e1 de 1,5X para APS-C e 2X para c\u00e2meras 4\/3)<\/p>\n<h5>Compatibilidade de lentes:<\/h5>\n<ul>\n<li>Adequado para lentes com rosca de filtro de 40,5-67 mm. (Requer an\u00e9is adaptadores)<\/li>\n<li>Teste de vinheta: sem vinhetas na dist\u00e2ncia focal de 25 mm em c\u00e2maras APS-C. (Testado com Canon R7+ RF-S18-45mm F4.5-6.3 IS STM@F5)<\/li>\n<li>Teste de vinheta: sem vinhetas em dist\u00e2ncia focal de 70 mm em c\u00e2maras APS-C. (Testado com Sony a6600+Tamron 28-200mm F2.8~5.6@F4)<\/li>\n<li>Teste de vinhetas: Sem vinhetas em dist\u00e2ncia focal de 180 mm em c\u00e2maras full-frame. (Testado com Sony A7R3+Tamron 28-200mm F2.8~5.6@F5.6)<\/li>\n<li>Compat\u00edvel com as seguintes lentes usando um adaptador para obter amplia\u00e7\u00e3o de 2X: Lente Macro Canon 100mm, Lente Macro Nikon 105mm, Lente Macro Sony 90.<\/li>\n<\/ul>\n<h5>Inclui:<\/h5>\n<ul>\n<li>Lente close-up 49mm<\/li>\n<li>Anel adaptador para 62mm e 67mm<\/li>\n<li>Estojo protector<\/li>\n<\/ul>\n<h5>Concelhos:<\/h5>\n<ul>\n<li>A melhor dist\u00e2ncia de trabalho \u00e9 de 2-14 cm. Mova a c\u00e2mera adequadamente para obter uma imagem focada.<\/li>\n<li>Recomendamos o uso de um trilho de foco macro NiSi e um trip\u00e9 para obter o ponto focal mais preciso.<\/li>\n<li>A lente Close-up da NiSi n\u00e3o afeta a exposi\u00e7\u00e3o. Se voc\u00ea estiver fotografando com a c\u00e2mera na m\u00e3o, recomendamos o uso de uma pequena abertura combinada com uma unidade de flash externa ou uma configura\u00e7\u00e3o ISO mais alta.<\/li>\n<li>Quando a lente close-up \u00e9 usada em lentes de dist\u00e2ncia focal mais longa, a amplia\u00e7\u00e3o \u00e9 aumentada. Um efeito bokeh pode ser alcan\u00e7ado se a lente close-up for usada com uma abertura maior.<\/li>\n<li>Ao usar a lente para close-ups, a melhor dist\u00e2ncia focal depende da lente que voc\u00ea est\u00e1 usando. A amplia\u00e7\u00e3o tamb\u00e9m ser\u00e1 diferente com base no design diferente de cada lente espec\u00edfica.<\/li>\n<li>Recomendamos usar o trilho de foco macro NiSi quando voc\u00ea optar por tirar uma s\u00e9rie de imagens de pilha de foco.<\/li>\n<\/ul>\n<p><img loading=\"lazy\" decoding=\"async\" class=\"alignnone wp-image-25265\" src=\"https:\/\/hi-techwonder.com\/wp-content\/themes\/woodmart\/images\/lazy.svg\" data-src=\"https:\/\/nisioptics.pt\/wp-content\/uploads\/2023\/05\/1-2-scaled.jpg\" alt=\"\" width=\"2265\" height=\"752\"><\/p>\n<p>Sabe mais sobre as nossas <a href=\"https:\/\/nisioptics.pt\/categoria\/descobre\/descobre-lentes-close-up\/\" target=\"_blank\" rel=\"noopener\">lentes close-up.<\/a><\/p>\n","protected":false},"excerpt":{"rendered":"<ul>\n<li>Vidro corretivo \u00f3ptico duplo de alta qualidade exclusivo para NiSi<\/li>\n<li>Design apocrom\u00e1tico<\/li>\n<li>Dist\u00e2ncia de trabalho de 2-14 cm do ponto de focagem<\/li>\n<li>Tratamento Multi-Nano Coating\u00ae NiSi (NC), repelente de \u00e1gua e \u00f3leo<\/li>\n<li>Dioptrias +9<\/li>\n<li>Com amplia\u00e7\u00e3o de 1:1 de 110 mm para c\u00e2meras full-frame (1,5x para APS-C e 2x para M4\/3)<\/li>\n<\/ul>\n<p><strong>O kit inclui<\/strong><\/p>\n<ul>\n<li>1 lente macro close-up 49 mm NC<\/li>\n<li>1 anel adaptador 62-49 mm<\/li>\n<li>1 anel adaptador 67-49 mm<\/li>\n<li>1 estojo de lente macro close-up NC<\/li>\n<\/ul>\n","protected":false},"featured_media":10509,"comment_status":"closed","ping_status":"closed","template":"","meta":{"_acf_changed":false},"product_brand":[2543],"product_cat":[976],"product_tag":[],"class_list":{"0":"post-12596","1":"product","2":"type-product","3":"status-publish","4":"has-post-thumbnail","6":"product_brand-nisioptics-es","7":"product_cat-lentes-de-aproximacion","8":"pa_diametro-49mm-es","10":"first","11":"instock","12":"taxable","13":"shipping-taxable","14":"purchasable","15":"product-type-simple"},"bundled_by":[],"bundle_stock_status":"instock","bundle_stock_quantity":4,"bundle_virtual":false,"bundle_layout":"","bundle_add_to_cart_form_location":"","bundle_editable_in_cart":false,"bundle_sold_individually_context":"","bundle_item_grouping":"","bundle_min_size":"","bundle_max_size":"","bundle_price":[],"bundled_items":[],"bundle_sell_ids":[],"acf":[],"_links":{"self":[{"href":"https:\/\/hi-techwonder.com\/es\/wp-json\/wp\/v2\/product\/12596","targetHints":{"allow":["GET"]}}],"collection":[{"href":"https:\/\/hi-techwonder.com\/es\/wp-json\/wp\/v2\/product"}],"about":[{"href":"https:\/\/hi-techwonder.com\/es\/wp-json\/wp\/v2\/types\/product"}],"replies":[{"embeddable":true,"href":"https:\/\/hi-techwonder.com\/es\/wp-json\/wp\/v2\/comments?post=12596"}],"wp:featuredmedia":[{"embeddable":true,"href":"https:\/\/hi-techwonder.com\/es\/wp-json\/wp\/v2\/media\/10509"}],"wp:attachment":[{"href":"https:\/\/hi-techwonder.com\/es\/wp-json\/wp\/v2\/media?parent=12596"}],"wp:term":[{"taxonomy":"product_brand","embeddable":true,"href":"https:\/\/hi-techwonder.com\/es\/wp-json\/wp\/v2\/product_brand?post=12596"},{"taxonomy":"product_cat","embeddable":true,"href":"https:\/\/hi-techwonder.com\/es\/wp-json\/wp\/v2\/product_cat?post=12596"},{"taxonomy":"product_tag","embeddable":true,"href":"https:\/\/hi-techwonder.com\/es\/wp-json\/wp\/v2\/product_tag?post=12596"}],"curies":[{"name":"wp","href":"https:\/\/api.w.org\/{rel}","templated":true}]}}