{"id":12597,"date":"2025-07-23T23:13:52","date_gmt":"2025-07-23T23:13:52","guid":{"rendered":"https:\/\/fv6qoy3ls0.wpdns.site\/produto\/nisi-filtro-solar-pro-nano-uv-ir-cut-densidade-neutra-nd100000-5-0-16-6-stops\/"},"modified":"2026-05-01T06:34:38","modified_gmt":"2026-05-01T05:34:38","slug":"nisi-filtro-solar-pro-nano-uv-ir-cut-densidade-neutra-nd100000-5-0-16-6-stops","status":"publish","type":"product","link":"https:\/\/hi-techwonder.com\/es\/producto\/nisi-filtro-solar-pro-nano-uv-ir-cut-densidade-neutra-nd100000-5-0-16-6-stops\/","title":{"rendered":"NiSi Filtro Solar Pro Nano UV\/IR Cut Densidade Neutra ND100000 (5.0) &#8211; 16.6 stops"},"content":{"rendered":"<h3><strong>NiSi Filtro Solar Pro Nano UV\/IR Cut Densidade Neutra ND100000 (5.0) &#8211; 16.6 stops<\/strong><\/h3>\n<p>O filtro <strong>NiSi Solar Pro Nano UV\/IR Cut Densidad Neutra ND100000 (5.0) &#8211; 16.6 stops<\/strong> \u00e9 uma ferramenta essencial para qualquer fot\u00f3grafo que queira capturar imagens solares impressionantes. Este filtro de alta qualidade \u00e9 feito de vidro \u00f3ptico e foi projetado para fornecer uma redu\u00e7\u00e3o de luz de 16,6 pontos, permitindo capturar os detalhes do sol sem superexpor suas imagens.<\/p>\n<p>Uma das principais caracter\u00edsticas desse filtro \u00e9 a capacidade de cortar a luz UV e IR, garantindo o resultado de cor mais neutra ao fotografar o sol. O revestimento Nano no filtro tamb\u00e9m ajuda a reduzir reflexos e ofuscamento, melhorando a qualidade geral de suas imagens.<\/p>\n<p>O NiSi Filtro Solar Pro Nano UV\/IR Cut Densidad Neutra ND100000 (5.0) &#8211; 16.6 stops \u00e9 f\u00e1cil de conectar e remover de sua c\u00e2mera e foi projetado para funcionar com roscas de filtro padr\u00e3o. Tamb\u00e9m \u00e9 compat\u00edvel com uma ampla gama de lentes, tornando-se uma ferramenta vers\u00e1til para qualquer fot\u00f3grafo.<\/p>\n<p>Al\u00e9m de sua funcionalidade, este filtro tamb\u00e9m \u00e9 leve e compacto, facilitando o transporte e armazenamento quando n\u00e3o estiver em uso.<\/p>\n<p>O NiSi Solar Filter Pro Nano UV\/IR Cut ND100000(5.0) 16.6 Stops \u00e9 essencial para capturar imagens solares impressionantes que se destacar\u00e3o da multid\u00e3o. Com sua constru\u00e7\u00e3o de alta qualidade, recursos avan\u00e7ados e facilidade de uso, este filtro \u00e9 obrigat\u00f3rio para qualquer fot\u00f3grafo que queira levar sua fotografia solar para o pr\u00f3ximo n\u00edvel.<\/p>\n<p><img loading=\"lazy\" decoding=\"async\" class=\"aligncenter wp-image-25794\" src=\"https:\/\/hi-techwonder.com\/wp-content\/themes\/woodmart\/images\/lazy.svg\" data-src=\"https:\/\/nisioptics.pt\/wp-content\/uploads\/2023\/06\/Poster-1-photo-credit-Romin-Wu-@-819x1024.jpg\" alt=\"NiSi Filtro Solar Pro Nano UV\/IR Cut Densidad Neutra ND100000 (5.0) \u2013 16.6 stops\" width=\"602\" height=\"752\" \/><\/p>\n<h5>Cuidados<\/h5>\n<ul>\n<li>\u00c9 importante ressaltar que o filtro n\u00e3o \u00e9 adequado para observa\u00e7\u00e3o solar direta a olho nu, devendo ser utilizado exclusivamente para fins fotogr\u00e1ficos.<\/li>\n<li>Verifique o filtro solar quanto a danos antes de cada uso, segurando-o contra uma luz forte (n\u00e3o o sol). Prenda o filtro adequadamente, aparafusando-o totalmente na lente.<\/li>\n<li>O filtro solar de NiSi n\u00e3o \u00e9 uma prote\u00e7\u00e3o ocular adequada para vis\u00e3o prolongada do sol ou eclipses solares. N\u00e3o olhe direta ou indiretamente para o sol sem prote\u00e7\u00e3o adequada para os olhos.<\/li>\n<li>O Filtro Solar deve ser instalado na frente da lente da c\u00e2mera ou telesc\u00f3pio antes de tentar alinh\u00e1-lo com o sol. Aponte a c\u00e2mera para longe do sol ao colocar e remover o filtro solar.<\/li>\n<li>N\u00e3o use um visor \u00f3ptico ao alinhar sua c\u00e2mera ou telesc\u00f3pio com o sol. Recomenda-se usar o recurso de visualiza\u00e7\u00e3o ao vivo da c\u00e2mera para alinh\u00e1-la com o sol e para visualiza\u00e7\u00e3o.<\/li>\n<li>N\u00e3o deixe uma c\u00e2mera sem vigil\u00e2ncia onde uma crian\u00e7a ou um adulto inexperiente possa apont\u00e1-la para o sol sem o filtro devidamente colocado.<\/li>\n<li>O filtro pode absorver energia solar e aquecer durante a utiliza\u00e7\u00e3o. Tenha muito cuidado ao remov\u00ea-lo.<\/li>\n<\/ul>\n<p>Sabe mais sobre o nosso sistema de\u00a0 filtros circulares <a href=\"https:\/\/nisioptics.pt\/categoria\/descobre\/descobre-filtros-circulares\/\" target=\"_blank\" rel=\"noopener\">aqui.<\/a><\/p>\n","protected":false},"excerpt":{"rendered":"<ul>\n<li>O filtro NiSi Solar Pro Nano UV\/IR Cut Densidad Neutra ND100000 (5.0) &#8211; 16.6 stops \u00e9 a ferramenta perfeita para capturar imagens solares impressionantes com sua c\u00e2mera.<\/li>\n<li>Este filtro \u00e9 feito de vidro \u00f3ptico de alta qualidade com moldura de alum\u00ednio<\/li>\n<li>Com uma redu\u00e7\u00e3o de luz de 16,6 pontos, este filtro \u00e9 perfeito para capturar os detalhes do sol sem superexpor suas imagens<\/li>\n<li>O filtro \u00e9 projetado para cortar a luz UV e IR, garantindo o resultado de cor mais neutra ao fotografar o sol <span style=\"text-decoration: underline;\">(pode n\u00e3o evitar a necessidade de utiliza\u00e7\u00e3o de filtro IR-Cut em c\u00e2maras sem filtro low-pass)<\/span><\/li>\n<li>O revestimento Nano ajuda a reduzir os reflexos e o brilho, melhorando a qualidade geral das suas imagens<\/li>\n<\/ul>\n","protected":false},"featured_media":10522,"comment_status":"closed","ping_status":"closed","template":"","meta":{"_acf_changed":false},"product_brand":[2543],"product_cat":[1047],"product_tag":[],"class_list":{"0":"post-12597","1":"product","2":"type-product","3":"status-publish","4":"has-post-thumbnail","6":"product_brand-nisioptics-es","7":"product_cat-densidad-neutra-nd","8":"pa_densidade-nd100000-16-6-stop-es","9":"pa_diametro-77mm-es","10":"pa_diametro-82mm-es","11":"pa_diametro-95mm-es","13":"first","14":"instock","15":"taxable","16":"shipping-taxable","17":"purchasable","18":"product-type-variable"},"bundled_by":[],"bundle_stock_status":"instock","bundle_stock_quantity":null,"bundle_virtual":false,"bundle_layout":"","bundle_add_to_cart_form_location":"","bundle_editable_in_cart":false,"bundle_sold_individually_context":"","bundle_item_grouping":"","bundle_min_size":"","bundle_max_size":"","bundle_price":[],"bundled_items":[],"bundle_sell_ids":[],"acf":[],"_links":{"self":[{"href":"https:\/\/hi-techwonder.com\/es\/wp-json\/wp\/v2\/product\/12597","targetHints":{"allow":["GET"]}}],"collection":[{"href":"https:\/\/hi-techwonder.com\/es\/wp-json\/wp\/v2\/product"}],"about":[{"href":"https:\/\/hi-techwonder.com\/es\/wp-json\/wp\/v2\/types\/product"}],"replies":[{"embeddable":true,"href":"https:\/\/hi-techwonder.com\/es\/wp-json\/wp\/v2\/comments?post=12597"}],"wp:featuredmedia":[{"embeddable":true,"href":"https:\/\/hi-techwonder.com\/es\/wp-json\/wp\/v2\/media\/10522"}],"wp:attachment":[{"href":"https:\/\/hi-techwonder.com\/es\/wp-json\/wp\/v2\/media?parent=12597"}],"wp:term":[{"taxonomy":"product_brand","embeddable":true,"href":"https:\/\/hi-techwonder.com\/es\/wp-json\/wp\/v2\/product_brand?post=12597"},{"taxonomy":"product_cat","embeddable":true,"href":"https:\/\/hi-techwonder.com\/es\/wp-json\/wp\/v2\/product_cat?post=12597"},{"taxonomy":"product_tag","embeddable":true,"href":"https:\/\/hi-techwonder.com\/es\/wp-json\/wp\/v2\/product_tag?post=12597"}],"curies":[{"name":"wp","href":"https:\/\/api.w.org\/{rel}","templated":true}]}}