{"id":12601,"date":"2025-07-23T23:13:52","date_gmt":"2025-07-23T23:13:52","guid":{"rendered":"https:\/\/fv6qoy3ls0.wpdns.site\/produto\/nisi-filtro-polarizador-rotativo-para-matte-box-c5\/"},"modified":"2026-04-08T12:31:40","modified_gmt":"2026-04-08T11:31:40","slug":"nisi-filtro-polarizador-rotativo-para-matte-box-c5","status":"publish","type":"product","link":"https:\/\/hi-techwonder.com\/es\/producto\/nisi-filtro-polarizador-rotativo-para-matte-box-c5\/","title":{"rendered":"NiSi Filtro Polarizador Rotativo para Matte Box C5"},"content":{"rendered":"<h3><strong>NiSi Filtro Polarizador Rotativo para Matte Box C5<\/strong><\/h3>\n<p>O Filtro <strong>NiSi Polarizador Rotativo para Matte Box C5<\/strong> \u00e9 um PL rotativo completamente novo, projetado para caber no NiSi C5 Matte Box. O filtro polarizador reduz os reflexos e o brilho ao filtrar a luz que se tornou polarizada devido ao reflexo de uma superf\u00edcie n\u00e3o met\u00e1lica. Um filtro polarizador organiza e filtra essa luz polarizada direcional perpendicularmente \u00e0 luz refletida, permitindo grande parte dessa absor\u00e7\u00e3o de luz. Isso resulta em uma redu\u00e7\u00e3o percept\u00edvel no brilho e reflexos de superf\u00edcies n\u00e3o met\u00e1licas e aumento da satura\u00e7\u00e3o do c\u00e9u e da folhagem.<\/p>\n<p>O nosso filtro True Color PL elimina o tom quente visto com outras marcas de filtros polarizadores e fornece uma representa\u00e7\u00e3o precisa e fiel \u00e0 cor da cena. A quantidade de polariza\u00e7\u00e3o \u00e9 facilmente controlada girando a engrenagem na parte superior do filtro ou montando um motor usando o suporte de haste de 15 mm para controlar a quantidade de polariza\u00e7\u00e3o de forma wireless.<\/p>\n<ul>\n<li>Compat\u00edvel com a Matte Box NiSi C5<\/li>\n<li>Filtro polarizador PL montado<\/li>\n<li>Vidro \u00f3ptico rotativo<\/li>\n<li>Kit de controle de foco M0.8, permitindo ajustes com um pequeno motor acoplado ou manualmente<\/li>\n<li>+1 a 1,5 stops<\/li>\n<li>Ajuda a eliminar reflexos e ofuscamento<\/li>\n<li>Reduz a n\u00e9voa<\/li>\n<li>A tecnologia True Color elimina o tom quente visto com outras marcas de filtros polarizadores<\/li>\n<\/ul>\n<p><strong>Especifica\u00e7\u00f5es<\/strong>:<\/p>\n<ul>\n<li>Tipo de Filtro: Polarizador Circular<\/li>\n<li>Fator de filtro: 2x (1 stop) a 2,8x (1,5 stop)<\/li>\n<li>Girat\u00f3rio: sim<\/li>\n<li>Material do Filtro: Vidro<\/li>\n<\/ul>\n<p><iframe loading=\"lazy\" title=\"NiSi Cine Caja Mate Matte Box C5\" width=\"500\" height=\"281\" src=\"https:\/\/www.youtube.com\/embed\/1-LHEqpXK0c?feature=oembed\" frameborder=\"0\" allow=\"accelerometer; autoplay; clipboard-write; encrypted-media; gyroscope; picture-in-picture; web-share\" referrerpolicy=\"strict-origin-when-cross-origin\" allowfullscreen><\/iframe><\/p>\n<p>Saiba mais sobre o nosso sistema de <a href=\"https:\/\/nisioptics.pt\/categoria\/descobre\/descobre-sistema-cinema\/\" target=\"_blank\" rel=\"noopener\">cinema<\/a>.<\/p>\n","protected":false},"excerpt":{"rendered":"<ul>\n<li>Compat\u00edvel com a Matte Box NiSi C5<\/li>\n<li>Filtro polarizador PL montado<\/li>\n<li>Vidro \u00f3ptico rotativo<\/li>\n<li>Kit de controle de foco M0.8, permitindo ajustes com um pequeno motor acoplado ou manualmente<\/li>\n<li>+1 a 1,5 stops<\/li>\n<li>Ajuda a eliminar reflexos e ofuscamento<\/li>\n<li>Reduz a n\u00e9voa<\/li>\n<li>A tecnologia True Color elimina o tom quente visto com outras marcas de filtros polarizadores<\/li>\n<\/ul>\n","protected":false},"featured_media":10534,"comment_status":"closed","ping_status":"closed","template":"","meta":{"_acf_changed":false},"product_brand":[2543],"product_cat":[1061],"product_tag":[],"class_list":{"0":"post-12601","1":"product","2":"type-product","3":"status-publish","4":"has-post-thumbnail","6":"product_brand-nisioptics-es","7":"product_cat-filtros-de-cinema-es","9":"first","10":"instock","11":"taxable","12":"shipping-taxable","13":"purchasable","14":"product-type-simple"},"bundled_by":[],"bundle_stock_status":"instock","bundle_stock_quantity":1,"bundle_virtual":false,"bundle_layout":"","bundle_add_to_cart_form_location":"","bundle_editable_in_cart":false,"bundle_sold_individually_context":"","bundle_item_grouping":"","bundle_min_size":"","bundle_max_size":"","bundle_price":[],"bundled_items":[],"bundle_sell_ids":[],"acf":[],"_links":{"self":[{"href":"https:\/\/hi-techwonder.com\/es\/wp-json\/wp\/v2\/product\/12601","targetHints":{"allow":["GET"]}}],"collection":[{"href":"https:\/\/hi-techwonder.com\/es\/wp-json\/wp\/v2\/product"}],"about":[{"href":"https:\/\/hi-techwonder.com\/es\/wp-json\/wp\/v2\/types\/product"}],"replies":[{"embeddable":true,"href":"https:\/\/hi-techwonder.com\/es\/wp-json\/wp\/v2\/comments?post=12601"}],"wp:featuredmedia":[{"embeddable":true,"href":"https:\/\/hi-techwonder.com\/es\/wp-json\/wp\/v2\/media\/10534"}],"wp:attachment":[{"href":"https:\/\/hi-techwonder.com\/es\/wp-json\/wp\/v2\/media?parent=12601"}],"wp:term":[{"taxonomy":"product_brand","embeddable":true,"href":"https:\/\/hi-techwonder.com\/es\/wp-json\/wp\/v2\/product_brand?post=12601"},{"taxonomy":"product_cat","embeddable":true,"href":"https:\/\/hi-techwonder.com\/es\/wp-json\/wp\/v2\/product_cat?post=12601"},{"taxonomy":"product_tag","embeddable":true,"href":"https:\/\/hi-techwonder.com\/es\/wp-json\/wp\/v2\/product_tag?post=12601"}],"curies":[{"name":"wp","href":"https:\/\/api.w.org\/{rel}","templated":true}]}}